{"id":2131,"date":"2025-02-18T16:53:55","date_gmt":"2025-02-18T09:53:55","guid":{"rendered":"https:\/\/thanglongcomputer.vn\/san-pham\/card-man-hinh-gigabyte-rtx-4070-super-gaming-oc-12g\/"},"modified":"2025-02-28T16:32:44","modified_gmt":"2025-02-28T09:32:44","slug":"card-man-hinh-gigabyte-rtx-4070-super-gaming-oc-12g","status":"publish","type":"product","link":"https:\/\/thanglongcomputer.vn\/?product=card-man-hinh-gigabyte-rtx-4070-super-gaming-oc-12g","title":{"rendered":"Card m\u00e0n h\u00ecnh Gigabyte RTX 4070 SUPER GAMING OC-12G"},"content":{"rendered":"<h2 class=\"box-title\">\u0110\u00e1nh gi\u00e1: Card m\u00e0n h\u00ecnh Gigabyte RTX 4070 SUPER GAMING OC-12G<\/h2>\n<div class=\"static-html-group js-static-container\">\n<div id=\"js-product-description\" class=\"js-static-content static-html-content\">\n<p><img decoding=\"async\" class=\"loading\" src=\"https:\/\/hanoicomputercdn.com\/media\/lib\/17-01-2024\/card-man-hinh-gigabyte-rtx-4070-super-gaming-oc-12g-mt.jpg\" alt=\"Card m\u00e0n h\u00ecnh Gigabyte RTX 4070 SUPER GAMING OC-12G\" width=\"100%\" data-was-processed=\"true\" \/><\/p>\n<h3>Hi\u1ec7u n\u0103ng Card m\u00e0n h\u00ecnh RTX 4070 Super<\/h3>\n<h4>So v\u1edbi th\u1ebf h\u1ec7 ti\u1ec1n nhi\u1ec7m<\/h4>\n<div class=\"jsx-4267282249\">\n<div class=\"jsx-4267282249 xfBody big \" data-author=\"P.W\"><span class=\"xf-body-paragraph\">N\u1ebfu so s\u00e1nh tr\u1ef1c ti\u1ebfp v\u1edbi RTX 4070, th\u00ec phi\u00ean b\u1ea3n Super gi\u1ed1ng m\u1ed9t m\u00e0n l\u1ed9t x\u00e1c m\u1ea1nh v\u1ec1 kh\u1ea3 n\u0103ng x\u1eed l\u00fd \u0111\u1ed3 h\u1ecda. Thay v\u00ec 5888 nh\u00e2n CUDA, ch\u00fang ta c\u00f3 7168 nh\u00e2n CUDA tr\u00ean GPU AD104-350-A1, ti\u1ebfn tr\u00ecnh 5nm TSMC. H\u01a1n 35 t\u1ef7 transistor tr\u00ean b\u1ec1 m\u1eb7t die GPU monolithic n\u00e0y \u0111\u01b0\u1ee3c chia th\u00e0nh 224 TMU, 80 ROP v\u00e0 56 Stream Microprocessors. C\u00f9ng v\u1edbi \u0111\u00f3 l\u00e0 56 nh\u00e2n ray tracing, 224 nh\u00e2n tensor x\u1eed l\u00fd thu\u1eadt to\u00e1n deep learning, v\u00e0 48MB b\u1ed9 nh\u1edb \u0111\u1ec7m L2. \u0110\u00e2y c\u0169ng l\u00e0 m\u1ed9t y\u1ebfu t\u1ed1 c\u1ea3i thi\u1ec7n l\u1edbn gi\u1eefa RTX 4070 Super so v\u1edbi 4070 ra m\u1eaft g\u1ea7n tr\u00f2n 1 n\u0103m tr\u01b0\u1edbc, khi b\u1ea3n c\u0169 ch\u1ec9 c\u00f3 36MB cache L2.<\/span><\/div>\n<div class=\"jsx-4267282249 xfBody big \" data-author=\"P.W\"><\/div>\n<div class=\"jsx-4267282249 xfBody big \" data-author=\"P.W\"><span class=\"xf-body-paragraph\"><img decoding=\"async\" class=\"loading\" src=\"https:\/\/hanoicomputercdn.com\/media\/lib\/17-01-2024\/nvidia-ada-lovelace-gpu-feature-.jpg\" alt=\"Card m\u00e0n h\u00ecnh RTX 4070 SUPER\" width=\"100%\" data-was-processed=\"true\" \/><\/span><\/div>\n<div class=\"jsx-4267282249 xfBody big \" data-author=\"P.W\"><span class=\"xf-body-paragraph\"><\/p>\n<p>T\u1ed5ng h\u1ee3p tr\u00ean l\u00fd thuy\u1ebft, ng\u1ea7n \u1ea5y transistor v\u00e0 nh\u00e2n x\u1eed l\u00fd t\u1ea1o ra s\u1ee9c m\u1ea1nh t\u00ednh to\u00e1n s\u1ed1 th\u1ef1c d\u1ea5u ph\u1ea9y d\u1ed9ng 35.5 teraflops FP32.<\/span><\/div>\n<\/div>\n<div class=\"jsx-4267282249\"><\/div>\n<h3 class=\"jsx-4267282249\">Hi\u1ec7u n\u0103ng ch\u01a1i game<\/h3>\n<p>RTX 4070 Super tho\u1ea3i m\u00e1i \u0111\u00e1nh b\u1ea1i RTX 3080 \u1edf 4K v\u00e0 th\u1eadm ch\u00ed c\u00f2n \u0111\u1ea1t g\u1ea7n m\u1ee9c hi\u1ec7u su\u1ea5t c\u1ee7a RTX 4070 Ti trong m\u1ed9t s\u1ed1 t\u1ef1a game. Trong Resident Evil 4 \u0111\u00e3 b\u1eadt DLSS 3, b\u1ea1n s\u1ebd c\u00f3 \u0111\u01b0\u1ee3c m\u1ee9c hi\u1ec7u su\u1ea5t t\u01b0\u01a1ng t\u1ef1 nh\u01b0 RTX 4070 Ti v\u00e0 \u0111i\u1ec1u \u0111\u00f3 kh\u00f4ng c\u00f2n xa n\u1eefa trong Cyberpunk 2077<\/p>\n<p><img decoding=\"async\" class=\"loading\" src=\"https:\/\/hanoicomputercdn.com\/media\/lib\/17-01-2024\/rtx4070shiunngchigame2.jpg\" alt=\"Card m\u00e0n h\u00ecnh RTX 4070 SUPER\" width=\"100%\" data-was-processed=\"true\" \/><img decoding=\"async\" class=\"loading\" src=\"https:\/\/hanoicomputercdn.com\/media\/lib\/17-01-2024\/rtx4070shiunngchigame1.jpg\" alt=\"Card m\u00e0n h\u00ecnh RTX 4070 SUPER\" width=\"100%\" data-was-processed=\"true\" \/><\/p>\n<\/div>\n<div class=\"static-btn-group\"><\/div>\n<\/div>\n","protected":false},"excerpt":{"rendered":"<p class=\"group-title\"><strong>Th\u00f4ng s\u1ed1 s\u1ea3n ph\u1ea9m<\/strong><\/p>\n<div>\n<ul>\n<li class=\"item\">Nh\u00e2n \u0111\u1ed3 h\u1ecda: NVIDIA\u00ae GeForce RTX\u2122 4070 Super<\/li>\n<li class=\"item\">Nh\u00e2n CUDA: 7168<\/li>\n<li class=\"item\">Dung l\u01b0\u1ee3ng b\u1ed9 nh\u1edb: 12GB GDDR6X<\/li>\n<li class=\"item\">T\u1ed1c \u0111\u1ed9 b\u1ed9 nh\u1edb: 21 Gbps<\/li>\n<li class=\"item\">Giao di\u1ec7n b\u1ed9 nh\u1edb: 192-bit<\/li>\n<li class=\"item\">Ngu\u1ed3n khuy\u1ebfn ngh\u1ecb: 750W<\/li>\n<\/ul>\n<\/div>\n","protected":false},"featured_media":2231,"comment_status":"open","ping_status":"closed","template":"","meta":{"_acf_changed":false},"product_brand":[392],"product_cat":[64,442],"product_tag":[452,445,140,376,458,443],"class_list":{"0":"post-2131","1":"product","2":"type-product","3":"status-publish","4":"has-post-thumbnail","6":"product_brand-gigabyte","7":"product_cat-linh-kien-may-tinh","8":"product_cat-card-man-hinh-vga","9":"product_tag-12gb","10":"product_tag-card","11":"product_tag-gaming","12":"product_tag-gigabyte","13":"product_tag-rtx4070s","14":"product_tag-vga","16":"first","17":"instock","18":"sale","19":"shipping-taxable","20":"purchasable","21":"product-type-simple"},"acf":[],"jetpack_sharing_enabled":true,"_links":{"self":[{"href":"https:\/\/thanglongcomputer.vn\/index.php?rest_route=\/wp\/v2\/product\/2131","targetHints":{"allow":["GET"]}}],"collection":[{"href":"https:\/\/thanglongcomputer.vn\/index.php?rest_route=\/wp\/v2\/product"}],"about":[{"href":"https:\/\/thanglongcomputer.vn\/index.php?rest_route=\/wp\/v2\/types\/product"}],"replies":[{"embeddable":true,"href":"https:\/\/thanglongcomputer.vn\/index.php?rest_route=%2Fwp%2Fv2%2Fcomments&post=2131"}],"wp:featuredmedia":[{"embeddable":true,"href":"https:\/\/thanglongcomputer.vn\/index.php?rest_route=\/wp\/v2\/media\/2231"}],"wp:attachment":[{"href":"https:\/\/thanglongcomputer.vn\/index.php?rest_route=%2Fwp%2Fv2%2Fmedia&parent=2131"}],"wp:term":[{"taxonomy":"product_brand","embeddable":true,"href":"https:\/\/thanglongcomputer.vn\/index.php?rest_route=%2Fwp%2Fv2%2Fproduct_brand&post=2131"},{"taxonomy":"product_cat","embeddable":true,"href":"https:\/\/thanglongcomputer.vn\/index.php?rest_route=%2Fwp%2Fv2%2Fproduct_cat&post=2131"},{"taxonomy":"product_tag","embeddable":true,"href":"https:\/\/thanglongcomputer.vn\/index.php?rest_route=%2Fwp%2Fv2%2Fproduct_tag&post=2131"}],"curies":[{"name":"wp","href":"https:\/\/api.w.org\/{rel}","templated":true}]}}