{"id":2130,"date":"2025-02-18T16:53:55","date_gmt":"2025-02-18T09:53:55","guid":{"rendered":"https:\/\/thanglongcomputer.vn\/san-pham\/card-man-hinh-gigabyte-rtx-4060-ti-gaming-oc-16gb\/"},"modified":"2025-02-28T16:24:05","modified_gmt":"2025-02-28T09:24:05","slug":"card-man-hinh-gigabyte-rtx-4060-ti-gaming-oc-16gb","status":"publish","type":"product","link":"https:\/\/thanglongcomputer.vn\/?product=card-man-hinh-gigabyte-rtx-4060-ti-gaming-oc-16gb","title":{"rendered":"Card m\u00e0n h\u00ecnh Gigabyte RTX 4060 Ti GAMING OC-16GB"},"content":{"rendered":"<h2 class=\"box-title\">\u0110\u00e1nh gi\u00e1: Card m\u00e0n h\u00ecnh Gigabyte RTX 4060 Ti GAMING OC-16GB<\/h2>\n<div class=\"static-html-group js-static-container\">\n<div id=\"js-product-description\" class=\"js-static-content static-html-content\">\n<h3><img decoding=\"async\" class=\"loading\" src=\"https:\/\/hanoicomputercdn.com\/media\/lib\/15-01-2024\/screenshot_1.jpg\" alt=\"Card m\u00e0n h\u00ecnh Gigabyte RTX 4060 Ti GAMING OC-16GB \" width=\"100%\" data-was-processed=\"true\" \/><\/h3>\n<h3>H\u1ec7 th\u1ed1ng l\u00e0m m\u00e1t WINDFORCE<\/h3>\n<p>H\u1ec7 th\u1ed1ng t\u1ea3n nhi\u1ec7t WINDFORVE c\u00f3 ba c\u00e1nh qu\u1ea1t 80mm \u0111\u1ed9c \u0111\u00e1o, quay xen k\u1ebd, 4 \u1ed1ng d\u1eabn nhi\u1ec7t b\u1eb1ng \u0111\u1ed3ng Composite ti\u1ebfp x\u00fac tr\u1ef1c ti\u1ebfp v\u1edbi GPU, qu\u1ea1t ho\u1ea1t \u0111\u1ed9ng 3D v\u00e0 Screen-cooling k\u1ebft h\u1ee3p c\u00f9ng nhau \u0111\u1ec3 mang l\u1ea1i hi\u1ec7u qu\u1ea3 t\u1ea3n nhi\u1ec7t cao nh\u1ea5t.<\/p>\n<p><img decoding=\"async\" class=\"loading\" src=\"https:\/\/hanoicomputercdn.com\/media\/lib\/15-01-2024\/screenshot_2.jpg\" alt=\"Card m\u00e0n h\u00ecnh Gigabyte RTX 4060 Ti GAMING OC-16GB \" width=\"100%\" data-was-processed=\"true\" \/><\/p>\n<p>\u1ed0ng d\u1eabn nhi\u1ec7t t\u1eeb \u0111\u1ed3ng nguy\u00ean ch\u1ea5t gi\u00fap t\u1ed1i \u0111a h\u00f3a di\u1ec7n t\u00edch ti\u1ebfp x\u00fac v\u1edbi GPU, n\u00f3 c\u0169ng bao ph\u1ee7 VRAM th\u00f4ng qua m\u1ed9t t\u1ea5m ki lo\u1ea1i ti\u1ebfp x\u00fac \u0111\u1ec3 \u0111\u1ea3m b\u1ea3o l\u00e0m m\u00e1t th\u00edch h\u1ee3p.<\/p>\n<h3>RGB Fusion s\u1ed1ng \u0111\u1ed9ng<\/h3>\n<p>V\u1edbi 16.7 tri\u1ec7u m\u00e0u s\u1eafc c\u00f3 th\u1ec3 t\u00f9y ch\u1ec9nh v\u00e0 nhi\u1ec1u hi\u1ec7u \u1ee9ng \u00e1nh s\u00e1ng, b\u1ea1n c\u00f3 th\u1ec3 ch\u1ecdn b\u1ea5t k\u1ef3 hi\u1ec7u \u1ee9ng \u00e1nh s\u00e1ng n\u00e0o ho\u1eb7c \u0111\u1ed3ng b\u1ed9 h\u00f3a v\u1edbi c\u00e1c thi\u1ebft b\u1ecb kh\u00e1c trong ph\u1ea7n m\u1ec1m di\u1ec1u ch\u1ec9nh.<\/p>\n<\/div>\n<\/div>\n","protected":false},"excerpt":{"rendered":"<p class=\"group-title\"><strong>Th\u00f4ng s\u1ed1 s\u1ea3n ph\u1ea9m<\/strong><\/p>\n<div>\n<ul>\n<li class=\"item\">Dung l\u01b0\u1ee3ng b\u1ed9 nh\u1edb: 16GB GDDR6<\/li>\n<li class=\"item\">Core Clock: 2595 MHz (Reference card: 2535 MHz)<\/li>\n<li class=\"item\">B\u0103ng th\u00f4ng: 128 bit<\/li>\n<li class=\"item\">K\u1ebft n\u1ed1i: DisplayPort 1.4a *2\/HDMI 2.1 *2<\/li>\n<li class=\"item\">Ngu\u1ed3n y\u00eau c\u1ea7u: 500W<\/li>\n<\/ul>\n<\/div>\n","protected":false},"featured_media":2189,"comment_status":"open","ping_status":"closed","template":"","meta":{"_acf_changed":false},"product_brand":[392],"product_cat":[64,442],"product_tag":[280,445,140,376,455,443],"class_list":{"0":"post-2130","1":"product","2":"type-product","3":"status-publish","4":"has-post-thumbnail","6":"product_brand-gigabyte","7":"product_cat-linh-kien-may-tinh","8":"product_cat-card-man-hinh-vga","9":"product_tag-16gb","10":"product_tag-card","11":"product_tag-gaming","12":"product_tag-gigabyte","13":"product_tag-rtx4060ti","14":"product_tag-vga","16":"first","17":"instock","18":"sale","19":"shipping-taxable","20":"purchasable","21":"product-type-simple"},"acf":[],"jetpack_sharing_enabled":true,"_links":{"self":[{"href":"https:\/\/thanglongcomputer.vn\/index.php?rest_route=\/wp\/v2\/product\/2130","targetHints":{"allow":["GET"]}}],"collection":[{"href":"https:\/\/thanglongcomputer.vn\/index.php?rest_route=\/wp\/v2\/product"}],"about":[{"href":"https:\/\/thanglongcomputer.vn\/index.php?rest_route=\/wp\/v2\/types\/product"}],"replies":[{"embeddable":true,"href":"https:\/\/thanglongcomputer.vn\/index.php?rest_route=%2Fwp%2Fv2%2Fcomments&post=2130"}],"wp:featuredmedia":[{"embeddable":true,"href":"https:\/\/thanglongcomputer.vn\/index.php?rest_route=\/wp\/v2\/media\/2189"}],"wp:attachment":[{"href":"https:\/\/thanglongcomputer.vn\/index.php?rest_route=%2Fwp%2Fv2%2Fmedia&parent=2130"}],"wp:term":[{"taxonomy":"product_brand","embeddable":true,"href":"https:\/\/thanglongcomputer.vn\/index.php?rest_route=%2Fwp%2Fv2%2Fproduct_brand&post=2130"},{"taxonomy":"product_cat","embeddable":true,"href":"https:\/\/thanglongcomputer.vn\/index.php?rest_route=%2Fwp%2Fv2%2Fproduct_cat&post=2130"},{"taxonomy":"product_tag","embeddable":true,"href":"https:\/\/thanglongcomputer.vn\/index.php?rest_route=%2Fwp%2Fv2%2Fproduct_tag&post=2130"}],"curies":[{"name":"wp","href":"https:\/\/api.w.org\/{rel}","templated":true}]}}