{"id":2129,"date":"2025-02-18T16:53:55","date_gmt":"2025-02-18T09:53:55","guid":{"rendered":"https:\/\/thanglongcomputer.vn\/san-pham\/card-man-hinh-gigabyte-rtx-3060-gaming-oc-12gd-v2\/"},"modified":"2026-02-25T10:27:24","modified_gmt":"2026-02-25T03:27:24","slug":"card-man-hinh-gigabyte-rtx-3060-gaming-oc-12gd-v2","status":"publish","type":"product","link":"https:\/\/thanglongcomputer.vn\/?product=card-man-hinh-gigabyte-rtx-3060-gaming-oc-12gd-v2","title":{"rendered":"Card m\u00e0n h\u00ecnh Gigabyte RTX 3060 GAMING OC 12GD-V2"},"content":{"rendered":"<p><span data-darkreader-inline-color=\"\"><strong>VGA GIGABYTE GeForce RTX 3060 GAMING OC 12G<\/strong><\/span><\/p>\n<p>Card \u0111\u1ed3 h\u1ecda\u00a0<span data-darkreader-inline-color=\"\"><strong>GIGABYTE GeForce RTX 3060 GAMING OC 12G<\/strong><\/span>\u00a0l\u00e0 m\u1ed9t l\u1ef1a ch\u1ecdn l\u00fd t\u01b0\u1edfng trong ph\u00e2n kh\u00fac t\u1ea7m trung, h\u01b0\u1edbng \u0111\u1ebfn \u0111\u1ed1i t\u01b0\u1ee3ng game th\u1ee7 y\u00eau c\u1ea7u hi\u1ec7u n\u0103ng m\u1ea1nh m\u1ebd \u0111\u1ec3 ch\u01a1i Game m\u01b0\u1ee3t m\u00e0 \u1edf th\u1eddi \u0111i\u00eam hi\u1ec7n t\u1ea1i. C\u00f9ng t\u00ecm hi\u1ec3u ngay v\u1ec1 m\u1eabu\u00a0<span data-darkreader-inline-color=\"\"><a title=\"Card \u0111\u1ed3 h\u1ecda\" href=\"https:\/\/www.anphatpc.com.vn\/vga-card-man-hinh.html\" target=\"_blank\" rel=\"noopener\" data-darkreader-inline-color=\"\">Card \u0111\u1ed3 h\u1ecda<\/a><\/span>\u00a0n\u00e0y qua b\u00e0i vi\u1ebft d\u01b0\u1edbi \u0111\u00e2y c\u1ee7a An Ph\u00e1t Computer.<\/p>\n<h3><span data-darkreader-inline-color=\"\"><strong>H\u1ec7 th\u1ed1ng t\u1ea3n nhi\u1ec7t 3 Fan Windforce 3X<\/strong><\/span><\/h3>\n<p><strong><img decoding=\"async\" src=\"https:\/\/anphat.com.vn\/media\/lib\/30-06-2021\/03.jpg\" alt=\"\" width=\"1250\" \/><\/strong><\/p>\n<p>H\u1ec7 th\u1ed1ng l\u00e0m m\u00e1t WINDFORCE 3X tr\u00ean Gigabyte\u00a0<span data-darkreader-inline-color=\"\">RTX 3060<\/span>\u00a0c\u00f3 c\u00e1c qu\u1ea1t c\u00e1nh \u0111\u1ed9c \u0111\u00e1o 3x 80mm, quay lu\u00e2n phi\u00ean, 3 \u1ed1ng d\u1eabn nhi\u1ec7t b\u1eb1ng \u0111\u1ed3ng composite GPU c\u1ea3m \u1ee9ng tr\u1ef1c ti\u1ebfp, qu\u1ea1t ho\u1ea1t \u0111\u1ed9ng 3D v\u00e0 l\u00e0m m\u00e1t GPU, c\u00f9ng nhau cung c\u1ea5p kh\u1ea3 n\u0103ng t\u1ea3n nhi\u1ec7t hi\u1ec7u qu\u1ea3 cao.\u00a0Quay lu\u00e2n phi\u00ean c\u00f3 th\u1ec3 l\u00e0m gi\u1ea3m s\u1ef1 nhi\u1ec5u lo\u1ea1n c\u1ee7a c\u00e1c qu\u1ea1t li\u1ec1n k\u1ec1 v\u00e0 t\u0103ng \u00e1p su\u1ea5t kh\u00f4ng kh\u00ed.\u00a0GIGABYTE xoay c\u00e1c qu\u1ea1t li\u1ec1n k\u1ec1 theo h\u01b0\u1edbng ng\u01b0\u1ee3c l\u1ea1i, \u0111\u1ec3 h\u01b0\u1edbng lu\u1ed3ng kh\u00f4ng kh\u00ed gi\u1eefa hai qu\u1ea1t l\u00e0 nh\u01b0 nhau, gi\u1ea3m s\u1ef1 nhi\u1ec5u lo\u1ea1n v\u00e0 t\u0103ng c\u01b0\u1eddng \u00e1p su\u1ea5t lu\u1ed3ng kh\u00f4ng kh\u00ed.\u00a0Qu\u1ea1t ch\u1ee7 \u0111\u1ed9ng 3D cung c\u1ea5p kh\u1ea3 n\u0103ng l\u00e0m m\u00e1t b\u00e1n th\u1ee5 \u0111\u1ed9ng v\u00e0 qu\u1ea1t s\u1ebd v\u1eabn t\u1eaft khi GPU \u1edf ch\u1ebf \u0111\u1ed9 t\u1ea3i th\u1ea5p ho\u1eb7c tr\u00f2 ch\u01a1i \u0111i\u1ec7n n\u0103ng th\u1ea5p. Lu\u1ed3ng kh\u00f4ng kh\u00ed \u0111\u01b0\u1ee3c tr\u00e0n ra b\u1edfi m\u00e9p qu\u1ea1t h\u00ecnh tam gi\u00e1c v\u00e0 \u0111\u01b0\u1ee3c d\u1eabn h\u01b0\u1edbng m\u01b0\u1ee3t m\u00e0 qua \u0111\u01b0\u1eddng cong s\u1ecdc 3D tr\u00ean b\u1ec1 m\u1eb7t qu\u1ea1t.\u00a0Ch\u1ea5t b\u00f4i tr\u01a1n graphene nano c\u00f3 th\u1ec3 k\u00e9o d\u00e0i tu\u1ed5i th\u1ecd c\u1ee7a qu\u1ea1t l\u00ean g\u1ea5p 2,1 l\u1ea7n, g\u1ea7n b\u1eb1ng tu\u1ed5i th\u1ecd c\u1ee7a \u1ed5 bi k\u00e9p v\u00e0 ho\u1ea1t \u0111\u1ed9ng \u00eam \u00e1i h\u01a1n.<\/p>\n<h3><span data-darkreader-inline-color=\"\"><strong>Hi\u1ec7u su\u1ea5t t\u1ea3n nhi\u1ec7t cao<\/strong><\/span><\/h3>\n<p><strong><img decoding=\"async\" src=\"https:\/\/anphat.com.vn\/media\/lib\/30-06-2021\/312.png\" alt=\"\" width=\"1250\" \/><\/strong><\/p>\n<p>Thi\u1ebft k\u1ebf t\u1ea3n nhi\u1ec7t m\u1edf r\u1ed9ng cho ph\u00e9p lu\u1ed3ng kh\u00f4ng kh\u00ed \u0111i qua, gi\u00fap t\u1ea3n nhi\u1ec7t t\u1ed1t h\u01a1n.\u00a0H\u00ecnh d\u1ea1ng c\u1ee7a \u1ed1ng d\u1eabn nhi\u1ec7t b\u1eb1ng \u0111\u1ed3ng nguy\u00ean ch\u1ea5t t\u1ed1i \u0111a h\u00f3a di\u1ec7n t\u00edch ti\u1ebfp x\u00fac tr\u1ef1c ti\u1ebfp v\u1edbi GPU. \u1ed0ng d\u1eabn nhi\u1ec7t c\u0169ng bao ph\u1ee7 VRAM th\u00f4ng qua m\u1ed9t t\u1ea5m kim lo\u1ea1i l\u1edbn ti\u1ebfp x\u00fac \u0111\u1ec3 \u0111\u1ea3m b\u1ea3o l\u00e0m m\u00e1t th\u00edch h\u1ee3p.<\/p>\n<h3><span data-darkreader-inline-color=\"\"><strong>B\u1ea3o v\u1ec7 t\u1ed1i \u0111a<\/strong><\/span><\/h3>\n<p><strong><img decoding=\"async\" src=\"https:\/\/anphat.com.vn\/media\/lib\/30-06-2021\/084.jpg\" alt=\"\" width=\"1250\" \/><\/strong><\/p>\n<p>T\u1ea5m l\u01b0ng kim lo\u1ea1i kh\u00f4ng ch\u1ec9 mang l\u1ea1i h\u00ecnh d\u00e1ng th\u1ea9m m\u1ef9 m\u00e0 c\u00f2n n\u00e2ng cao c\u1ea5u tr\u00fac c\u1ee7a card \u0111\u1ed3 h\u1ecda \u0111\u1ec3 b\u1ea3o v\u1ec7 to\u00e0n di\u1ec7n.<\/p>\n<h3><span data-darkreader-inline-color=\"\"><strong>Chi ti\u1ebft ho\u00e0n thi\u1ec7n<\/strong><\/span><\/h3>\n<p><strong><img decoding=\"async\" src=\"https:\/\/anphat.com.vn\/media\/lib\/30-06-2021\/28.jpg\" alt=\"\" width=\"1250\" \/><\/strong><\/p>\n<p>Card \u0111\u1ed3 h\u1ecda s\u1eed d\u1ee5ng thi\u1ebft k\u1ebf pha ngu\u1ed3n t\u1ed1t h\u01a1n \u0111\u1ec3 cho ph\u00e9p MOSFET ho\u1ea1t \u0111\u1ed9ng \u1edf nhi\u1ec7t \u0111\u1ed9 th\u1ea5p h\u01a1n, thi\u1ebft k\u1ebf b\u1ea3o v\u1ec7 qu\u00e1 nhi\u1ec7t v\u00e0 c\u00e2n b\u1eb1ng t\u1ea3i cho m\u1ed7i MOSFET, c\u1ed9ng v\u1edbi cu\u1ed9n c\u1ea3m v\u00e0 t\u1ee5 \u0111i\u1ec7n \u0111\u01b0\u1ee3c ch\u1ee9ng nh\u1eadn Ultra Durable, \u0111\u1ec3 mang l\u1ea1i hi\u1ec7u su\u1ea5t tuy\u1ec7t v\u1eddi v\u00e0\u00a0k\u00e9o d\u00e0i tu\u1ed5i th\u1ecd.<\/p>\n<h3><span data-darkreader-inline-color=\"\"><strong>Thi\u1ebft k\u1ebf th\u00e2n thi\u1ec7n<\/strong><\/span><\/h3>\n<p><strong><img decoding=\"async\" src=\"https:\/\/anphat.com.vn\/media\/lib\/30-06-2021\/69.jpg\" alt=\"\" width=\"1250\" \/><\/strong><\/p>\n<p>Quy tr\u00ecnh s\u1ea3n xu\u1ea5t ho\u00e0n to\u00e0n t\u1ef1 \u0111\u1ed9ng \u0111\u1ea3m b\u1ea3o ch\u1ea5t l\u01b0\u1ee3ng h\u00e0ng \u0111\u1ea7u c\u1ee7a c\u00e1c b\u1ea3ng m\u1ea1ch v\u00e0 lo\u1ea1i b\u1ecf c\u00e1c ph\u1ea7n nh\u00f4 ra s\u1eafc n\u00e9t c\u1ee7a c\u00e1c \u0111\u1ea7u n\u1ed1i h\u00e0n \u0111\u01b0\u1ee3c nh\u00ecn th\u1ea5y tr\u00ean b\u1ec1 m\u1eb7t PCB th\u00f4ng th\u01b0\u1eddng. Thi\u1ebft k\u1ebf th\u00e2n thi\u1ec7n n\u00e0y gi\u00fap tay b\u1ea1n kh\u00f4ng b\u1ecb c\u1eaft ho\u1eb7c v\u00f4 t\u00ecnh l\u00e0m h\u1ecfng c\u00e1c b\u1ed9 ph\u1eadn khi ch\u1ebf t\u1ea1o.<\/p>\n<h3><span data-darkreader-inline-color=\"\"><strong>Ph\u1ea7n m\u1ec1m RGB Fusion 2.0<\/strong><\/span><\/h3>\n<p><strong><img decoding=\"async\" src=\"https:\/\/anphat.com.vn\/media\/lib\/30-06-2021\/gigabyte-rgb-fusion-20-featured.jpg\" alt=\"\" width=\"1250\" \/><\/strong><\/p>\n<p>V\u1edbi 16,7 tri\u1ec7u m\u00e0u, v\u00e0 k\u00e8m r\u1ea5t nhi\u1ec1u ch\u1ebf \u0111\u1ed9 m\u00e0u phong ph\u00fa, b\u1eaft m\u1eaft, ng\u01b0\u1eddi d\u00f9ng c\u00f3 th\u1ec3 t\u00f9y bi\u1ebfn theo s\u1edf th\u00edch c\u00e1 nh\u00e2n v\u00e0 \u0111\u1ed3ng b\u1ed9 c\u00e1c linh ki\u1ec7n trong d\u1ea3i s\u1ea3n ph\u1ea9m AORUS.<\/p>\n<h2><span data-darkreader-inline-color=\"\"><strong>Aorus Engine &#8211; m\u1ecdi th\u1ee9 trong t\u1ea7m tay<\/strong><\/span><\/h2>\n<p><strong><img decoding=\"async\" src=\"https:\/\/anphat.com.vn\/media\/lib\/30-06-2021\/maxresdefault2.jpg\" alt=\"\" width=\"1250\" \/><\/strong><\/p>\n<p>V\u1edbi ph\u1ea7n m\u1ec1m Aorus Engine, ng\u01b0\u1eddi d\u00f9ng c\u00f3 th\u1ec3 d\u1ec5 d\u00e0ng \u0111i\u1ec1u khi\u1ec3n v\u00e0 thao t\u00e1c chi\u1ebfc Card c\u1ee7a m\u00ecnh nh\u01b0 \u0111i\u1ec1u t\u1ed1c fan, ch\u1ec9nh xung, v\u00e0 c\u00f2n nhi\u1ec1u th\u1ee9 kh\u00e1c n\u1eefa.<\/p>\n","protected":false},"excerpt":{"rendered":"<p class=\"group-title\"><strong>Th\u00f4ng s\u1ed1 s\u1ea3n ph\u1ea9m<\/strong><\/p>\n<div>\n<ul>\n<li class=\"item\">Nh\u00e2n \u0111\u1ed3 h\u1ecda Nvidia RTX 3060<\/li>\n<li class=\"item\">S\u1ed1 nh\u00e2n Cuda: 3584<\/li>\n<li class=\"item\">Xung nh\u1ecbp GPU t\u1ed1i \u0111a: 1837 Mhz<\/li>\n<li class=\"item\">B\u1ed9 nh\u1edb Vram: 12GB GDDR6<\/li>\n<li class=\"item\">Phi\u00ean b\u1ea3n gi\u1edbi h\u1ea1n kh\u1ea3 n\u0103ng \u0111\u00e0o coin &#8211; Low Hash Rate<\/li>\n<\/ul>\n<\/div>\n","protected":false},"featured_media":2156,"comment_status":"open","ping_status":"closed","template":"","meta":{"_acf_changed":false},"product_brand":[392],"product_cat":[64,442],"product_tag":[452,445,140,376,451,443],"class_list":{"0":"post-2129","1":"product","2":"type-product","3":"status-publish","4":"has-post-thumbnail","6":"product_brand-gigabyte","7":"product_cat-linh-kien-may-tinh","8":"product_cat-card-man-hinh-vga","9":"product_tag-12gb","10":"product_tag-card","11":"product_tag-gaming","12":"product_tag-gigabyte","13":"product_tag-rtx3060","14":"product_tag-vga","16":"first","17":"instock","18":"sale","19":"shipping-taxable","20":"purchasable","21":"product-type-simple"},"acf":[],"jetpack_sharing_enabled":true,"_links":{"self":[{"href":"https:\/\/thanglongcomputer.vn\/index.php?rest_route=\/wp\/v2\/product\/2129","targetHints":{"allow":["GET"]}}],"collection":[{"href":"https:\/\/thanglongcomputer.vn\/index.php?rest_route=\/wp\/v2\/product"}],"about":[{"href":"https:\/\/thanglongcomputer.vn\/index.php?rest_route=\/wp\/v2\/types\/product"}],"replies":[{"embeddable":true,"href":"https:\/\/thanglongcomputer.vn\/index.php?rest_route=%2Fwp%2Fv2%2Fcomments&post=2129"}],"wp:featuredmedia":[{"embeddable":true,"href":"https:\/\/thanglongcomputer.vn\/index.php?rest_route=\/wp\/v2\/media\/2156"}],"wp:attachment":[{"href":"https:\/\/thanglongcomputer.vn\/index.php?rest_route=%2Fwp%2Fv2%2Fmedia&parent=2129"}],"wp:term":[{"taxonomy":"product_brand","embeddable":true,"href":"https:\/\/thanglongcomputer.vn\/index.php?rest_route=%2Fwp%2Fv2%2Fproduct_brand&post=2129"},{"taxonomy":"product_cat","embeddable":true,"href":"https:\/\/thanglongcomputer.vn\/index.php?rest_route=%2Fwp%2Fv2%2Fproduct_cat&post=2129"},{"taxonomy":"product_tag","embeddable":true,"href":"https:\/\/thanglongcomputer.vn\/index.php?rest_route=%2Fwp%2Fv2%2Fproduct_tag&post=2129"}],"curies":[{"name":"wp","href":"https:\/\/api.w.org\/{rel}","templated":true}]}}