{"id":2128,"date":"2025-02-18T16:53:55","date_gmt":"2025-02-18T09:53:55","guid":{"rendered":"https:\/\/thanglongcomputer.vn\/san-pham\/card-man-hinh-gigabyte-rtx-3060-gaming-oc-8gd\/"},"modified":"2025-02-28T16:32:30","modified_gmt":"2025-02-28T09:32:30","slug":"card-man-hinh-gigabyte-rtx-3060-gaming-oc-8gd","status":"publish","type":"product","link":"https:\/\/thanglongcomputer.vn\/?product=card-man-hinh-gigabyte-rtx-3060-gaming-oc-8gd","title":{"rendered":"Card m\u00e0n h\u00ecnh Gigabyte RTX 3060 GAMING OC 8GD"},"content":{"rendered":"<h2 align=\"center\"><span data-darkreader-inline-color=\"\"><strong>VGA Gigabyte RTX 3060 GAMING OC 8GB (N3060GAMING OC-8GD)<\/strong><\/span><\/h2>\n<p><span data-darkreader-inline-color=\"\"><strong>VGA Gigabyte RTX 3060 GAMING OC 8GB<\/strong><\/span>\u00a0l\u00e0 m\u1ed9t si\u00eau ph\u1ea9m\u00a0<span data-darkreader-inline-color=\"\">Card m\u00e0n h\u00ecnh<\/span>\u00a0\u0111\u1ebfn t\u1eeb GIGABYTE. \u0110\u01b0\u1ee3c x\u00e2y d\u1ef1ng t\u1eeb ki\u1ebfn tr\u00fac Ampere, hi\u1ec7u n\u0103ng Raytracing m\u1ea1nh m\u1ebd c\u00f9ng s\u1ef1 h\u1ed7 tr\u1ee3 c\u1ee7a c\u00f4ng ngh\u1ec7 AI khi\u1ebfn\u00a0Gigabyte RTX 3060 GAMING OC 8GB\u00a0 tr\u1edf th\u00e0nh s\u1ef1 l\u1ef1a ch\u1ecdn h\u00e0ng \u0111\u1ea7u cho Game th\u1ee7 v\u00e0 nh\u00e0 s\u00e1ng t\u1ea1o n\u1ed9i dung.<\/p>\n<p><iframe loading=\"lazy\" src=\"https:\/\/www.youtube.com\/embed\/ulvmJHyG1OA\" width=\"700\" height=\"350\" data-mce-fragment=\"1\"><\/iframe><\/p>\n<h2><span data-darkreader-inline-color=\"\"><strong>H\u1ec7 th\u1ed1ng l\u00e0m m\u00e1t Windforce 2X<\/strong><\/span><\/h2>\n<p><span data-darkreader-inline-color=\"\"><a title=\"RTX3060\" href=\"https:\/\/www.anphatpc.com.vn\/vga-rtx-3060.html\" target=\"_blank\" rel=\"noopener\" data-darkreader-inline-color=\"\">RTX3060<\/a><\/span>\u00a0v\u1edbi phi\u00ean b\u1ea3n 2Fan nh\u1ecf g\u1ecdn ph\u00f9 h\u1ee3p v\u1edbi nhi\u1ec1u k\u00edch th\u01b0\u1edbc Case m\u00e1y t\u00ednh kh\u00e1c nhau. Hi\u1ec7u su\u1ea5t t\u1ea3n nhi\u1ec7t nhanh ch\u00f3ng nh\u1edd v\u00e0o h\u1ec7 th\u1ed1ng\u00a0Windforce 2X v\u1edbi thi\u1ebft k\u1ebf 2 qu\u1ea1t 90mm quay lu\u00e2n phi\u00ean, 3 \u1ed1ng d\u1eabn nhi\u1ec7t b\u1eb1ng \u0111\u1ed3ng,\u00a0Screen-Cooling.<\/p>\n<p>Kh\u00e1c v\u1edbi thi\u1ebft k\u1ebf qu\u1ea1t truy\u1ec1n th\u1ed1ng, qu\u1ea1t c\u1ee7a Gigabyte quay ng\u01b0\u1ee3c chi\u1ec1u nhau khi\u1ebfn lu\u1ed3ng kh\u00ed l\u01b0u th\u00f4ng \u0111\u01b0\u1ee3c t\u1ed1i \u01b0u nh\u1ea5t.<\/p>\n<p><img decoding=\"async\" src=\"https:\/\/anphat.com.vn\/media\/lib\/05-06-2023\/gigabytespin.jpg\" alt=\"\" width=\"700\" \/><\/p>\n<p>Thi\u1ebft k\u1ebf \u0111\u01b0\u1eddng v\u00e2n tr\u00ean b\u1ec1 m\u1eb7t c\u00e1nh qu\u1ea1t gi\u00fap t\u0103ng c\u01b0\u1eddng lu\u1ed3ng kh\u00ed l\u01b0u th\u00f4ng.<\/p>\n<p><img decoding=\"async\" src=\"https:\/\/anphat.com.vn\/media\/lib\/05-06-2023\/quatgigabyte.jpg\" alt=\"\" width=\"600\" \/><\/p>\n<p>T\u00ednh n\u0103ng 3D Active t\u1ef1 \u0111\u1ed9ng \u0111i\u1ec1u ch\u1ec9nh ch\u1ebf \u0111\u1ed9 ho\u1ea1t \u0111\u1ed9ng c\u1ee7a qu\u1ea1t t\u1ea3n nhi\u1ec7t v\u1edbi t\u1eebng m\u1ee9c nhi\u1ec7t \u0111\u1ed9 kh\u00e1c nhau c\u1ee7a Card \u0111\u1ed3 h\u1ecda. V\u1edbi nh\u1eefng t\u00e1c v\u1ee5 nh\u1eb9, khi\u1ebfn Card \u0111\u1ed3 h\u1ecda kh\u00f4ng qu\u00e1 n\u00f3ng h\u1ec7 th\u1ed1ng s\u1ebd t\u1ef1 \u0111\u1ed9ng d\u1eebng qu\u1ea1t ho\u1eb7c ch\u1ea1y v\u1edbi t\u1ed1c \u0111\u1ed9 th\u1ea5p \u0111\u1ec3 mang t\u1edbi s\u1ef1 y\u00ean t\u0129nh cho Game th\u1ee7. Khi Card \u0111\u1ed3 h\u1ecda n\u00f3ng h\u01a1n n\u00f3 c\u0169ng t\u1ef1 \u0111\u1ed9ng \u0111i\u1ec1u ch\u1ec9nh \u0111\u1ec3 t\u0103ng m\u1ee9c \u0111\u1ed9 qu\u1ea1t.<\/p>\n<p>\u1ed0ng d\u1eabn nhi\u1ec7t b\u1eb1ng \u0111\u1ed3ng ti\u1ebfp x\u00fac tr\u1ef1c ti\u1ebfp v\u1edbi GPU t\u1ed1i \u0111a di\u1ec7n t\u00edch ti\u1ebfp x\u00fac c\u0169ng nh\u01b0 hi\u1ec7u qu\u1ea3 t\u1ea3n nhi\u1ec7t.\u00a0\u1ed0ng d\u1eabn nhi\u1ec7t c\u0169ng bao ph\u1ee7 VRAM th\u00f4ng qua m\u1ed9t t\u1ea5m kim lo\u1ea1i l\u1edbn ti\u1ebfp x\u00fac \u0111\u1ec3 \u0111\u1ea3m b\u1ea3o kh\u1ea3 n\u0103ng l\u00e0m m\u00e1t th\u00edch h\u1ee3p.<\/p>\n<p><img decoding=\"async\" src=\"https:\/\/anphat.com.vn\/media\/lib\/05-06-2023\/gpupipe.jpg\" alt=\"\" width=\"600\" \/><\/p>\n<h2><span data-darkreader-inline-color=\"\"><strong>M\u1ea1nh m\u1ebd v\u00e0\u00a0ch\u1eafc ch\u1eafn<\/strong><\/span><\/h2>\n<p>V\u1edbi nh\u1eefng anh em Game th\u1ee7 th\u00edch s\u1ef1 nh\u1ecf g\u1ecdn, thi\u1ebft k\u1ebf 2Fan c\u1ee7a chi\u1ebfc\u00a0Gigabyte RTX 3060 GAMING OC 8GB l\u00e0 m\u1ed9t s\u1ef1 l\u1ef1a ch\u1ecdn tuy\u1ec7t v\u1eddi cho Case M\u00e1y t\u00ednh c\u1ee7a b\u1ea1n. V\u1edbi chi\u1ec1u d\u00e0i ch\u01b0a t\u1edbi 200mm,\u00a0Gigabyte RTX 3060 GAMING OC 8GB v\u1eabn \u0111\u1ea3m b\u1ea3o cho hi\u1ec7u n\u0103ng m\u1ea1nh m\u1ebd c\u1ee7a chi\u1ebfc RTX3060 trong b\u1ec1 ngo\u00e0i c\u1ef1c nh\u1ecf g\u1ecdn.<\/p>\n<p><img decoding=\"async\" src=\"https:\/\/anphat.com.vn\/media\/lib\/05-06-2023\/rtx3060200.jpg\" alt=\"\" width=\"600\" \/><\/p>\n<p>T\u1ea5m m\u1eb7t sau kh\u00f4ng ch\u1ec9 mang l\u1ea1i t\u00ednh th\u1ea9m m\u1ef9 cho Card \u0111\u1ed3 h\u1ecda m\u00e0 c\u00f2n l\u00e0 l\u1edbp b\u1ea3o v\u1ec7 khi\u1ebfn chi\u1ebfc RTX3060 n\u00e0y c\u00e0ng c\u1ee9ng c\u00e1p v\u00e0 b\u1ec1n b\u1ec9 h\u01a1n.<\/p>\n<p><img decoding=\"async\" src=\"https:\/\/anphat.com.vn\/media\/lib\/05-06-2023\/rtx3060backpate1.jpg\" alt=\"\" width=\"600\" \/><\/p>\n<p>Quy tr\u00ecnh s\u1ea3n xu\u1ea5t ho\u00e0n to\u00e0n t\u1ef1 \u0111\u1ed9ng \u0111\u1ea3m b\u1ea3o ch\u1ea5t l\u01b0\u1ee3ng h\u00e0ng \u0111\u1ea7u c\u1ee7a\u00a0cho b\u1ea3ng m\u1ea1ch\u00a0v\u00e0 lo\u1ea1i b\u1ecf c\u00e1c ph\u1ea7n nh\u00f4 ra s\u1eafc nh\u1ecdn th\u1eeba c\u1ee7a \u0111\u1ea7u n\u1ed1i h\u00e0n nh\u00ecn th\u1ea5y tr\u00ean b\u1ec1 m\u1eb7t PCB th\u00f4ng th\u01b0\u1eddng. S\u1ef1 ch\u0103m ch\u00fat n\u00e0y s\u1ebd b\u1ea3o v\u1ec7 \u0111\u00f4i tay c\u1ee7a b\u1ea1n, tr\u00e1nh x\u01b0\u1edbc, \u0111\u1ee9t tay trong qu\u00e1 tr\u00ecnh l\u1eafp \u0111\u1eb7t.<\/p>\n<p><img decoding=\"async\" src=\"https:\/\/anphat.com.vn\/media\/lib\/05-06-2023\/rtx3060pcb.jpg\" alt=\"\" width=\"600\" \/><\/p>\n<p><span data-darkreader-inline-color=\"\"><strong>B\u1ec1n b\u1ec9 v\u00e0 \u00e9p xung<\/strong><\/span><\/p>\n<p>Card \u0111\u1ed3 h\u1ecda\u00a0s\u1eed d\u1ee5ng thi\u1ebft k\u1ebf pha ngu\u1ed3n t\u1ed1t h\u01a1n ho ph\u00e9p MOSFET ho\u1ea1t \u0111\u1ed9ng \u1edf nhi\u1ec7t \u0111\u1ed9 th\u1ea5p h\u01a1n, \u0111\u1ed3ng th\u1eddi b\u1ea3o v\u1ec7 qu\u00e1 t\u1ea3i nhi\u1ec7t v\u00e0 c\u00e2n b\u1eb1ng t\u1ea3i cho t\u1eebng MOSFET. Cu\u1ed9n c\u1ea3m v\u00e0 t\u1ee5 \u0111i\u1ec7n c\u00f3 ch\u1ee9ng nh\u1eadn si\u00eau b\u1ec1n, \u0111\u1ec3 mang l\u1ea1i hi\u1ec7u su\u1ea5t tuy\u1ec7t v\u1eddi v\u00e0 tu\u1ed5i th\u1ecd h\u1ec7 th\u1ed1ng l\u00e2u h\u01a1n.<\/p>\n","protected":false},"excerpt":{"rendered":"<p class=\"group-title\"><strong>Th\u00f4ng s\u1ed1 s\u1ea3n ph\u1ea9m<\/strong><\/p>\n<div>\n<ul>\n<li class=\"item\">Dung l\u01b0\u1ee3ng b\u1ed9 nh\u1edb: 8GB GDDR6<\/li>\n<li class=\"item\">Core Clock: 1807 MHz (Reference Card: 1777 MHz)<\/li>\n<li class=\"item\">B\u0103ng th\u00f4ng: 128-bit<\/li>\n<li class=\"item\">K\u1ebft n\u1ed1i: DisplayPort 1.4a *2\/HDMI 2.1 *2<\/li>\n<li class=\"item\">Ngu\u1ed3n y\u00eau c\u1ea7u: 5\u200e50W<\/li>\n<\/ul>\n<\/div>\n","protected":false},"featured_media":2151,"comment_status":"open","ping_status":"closed","template":"","meta":{"_acf_changed":false},"product_brand":[392],"product_cat":[64,442],"product_tag":[290,445,140,376,451,443],"class_list":{"0":"post-2128","1":"product","2":"type-product","3":"status-publish","4":"has-post-thumbnail","6":"product_brand-gigabyte","7":"product_cat-linh-kien-may-tinh","8":"product_cat-card-man-hinh-vga","9":"product_tag-8gb","10":"product_tag-card","11":"product_tag-gaming","12":"product_tag-gigabyte","13":"product_tag-rtx3060","14":"product_tag-vga","16":"first","17":"instock","18":"sale","19":"shipping-taxable","20":"purchasable","21":"product-type-simple"},"acf":[],"jetpack_sharing_enabled":true,"_links":{"self":[{"href":"https:\/\/thanglongcomputer.vn\/index.php?rest_route=\/wp\/v2\/product\/2128","targetHints":{"allow":["GET"]}}],"collection":[{"href":"https:\/\/thanglongcomputer.vn\/index.php?rest_route=\/wp\/v2\/product"}],"about":[{"href":"https:\/\/thanglongcomputer.vn\/index.php?rest_route=\/wp\/v2\/types\/product"}],"replies":[{"embeddable":true,"href":"https:\/\/thanglongcomputer.vn\/index.php?rest_route=%2Fwp%2Fv2%2Fcomments&post=2128"}],"wp:featuredmedia":[{"embeddable":true,"href":"https:\/\/thanglongcomputer.vn\/index.php?rest_route=\/wp\/v2\/media\/2151"}],"wp:attachment":[{"href":"https:\/\/thanglongcomputer.vn\/index.php?rest_route=%2Fwp%2Fv2%2Fmedia&parent=2128"}],"wp:term":[{"taxonomy":"product_brand","embeddable":true,"href":"https:\/\/thanglongcomputer.vn\/index.php?rest_route=%2Fwp%2Fv2%2Fproduct_brand&post=2128"},{"taxonomy":"product_cat","embeddable":true,"href":"https:\/\/thanglongcomputer.vn\/index.php?rest_route=%2Fwp%2Fv2%2Fproduct_cat&post=2128"},{"taxonomy":"product_tag","embeddable":true,"href":"https:\/\/thanglongcomputer.vn\/index.php?rest_route=%2Fwp%2Fv2%2Fproduct_tag&post=2128"}],"curies":[{"name":"wp","href":"https:\/\/api.w.org\/{rel}","templated":true}]}}