{"id":2117,"date":"2025-02-18T16:53:55","date_gmt":"2025-02-18T09:53:55","guid":{"rendered":"https:\/\/thanglongcomputer.vn\/san-pham\/card-man-hinh-asus-dual-rtx-4060-ti-o16g-evo\/"},"modified":"2026-02-25T10:32:36","modified_gmt":"2026-02-25T03:32:36","slug":"card-man-hinh-asus-dual-rtx-4060-ti-o16g-evo","status":"publish","type":"product","link":"https:\/\/thanglongcomputer.vn\/?product=card-man-hinh-asus-dual-rtx-4060-ti-o16g-evo","title":{"rendered":"Card m\u00e0n h\u00ecnh Asus DUAL-RTX 4060 Ti-O16G-EVO"},"content":{"rendered":"<h2 align=\"center\"><span data-darkreader-inline-color=\"\"><strong>VGA ASUS Dual GeForce RTX 3060 OC 8GB GDDR6 (DUAL-RTX3060-O8G)<\/strong><\/span><\/h2>\n<p>Khi \u0111a ph\u1ea7n nh\u1eefng chi\u1ebfc Card \u0111\u1ed3 h\u1ecda d\u00f2ng RTX40 Series \u0111\u1ec1u c\u00f3 k\u00edch th\u01b0\u1edbc kh\u00e1 l\u1edbn v\u1edbi 3 Fan,\u00a0<strong>VGA ASUS Dual GeForce RTX 4060 Ti OC 16GB GDDR6<\/strong> ch\u00ednh l\u00e0 gi\u1ea3i ph\u00e1p t\u1ed1i \u01b0u cho nh\u1eefng anh em s\u1eed d\u1ee5ng Case m\u00e1y t\u00ednh nh\u1ecf v\u1edbi thi\u1ebft k\u1ebf 2 Fan nh\u1ecf g\u1ecdn m\u00e0 hi\u1ec7u n\u0103ng kh\u00f4ng h\u1ec1 gi\u1ea3m s\u00fat<\/p>\n<h2><span data-darkreader-inline-color=\"\"><strong>T\u1ea3n nhi\u1ec7t hi\u1ec7u qu\u1ea3<\/strong><\/span><\/h2>\n<p>Thi\u1ebft k\u1ebf\u00a0Axial-tech Fan cho kh\u1ea3 n\u0103ng t\u1ea3n nhi\u1ec7t c\u1ef1c k\u1ef3 \u1ea5n t\u01b0\u1ee3ng.\u00a0Hai qu\u1ea1t c\u00f4ng ngh\u1ec7 h\u01b0\u1edbng tr\u1ee5c \u0111\u00e3 \u0111\u01b0\u1ee3c th\u1eed nghi\u1ec7m v\u00e0 th\u00e0nh c\u00f4ng c\u00f3 tr\u1ee5c nh\u1ecf h\u01a1n t\u1ea1o \u0111i\u1ec1u ki\u1ec7n cho c\u00e1c c\u00e1nh qu\u1ea1t d\u00e0i h\u01a1n v\u00e0 v\u00f2ng ch\u1eafn \u0111\u1ec3 t\u0103ng \u00e1p su\u1ea5t kh\u00f4ng kh\u00ed \u0111i xu\u1ed1ng.<\/p>\n<p><img decoding=\"async\" src=\"https:\/\/anphat.com.vn\/media\/lib\/11-08-2023\/axial1.jpg\" alt=\"\" \/><\/p>\n<p>Ch\u1ebf \u0111\u1ed9 0dB \u0111\u00fang nh\u01b0 t\u00ean g\u1ecdi c\u1ee7a n\u00f3,\u00a0ch\u1ebf \u0111\u1ed9 d\u1eebng th\u00f4ng minh s\u1ebd t\u1ea1m\u00a0ng\u01b0ng ho\u1ea1t \u0111\u1ed9ng\u00a0t\u1ea5t c\u1ea3 c\u00e1c qu\u1ea1t khi nhi\u1ec7t \u0111\u1ed9 GPU gi\u1ea3m xu\u1ed1ng d\u01b0\u1edbi 50 \u0111\u1ed9 v\u00e0 m\u1ee9c ti\u00eau th\u1ee5 \u0111i\u1ec7n n\u0103ng th\u1ea5p\u00a0t\u1ea1o ra s\u1ef1 \u00eam \u00e1i t\u1ed1i \u0111a trong qu\u00e1 tr\u00ecnh s\u1eed d\u1ee5ng.<\/p>\n<p>Tu\u1ed5i th\u1ecd c\u1ee7a qu\u1ea1t cao g\u1ea5p 2 l\u1ea7n so v\u1edbi thi\u1ebft k\u1ebf \u1ed5 bi th\u00f4ng th\u01b0\u1eddng nh\u1edd c\u00f3 v\u00f2ng bi k\u00e9p khi\u1ebfn chuy\u1ec3n \u0111\u1ed9ng quay m\u01b0\u1ee3t m\u00e0, tr\u01a1n tru h\u01a1n.<\/p>\n<p><img decoding=\"async\" src=\"https:\/\/anphat.com.vn\/media\/lib\/11-08-2023\/dualball.jpg\" alt=\"\" \/><\/p>\n<p>B\u1ed1 c\u1ee5c t\u1ea5m che, t\u1ea3n nhi\u1ec7t v\u00e0 \u1ed1ng d\u1eabn nhi\u1ec7t \u0111\u01b0\u1ee3c thi\u1ebft k\u1ebf c\u1ea9n th\u1eadn cho ph\u00e9p hai qu\u1ea1t c\u00f4ng ngh\u1ec7 Axial t\u1eadn d\u1ee5ng h\u1ec7 th\u1ed1ng th\u00f4ng gi\u00f3 \u1edf m\u1eb7t b\u00ean khung m\u00e1y v\u00e0 mang l\u1ea1i hi\u1ec7u su\u1ea5t nhi\u1ec7t ph\u00f9 h\u1ee3p v\u1edbi k\u00edch th\u01b0\u1edbc c\u1ee7a card.<\/p>\n<p><img decoding=\"async\" src=\"https:\/\/anphat.com.vn\/media\/lib\/11-08-2023\/25.jpg\" alt=\"\" \/><\/p>\n<h2><span data-darkreader-inline-color=\"\"><strong>C\u00f4ng ngh\u1ec7 s\u1ea3n xu\u1ea5t t\u1ef1 \u0111\u1ed9ng \u0111\u1ea1t \u0111\u1ed9 chu\u1ea9n x\u00e1c tuy\u1ec7t \u0111\u1ed1i<\/strong><\/span><\/h2>\n<p>C\u00f4ng ngh\u1ec7 Auto-Extreme l\u00e0 m\u1ed9t quy tr\u00ecnh s\u1ea3n xu\u1ea5t t\u1ef1 \u0111\u1ed9ng thi\u1ebft l\u1eadp c\u00e1c ti\u00eau chu\u1ea9n m\u1edbi trong ng\u00e0nh b\u1eb1ng c\u00e1ch cho ph\u00e9p ho\u00e0n th\u00e0nh t\u1ea5t c\u1ea3 qu\u00e1 tr\u00ecnh h\u00e0n trong m\u1ed9t l\u1ea7n. \u0110i\u1ec1u n\u00e0y l\u00e0m gi\u1ea3m c\u0103ng th\u1eb3ng nhi\u1ec7t tr\u00ean c\u00e1c b\u1ed9 ph\u1eadn v\u00e0 tr\u00e1nh s\u1eed d\u1ee5ng h\u00f3a ch\u1ea5t t\u1ea9y r\u1eeda m\u1ea1nh, d\u1eabn \u0111\u1ebfn \u00edt t\u00e1c \u0111\u1ed9ng \u0111\u1ebfn m\u00f4i tr\u01b0\u1eddng h\u01a1n, ti\u00eau th\u1ee5 \u0111i\u1ec7n n\u0103ng s\u1ea3n xu\u1ea5t th\u1ea5p h\u01a1n v\u00e0 t\u1ed5ng th\u1ec3 s\u1ea3n ph\u1ea9m \u0111\u00e1ng tin c\u1eady h\u01a1n.<\/p>\n<p><img decoding=\"async\" src=\"https:\/\/anphat.com.vn\/media\/lib\/11-08-2023\/auto.jpg\" alt=\"\" \/><\/p>\n<h2><span data-darkreader-inline-color=\"\"><strong>B\u1ea3o v\u1ec7 ch\u1eafc ch\u1eafn<\/strong><\/span><\/h2>\n<p>PCB \u0111\u01b0\u1ee3c gia c\u1ed1 b\u1eb1ng m\u1ed9t t\u1ea5m \u1ed1p l\u01b0ng b\u1eb1ng nh\u00f4m gi\u00fap t\u0103ng th\u00eam \u0111\u1ed9 c\u1ee9ng cho c\u1ea5u tr\u00fac, gi\u00fap ng\u0103n ng\u1eeba u\u1ed1n cong v\u00e0 b\u1ea3o v\u1ec7 c\u00e1c th\u00e0nh ph\u1ea7n c\u0169ng nh\u01b0 \u0111\u01b0\u1eddng d\u1eabn kh\u1ecfi b\u1ecb h\u01b0 h\u1ea1i.<\/p>\n<p><img decoding=\"async\" src=\"https:\/\/anphat.com.vn\/media\/lib\/11-08-2023\/backplate.jpg\" alt=\"\" \/><\/p>\n<p>Ph\u1ea7n gi\u00e1 \u0111\u1ee1 c\u1ee7a ASUS Dual GeForce RTX 3060 OC 8GB GDDR6\u00a0\u0111\u00e3 \u0111\u01b0\u1ee3c t\u0103ng c\u01b0\u1eddng b\u1eb1ng Th\u00e9p kh\u00f4ng g\u1ec9 304 c\u1ee9ng h\u01a1n v\u00e0 c\u00f3 kh\u1ea3 n\u0103ng ch\u1ed1ng \u0103n m\u00f2n cao h\u01a1n.<\/p>\n<p><img decoding=\"async\" src=\"https:\/\/anphat.com.vn\/media\/lib\/11-08-2023\/io.jpg\" alt=\"\" \/><\/p>\n<h2><span data-darkreader-inline-color=\"\"><strong>Ph\u1ea7n m\u1ec1m h\u1ed7 tr\u1ee3<\/strong><\/span><\/h2>\n<p>\u0110i k\u00e8m v\u1edbi\u00a0ASUS Dual GeForce RTX 4060 Ti OC 16GB GDDR6 l\u00e0 c\u00e1c ph\u1ea7n m\u1ec1m h\u1ed7 tr\u1ee3 t\u1edbi t\u1eeb Asus.<\/p>\n<p><img decoding=\"async\" src=\"https:\/\/anphat.com.vn\/media\/lib\/13-03-2023\/gpu3.png\" alt=\"\" width=\"700\" \/><em>Ph\u1ea7n m\u1ec1m\u00a0GPU TWEAK III<\/em><\/p>\n<p><img decoding=\"async\" src=\"https:\/\/anphat.com.vn\/media\/lib\/13-03-2023\/quantum.png\" alt=\"\" width=\"700\" \/><br \/>\n<em>Ph\u1ea7n m\u1ec1m QuantumCloud<\/em><\/p>\n","protected":false},"excerpt":{"rendered":"<p class=\"title font-weight-600\"><strong>Th\u00f4ng s\u1ed1 s\u1ea3n ph\u1ea9m:<\/strong><\/p>\n<ul id=\"js-summary\" class=\"list-product-summary active\">\n<li>Model: DUAL-RTX4060TI-O16G<\/li>\n<li>Giao th\u1ee9c k\u1ebft n\u1ed1i: PCI Express\u00ae Gen 4.0<\/li>\n<li>Nh\u00e2n CUDA: 4352<\/li>\n<li>B\u1ed9 nh\u1edb: 16GB GDDR6<\/li>\n<li>T\u1ed1c \u0111\u1ed9 b\u1ed9 nh\u1edb: 18Gbps<\/li>\n<\/ul>\n","protected":false},"featured_media":2163,"comment_status":"open","ping_status":"closed","template":"","meta":{"_acf_changed":false},"product_brand":[115],"product_cat":[64,442],"product_tag":[280,82,445,450,455,443],"class_list":{"0":"post-2117","1":"product","2":"type-product","3":"status-publish","4":"has-post-thumbnail","6":"product_brand-asus","7":"product_cat-linh-kien-may-tinh","8":"product_cat-card-man-hinh-vga","9":"product_tag-16gb","10":"product_tag-asus","11":"product_tag-card","12":"product_tag-dual","13":"product_tag-rtx4060ti","14":"product_tag-vga","16":"first","17":"instock","18":"sale","19":"shipping-taxable","20":"purchasable","21":"product-type-simple"},"acf":[],"jetpack_sharing_enabled":true,"_links":{"self":[{"href":"https:\/\/thanglongcomputer.vn\/index.php?rest_route=\/wp\/v2\/product\/2117","targetHints":{"allow":["GET"]}}],"collection":[{"href":"https:\/\/thanglongcomputer.vn\/index.php?rest_route=\/wp\/v2\/product"}],"about":[{"href":"https:\/\/thanglongcomputer.vn\/index.php?rest_route=\/wp\/v2\/types\/product"}],"replies":[{"embeddable":true,"href":"https:\/\/thanglongcomputer.vn\/index.php?rest_route=%2Fwp%2Fv2%2Fcomments&post=2117"}],"wp:featuredmedia":[{"embeddable":true,"href":"https:\/\/thanglongcomputer.vn\/index.php?rest_route=\/wp\/v2\/media\/2163"}],"wp:attachment":[{"href":"https:\/\/thanglongcomputer.vn\/index.php?rest_route=%2Fwp%2Fv2%2Fmedia&parent=2117"}],"wp:term":[{"taxonomy":"product_brand","embeddable":true,"href":"https:\/\/thanglongcomputer.vn\/index.php?rest_route=%2Fwp%2Fv2%2Fproduct_brand&post=2117"},{"taxonomy":"product_cat","embeddable":true,"href":"https:\/\/thanglongcomputer.vn\/index.php?rest_route=%2Fwp%2Fv2%2Fproduct_cat&post=2117"},{"taxonomy":"product_tag","embeddable":true,"href":"https:\/\/thanglongcomputer.vn\/index.php?rest_route=%2Fwp%2Fv2%2Fproduct_tag&post=2117"}],"curies":[{"name":"wp","href":"https:\/\/api.w.org\/{rel}","templated":true}]}}