{"id":2115,"date":"2025-02-18T16:53:55","date_gmt":"2025-02-18T09:53:55","guid":{"rendered":"https:\/\/thanglongcomputer.vn\/san-pham\/card-man-hinh-asus-prime-rtx-4060-ti-o8g\/"},"modified":"2026-02-25T10:28:07","modified_gmt":"2026-02-25T03:28:07","slug":"card-man-hinh-asus-prime-rtx-4060-ti-o8g","status":"publish","type":"product","link":"https:\/\/thanglongcomputer.vn\/?product=card-man-hinh-asus-prime-rtx-4060-ti-o8g","title":{"rendered":"Card m\u00e0n h\u00ecnh Asus PRIME-RTX 4060 Ti-O8G"},"content":{"rendered":"<h2 class=\"box-title\">\u0110\u00e1nh gi\u00e1: Card m\u00e0n h\u00ecnh Asus DUAL-RTX 4060 Ti-O8G<\/h2>\n<div class=\"static-html-group js-static-container\">\n<div id=\"js-product-description\" class=\"js-static-content static-html-content\">\n<p><img decoding=\"async\" class=\"loading\" src=\"https:\/\/hanoicomputercdn.com\/media\/lib\/30-05-2023\/card-man-hinh-asus-dual-rtx-4060-ti-o8g-gaming-mt1.jpg\" alt=\"Card m\u00e0n h\u00ecnh Asus DUAL-RTX 4060 Ti-O8G-GAMING\" width=\"100%\" data-was-processed=\"true\" \/><img decoding=\"async\" class=\"loading\" src=\"https:\/\/hanoicomputercdn.com\/media\/lib\/30-05-2023\/card-man-hinh-asus-dual-rtx-4060-ti-o8g-gaming-mt2.jpg\" alt=\"Card m\u00e0n h\u00ecnh Asus DUAL-RTX 4060 Ti-O8G-GAMING\" width=\"100%\" data-was-processed=\"true\" \/><img decoding=\"async\" class=\"loading\" src=\"https:\/\/hanoicomputercdn.com\/media\/lib\/30-05-2023\/card-man-hinh-asus-dual-rtx-4060-ti-o8g-gaming-mt3.jpg\" alt=\"Card m\u00e0n h\u00ecnh Asus DUAL-RTX 4060 Ti-O8G-GAMING\" width=\"100%\" data-was-processed=\"true\" \/><img decoding=\"async\" class=\"loading\" src=\"https:\/\/hanoicomputercdn.com\/media\/lib\/30-05-2023\/card-man-hinh-asus-dual-rtx-4060-ti-o8g-gaming-mt4.jpg\" alt=\"Card m\u00e0n h\u00ecnh Asus DUAL-RTX 4060 Ti-O8G-GAMING\" width=\"100%\" data-was-processed=\"true\" \/><img decoding=\"async\" class=\"loading\" src=\"https:\/\/hanoicomputercdn.com\/media\/lib\/30-05-2023\/card-man-hinh-asus-dual-rtx-4060-ti-o8g-gaming-mt5.jpg\" alt=\"Card m\u00e0n h\u00ecnh Asus DUAL-RTX 4060 Ti-O8G-GAMING\" width=\"100%\" data-was-processed=\"true\" \/><\/p>\n<\/div>\n<div class=\"static-btn-group\"><\/div>\n<\/div>\n","protected":false},"excerpt":{"rendered":"<p class=\"group-title\"><strong>Th\u00f4ng s\u1ed1 s\u1ea3n ph\u1ea9m<\/strong><\/p>\n<div>\n<ul>\n<li class=\"item\">Nh\u00e2n \u0111\u1ed3 h\u1ecda: NVIDIA\u00ae GeForce RTX\u2122 4060 Ti<\/li>\n<li class=\"item\">Nh\u00e2n CUDA: 4352<\/li>\n<li class=\"item\">B\u1ed9 nh\u1edb: 8GB GDDR6<\/li>\n<li class=\"item\">Giao th\u1ee9c b\u1ed9 nh\u1edb: 128-bit<\/li>\n<li class=\"item\">Ngu\u1ed3n khuy\u1ebfn ngh\u1ecb: 650W<\/li>\n<\/ul>\n<\/div>\n","protected":false},"featured_media":2274,"comment_status":"open","ping_status":"closed","template":"","meta":{"_acf_changed":false},"product_brand":[115],"product_cat":[442],"product_tag":[290,82,445,329,453,443],"class_list":{"0":"post-2115","1":"product","2":"type-product","3":"status-publish","4":"has-post-thumbnail","6":"product_brand-asus","7":"product_cat-card-man-hinh-vga","8":"product_tag-8gb","9":"product_tag-asus","10":"product_tag-card","11":"product_tag-prime","12":"product_tag-rtx4060","13":"product_tag-vga","15":"first","16":"instock","17":"sale","18":"shipping-taxable","19":"purchasable","20":"product-type-simple"},"acf":[],"jetpack_sharing_enabled":true,"_links":{"self":[{"href":"https:\/\/thanglongcomputer.vn\/index.php?rest_route=\/wp\/v2\/product\/2115","targetHints":{"allow":["GET"]}}],"collection":[{"href":"https:\/\/thanglongcomputer.vn\/index.php?rest_route=\/wp\/v2\/product"}],"about":[{"href":"https:\/\/thanglongcomputer.vn\/index.php?rest_route=\/wp\/v2\/types\/product"}],"replies":[{"embeddable":true,"href":"https:\/\/thanglongcomputer.vn\/index.php?rest_route=%2Fwp%2Fv2%2Fcomments&post=2115"}],"wp:featuredmedia":[{"embeddable":true,"href":"https:\/\/thanglongcomputer.vn\/index.php?rest_route=\/wp\/v2\/media\/2274"}],"wp:attachment":[{"href":"https:\/\/thanglongcomputer.vn\/index.php?rest_route=%2Fwp%2Fv2%2Fmedia&parent=2115"}],"wp:term":[{"taxonomy":"product_brand","embeddable":true,"href":"https:\/\/thanglongcomputer.vn\/index.php?rest_route=%2Fwp%2Fv2%2Fproduct_brand&post=2115"},{"taxonomy":"product_cat","embeddable":true,"href":"https:\/\/thanglongcomputer.vn\/index.php?rest_route=%2Fwp%2Fv2%2Fproduct_cat&post=2115"},{"taxonomy":"product_tag","embeddable":true,"href":"https:\/\/thanglongcomputer.vn\/index.php?rest_route=%2Fwp%2Fv2%2Fproduct_tag&post=2115"}],"curies":[{"name":"wp","href":"https:\/\/api.w.org\/{rel}","templated":true}]}}