{"id":2113,"date":"2025-02-18T16:53:52","date_gmt":"2025-02-18T09:53:52","guid":{"rendered":"https:\/\/thanglongcomputer.vn\/san-pham\/card-man-hinh-asus-dual-rtx-4060-o8g-v2\/"},"modified":"2025-02-19T09:56:35","modified_gmt":"2025-02-19T02:56:35","slug":"card-man-hinh-asus-dual-rtx-4060-o8g-v2","status":"publish","type":"product","link":"https:\/\/thanglongcomputer.vn\/?product=card-man-hinh-asus-dual-rtx-4060-o8g-v2","title":{"rendered":"Card m\u00e0n h\u00ecnh Asus DUAL RTX 4060-O8G-V2"},"content":{"rendered":"<h2 class=\"box-title\">\u0110\u00e1nh gi\u00e1: Card m\u00e0n h\u00ecnh Asus DUAL RTX 4060-O8G<\/h2>\n<div class=\"static-html-group js-static-container\">\n<div id=\"js-product-description\" class=\"js-static-content static-html-content\">\n<h3><img decoding=\"async\" class=\"loading\" src=\"https:\/\/hanoicomputercdn.com\/media\/lib\/29-06-2023\/card-man-hinh-asus-dual-rtx-4060-o8g-mt1.jpg\" alt=\"Card m\u00e0n h\u00ecnh Asus DUAL RTX 4060-O8G\" width=\"100%\" data-was-processed=\"true\" \/><img decoding=\"async\" class=\"loading\" src=\"https:\/\/hanoicomputercdn.com\/media\/lib\/29-06-2023\/card-man-hinh-asus-dual-rtx-4060-o8g-mt2.jpg\" alt=\"Card m\u00e0n h\u00ecnh Asus DUAL RTX 4060-O8G\" width=\"100%\" data-was-processed=\"true\" \/><img decoding=\"async\" class=\"loading\" src=\"https:\/\/hanoicomputercdn.com\/media\/lib\/29-06-2023\/card-man-hinh-asus-dual-rtx-4060-o8g-mt3.jpg\" alt=\"Card m\u00e0n h\u00ecnh Asus DUAL RTX 4060-O8G\" width=\"100%\" data-was-processed=\"true\" \/><img decoding=\"async\" class=\"loading\" src=\"https:\/\/hanoicomputercdn.com\/media\/lib\/29-06-2023\/card-man-hinh-asus-dual-rtx-4060-o8g-mt4.jpg\" alt=\"Card m\u00e0n h\u00ecnh Asus DUAL RTX 4060-O8G\" width=\"100%\" data-was-processed=\"true\" \/><img decoding=\"async\" class=\"loading\" src=\"https:\/\/hanoicomputercdn.com\/media\/lib\/29-06-2023\/card-man-hinh-asus-dual-rtx-4060-o8g-mt5.jpg\" alt=\"Card m\u00e0n h\u00ecnh Asus DUAL RTX 4060-O8G\" width=\"100%\" data-was-processed=\"true\" \/><img decoding=\"async\" class=\"loading\" src=\"https:\/\/hanoicomputercdn.com\/media\/lib\/29-06-2023\/card-man-hinh-asus-dual-rtx-4060-o8g-mt6.jpg\" alt=\"Card m\u00e0n h\u00ecnh Asus DUAL RTX 4060-O8G\" width=\"100%\" data-was-processed=\"true\" \/><\/h3>\n<h3>Hi\u1ec7u n\u0103ng RTX 4060<\/h3>\n<p><strong>T\u1ef1a game : Assasin&#8217;s Creed Valhalla<\/strong><\/p>\n<p><img decoding=\"async\" class=\"loading\" src=\"https:\/\/hanoicomputercdn.com\/media\/lib\/29-06-2023\/rtx-4060-benchmark.jpg\" alt=\"Card m\u00e0n h\u00ecnh RTX 4060\" width=\"100%\" data-was-processed=\"true\" \/><\/p>\n<p><strong>FPS trung b\u00ecnh so s\u00e1nh v\u1edbi c\u00e1c Card \u0111\u1ed3 h\u1ecda kh\u00e1c<\/strong><\/p>\n<p><strong><img decoding=\"async\" class=\"loading\" src=\"https:\/\/hanoicomputercdn.com\/media\/lib\/29-06-2023\/rtx-4060-benchmark.jpg\" alt=\"Card m\u00e0n h\u00ecnh RTX 4060\" width=\"100%\" data-was-processed=\"true\" \/><\/strong><\/p>\n<\/div>\n<div class=\"static-btn-group\"><\/div>\n<\/div>\n","protected":false},"excerpt":{"rendered":"<p class=\"group-title\"><strong>Th\u00f4ng s\u1ed1 s\u1ea3n ph\u1ea9m<\/strong><\/p>\n<div>\n<ul>\n<li class=\"item\">Nh\u00e2n \u0111\u1ed3 h\u1ecda: GeForce RTX\u2122 4060<\/li>\n<li class=\"item\">Nh\u00e2n CUDA: 3072<\/li>\n<li class=\"item\">B\u1ed9 nh\u1edb: 8GB GDDR6<\/li>\n<li class=\"item\">Ngu\u1ed3n khuy\u1ebfn ngh\u1ecb: 450W<\/li>\n<\/ul>\n<\/div>\n","protected":false},"featured_media":2359,"comment_status":"open","ping_status":"closed","template":"","meta":{"_acf_changed":false},"product_brand":[115],"product_cat":[442],"product_tag":[290,82,445,453,443],"class_list":{"0":"post-2113","1":"product","2":"type-product","3":"status-publish","4":"has-post-thumbnail","6":"product_brand-asus","7":"product_cat-card-man-hinh-vga","8":"product_tag-8gb","9":"product_tag-asus","10":"product_tag-card","11":"product_tag-rtx4060","12":"product_tag-vga","14":"first","15":"outofstock","16":"sale","17":"shipping-taxable","18":"purchasable","19":"product-type-simple"},"acf":[],"jetpack_sharing_enabled":true,"_links":{"self":[{"href":"https:\/\/thanglongcomputer.vn\/index.php?rest_route=\/wp\/v2\/product\/2113","targetHints":{"allow":["GET"]}}],"collection":[{"href":"https:\/\/thanglongcomputer.vn\/index.php?rest_route=\/wp\/v2\/product"}],"about":[{"href":"https:\/\/thanglongcomputer.vn\/index.php?rest_route=\/wp\/v2\/types\/product"}],"replies":[{"embeddable":true,"href":"https:\/\/thanglongcomputer.vn\/index.php?rest_route=%2Fwp%2Fv2%2Fcomments&post=2113"}],"wp:featuredmedia":[{"embeddable":true,"href":"https:\/\/thanglongcomputer.vn\/index.php?rest_route=\/wp\/v2\/media\/2359"}],"wp:attachment":[{"href":"https:\/\/thanglongcomputer.vn\/index.php?rest_route=%2Fwp%2Fv2%2Fmedia&parent=2113"}],"wp:term":[{"taxonomy":"product_brand","embeddable":true,"href":"https:\/\/thanglongcomputer.vn\/index.php?rest_route=%2Fwp%2Fv2%2Fproduct_brand&post=2113"},{"taxonomy":"product_cat","embeddable":true,"href":"https:\/\/thanglongcomputer.vn\/index.php?rest_route=%2Fwp%2Fv2%2Fproduct_cat&post=2113"},{"taxonomy":"product_tag","embeddable":true,"href":"https:\/\/thanglongcomputer.vn\/index.php?rest_route=%2Fwp%2Fv2%2Fproduct_tag&post=2113"}],"curies":[{"name":"wp","href":"https:\/\/api.w.org\/{rel}","templated":true}]}}