{"id":2112,"date":"2025-02-18T16:53:52","date_gmt":"2025-02-18T09:53:52","guid":{"rendered":"https:\/\/thanglongcomputer.vn\/san-pham\/card-man-hinh-asus-dual-rtx-3060-o12g-v2\/"},"modified":"2026-02-25T10:50:09","modified_gmt":"2026-02-25T03:50:09","slug":"card-man-hinh-asus-dual-rtx-3060-o12g-v2","status":"publish","type":"product","link":"https:\/\/thanglongcomputer.vn\/?product=card-man-hinh-asus-dual-rtx-3060-o12g-v2","title":{"rendered":"Card m\u00e0n h\u00ecnh Asus DUAL-RTX 3060-O12G-V2"},"content":{"rendered":"<h2 class=\"box-title\">\u0110\u00e1nh gi\u00e1: Card m\u00e0n h\u00ecnh Asus DUAL-RTX 3060-O12G-V2<\/h2>\n<div class=\"static-html-group js-static-container\">\n<div id=\"js-product-description\" class=\"js-static-content static-html-content\">\n<p><img decoding=\"async\" class=\"loading\" src=\"https:\/\/hanoicomputercdn.com\/media\/lib\/24-06-2022\/card-man-hinh-asus-dual-rtx-3060-o12g-v2-mota4.jpg\" alt=\"Card m\u00e0n h\u00ecnh Asus DUAL-RTX 3060-O12G-V2\" width=\"100%\" data-was-processed=\"true\" \/><\/p>\n<p>L\u00e0 m\u1ed9t b\u1ea3n n\u00e2ng c\u1ea5p g\u1ea5p \u0111\u00f4i Vram so v\u1edbi phi\u00ean b\u1ea3n c\u0169, RTX 3060 12GB tr\u1edf th\u00e0nh 1 card \u0111\u1ed3 h\u1ecda h\u00e0ng \u0111\u1ea7u d\u00e0nh cho game th\u1ee7, ng\u01b0\u1eddi ph\u00e1t tr\u1ef1c tuy\u1ebfn hay s\u00e1ng t\u1ea1o n\u1ed9i dung. N\u1ebfu b\u1ea1n \u0111ang mu\u1ed1n tham gia ch\u01a1i game 1440P v\u00e0 ch\u01a1i c\u00e1c tr\u00f2 ch\u01a1i y\u00eau th\u00edch c\u1ee7a m\u00ecnh tr\u00ean c\u00e1c c\u00e0i \u0111\u1eb7t cao nh\u1ea5t, RTX 3060 l\u00e0 m\u1ed9t l\u1ef1a ch\u1ecdn tuy\u1ec7t v\u1eddi \u0111\u1ec3 xem x\u00e9t. RTX 3060 12Gb c\u00f3 th\u1ec3 chi\u1ebfn t\u1ed1i c\u00e1c t\u1ef1a game \u1edf \u0111\u1ed9 ph\u00e2n gi\u1ea3i 2k ho\u1eb7c 4K m\u00e0 v\u1eabn gi\u1eef \u0111\u01b0\u1ee3c m\u1ee9c FPS cao.<\/p>\n<h3>C\u00f4ng ngh\u1ec7 l\u00e0m m\u00e1t<\/h3>\n<ul>\n<li><strong>Qu\u1ea1t Axial<\/strong><\/li>\n<\/ul>\n<p>Hai qu\u1ea1t c\u00f4ng ngh\u1ec7 h\u01b0\u1edbng tr\u1ee5c \u0111\u00e3 \u0111\u01b0\u1ee3c th\u1eed nghi\u1ec7m v\u00e0 th\u1ef1c s\u1ef1 c\u00f3 m\u1ed9t trung t\u00e2m nh\u1ecf h\u01a1n t\u1ea1o \u0111i\u1ec1u ki\u1ec7n cho c\u00e1c c\u00e1nh qu\u1ea1t d\u00e0i h\u01a1n v\u00e0 m\u1ed9t v\u00f2ng ch\u1eafn \u0111\u1ec3 t\u0103ng \u00e1p su\u1ea5t kh\u00f4ng kh\u00ed \u0111i xu\u1ed1ng. \u0110i\u1ec1u n\u00e0y gi\u00fap card \u0111\u1ed3 h\u1ecda t\u1ed1t h\u01a1n, nhanh h\u01a1n v\u00e0 m\u1ea1nh m\u1ebd h\u01a1n.<\/p>\n<p><img decoding=\"async\" class=\"loading\" src=\"https:\/\/hanoicomputercdn.com\/media\/lib\/24-06-2022\/asusaxialfan.gif\" alt=\"Card m\u00e0n h\u00ecnh Asus DUAL-RTX 3060-O12G-V2\" width=\"100%\" data-was-processed=\"true\" \/><\/p>\n<ul>\n<li><strong>C\u00f4ng ngh\u1ec7 0Db<\/strong><\/li>\n<\/ul>\n<p><strong><img decoding=\"async\" class=\"loading\" src=\"https:\/\/hanoicomputercdn.com\/media\/lib\/24-06-2022\/card-man-hinh-asus-dual-rtx-3060-o12g-v2-mota5.jpg\" alt=\"Card m\u00e0n h\u00ecnh Asus DUAL-RTX 3060-O12G-V2\" width=\"100%\" data-was-processed=\"true\" \/><\/strong><\/p>\n<ul>\n<li><strong>Thi\u1ebft k\u1ebf nh\u1ecf g\u1ecdn 2 khe c\u1eafm\u00a0<\/strong><\/li>\n<\/ul>\n<p><strong><img decoding=\"async\" class=\"loading\" src=\"https:\/\/hanoicomputercdn.com\/media\/lib\/24-06-2022\/card-man-hinh-asus-dual-rtx-3060-o12g-v2-mota6.jpg\" alt=\"Card m\u00e0n h\u00ecnh Asus DUAL-RTX 3060-O12G-V2\" width=\"100%\" data-was-processed=\"true\" \/><\/strong><\/p>\n<h3>\u00c1p d\u1ee5ng nh\u1eefng c\u00f4ng ngh\u1ec7 m\u1edbi nh\u1ea5t<\/h3>\n<ul>\n<li><strong>C\u00f4ng ngh\u1ec7 Auto-Extreme<\/strong><\/li>\n<\/ul>\n<p><strong><img decoding=\"async\" class=\"loading\" src=\"https:\/\/hanoicomputercdn.com\/media\/lib\/24-06-2022\/card-man-hinh-asus-dual-rtx-3060-o12g-v2-mota7.jpg\" alt=\"Card m\u00e0n h\u00ecnh Asus DUAL-RTX 3060-O12G-V2\" width=\"100%\" data-was-processed=\"true\" \/><\/strong><\/p>\n<ul>\n<li><strong>Backplate kim lo\u1ea1i<\/strong><\/li>\n<\/ul>\n<p><strong><img decoding=\"async\" class=\"loading\" src=\"https:\/\/hanoicomputercdn.com\/media\/lib\/24-06-2022\/card-man-hinh-asus-dual-rtx-3060-o12g-v2-mota8.jpg\" alt=\"Card m\u00e0n h\u00ecnh Asus DUAL-RTX 3060-O12G-V2\" width=\"100%\" data-was-processed=\"true\" \/><\/strong><\/p>\n<ul>\n<li><strong>Khung th\u00e9p kh\u00f4ng g\u1ec9<\/strong><strong>\u00a0304<\/strong><\/li>\n<\/ul>\n<h3><img decoding=\"async\" class=\"loading\" src=\"https:\/\/hanoicomputercdn.com\/media\/lib\/24-06-2022\/card-man-hinh-asus-dual-rtx-3060-o12g-v2-mota9.jpg\" alt=\"Card m\u00e0n h\u00ecnh Asus DUAL-RTX 3060-O12G-V2\" width=\"100%\" data-was-processed=\"true\" \/><\/h3>\n<h3>Ph\u1ea7n m\u1ec1m h\u1ed7 tr\u1ee3, \u0111i k\u00e8m<\/h3>\n<ul>\n<li><strong>GPU Tweak II<\/strong><\/li>\n<\/ul>\n<p><strong><img decoding=\"async\" class=\"loading\" src=\"https:\/\/hanoicomputercdn.com\/media\/lib\/24-06-2022\/card-man-hinh-asus-dual-rtx-3060-o12g-v2-mota10.jpg\" alt=\"Card m\u00e0n h\u00ecnh Asus DUAL-RTX 3060-O12G-V2\" width=\"100%\" data-was-processed=\"true\" \/><\/strong><\/p>\n<ul>\n<li><strong>XSplit<\/strong><\/li>\n<\/ul>\n<p><strong><img decoding=\"async\" class=\"loading\" src=\"https:\/\/hanoicomputercdn.com\/media\/lib\/24-06-2022\/card-man-hinh-asus-dual-rtx-3060-o12g-v2-mota11.jpg\" alt=\"Card m\u00e0n h\u00ecnh Asus DUAL-RTX 3060-O12G-V2\" width=\"100%\" data-was-processed=\"true\" \/><\/strong><\/p>\n<ul>\n<li><strong>wtfast<\/strong><\/li>\n<\/ul>\n<p><strong><img decoding=\"async\" class=\"loading\" src=\"https:\/\/hanoicomputercdn.com\/media\/lib\/24-06-2022\/card-man-hinh-asus-dual-rtx-3060-o12g-v2-mota12.jpg\" alt=\"Card m\u00e0n h\u00ecnh Asus DUAL-RTX 3060-O12G-V2\" width=\"100%\" data-was-processed=\"true\" \/><\/strong><\/p>\n<ul>\n<li><strong>QuantumCloud<\/strong><\/li>\n<\/ul>\n<p><strong><img decoding=\"async\" class=\"loading\" src=\"https:\/\/hanoicomputercdn.com\/media\/lib\/24-06-2022\/card-man-hinh-asus-dual-rtx-3060-o12g-v2-mota1.jpg\" alt=\"Card m\u00e0n h\u00ecnh Asus DUAL-RTX 3060-O12G-V2\" width=\"100%\" data-was-processed=\"true\" \/><\/strong><\/p>\n<h3>Hi\u1ec7u n\u0103ng ch\u01a1i game<\/h3>\n<p><img decoding=\"async\" class=\"loading\" src=\"https:\/\/hanoicomputercdn.com\/media\/lib\/12-04-2022\/hieu-nang-3060ti.png\" alt=\"Hi\u1ec7u n\u0103ng 3060Ti\" width=\"100%\" data-was-processed=\"true\" \/><\/p>\n<\/div>\n<\/div>\n","protected":false},"excerpt":{"rendered":"<p class=\"group-title\"><strong>Th\u00f4ng s\u1ed1 s\u1ea3n ph\u1ea9m<\/strong><\/p>\n<div>\n<ul>\n<li class=\"item\">Nh\u00e2n \u0111\u1ed3 h\u1ecda Nvidia RTX 3060<\/li>\n<li class=\"item\">S\u1ed1 nh\u00e2n Cuda: 3584<\/li>\n<li class=\"item\">Xung nh\u1ecbp GPU t\u1ed1i \u0111a: 1867 MHz (Boost Clock)<\/li>\n<li class=\"item\">B\u1ed9 nh\u1edb Vram: 12GB GDDR6<\/li>\n<\/ul>\n<\/div>\n","protected":false},"featured_media":2356,"comment_status":"open","ping_status":"closed","template":"","meta":{"_acf_changed":false},"product_brand":[115],"product_cat":[442],"product_tag":[452,82,445,450,451,443],"class_list":{"0":"post-2112","1":"product","2":"type-product","3":"status-publish","4":"has-post-thumbnail","6":"product_brand-asus","7":"product_cat-card-man-hinh-vga","8":"product_tag-12gb","9":"product_tag-asus","10":"product_tag-card","11":"product_tag-dual","12":"product_tag-rtx3060","13":"product_tag-vga","15":"first","16":"instock","17":"sale","18":"shipping-taxable","19":"purchasable","20":"product-type-simple"},"acf":[],"jetpack_sharing_enabled":true,"_links":{"self":[{"href":"https:\/\/thanglongcomputer.vn\/index.php?rest_route=\/wp\/v2\/product\/2112","targetHints":{"allow":["GET"]}}],"collection":[{"href":"https:\/\/thanglongcomputer.vn\/index.php?rest_route=\/wp\/v2\/product"}],"about":[{"href":"https:\/\/thanglongcomputer.vn\/index.php?rest_route=\/wp\/v2\/types\/product"}],"replies":[{"embeddable":true,"href":"https:\/\/thanglongcomputer.vn\/index.php?rest_route=%2Fwp%2Fv2%2Fcomments&post=2112"}],"wp:featuredmedia":[{"embeddable":true,"href":"https:\/\/thanglongcomputer.vn\/index.php?rest_route=\/wp\/v2\/media\/2356"}],"wp:attachment":[{"href":"https:\/\/thanglongcomputer.vn\/index.php?rest_route=%2Fwp%2Fv2%2Fmedia&parent=2112"}],"wp:term":[{"taxonomy":"product_brand","embeddable":true,"href":"https:\/\/thanglongcomputer.vn\/index.php?rest_route=%2Fwp%2Fv2%2Fproduct_brand&post=2112"},{"taxonomy":"product_cat","embeddable":true,"href":"https:\/\/thanglongcomputer.vn\/index.php?rest_route=%2Fwp%2Fv2%2Fproduct_cat&post=2112"},{"taxonomy":"product_tag","embeddable":true,"href":"https:\/\/thanglongcomputer.vn\/index.php?rest_route=%2Fwp%2Fv2%2Fproduct_tag&post=2112"}],"curies":[{"name":"wp","href":"https:\/\/api.w.org\/{rel}","templated":true}]}}