{"id":2111,"date":"2025-02-18T16:53:52","date_gmt":"2025-02-18T09:53:52","guid":{"rendered":"https:\/\/thanglongcomputer.vn\/san-pham\/card-man-hinh-asus-dual-rtx-3050-8g-v2\/"},"modified":"2026-02-25T10:48:57","modified_gmt":"2026-02-25T03:48:57","slug":"card-man-hinh-asus-dual-rtx-3050-8g-v2","status":"publish","type":"product","link":"https:\/\/thanglongcomputer.vn\/?product=card-man-hinh-asus-dual-rtx-3050-8g-v2","title":{"rendered":"Card m\u00e0n h\u00ecnh Asus DUAL RTX 3050-8G-V2"},"content":{"rendered":"<h3>Thi\u1ebft k\u1ebf qu\u1ea1t c\u00f4ng ngh\u1ec7 h\u01b0\u1edbng tr\u1ee5c<\/h3>\n<p>Hai qu\u1ea1t c\u00f4ng ngh\u1ec7 h\u01b0\u1edbng tr\u1ee5c \u0111\u00e3 \u0111\u01b0\u1ee3c th\u1eed nghi\u1ec7m v\u00e0 th\u1ef1c s\u1ef1 c\u00f3 m\u1ed9t trung t\u00e2m nh\u1ecf h\u01a1n, t\u1ea1o \u0111i\u1ec1u ki\u1ec7n cho c\u00e1c c\u00e1nh qu\u1ea1t d\u00e0i h\u01a1n v\u00e0 m\u1ed9t v\u00f2ng ch\u1eafn \u0111\u1ec3 t\u0103ng \u00e1p su\u1ea5t kh\u00f4ng kh\u00ed \u0111i xu\u1ed1ng.<\/p>\n<p><img decoding=\"async\" class=\"loading\" src=\"https:\/\/hanoicomputercdn.com\/media\/product\/74878_card_man_hinh_asus_dual_rtx_3050_o8g_v2__1_.jpg\" data-was-processed=\"true\" \/><\/p>\n<h3>C\u00f4ng ngh\u1ec7 0dB<\/h3>\n<p>\u0110\u1ec3 lo\u1ea1i b\u1ecf ti\u1ebfng \u1ed3n kh\u00f4ng c\u1ea7n thi\u1ebft, ch\u1ebf \u0111\u1ed9 d\u1eebng s\u1ebd t\u1ea1m d\u1eebng t\u1ea5t c\u1ea3 c\u00e1c qu\u1ea1t khi nhi\u1ec7t \u0111\u1ed9 GPU gi\u1ea3m xu\u1ed1ng d\u01b0\u1edbi 50 \u0111\u1ed9 v\u00e0 m\u1ee9c ti\u00eau th\u1ee5 \u0111i\u1ec7n n\u0103ng th\u1ea5p.<\/p>\n<h3>V\u00f2ng bi qu\u1ea1t k\u00e9p t\u0103ng g\u1ea5p \u0111\u00f4i tu\u1ed5i th\u1ecd<\/h3>\n<p>C\u00e1c lo\u1ea1i v\u00f2ng bi kh\u00e1c nhau c\u00f3 nh\u1eefng \u01b0u v\u00e0 nh\u01b0\u1ee3c \u0111i\u1ec3m ri\u00eang. \u1ed4 bi v\u01b0\u1ee3t tr\u1ed9i v\u1ec1 \u0111\u1ed9 b\u1ec1n v\u00e0 c\u00f3 th\u1ec3 k\u00e9o d\u00e0i g\u1ea5p \u0111\u00f4i so v\u1edbi c\u00e1c thi\u1ebft k\u1ebf \u1ed5 tr\u1ee5c tay \u00e1o.<\/p>\n<h3>Thi\u1ebft k\u1ebf 2 slot nh\u1ecf g\u1ecdn<\/h3>\n<p>B\u1ed1 c\u1ee5c t\u1ea5m che, b\u1ed9 t\u1ea3n nhi\u1ec7t v\u00e0 \u1ed1ng d\u1eabn nhi\u1ec7t \u0111\u01b0\u1ee3c thi\u1ebft k\u1ebf c\u1ea9n th\u1eadn cho ph\u00e9p hai qu\u1ea1t c\u00f4ng ngh\u1ec7 Axial t\u1eadn d\u1ee5ng kh\u1ea3 n\u0103ng th\u00f4ng gi\u00f3 c\u1ee7a b\u1ea3ng \u0111i\u1ec1u khi\u1ec3n b\u00ean khung v\u00e0 mang l\u1ea1i hi\u1ec7u su\u1ea5t nhi\u1ec7t ph\u00f9 h\u1ee3p v\u1edbi k\u00edch th\u01b0\u1edbc c\u1ee7a th\u1ebb.<\/p>\n<p><img loading=\"lazy\" decoding=\"async\" class=\"loading\" src=\"https:\/\/hanoicomputercdn.com\/media\/product\/74878_card_man_hinh_asus_dual_rtx_3050_o8g_v2__5_.jpg\" alt=\"Card m\u00e0n h\u00ecnh Asus DUAL RTX 3050-O8G-V2\" width=\"850\" height=\"850\" data-was-processed=\"true\" \/><\/p>\n<h3>C\u00f4ng ngh\u1ec7 Auto-Extreme<\/h3>\n<p>C\u00f4ng ngh\u1ec7 Auto-Extreme l\u00e0 m\u1ed9t quy tr\u00ecnh s\u1ea3n xu\u1ea5t t\u1ef1 \u0111\u1ed9ng \u0111\u1eb7t ra c\u00e1c ti\u00eau chu\u1ea9n m\u1edbi trong ng\u00e0nh b\u1eb1ng c\u00e1ch cho ph\u00e9p ho\u00e0n th\u00e0nh t\u1ea5t c\u1ea3 qu\u00e1 tr\u00ecnh h\u00e0n ch\u1ec9 trong m\u1ed9t l\u1ea7n x\u1eed l\u00fd. \u0110i\u1ec1u n\u00e0y l\u00e0m gi\u1ea3m c\u0103ng th\u1eb3ng nhi\u1ec7t tr\u00ean c\u00e1c b\u1ed9 ph\u1eadn v\u00e0 tr\u00e1nh s\u1eed d\u1ee5ng c\u00e1c h\u00f3a ch\u1ea5t t\u1ea9y r\u1eeda m\u1ea1nh, d\u1eabn \u0111\u1ebfn t\u00e1c \u0111\u1ed9ng m\u00f4i tr\u01b0\u1eddng \u00edt h\u01a1n, ti\u00eau th\u1ee5 \u0111i\u1ec7n n\u0103ng s\u1ea3n xu\u1ea5t th\u1ea5p h\u01a1n v\u00e0 t\u1ed5ng th\u1ec3 s\u1ea3n ph\u1ea9m \u0111\u00e1ng tin c\u1eady h\u01a1n.<\/p>\n<h3>Backplate kim lo\u1ea1i ch\u1eafc ch\u1eafn<\/h3>\n<p>PCB \u0111\u01b0\u1ee3c gia c\u1ed1 b\u1edfi m\u1ed9t t\u1ea5m \u1ed1p l\u01b0ng b\u1eb1ng nh\u00f4m \u0111\u1ec3 t\u0103ng th\u00eam \u0111\u1ed9 c\u1ee9ng cho c\u1ea5u tr\u00fac, gi\u00fap ch\u1ed1ng u\u1ed1n cong v\u00e0 b\u1ea3o v\u1ec7 c\u00e1c th\u00e0nh ph\u1ea7n c\u0169ng nh\u01b0 c\u00e1c \u0111\u01b0\u1eddng d\u1eabn kh\u1ecfi b\u1ecb h\u01b0 h\u1ea1i.<\/p>\n<p>Khung g\u1eafn c\u1ee7a Dual \u0111\u00e3 \u0111\u01b0\u1ee3c gia c\u1ed1 b\u1eb1ng Th\u00e9p kh\u00f4ng g\u1ec9 304 c\u1ee9ng h\u01a1n v\u00e0 ch\u1ed1ng \u0103n m\u00f2n t\u1ed1t h\u01a1n.<\/p>\n","protected":false},"excerpt":{"rendered":"<p class=\"group-title\"><strong>Th\u00f4ng s\u1ed1 s\u1ea3n ph\u1ea9m<\/strong><\/p>\n<div>\n<ul>\n<li class=\"item\">Nh\u00e2n \u0111\u1ed3 h\u1ecda: NVIDIA\u00ae GeForce RTX\u2122 3050<\/li>\n<li class=\"item\">Chu\u1ea9n Bus: PCI Express 4.0<\/li>\n<li class=\"item\">B\u1ed9 nh\u1edb: 8GB GDDR6 (14 Gbps, 128-bit)<\/li>\n<li class=\"item\">Xung nh\u1ecbp: OC mode : 1852 MHz (Boost Clock)\/ Gaming mode : 1822 MHz (Boost Clock)<\/li>\n<li class=\"item\">Nh\u00e2n CUDA: 2560<\/li>\n<\/ul>\n<\/div>\n","protected":false},"featured_media":2349,"comment_status":"open","ping_status":"closed","template":"","meta":{"_acf_changed":false},"product_brand":[115],"product_cat":[64,442],"product_tag":[290,82,445,450,448,443],"class_list":{"0":"post-2111","1":"product","2":"type-product","3":"status-publish","4":"has-post-thumbnail","6":"product_brand-asus","7":"product_cat-linh-kien-may-tinh","8":"product_cat-card-man-hinh-vga","9":"product_tag-8gb","10":"product_tag-asus","11":"product_tag-card","12":"product_tag-dual","13":"product_tag-rtx3050","14":"product_tag-vga","16":"first","17":"instock","18":"sale","19":"shipping-taxable","20":"purchasable","21":"product-type-simple"},"acf":[],"jetpack_sharing_enabled":true,"_links":{"self":[{"href":"https:\/\/thanglongcomputer.vn\/index.php?rest_route=\/wp\/v2\/product\/2111","targetHints":{"allow":["GET"]}}],"collection":[{"href":"https:\/\/thanglongcomputer.vn\/index.php?rest_route=\/wp\/v2\/product"}],"about":[{"href":"https:\/\/thanglongcomputer.vn\/index.php?rest_route=\/wp\/v2\/types\/product"}],"replies":[{"embeddable":true,"href":"https:\/\/thanglongcomputer.vn\/index.php?rest_route=%2Fwp%2Fv2%2Fcomments&post=2111"}],"wp:featuredmedia":[{"embeddable":true,"href":"https:\/\/thanglongcomputer.vn\/index.php?rest_route=\/wp\/v2\/media\/2349"}],"wp:attachment":[{"href":"https:\/\/thanglongcomputer.vn\/index.php?rest_route=%2Fwp%2Fv2%2Fmedia&parent=2111"}],"wp:term":[{"taxonomy":"product_brand","embeddable":true,"href":"https:\/\/thanglongcomputer.vn\/index.php?rest_route=%2Fwp%2Fv2%2Fproduct_brand&post=2111"},{"taxonomy":"product_cat","embeddable":true,"href":"https:\/\/thanglongcomputer.vn\/index.php?rest_route=%2Fwp%2Fv2%2Fproduct_cat&post=2111"},{"taxonomy":"product_tag","embeddable":true,"href":"https:\/\/thanglongcomputer.vn\/index.php?rest_route=%2Fwp%2Fv2%2Fproduct_tag&post=2111"}],"curies":[{"name":"wp","href":"https:\/\/api.w.org\/{rel}","templated":true}]}}