{"id":2110,"date":"2025-02-18T16:53:52","date_gmt":"2025-02-18T09:53:52","guid":{"rendered":"https:\/\/thanglongcomputer.vn\/san-pham\/card-man-hinh-asus-dual-rtx-3050-o6g\/"},"modified":"2026-02-25T10:48:07","modified_gmt":"2026-02-25T03:48:07","slug":"card-man-hinh-asus-dual-rtx-3050-o6g","status":"publish","type":"product","link":"https:\/\/thanglongcomputer.vn\/?product=card-man-hinh-asus-dual-rtx-3050-o6g","title":{"rendered":"Card m\u00e0n h\u00ecnh Asus DUAL-RTX 3050-O6G"},"content":{"rendered":"<p><strong>Asus DUAL RTX 3050\u00a0<\/strong>l\u00e0 card m\u00e0n h\u00ecnh t\u1ea7m trung s\u1eed d\u1ee5ng GPU Nvidia RTX 3050 ho\u00e0n to\u00e0n m\u1edbi, ph\u00f9 h\u1ee3p v\u1edbi nhu c\u1ea7u ch\u01a1i game \u1edf \u0111\u1ed9 ph\u00e2n gi\u1ea3i Full HD.<\/p>\n<p><img decoding=\"async\" class=\"loading\" src=\"https:\/\/hacom.vn\/media\/lib\/17-02-2022\/asusdualrtx3050-1.jpg\" alt=\"Asus DUAL RTX 3050\" width=\"100%\" data-was-processed=\"true\" \/><\/p>\n<h3>Hi\u1ec7u n\u0103ng c\u1ee7a RTX 3050<\/h3>\n<p><img decoding=\"async\" class=\"loading\" src=\"https:\/\/hacom.vn\/media\/lib\/16-02-2022\/hiunngcartx3050-1.png\" alt=\"Hi\u1ec7u n\u0103ng c\u1ee7a RTX 3050\" width=\"100%\" data-was-processed=\"true\" \/><\/p>\n<h3><img decoding=\"async\" class=\"loading\" src=\"https:\/\/hacom.vn\/media\/lib\/16-02-2022\/hiunngcartx3050-2.png\" alt=\"Hi\u1ec7u n\u0103ng c\u1ee7a RTX 3050\" width=\"100%\" data-was-processed=\"true\" \/><\/h3>\n<h3>Trang b\u1ecb<\/h3>\n<ul>\n<li>3 qu\u1ea1t l\u00e0m m\u00e1t: T\u1ea3n nhi\u1ec7t t\u1ed1i \u01b0u trong m\u1ecdi \u0111i\u1ec1u ki\u1ec7n<\/li>\n<li>Axial Tech: Lu\u1ed3ng gi\u00f3 t\u1eeb qu\u1ea1t t\u1eadp trung h\u01a1n, t\u0103ng hi\u1ec7u qu\u1ea3 l\u00e0m m\u00e1t<\/li>\n<\/ul>\n<p><img decoding=\"async\" class=\"loading\" src=\"https:\/\/hacom.vn\/media\/lib\/17-02-2022\/asusdualrtx3050-2.jpg\" alt=\"Asus DUAL RTX 3050\" width=\"100%\" data-was-processed=\"true\" \/><\/p>\n<ul>\n<li>Backplate: B\u1ea3o v\u1ec7 m\u1eb7t sau kh\u1ecfi c\u00e1c t\u00e1c \u0111\u1ed9ng v\u1eadt l\u00fd kh\u00f4ng \u0111\u00e1ng c\u00f3, l\u00e0m cho card b\u1ec1n b\u1ec9 h\u01a1n<\/li>\n<\/ul>\n<p><img decoding=\"async\" class=\"loading\" src=\"https:\/\/hacom.vn\/media\/lib\/17-02-2022\/asusdualrtx3050-3.jpg\" alt=\"Asus DUAL RTX 3050\" width=\"100%\" data-was-processed=\"true\" \/><\/p>\n<ul>\n<li>RGB: D\u1ea3i LED b\u1eaft m\u1eaft tr\u00ean th\u00e2n card<\/li>\n<\/ul>\n","protected":false},"excerpt":{"rendered":"<p class=\"group-title\"><strong>Th\u00f4ng s\u1ed1 s\u1ea3n ph\u1ea9m<\/strong><\/p>\n<div>\n<ul>\n<li class=\"item\">Nh\u00e2n \u0111\u1ed3 h\u1ecda: Nvidia RTX 3050<\/li>\n<li class=\"item\">S\u1ed1 nh\u00e2n Cuda: 2560<\/li>\n<li class=\"item\">Xung nh\u1ecbp GPU: 1807 MHz (Boost)<\/li>\n<li class=\"item\">Dung l\u01b0\u1ee3ng VRAM: 8GB GDDR6<\/li>\n<\/ul>\n<\/div>\n","protected":false},"featured_media":2342,"comment_status":"open","ping_status":"closed","template":"","meta":{"_acf_changed":false},"product_brand":[115],"product_cat":[442],"product_tag":[449,82,445,450,448,443],"class_list":{"0":"post-2110","1":"product","2":"type-product","3":"status-publish","4":"has-post-thumbnail","6":"product_brand-asus","7":"product_cat-card-man-hinh-vga","8":"product_tag-6gb","9":"product_tag-asus","10":"product_tag-card","11":"product_tag-dual","12":"product_tag-rtx3050","13":"product_tag-vga","15":"first","16":"instock","17":"sale","18":"shipping-taxable","19":"purchasable","20":"product-type-simple"},"acf":[],"jetpack_sharing_enabled":true,"_links":{"self":[{"href":"https:\/\/thanglongcomputer.vn\/index.php?rest_route=\/wp\/v2\/product\/2110","targetHints":{"allow":["GET"]}}],"collection":[{"href":"https:\/\/thanglongcomputer.vn\/index.php?rest_route=\/wp\/v2\/product"}],"about":[{"href":"https:\/\/thanglongcomputer.vn\/index.php?rest_route=\/wp\/v2\/types\/product"}],"replies":[{"embeddable":true,"href":"https:\/\/thanglongcomputer.vn\/index.php?rest_route=%2Fwp%2Fv2%2Fcomments&post=2110"}],"wp:featuredmedia":[{"embeddable":true,"href":"https:\/\/thanglongcomputer.vn\/index.php?rest_route=\/wp\/v2\/media\/2342"}],"wp:attachment":[{"href":"https:\/\/thanglongcomputer.vn\/index.php?rest_route=%2Fwp%2Fv2%2Fmedia&parent=2110"}],"wp:term":[{"taxonomy":"product_brand","embeddable":true,"href":"https:\/\/thanglongcomputer.vn\/index.php?rest_route=%2Fwp%2Fv2%2Fproduct_brand&post=2110"},{"taxonomy":"product_cat","embeddable":true,"href":"https:\/\/thanglongcomputer.vn\/index.php?rest_route=%2Fwp%2Fv2%2Fproduct_cat&post=2110"},{"taxonomy":"product_tag","embeddable":true,"href":"https:\/\/thanglongcomputer.vn\/index.php?rest_route=%2Fwp%2Fv2%2Fproduct_tag&post=2110"}],"curies":[{"name":"wp","href":"https:\/\/api.w.org\/{rel}","templated":true}]}}