{"id":2108,"date":"2025-02-18T16:53:52","date_gmt":"2025-02-18T09:53:52","guid":{"rendered":"https:\/\/thanglongcomputer.vn\/san-pham\/card-man-hinh-asus-gt730-sl-2gd5-brk\/"},"modified":"2026-02-25T10:38:06","modified_gmt":"2026-02-25T03:38:06","slug":"card-man-hinh-asus-gt730-sl-2gd5-brk","status":"publish","type":"product","link":"https:\/\/thanglongcomputer.vn\/?product=card-man-hinh-asus-gt730-sl-2gd5-brk","title":{"rendered":"Card m\u00e0n h\u00ecnh Asus GT730-SL-2GD5 BRK"},"content":{"rendered":"<h2><span data-darkreader-inline-color=\"\"><strong>VGA Asus GT730-SL-2GD5-BRK<\/strong><\/span><\/h2>\n<p>&nbsp;<\/p>\n<p><strong><span data-darkreader-inline-color=\"\" data-darkreader-inline-bgcolor=\"\">VGA Asus GT730-SL-2GD5-BRK<\/span><\/strong><span data-darkreader-inline-color=\"\" data-darkreader-inline-bgcolor=\"\"> l\u00e0 card \u0111\u1ed3 h\u1ecda c\u00f3 c\u1ea5u h\u00ecnh th\u1ea5p cho c\u1ea5u tr\u00fac HTPC kh\u00f4ng \u1ed3n, bao g\u1ed3m gi\u00e1 \u0111\u1ee1 c\u1ed5ng I\/O.\u00a0<\/span><\/p>\n<p>&nbsp;<\/p>\n<p><strong><span data-darkreader-inline-color=\"\" data-darkreader-inline-bgcolor=\"\">VGA Asus GT730-SL-2GD5-BRK v\u1edbi c\u00e1c t\u00ednh n\u0103ng l\u00e0m m\u00e1t im l\u1eb7ng 0db kh\u00f4ng g\u00e2y \u1ed3n ho\u00e0n th\u1ea3o cho m\u00e1y t\u00ednh c\u1ee7a b\u1ea1n. T\u1eadn h\u01b0\u1edfng gi\u00e2y ph\u00fat gi\u1ea3i tr\u00ed \u0111a ph\u01b0\u01a1ng ti\u1ec7n y\u00ean t\u0129nh v\u00e0 ch\u00ecm \u0111\u1eafm. C\u00f4ng ngh\u1ec7 Auto-Extreme s\u1eed d\u1ee5ng t\u1ed1c \u0111\u1ed9 h\u00f3a \u0111\u1ec3 n\u00e2ng cao \u0111\u1ed9 tin c\u1eady. B\u00ean c\u1ea1nh \u0111\u00f3, c\u00f4ng ngh\u1ec7 CPU Tweak II c\u0169ng cung c\u1ea5p kh\u1ea3 n\u0103ng \u0111i\u1ec1u ch\u1ec9nh hi\u1ec7u su\u1ea5t, \u0111i\u1ec1u khi\u1ec3n nhi\u1ec7t v\u00e0 gi\u00e1m s\u00e1t h\u1ec7 th\u1ed1ng tr\u1ef1c quan. \u0110\u00e2y l\u00e0 card \u0111\u1ed3 h\u1ecda thu\u1ed9c ph\u00e2n kh\u00fac gi\u00e1 r\u1ebb d\u00e0nh cho t\u1ea5t c\u1ea3 m\u1ecdi ng\u01b0\u1eddi.<\/span><\/strong><\/p>\n<p><img decoding=\"async\" src=\"https:\/\/anphat.com.vn\/media\/lib\/25-11-2021\/65_vgaasusgt730sl2gd5brk111-1.jpg\" alt=\"\" \/><\/p>\n<p><em><span data-darkreader-inline-color=\"\" data-darkreader-inline-bgcolor=\"\">VGA Asus GT730-SL-2GD5-BRK<\/span><\/em><\/p>\n<p><strong>\u00a0<\/strong><\/p>\n<h2><span data-darkreader-inline-color=\"\"><strong>\u0110\u00e1nh gi\u00e1 c\u00e1c t\u00ednh n\u0103ng c\u1ee7a VGA Asus GT730-SL-2GD5-BRK<\/strong><\/span><\/h2>\n<h3><span data-darkreader-inline-color=\"\"><strong>\u0110\u1ed3 h\u1ecda phong ph\u00fa cho t\u1ea5t c\u1ea3 m\u1ecdi ng\u01b0\u1eddi<\/strong><\/span><\/h3>\n<p><strong><img decoding=\"async\" src=\"https:\/\/anphat.com.vn\/media\/lib\/25-11-2021\/65_vgaasusgt730sl2gd5brk111-3.jpg\" alt=\"\" \/><\/strong><\/p>\n<p><span data-darkreader-inline-color=\"\" data-darkreader-inline-bgcolor=\"\"><strong>VGA Asus GT730-SL-2GD5-BRK<\/strong> l\u00e0 card \u0111\u1ed3 h\u1ecda tuy\u1ec7t v\u1eddi c\u1ee7a th\u01b0\u01a1ng hi\u1ec7u ASUS. N\u00f3 \u0111\u01b0\u1ee3c thi\u1ebft k\u1ebf v\u00e0 ch\u1ebf t\u00e1c t\u1ea3n nhi\u1ec7t db hi\u1ec7u qu\u1ea3 cao, ho\u1ea1t \u0111\u1ed9ng ho\u00e0n to\u00e0n im l\u1eb7ng khi\u1ebfn card \u0111\u1ed3 h\u1ecda tr\u1edf th\u00e0nh l\u1ef1a ch\u1ecdn ho\u00e0n h\u1ea3o cho d\u00e0n h\u1ec7 th\u1ed1ng PC nh\u1ecf g\u1ecdn nh\u00e0 b\u1ea1n. C\u00f4ng ngh\u1ec7 Auto-Extreme \u0111\u1ed9c quy\u1ec1n cung c\u1ea5p ch\u1ea5t l\u01b0\u1ee3ng cao c\u1ea5p v\u1edbi \u0111\u1ed9 tin c\u1eady t\u1ed1t nh\u1ea5t. N\u00f3 c\u0169ng bao g\u1ed3m GPU Tweak II v\u1edbi Xsplit Gamecaster mang l\u1ea1i kh\u1ea3 n\u0103ng \u0111i\u1ec1u ch\u1ec9nh hi\u1ec7u su\u1ea5t tr\u1ef1c quan v\u00e0 cho ph\u00e9p b\u1ea1n ph\u00e1t tr\u1ef1c tuy\u1ebfn trong khi ch\u01a1i game ngay l\u1eadp t\u1ee9c.\u00a0<\/span><\/p>\n<p><strong>\u00a0<\/strong><\/p>\n<h3><span data-darkreader-inline-color=\"\"><strong>\u0110i\u1ec3m n\u1ed5i b\u1eadt c\u1ee7a c\u1ed5ng I\/O<\/strong><\/span><\/h3>\n<p><strong><img decoding=\"async\" src=\"https:\/\/anphat.com.vn\/media\/lib\/25-11-2021\/65_vgaasusgt730sl2gd5brk111-5.jpg\" alt=\"\" \/><\/strong><\/p>\n<p>&nbsp;<\/p>\n<ul>\n<li data-darkreader-inline-color=\"\" data-darkreader-inline-bgcolor=\"\"><span data-darkreader-inline-color=\"\" data-darkreader-inline-bgcolor=\"\">1x Native D-Sub<\/span><\/li>\n<li data-darkreader-inline-color=\"\" data-darkreader-inline-bgcolor=\"\"><span data-darkreader-inline-color=\"\" data-darkreader-inline-bgcolor=\"\">1x Native DVI-D<\/span><\/li>\n<li data-darkreader-inline-color=\"\" data-darkreader-inline-bgcolor=\"\"><span data-darkreader-inline-color=\"\" data-darkreader-inline-bgcolor=\"\">1x Native HDMI<\/span><\/li>\n<\/ul>\n<p><strong>\u00a0<\/strong><\/p>\n<h3><span data-darkreader-inline-color=\"\"><strong>Thi\u1ebft k\u1ebf t\u1ea3n nhi\u1ec7t im l\u1eb7ng 0dB<\/strong><\/span><\/h3>\n<p><strong><img decoding=\"async\" src=\"https:\/\/anphat.com.vn\/media\/lib\/25-11-2021\/65_vgaasusgt730sl2gd5brk111-4.jpg\" alt=\"\" \/><\/strong><\/p>\n<p><span data-darkreader-inline-color=\"\" data-darkreader-inline-bgcolor=\"\">Thi\u1ebft k\u1ebf l\u00e0m m\u00e1t ho\u00e0n h\u1ea3o \u0111\u1ec3 x\u00e2y d\u1ef1ng m\u1ed9t h\u1ec7 th\u1ed1ng PC k\u00edn. T\u1ea3n nhi\u1ec7t \u0111\u01b0\u1ee3c ASUS thi\u1ebft k\u1ebf \u0111\u1ed9c quy\u1ec1n v\u1edbi di\u1ec7n t\u00edch b\u1ec1 m\u1eb7t l\u1edbn nh\u1eb1m t\u0103ng hi\u1ec7u qu\u1ea3 l\u00e0m m\u00e1t cho c\u00e1c card \u0111\u1ed3 h\u1ecda m\u1ed9t c\u00e1ch th\u1ee5 \u0111\u1ed9ng. Nh\u1edd \u0111\u00f3, n\u00f3 ho\u00e0n to\u00e0n kh\u00f4ng ph\u00e1t ra \u00e2m thanh g\u00e2y \u1ed3n khi ch\u1ea1y. \u0110\u00e2y ch\u00ednh l\u00e0 s\u1ef1 l\u1ef1a ch\u1ecdn ho\u00e0n h\u1ea3o cho c\u00e1c trung t\u00e2m \u0111a ph\u01b0\u01a1ng ti\u1ec7n \u0111\u00f2i h\u1ecfi s\u1ef1 im l\u1eb7ng v\u00e0 c\u00e1c d\u00e0n m\u00e1y t\u00ednh PC gia \u0111\u00ecnh.\u00a0<\/span><\/p>\n<p><strong>\u00a0<\/strong><\/p>\n<h2><span data-darkreader-inline-color=\"\"><strong>C\u00f4ng ngh\u1ec7 Auto-Extreme<\/strong><\/span><\/h2>\n<p><img decoding=\"async\" src=\"https:\/\/anphat.com.vn\/media\/lib\/25-11-2021\/65_vgaasusgt730sl2gd5brk111-2.jpg\" alt=\"\" \/><\/p>\n<p><span data-darkreader-inline-color=\"\" data-darkreader-inline-bgcolor=\"\">C\u00f4ng ngh\u1ec7 Auto-Extreme l\u00e0 m\u1ed9t quy tr\u00ecnh s\u1ea3n xu\u1ea5t t\u1ef1 \u0111\u1ed9ng c\u00f3 t\u00ednh ch\u00ednh x\u00e1c. N\u00f3 \u0111\u1eb7t ra c\u00e1c ti\u00eau chu\u1ea9n m\u1edbi trong ng\u00e0nh b\u1eb1ng c\u00e1ch cho ph\u00e9p t\u1ea5t c\u1ea3 m\u1ed1i h\u00e0n \u0111\u01b0\u1ee3c ho\u00e0n th\u00e0nh trong 1 l\u1ea7n duy nh\u1ea5t. \u0110i\u1ec1u n\u00e0y l\u00e0m gi\u1ea3m tr\u1ea1ng th\u00e1i c\u0103ng nhi\u1ec7t qu\u00e1 m\u1ee9c tr\u00ean c\u00e1c b\u1ed9 ph\u1eadn d\u1eabn \u0111\u1ebfn t\u00e1c \u0111\u1ed9ng \u0111\u1ebfn m\u00f4i tr\u01b0\u1eddng \u00edt h\u01a1n. \u0110\u1ed3ng th\u1eddi, gi\u1ea3m l\u01b0\u1ee3ng \u0111i\u1ec7n n\u0103ng ti\u00eau th\u1ee5 s\u1ea3n trong qu\u00e1 tr\u00ecnh s\u1ea3n xu\u1ea5t v\u00e0 t\u1ed5ng th\u1ec3 s\u1ea3n ph\u1ea9m tr\u1edf n\u00ean \u0111\u00e1ng tin c\u1eady h\u01a1n.\u00a0<\/span><\/p>\n<p><span data-darkreader-inline-color=\"\" data-darkreader-inline-bgcolor=\"\"><strong>\u00a0<\/strong><\/span><\/p>\n<h3><span data-darkreader-inline-color=\"\"><strong>ASUS GPU Tweak II<\/strong><\/span><\/h3>\n<p><strong><span data-darkreader-inline-color=\"\" data-darkreader-inline-bgcolor=\"\"><img decoding=\"async\" src=\"https:\/\/anphat.com.vn\/media\/lib\/25-11-2021\/65_vgaasusgt730sl2gd5brk1116.png\" alt=\"\" \/><\/span><\/strong><\/p>\n<p><span data-darkreader-inline-color=\"\" data-darkreader-inline-bgcolor=\"\">Ti\u1ec7n \u00edch ASUS GPU Tweak II \u0111\u01b0a vi\u1ec7c \u0111i\u1ec1u ch\u1ec9nh card \u0111\u1ed3 ho\u1ea1 l\u00ean m\u1ed9t t\u1ea7m cao m\u1edbi. N\u00f3 cho ph\u00e9p b\u1ea1n tinh ch\u1ec9nh c\u00e1c th\u00f4ng s\u1ed1 quan tr\u1ecdng bao g\u1ed3m t\u1ea7n s\u1ed1 b\u1ed9 nh\u1edb, \u0111\u1ed3ng h\u1ed3 l\u00f5i GPU v\u00e0 c\u00e0i \u0111\u1eb7t \u0111i\u1ec7n \u00e1p. Tu\u1ef3 ch\u1ecdn gi\u00e1m s\u00e1t m\u1ecdi th\u1ee9 trong th\u1eddi gian th\u1ef1c \u0111\u01b0\u1ee3c v\u1eadn h\u00e0nh th\u00f4ng qua m\u00e0n h\u00ecnh. \u0110i\u1ec1u khi\u1ec3n qu\u1ea1t n\u00e2ng cao c\u0169ng \u0111\u01b0\u1ee3c bao g\u1ed3m c\u00f9ng v\u1edbi nhi\u1ec1u t\u00ednh n\u0103ng kh\u00e1c gi\u00fap b\u1ea1n khai th\u00e1c t\u1ed1i \u0111a card \u0111\u1ed3 ho\u1ea1 c\u1ee7a m\u00ecnh.\u00a0<\/span><\/p>\n","protected":false},"excerpt":{"rendered":"<p class=\"group-title\"><strong>Th\u00f4ng s\u1ed1 s\u1ea3n ph\u1ea9m<\/strong><\/p>\n<div>\n<ul>\n<li class=\"item\">Nh\u00e2n \u0111\u1ed3 h\u1ecda: Nvidia GT730<\/li>\n<li class=\"item\">Dung l\u01b0\u1ee3ng VRAM: 2GB GDDR5<\/li>\n<li class=\"item\">Card \u0111\u1ed3 h\u1ecda ph\u1ed5 th\u00f4ng, c\u00f3 th\u1ec3 ch\u01a1i game online nh\u1eb9: LOL, Dota, CS:GO, FIFA<\/li>\n<\/ul>\n<\/div>\n","protected":false},"featured_media":2334,"comment_status":"open","ping_status":"closed","template":"","meta":{"_acf_changed":false},"product_brand":[115],"product_cat":[442],"product_tag":[82,445,444,443],"class_list":{"0":"post-2108","1":"product","2":"type-product","3":"status-publish","4":"has-post-thumbnail","6":"product_brand-asus","7":"product_cat-card-man-hinh-vga","8":"product_tag-asus","9":"product_tag-card","10":"product_tag-gt730","11":"product_tag-vga","13":"first","14":"instock","15":"sale","16":"shipping-taxable","17":"purchasable","18":"product-type-simple"},"acf":[],"jetpack_sharing_enabled":true,"_links":{"self":[{"href":"https:\/\/thanglongcomputer.vn\/index.php?rest_route=\/wp\/v2\/product\/2108","targetHints":{"allow":["GET"]}}],"collection":[{"href":"https:\/\/thanglongcomputer.vn\/index.php?rest_route=\/wp\/v2\/product"}],"about":[{"href":"https:\/\/thanglongcomputer.vn\/index.php?rest_route=\/wp\/v2\/types\/product"}],"replies":[{"embeddable":true,"href":"https:\/\/thanglongcomputer.vn\/index.php?rest_route=%2Fwp%2Fv2%2Fcomments&post=2108"}],"wp:featuredmedia":[{"embeddable":true,"href":"https:\/\/thanglongcomputer.vn\/index.php?rest_route=\/wp\/v2\/media\/2334"}],"wp:attachment":[{"href":"https:\/\/thanglongcomputer.vn\/index.php?rest_route=%2Fwp%2Fv2%2Fmedia&parent=2108"}],"wp:term":[{"taxonomy":"product_brand","embeddable":true,"href":"https:\/\/thanglongcomputer.vn\/index.php?rest_route=%2Fwp%2Fv2%2Fproduct_brand&post=2108"},{"taxonomy":"product_cat","embeddable":true,"href":"https:\/\/thanglongcomputer.vn\/index.php?rest_route=%2Fwp%2Fv2%2Fproduct_cat&post=2108"},{"taxonomy":"product_tag","embeddable":true,"href":"https:\/\/thanglongcomputer.vn\/index.php?rest_route=%2Fwp%2Fv2%2Fproduct_tag&post=2108"}],"curies":[{"name":"wp","href":"https:\/\/api.w.org\/{rel}","templated":true}]}}