{"id":2071,"date":"2025-02-18T16:53:49","date_gmt":"2025-02-18T09:53:49","guid":{"rendered":"https:\/\/thanglongcomputer.vn\/san-pham\/cpu-intel-core-i5-12400f-tray-cu-dep\/"},"modified":"2026-02-24T21:01:26","modified_gmt":"2026-02-24T14:01:26","slug":"cpu-intel-core-i5-12400f-tray-cu-dep","status":"publish","type":"product","link":"https:\/\/thanglongcomputer.vn\/?product=cpu-intel-core-i5-12400f-tray-cu-dep","title":{"rendered":"CPU Intel Core i5-12400F (Tray, c\u0169 \u0111\u1eb9p)"},"content":{"rendered":"<p><strong>CPU Intel Core i5-12400F<\/strong>\u00a0l\u00e0 CPU th\u1ebf h\u1ec7 th\u1ee9 12 c\u1ee7a Intel (Alder Lake) tr\u00ean n\u1ec1n Socket LGA 1700 v\u1edbi ki\u1ebfn tr\u00fac ho\u00e0n to\u00e0n m\u1edbi cho hi\u1ec7u n\u0103ng v\u01b0\u1ee3t tr\u1ed9i so v\u1edbi ng\u01b0\u1eddi ti\u1ec1n nhi\u1ec7m.<\/p>\n<p>\u0110\u00e2y l\u00e0 phi\u00ean b\u1ea3n kh\u00f4ng t\u00edch h\u1ee3p iGPU \u0111\u1ec3 gi\u1ea3m gi\u00e1 th\u00e0nh, khi s\u1eed d\u1ee5ng b\u1eaft bu\u1ed9c ph\u1ea3i c\u00f3 card \u0111\u1ed3 h\u1ecda r\u1eddi.<\/p>\n<h3>Th\u1ebf h\u1ec7 Intel Core i5 th\u1ee9 12 c\u00f3 n\u00e2ng c\u1ea5p g\u00ec?<\/h3>\n<ul>\n<li>H\u1ed7 tr\u1ee3 PCI-E Gen 5 m\u1edbi nh\u1ea5t c\u00f3 b\u0103ng th\u00f4ng g\u1ea5p \u0111\u00f4i Gen 4<\/li>\n<li>S\u1ee9c m\u1ea1nh tr\u00ean m\u1ed7i nh\u00e2n \u0111\u01b0\u1ee3c t\u0103ng r\u1ea5t nhi\u1ec1u so v\u1edbi th\u1ebf h\u1ec7 11<\/li>\n<\/ul>\n<p><img decoding=\"async\" class=\"loading\" src=\"https:\/\/hanoicomputercdn.com\/media\/lib\/22-08-2022\/cpu-intel-core-i5-12400f-igpu.jpg\" alt=\"CPU Intel Core i5-12400F (Upto 4.4Ghz, 6 nh\u00e2n 12 lu\u1ed3ng, 18MB Cache, 65W) - Socket Intel LGA 1700) \" width=\"100%\" data-was-processed=\"true\" \/><\/p>\n<h3>T\u00ednh t\u01b0\u01a1ng th\u00edch<\/h3>\n<p><img decoding=\"async\" class=\"loading\" src=\"https:\/\/hanoicomputercdn.com\/media\/lib\/22-08-2022\/cpu-intel-core-i5-12400f-mb.jpg\" alt=\"CPU Intel Core i5-12400F (Upto 4.4Ghz, 6 nh\u00e2n 12 lu\u1ed3ng, 18MB Cache, 65W) - Socket Intel LGA 1700) \" width=\"100%\" data-was-processed=\"true\" \/><\/p>\n<p>CPU Intel Core i5-12400F s\u1eed d\u1ee5ng Socket LGA 1700 ho\u00e0n to\u00e0n m\u1edbi v\u00e0 c\u00f3 th\u1ec3 ch\u1ea1y \u0111\u01b0\u1ee3c tr\u00ean c\u00e1c bo m\u1ea1ch ch\u1ee7 H610, B660, H670 &amp; Z690.<\/p>\n<h3>Intel Core i5 d\u00e0nh cho ai?<\/h3>\n<p><img decoding=\"async\" class=\"loading\" src=\"https:\/\/hanoicomputercdn.com\/media\/lib\/22-08-2022\/cpu-intel-core-i5-12400f-pk.jpg\" alt=\"CPU Intel Core i5-12400F (Upto 4.4Ghz, 6 nh\u00e2n 12 lu\u1ed3ng, 18MB Cache, 65W) - Socket Intel LGA 1700) \" width=\"100%\" data-was-processed=\"true\" \/><\/p>\n","protected":false},"excerpt":{"rendered":"<p class=\"group-title\"><strong>Th\u00f4ng s\u1ed1 s\u1ea3n ph\u1ea9m<\/strong><\/p>\n<div>\n<ul>\n<li class=\"item\">Socket LGA 1700<\/li>\n<li class=\"item\">Xung nh\u1ecbp t\u1ed1i \u0111a: 4.4Ghz<\/li>\n<li class=\"item\">S\u1ed1 nh\u00e2n: 6<\/li>\n<li class=\"item\">S\u1ed1 lu\u1ed3ng: 12<\/li>\n<li class=\"item\">*Phi\u00ean b\u1ea3n F: Kh\u00f4ng c\u00f3 GPU t\u00edch h\u1ee3p, c\u1ea7n s\u1eed d\u1ee5ng card \u0111\u1ed3 h\u1ecda r\u1eddi<\/li>\n<\/ul>\n<\/div>\n","protected":false},"featured_media":2391,"comment_status":"open","ping_status":"closed","template":"","meta":{"_acf_changed":false},"product_brand":[415],"product_cat":[397],"product_tag":[405,401,192,335,338,399],"class_list":{"0":"post-2071","1":"product","2":"type-product","3":"status-publish","4":"has-post-thumbnail","6":"product_brand-intel","7":"product_cat-bo-vi-xu-ly-cpu","8":"product_tag-12400f","9":"product_tag-cpu","10":"product_tag-i5","11":"product_tag-intel","12":"product_tag-lga1700","13":"product_tag-tray","15":"first","16":"instock","17":"sale","18":"shipping-taxable","19":"purchasable","20":"product-type-simple"},"acf":[],"jetpack_sharing_enabled":true,"_links":{"self":[{"href":"https:\/\/thanglongcomputer.vn\/index.php?rest_route=\/wp\/v2\/product\/2071","targetHints":{"allow":["GET"]}}],"collection":[{"href":"https:\/\/thanglongcomputer.vn\/index.php?rest_route=\/wp\/v2\/product"}],"about":[{"href":"https:\/\/thanglongcomputer.vn\/index.php?rest_route=\/wp\/v2\/types\/product"}],"replies":[{"embeddable":true,"href":"https:\/\/thanglongcomputer.vn\/index.php?rest_route=%2Fwp%2Fv2%2Fcomments&post=2071"}],"wp:featuredmedia":[{"embeddable":true,"href":"https:\/\/thanglongcomputer.vn\/index.php?rest_route=\/wp\/v2\/media\/2391"}],"wp:attachment":[{"href":"https:\/\/thanglongcomputer.vn\/index.php?rest_route=%2Fwp%2Fv2%2Fmedia&parent=2071"}],"wp:term":[{"taxonomy":"product_brand","embeddable":true,"href":"https:\/\/thanglongcomputer.vn\/index.php?rest_route=%2Fwp%2Fv2%2Fproduct_brand&post=2071"},{"taxonomy":"product_cat","embeddable":true,"href":"https:\/\/thanglongcomputer.vn\/index.php?rest_route=%2Fwp%2Fv2%2Fproduct_cat&post=2071"},{"taxonomy":"product_tag","embeddable":true,"href":"https:\/\/thanglongcomputer.vn\/index.php?rest_route=%2Fwp%2Fv2%2Fproduct_tag&post=2071"}],"curies":[{"name":"wp","href":"https:\/\/api.w.org\/{rel}","templated":true}]}}