{"id":2067,"date":"2025-02-18T16:53:48","date_gmt":"2025-02-18T09:53:48","guid":{"rendered":"https:\/\/thanglongcomputer.vn\/san-pham\/cpu-intel-core-i3-12100f-tray-cu-dep\/"},"modified":"2026-02-24T21:04:42","modified_gmt":"2026-02-24T14:04:42","slug":"cpu-intel-core-i3-12100f","status":"publish","type":"product","link":"https:\/\/thanglongcomputer.vn\/?product=cpu-intel-core-i3-12100f","title":{"rendered":"CPU Intel Core i3-12100F"},"content":{"rendered":"<p><strong>CPU Intel Core i3-12100F<\/strong>\u00a0l\u00e0 CPU th\u1ebf h\u1ec7 th\u1ee9 12 c\u1ee7a Intel (Alder Lake) tr\u00ean n\u1ec1n Socket LGA 1700 v\u1edbi ki\u1ebfn tr\u00fac ho\u00e0n to\u00e0n m\u1edbi cho hi\u1ec7u n\u0103ng v\u01b0\u1ee3t tr\u1ed9i so v\u1edbi ng\u01b0\u1eddi ti\u1ec1n nhi\u1ec7m.<\/p>\n<p>\u0110\u00e2y l\u00e0 phi\u00ean b\u1ea3n kh\u00f4ng t\u00edch h\u1ee3p iGPU \u0111\u1ec3 gi\u1ea3m gi\u00e1 th\u00e0nh, khi s\u1eed d\u1ee5ng b\u1eaft bu\u1ed9c ph\u1ea3i c\u00f3 card \u0111\u1ed3 h\u1ecda r\u1eddi.<\/p>\n<h3>Th\u1ebf h\u1ec7 Intel Core i3 th\u1ee9 12 c\u00f3 n\u00e2ng c\u1ea5p g\u00ec?<\/h3>\n<ul>\n<li>H\u1ed7 tr\u1ee3 PCI-E Gen 5 m\u1edbi nh\u1ea5t c\u00f3 b\u0103ng th\u00f4ng g\u1ea5p \u0111\u00f4i Gen 4<\/li>\n<li>Nh\u00e2n \u0111\u1ed3 h\u1ecda t\u00edch h\u1ee3p (tr\u00ean c\u00e1c model kh\u00f4ng c\u00f3 k\u00fd t\u1ef1 F) UHD 770 m\u1ea1nh h\u01a1n, c\u00f3 kh\u1ea3 n\u0103ng xu\u1ea5t h\u00ecnh \u0111\u1ea1t \u0111\u1ed9 ph\u00e2n gi\u1ea3i 8K.<\/li>\n<li>S\u1ee9c m\u1ea1nh tr\u00ean m\u1ed7i nh\u00e2n \u0111\u01b0\u1ee3c t\u0103ng r\u1ea5t nhi\u1ec1u so v\u1edbi th\u1ebf h\u1ec7 11<\/li>\n<\/ul>\n<p>&nbsp;<\/p>\n<h3>T\u00ednh t\u01b0\u01a1ng th\u00edch<\/h3>\n<p>CPU Intel Core i3-12100F s\u1eed d\u1ee5ng Socket LGA 1700 ho\u00e0n to\u00e0n m\u1edbi v\u00e0 c\u00f3 th\u1ec3 ch\u1ea1y \u0111\u01b0\u1ee3c tr\u00ean c\u00e1c bo m\u1ea1ch ch\u1ee7 H610, B660, H670 &amp; Z690.<\/p>\n<h3>Intel Core i3 d\u00e0nh cho ai?<\/h3>\n<p>L\u00e0 CPU t\u1ea7m trung nh\u1eafm \u0111\u1ebfn hi\u1ec7u n\u0103ng tr\u00ean gi\u00e1 c\u1ee7a Intel, Core i3 s\u1ebd ph\u00f9 h\u1ee3p cho c\u00e1c b\u1ed9 m\u00e1y t\u1eeb t\u1ea7m trung \u0111\u1ebfn cao c\u1ea5p, ph\u1ee5c v\u1ee5 m\u1ee5c \u0111\u00edch l\u00e0m vi\u1ec7c, Gaming v\u1edbi m\u1ee9c gi\u00e1 v\u00f4 c\u00f9ng h\u1ee3p l\u00fd.<\/p>\n","protected":false},"excerpt":{"rendered":"<p class=\"group-title\"><strong>Th\u00f4ng s\u1ed1 s\u1ea3n ph\u1ea9m<\/strong><\/p>\n<div>\n<ul>\n<li class=\"item\">Socket: Intel LGA 1700<\/li>\n<li class=\"item\">S\u1ed1 nh\u00e2n: 4<\/li>\n<li class=\"item\">S\u1ed1 lu\u1ed3ng: 8<\/li>\n<li class=\"item\">Xung nh\u1ecbp t\u1ed1i \u0111a: 4.3 Ghz<\/li>\n<\/ul>\n<\/div>\n","protected":false},"featured_media":2422,"comment_status":"open","ping_status":"closed","template":"","meta":{"_acf_changed":false},"product_brand":[415],"product_cat":[397],"product_tag":[400,401,398,335,338],"class_list":{"0":"post-2067","1":"product","2":"type-product","3":"status-publish","4":"has-post-thumbnail","6":"product_brand-intel","7":"product_cat-bo-vi-xu-ly-cpu","8":"product_tag-12100f","9":"product_tag-cpu","10":"product_tag-i3","11":"product_tag-intel","12":"product_tag-lga1700","14":"first","15":"instock","16":"sale","17":"shipping-taxable","18":"purchasable","19":"product-type-simple"},"acf":[],"jetpack_sharing_enabled":true,"_links":{"self":[{"href":"https:\/\/thanglongcomputer.vn\/index.php?rest_route=\/wp\/v2\/product\/2067","targetHints":{"allow":["GET"]}}],"collection":[{"href":"https:\/\/thanglongcomputer.vn\/index.php?rest_route=\/wp\/v2\/product"}],"about":[{"href":"https:\/\/thanglongcomputer.vn\/index.php?rest_route=\/wp\/v2\/types\/product"}],"replies":[{"embeddable":true,"href":"https:\/\/thanglongcomputer.vn\/index.php?rest_route=%2Fwp%2Fv2%2Fcomments&post=2067"}],"wp:featuredmedia":[{"embeddable":true,"href":"https:\/\/thanglongcomputer.vn\/index.php?rest_route=\/wp\/v2\/media\/2422"}],"wp:attachment":[{"href":"https:\/\/thanglongcomputer.vn\/index.php?rest_route=%2Fwp%2Fv2%2Fmedia&parent=2067"}],"wp:term":[{"taxonomy":"product_brand","embeddable":true,"href":"https:\/\/thanglongcomputer.vn\/index.php?rest_route=%2Fwp%2Fv2%2Fproduct_brand&post=2067"},{"taxonomy":"product_cat","embeddable":true,"href":"https:\/\/thanglongcomputer.vn\/index.php?rest_route=%2Fwp%2Fv2%2Fproduct_cat&post=2067"},{"taxonomy":"product_tag","embeddable":true,"href":"https:\/\/thanglongcomputer.vn\/index.php?rest_route=%2Fwp%2Fv2%2Fproduct_tag&post=2067"}],"curies":[{"name":"wp","href":"https:\/\/api.w.org\/{rel}","templated":true}]}}