{"id":2066,"date":"2025-02-18T16:53:48","date_gmt":"2025-02-18T09:53:48","guid":{"rendered":"https:\/\/thanglongcomputer.vn\/san-pham\/mainboard-msi-mag-x870-tomahawk-wifi\/"},"modified":"2025-02-28T16:38:25","modified_gmt":"2025-02-28T09:38:25","slug":"mainboard-msi-mag-x870-tomahawk-wifi","status":"publish","type":"product","link":"https:\/\/thanglongcomputer.vn\/?product=mainboard-msi-mag-x870-tomahawk-wifi","title":{"rendered":"Mainboard MSI MAG X870 TOMAHAWK WIFI"},"content":{"rendered":"<p>MAG X870 TOMAHAWK WIFI \u0111\u01b0\u1ee3c thi\u1ebft k\u1ebf d\u00e0nh cho game th\u1ee7 v\u1edbi n\u1ec1n t\u1ea3ng \u1ed5n \u0111\u1ecbnh, b\u1ec1n b\u1ec9 v\u00e0 th\u00e2n thi\u1ec7n v\u1edbi vi\u1ec7c t\u1ef1 l\u1eafp r\u00e1p PC. Trang b\u1ecb gi\u1ea3i ph\u00e1p Wi-Fi 7 th\u1ef1c s\u1ef1, m\u1ea1ng LAN 5G, USB t\u1ed1c \u0111\u1ed9 40Gbps, PCIe 5.0, ngu\u1ed3n PCIe b\u1ed5 sung v\u00e0 c\u00e1c t\u00ednh n\u0103ng EZ DIY \u0111\u1ed9c quy\u1ec1n, bo m\u1ea1ch ch\u1ee7 n\u00e0y s\u1eb5n s\u00e0ng cho tr\u1eadn chi\u1ebfn v\u1edbi c\u00e1c b\u1ed9 vi x\u1eed l\u00fd AMD Ryzen\u2122 9000 series.<\/p>\n<p><img decoding=\"async\" class=\"loading\" src=\"https:\/\/hanoicomputercdn.com\/media\/lib\/02-10-2024\/mainboard-msi-mag-x870-tomahawk-wifi.jpg\" width=\"100%\" data-was-processed=\"true\" \/><\/p>\n<p>D\u00f2ng MAG\u00a0 \u0111\u01b0\u1ee3c ch\u1ebf t\u1ea1o \u0111\u1ec3 mang l\u1ea1i l\u1ee3i th\u1ebf cho game th\u1ee7 trong vi\u1ec7c th\u1ed1ng tr\u1ecb chi\u1ebfn tr\u01b0\u1eddng \u1ea3o. L\u1ea5y c\u1ea3m h\u1ee9ng t\u1eeb \u0111\u1ed9 b\u1ec1n b\u1ec9 v\u00e0 \u0111\u1ed9 tin c\u1eady ki\u00ean \u0111\u1ecbnh c\u1ee7a thi\u1ebft b\u1ecb \u0111\u1ea1t chu\u1ea9n qu\u00e2n \u0111\u1ed9i, d\u00f2ng MAG \u0111\u01b0\u1ee3c x\u00e2y d\u1ef1ng \u0111\u1ec3 cung c\u1ea5p s\u1ef1 ph\u00f2ng th\u1ee7 v\u1eefng ch\u1eafc trong m\u1ecdi k\u1ecbch b\u1ea3n ch\u01a1i game.\u00a0 MAG kh\u00f4ng ch\u1ec9 d\u1eebng l\u1ea1i \u1edf hi\u1ec7u n\u0103ng, m\u00e0 c\u00f2n l\u00e0 ng\u00f4n ng\u1eef thi\u1ebft k\u1ebf th\u1ec3 hi\u1ec7n s\u1ef1 b\u1ec1n b\u1ec9 v\u00e0 c\u1ee9ng c\u00e1p, hi\u1ec7n th\u00e2n c\u1ee7a phong c\u00e1ch MAG. D\u00e0nh cho c\u00e1c game th\u1ee7 quy\u1ebft t\u00e2m th\u1ed1ng tr\u1ecb chi\u1ebfn tr\u01b0\u1eddng s\u1ed1, d\u00f2ng MAG lu\u00f4n \u0111\u1ed3ng h\u00e0nh, thi\u1ebft l\u1eadp n\u00ean ph\u00f2ng tuy\u1ebfn t\u1ed1i th\u01b0\u1ee3ng.<\/p>\n","protected":false},"excerpt":{"rendered":"<p class=\"group-title\"><strong>Th\u00f4ng s\u1ed1 s\u1ea3n ph\u1ea9m<\/strong><\/p>\n<div>\n<ul>\n<li class=\"item\">Chipset: AMD X870<\/li>\n<li class=\"item\">Socket: AMD AM5<\/li>\n<li class=\"item\">K\u00edch th\u01b0\u1edbc: ATX<\/li>\n<li class=\"item\">S\u1ed1 khe RAM: 4 khe DDR5 ( t\u1ed1i \u0111a 256GB)<\/li>\n<\/ul>\n<\/div>\n","protected":false},"featured_media":2435,"comment_status":"open","ping_status":"closed","template":"","meta":{"_acf_changed":false},"product_brand":[283],"product_cat":[64,327],"product_tag":[373,361,350,342,231,396,343,374],"class_list":{"0":"post-2066","1":"product","2":"type-product","3":"status-publish","4":"has-post-thumbnail","6":"product_brand-msi","7":"product_cat-linh-kien-may-tinh","8":"product_cat-bo-mach-chu-mainboard","9":"product_tag-am5","10":"product_tag-amd","11":"product_tag-atx","12":"product_tag-ddr5","13":"product_tag-msi","14":"product_tag-tomahawk","15":"product_tag-wifi","16":"product_tag-x870","18":"first","19":"instock","20":"sale","21":"shipping-taxable","22":"purchasable","23":"product-type-simple"},"acf":[],"jetpack_sharing_enabled":true,"_links":{"self":[{"href":"https:\/\/thanglongcomputer.vn\/index.php?rest_route=\/wp\/v2\/product\/2066","targetHints":{"allow":["GET"]}}],"collection":[{"href":"https:\/\/thanglongcomputer.vn\/index.php?rest_route=\/wp\/v2\/product"}],"about":[{"href":"https:\/\/thanglongcomputer.vn\/index.php?rest_route=\/wp\/v2\/types\/product"}],"replies":[{"embeddable":true,"href":"https:\/\/thanglongcomputer.vn\/index.php?rest_route=%2Fwp%2Fv2%2Fcomments&post=2066"}],"wp:featuredmedia":[{"embeddable":true,"href":"https:\/\/thanglongcomputer.vn\/index.php?rest_route=\/wp\/v2\/media\/2435"}],"wp:attachment":[{"href":"https:\/\/thanglongcomputer.vn\/index.php?rest_route=%2Fwp%2Fv2%2Fmedia&parent=2066"}],"wp:term":[{"taxonomy":"product_brand","embeddable":true,"href":"https:\/\/thanglongcomputer.vn\/index.php?rest_route=%2Fwp%2Fv2%2Fproduct_brand&post=2066"},{"taxonomy":"product_cat","embeddable":true,"href":"https:\/\/thanglongcomputer.vn\/index.php?rest_route=%2Fwp%2Fv2%2Fproduct_cat&post=2066"},{"taxonomy":"product_tag","embeddable":true,"href":"https:\/\/thanglongcomputer.vn\/index.php?rest_route=%2Fwp%2Fv2%2Fproduct_tag&post=2066"}],"curies":[{"name":"wp","href":"https:\/\/api.w.org\/{rel}","templated":true}]}}