{"id":2065,"date":"2025-02-18T16:53:48","date_gmt":"2025-02-18T09:53:48","guid":{"rendered":"https:\/\/thanglongcomputer.vn\/san-pham\/mainboard-msi-mag-z890-tomahawk-wifi\/"},"modified":"2025-02-28T16:38:10","modified_gmt":"2025-02-28T09:38:10","slug":"mainboard-msi-mag-z890-tomahawk-wifi","status":"publish","type":"product","link":"https:\/\/thanglongcomputer.vn\/?product=mainboard-msi-mag-z890-tomahawk-wifi","title":{"rendered":"Mainboard MSI MAG Z890 TOMAHAWK WIFI"},"content":{"rendered":"<p>Mainboard PC MSI MAG Z890 TOMAHAWK WIFI l\u00e0 s\u1ef1 l\u1ef1a ch\u1ecdn ho\u00e0n h\u1ea3o cho nh\u1eefng ai \u0111ang t\u00ecm ki\u1ebfm m\u1ed9t n\u1ec1n t\u1ea3ng m\u1ea1nh m\u1ebd v\u00e0 \u1ed5n \u0111\u1ecbnh \u0111\u1ec3 x\u00e2y d\u1ef1ng h\u1ec7 th\u1ed1ng m\u00e1y t\u00ednh ch\u01a1i game ho\u1eb7c l\u00e0m vi\u1ec7c chuy\u00ean nghi\u1ec7p. V\u1edbi thi\u1ebft k\u1ebf h\u1ea7m h\u1ed1, MSI MAG Z890 TOMAHAWK WIFI \u0111\u01b0\u1ee3c trang b\u1ecb nh\u1eefng c\u00f4ng ngh\u1ec7 ti\u00ean ti\u1ebfn nh\u1ea5t nh\u01b0 h\u1ed7 tr\u1ee3 b\u1ed9 nh\u1edb DDR5, PCIe 5.0 v\u00e0 WiFi 7, mang \u0111\u1ebfn hi\u1ec7u n\u0103ng v\u01b0\u1ee3t tr\u1ed9i v\u00e0 tr\u1ea3i nghi\u1ec7m m\u01b0\u1ee3t m\u00e0.<\/p>\n<p><img decoding=\"async\" class=\"loading\" src=\"https:\/\/hanoicomputercdn.com\/media\/product\/86844_mainboard_msi_mag_z890_tomahawk_wifi__1_.jpg\" data-was-processed=\"true\" \/><\/p>\n<h3>H\u1ed7 tr\u1ee3 CPU Intel th\u1ebf h\u1ec7 m\u1edbi nh\u1ea5t<\/h3>\n<p>Mainboard MSI MAG Z890 TOMAHAWK WIFI s\u1eed d\u1ee5ng socket LGA 1851, h\u1ed7 tr\u1ee3 c\u00e1c b\u1ed9 vi x\u1eed l\u00fd Intel Core Ultra Processor, mang \u0111\u1ebfn hi\u1ec7u n\u0103ng x\u1eed l\u00fd m\u1ea1nh m\u1ebd cho c\u00e1c t\u00e1c v\u1ee5 n\u1eb7ng v\u00e0 game \u0111\u00f2i h\u1ecfi c\u1ea5u h\u00ecnh cao.<\/p>\n<h3>Gi\u1ea3i ph\u00e1p t\u1ea3n nhi\u1ec7t t\u1ed1i \u01b0u<\/h3>\n<p>MSI MAG Z890 TOMAHAWK WIFI \u0111\u01b0\u1ee3c trang b\u1ecb h\u1ec7 th\u1ed1ng t\u1ea3n nhi\u1ec7t m\u1edf r\u1ed9ng v\u1edbi heatsink l\u1edbn cho khu v\u1ef1c VRM, \u0111\u1ea3m b\u1ea3o nhi\u1ec7t \u0111\u1ed9 lu\u00f4n \u0111\u01b0\u1ee3c ki\u1ec3m so\u00e1t ngay c\u1ea3 khi ho\u1ea1t \u0111\u1ed9ng \u1edf c\u01b0\u1eddng \u0111\u1ed9 cao. Khe c\u1eafm M.2 Shield Frozr gi\u00fap SSD M.2 lu\u00f4n m\u00e1t m\u1ebb, duy tr\u00ec hi\u1ec7u n\u0103ng \u1ed5n \u0111\u1ecbnh v\u00e0 k\u00e9o d\u00e0i tu\u1ed5i th\u1ecd.<\/p>\n<h3>K\u1ebft n\u1ed1i t\u1ed1c \u0111\u1ed9 cao<\/h3>\n<p>Mainboard PC MSI MAG Z890 TOMAHAWK WIFI mang \u0111\u1ebfn kh\u1ea3 n\u0103ng k\u1ebft n\u1ed1i si\u00eau t\u1ed1c v\u1edbi gi\u1ea3i ph\u00e1p m\u1ea1ng 5G LAN v\u00e0 WiFi 7, \u0111\u1ea3m b\u1ea3o \u0111\u01b0\u1eddng truy\u1ec1n \u1ed5n \u0111\u1ecbnh v\u00e0 t\u1ed1c \u0111\u1ed9 cao cho tr\u1ea3i nghi\u1ec7m ch\u01a1i game online m\u01b0\u1ee3t m\u00e0 v\u00e0 l\u00e0m vi\u1ec7c hi\u1ec7u qu\u1ea3.<\/p>\n<h3>H\u1ed7 tr\u1ee3 b\u1ed9 nh\u1edb DDR5 t\u1ed1c \u0111\u1ed9 cao<\/h3>\n<p>MSI MAG Z890 TOMAHAWK WIFI h\u1ed7 tr\u1ee3 b\u1ed9 nh\u1edb DDR5 v\u1edbi t\u1ed1c \u0111\u1ed9 cao, mang \u0111\u1ebfn b\u0103ng th\u00f4ng r\u1ed9ng r\u00e3i v\u00e0 hi\u1ec7u n\u0103ng v\u01b0\u1ee3t tr\u1ed9i cho h\u1ec7 th\u1ed1ng. C\u00f4ng ngh\u1ec7 Memory Boost gi\u00fap t\u1ed1i \u01b0u h\u00f3a hi\u1ec7u n\u0103ng RAM, \u0111\u1ea3m b\u1ea3o \u1ed5n \u0111\u1ecbnh v\u00e0 t\u01b0\u01a1ng th\u00edch t\u1ed1i \u0111a.<\/p>\n","protected":false},"excerpt":{"rendered":"<p class=\"group-title\"><strong>Th\u00f4ng s\u1ed1 s\u1ea3n ph\u1ea9m<\/strong><\/p>\n<div>\n<ul>\n<li class=\"item\">Socket: LGA 1851 h\u1ed7 tr\u1ee3 CPU Intel\u00ae Core\u2122 Ultra Processors (Series 2)<\/li>\n<li class=\"item\">K\u00edch th\u01b0\u1edbc: ATX<\/li>\n<li class=\"item\">Khe c\u1eafm RAM: 4 khe (T\u1ed1i \u0111a 256GB)<\/li>\n<li class=\"item\">Khe c\u1eafm m\u1edf r\u1ed9ng: 3x PCI-E x16 slot<\/li>\n<\/ul>\n<\/div>\n","protected":false},"featured_media":2399,"comment_status":"open","ping_status":"closed","template":"","meta":{"_acf_changed":false},"product_brand":[283],"product_cat":[64,327],"product_tag":[350,342,335,353,231,396,343,384],"class_list":{"0":"post-2065","1":"product","2":"type-product","3":"status-publish","4":"has-post-thumbnail","6":"product_brand-msi","7":"product_cat-linh-kien-may-tinh","8":"product_cat-bo-mach-chu-mainboard","9":"product_tag-atx","10":"product_tag-ddr5","11":"product_tag-intel","12":"product_tag-lga1851","13":"product_tag-msi","14":"product_tag-tomahawk","15":"product_tag-wifi","16":"product_tag-z890","18":"first","19":"instock","20":"sale","21":"shipping-taxable","22":"purchasable","23":"product-type-simple"},"acf":[],"jetpack_sharing_enabled":true,"_links":{"self":[{"href":"https:\/\/thanglongcomputer.vn\/index.php?rest_route=\/wp\/v2\/product\/2065","targetHints":{"allow":["GET"]}}],"collection":[{"href":"https:\/\/thanglongcomputer.vn\/index.php?rest_route=\/wp\/v2\/product"}],"about":[{"href":"https:\/\/thanglongcomputer.vn\/index.php?rest_route=\/wp\/v2\/types\/product"}],"replies":[{"embeddable":true,"href":"https:\/\/thanglongcomputer.vn\/index.php?rest_route=%2Fwp%2Fv2%2Fcomments&post=2065"}],"wp:featuredmedia":[{"embeddable":true,"href":"https:\/\/thanglongcomputer.vn\/index.php?rest_route=\/wp\/v2\/media\/2399"}],"wp:attachment":[{"href":"https:\/\/thanglongcomputer.vn\/index.php?rest_route=%2Fwp%2Fv2%2Fmedia&parent=2065"}],"wp:term":[{"taxonomy":"product_brand","embeddable":true,"href":"https:\/\/thanglongcomputer.vn\/index.php?rest_route=%2Fwp%2Fv2%2Fproduct_brand&post=2065"},{"taxonomy":"product_cat","embeddable":true,"href":"https:\/\/thanglongcomputer.vn\/index.php?rest_route=%2Fwp%2Fv2%2Fproduct_cat&post=2065"},{"taxonomy":"product_tag","embeddable":true,"href":"https:\/\/thanglongcomputer.vn\/index.php?rest_route=%2Fwp%2Fv2%2Fproduct_tag&post=2065"}],"curies":[{"name":"wp","href":"https:\/\/api.w.org\/{rel}","templated":true}]}}