{"id":2064,"date":"2025-02-18T16:53:48","date_gmt":"2025-02-18T09:53:48","guid":{"rendered":"https:\/\/thanglongcomputer.vn\/san-pham\/mainboard-msi-x670e-gaming-plus-wifi-ddr5\/"},"modified":"2025-02-28T16:38:14","modified_gmt":"2025-02-28T09:38:14","slug":"mainboard-msi-x670e-gaming-plus-wifi-ddr5","status":"publish","type":"product","link":"https:\/\/thanglongcomputer.vn\/?product=mainboard-msi-x670e-gaming-plus-wifi-ddr5","title":{"rendered":"Mainboard MSI X670E GAMING PLUS WIFI DDR5"},"content":{"rendered":"<div id=\"js-product-description\" class=\"js-static-content static-html-content\">\n<h3>Thi\u1ebft k\u1ebf cao c\u1ea5p<\/h3>\n<p>Bo m\u1ea1ch ch\u1ee7 MSI X670E GAMING PLUS WIFI kh\u00f4ng ch\u1ec9 cung c\u1ea5p tr\u1ea3i nghi\u1ec7m hi\u1ec7u qu\u1ea3 v\u00e0 n\u0103ng su\u1ea5t \u1ed5n \u0111\u1ecbnh cho ng\u01b0\u1eddi d\u00f9ng m\u00e0 c\u00f2n \u0111\u1ea3m b\u1ea3o quy tr\u00ecnh l\u00e0m vi\u1ec7c chuy\u00ean nghi\u1ec7p \u0111\u01b0\u1ee3c t\u1ed1i \u01b0u h\u00f3a v\u1edbi linh ki\u1ec7n l\u1eafp r\u00e1p ch\u1ea5t l\u01b0\u1ee3ng cao. T\u00ednh n\u0103ng b\u1ea3o v\u1ec7 \u0111\u01b0\u1ee3c t\u00edch h\u1ee3p gi\u00fap gi\u1ea3m thi\u1ec3u nguy c\u01a1 g\u1eb7p s\u1ef1 c\u1ed1 v\u00e0 \u0111\u1ea3m b\u1ea3o \u1ed5n \u0111\u1ecbnh trong qu\u00e1 tr\u00ecnh s\u1eed d\u1ee5ng, trong khi c\u00f4ng ngh\u1ec7 ti\u00ean ti\u1ebfn gi\u00fap k\u00e9o d\u00e0i tu\u1ed5i th\u1ecd c\u1ee7a bo m\u1ea1ch ch\u1ee7. T\u1eeb \u0111\u00f3, ng\u01b0\u1eddi d\u00f9ng c\u00f3 th\u1ec3 tin t\u01b0\u1edfng v\u00e0o s\u1ef1 \u0111\u00e1ng tin c\u1eady v\u00e0 hi\u1ec7u su\u1ea5t c\u1ee7a s\u1ea3n ph\u1ea9m khi s\u1eed d\u1ee5ng cho c\u00e1c nhu c\u1ea7u l\u00e0m vi\u1ec7c ho\u1eb7c gi\u1ea3i tr\u00ed.<\/p>\n<h3><img decoding=\"async\" class=\"loading\" src=\"https:\/\/hanoicomputercdn.com\/media\/lib\/23-08-2024\/.jpg\" data-was-processed=\"true\" \/><\/h3>\n<h3>H\u1ec7 th\u1ed1ng t\u1ea3n nhi\u1ec7t<\/h3>\n<p>MSI X670E Gaming Plus Wifi \u0111\u01b0\u1ee3c trang b\u1ecb h\u1ec7 th\u1ed1ng t\u1ea3n nhi\u1ec7t cao c\u1ea5p v\u1edbi c\u00e1c t\u1ea3n nhi\u1ec7t b\u1eb1ng kim lo\u1ea1i v\u00e0 c\u00e1c qu\u1ea1t l\u00e0m m\u00e1t hi\u1ec7u su\u1ea5t cao. C\u00f4ng ngh\u1ec7 t\u1ea3n nhi\u1ec7t ti\u00ean ti\u1ebfn n\u00e0y gi\u00fap gi\u1ea3m nhi\u1ec7t \u0111\u1ed9 hi\u1ec7u qu\u1ea3, gi\u1eef cho h\u1ec7 th\u1ed1ng lu\u00f4n ho\u1ea1t \u0111\u1ed9ng \u1ed5n \u0111\u1ecbnh ngay c\u1ea3 khi ch\u1ea1y c\u00e1c \u1ee9ng d\u1ee5ng n\u1eb7ng.<\/p>\n<p><img decoding=\"async\" class=\"loading\" src=\"https:\/\/hanoicomputercdn.com\/media\/product\/85675_mainboard_msi_x670e_gaming_plus_wifi_ddr5__1_.jpg\" data-was-processed=\"true\" \/><\/p>\n<h3>H\u1ed7 tr\u1ee3 \u0111a GPU<\/h3>\n<p>Mainboard n\u00e0y h\u1ed7 tr\u1ee3 c\u00e1c ch\u1ebf \u0111\u1ed9 SLI v\u00e0 CrossFire, cho ph\u00e9p ng\u01b0\u1eddi d\u00f9ng s\u1eed d\u1ee5ng nhi\u1ec1u card \u0111\u1ed3 h\u1ecda c\u00f9ng l\u00fac. \u0110i\u1ec1u n\u00e0y r\u1ea5t h\u1eefu \u00edch cho game th\u1ee7 v\u00e0 ng\u01b0\u1eddi l\u00e0m \u0111\u1ed3 h\u1ecda chuy\u00ean nghi\u1ec7p, gi\u00fap c\u1ea3i thi\u1ec7n hi\u1ec7u su\u1ea5t x\u1eed l\u00fd \u0111\u1ed3 h\u1ecda v\u00e0 tr\u1ea3i nghi\u1ec7m ch\u01a1i game m\u01b0\u1ee3t m\u00e0 h\u01a1n.<\/p>\n<h3>\u00c2m thanh v\u00e0 k\u1ebft n\u1ed1i<\/h3>\n<p>MSI X670E Gaming Plus Wifi t\u00edch h\u1ee3p c\u00f4ng ngh\u1ec7 \u00e2m thanh cao c\u1ea5p v\u1edbi codec \u00e2m thanh ch\u1ea5t l\u01b0\u1ee3ng cao, mang l\u1ea1i tr\u1ea3i nghi\u1ec7m \u00e2m thanh s\u1ed1ng \u0111\u1ed9ng v\u00e0 chi ti\u1ebft. B\u00ean c\u1ea1nh \u0111\u00f3, mainboard c\u00f2n h\u1ed7 tr\u1ee3 c\u00e1c k\u1ebft n\u1ed1i m\u1ea1ng LAN t\u1ed1c \u0111\u1ed9 cao v\u00e0 Wi-Fi 6E, \u0111\u1ea3m b\u1ea3o k\u1ebft n\u1ed1i internet \u1ed5n \u0111\u1ecbnh v\u00e0 nhanh ch\u00f3ng.<\/p>\n<p><img decoding=\"async\" class=\"loading\" src=\"https:\/\/hanoicomputercdn.com\/media\/product\/85675_mainboard_msi_x670e_gaming_plus_wifi_ddr5__5_.jpg\" data-was-processed=\"true\" \/><\/p>\n<h3>T\u00ednh n\u0103ng ph\u1ea7n m\u1ec1m v\u00e0 BIOS<\/h3>\n<p>Mainboard n\u00e0y \u0111i k\u00e8m v\u1edbi giao di\u1ec7n BIOS th\u00e2n thi\u1ec7n v\u00e0 d\u1ec5 s\u1eed d\u1ee5ng, c\u00f9ng v\u1edbi c\u00e1c ph\u1ea7n m\u1ec1m qu\u1ea3n l\u00fd h\u1ec7 th\u1ed1ng m\u1ea1nh m\u1ebd nh\u01b0 Dragon Center, MSI App Player v\u00e0 Mystic Light. C\u00e1c ph\u1ea7n m\u1ec1m n\u00e0y gi\u00fap ng\u01b0\u1eddi d\u00f9ng d\u1ec5 d\u00e0ng t\u00f9y ch\u1ec9nh v\u00e0 t\u1ed1i \u01b0u h\u00f3a h\u1ec7 th\u1ed1ng theo \u00fd mu\u1ed1n.<\/p>\n<\/div>\n","protected":false},"excerpt":{"rendered":"<p class=\"group-title\"><strong>Th\u00f4ng s\u1ed1 s\u1ea3n ph\u1ea9m<\/strong><\/p>\n<div>\n<ul>\n<li class=\"item\">Chipset: X670<\/li>\n<li class=\"item\">H\u1ed7 tr\u1ee3 b\u1ed9 nh\u1edb: 4 Khe DDR5 t\u1ed1i \u0111a 256GB<\/li>\n<li class=\"item\">H\u1ed7 tr\u1ee3 CPU: AMD Ryzen\u2122 8000\/ 7000 Series Desktop Processors, Socket AM5<\/li>\n<\/ul>\n<\/div>\n","protected":false},"featured_media":2440,"comment_status":"open","ping_status":"closed","template":"","meta":{"_acf_changed":false},"product_brand":[283],"product_cat":[64,327],"product_tag":[373,361,342,140,333,231,381,343,395],"class_list":{"0":"post-2064","1":"product","2":"type-product","3":"status-publish","4":"has-post-thumbnail","6":"product_brand-msi","7":"product_cat-linh-kien-may-tinh","8":"product_cat-bo-mach-chu-mainboard","9":"product_tag-am5","10":"product_tag-amd","11":"product_tag-ddr5","12":"product_tag-gaming","13":"product_tag-matx","14":"product_tag-msi","15":"product_tag-plus","16":"product_tag-wifi","17":"product_tag-x670e","19":"first","20":"instock","21":"sale","22":"shipping-taxable","23":"purchasable","24":"product-type-simple"},"acf":[],"jetpack_sharing_enabled":true,"_links":{"self":[{"href":"https:\/\/thanglongcomputer.vn\/index.php?rest_route=\/wp\/v2\/product\/2064","targetHints":{"allow":["GET"]}}],"collection":[{"href":"https:\/\/thanglongcomputer.vn\/index.php?rest_route=\/wp\/v2\/product"}],"about":[{"href":"https:\/\/thanglongcomputer.vn\/index.php?rest_route=\/wp\/v2\/types\/product"}],"replies":[{"embeddable":true,"href":"https:\/\/thanglongcomputer.vn\/index.php?rest_route=%2Fwp%2Fv2%2Fcomments&post=2064"}],"wp:featuredmedia":[{"embeddable":true,"href":"https:\/\/thanglongcomputer.vn\/index.php?rest_route=\/wp\/v2\/media\/2440"}],"wp:attachment":[{"href":"https:\/\/thanglongcomputer.vn\/index.php?rest_route=%2Fwp%2Fv2%2Fmedia&parent=2064"}],"wp:term":[{"taxonomy":"product_brand","embeddable":true,"href":"https:\/\/thanglongcomputer.vn\/index.php?rest_route=%2Fwp%2Fv2%2Fproduct_brand&post=2064"},{"taxonomy":"product_cat","embeddable":true,"href":"https:\/\/thanglongcomputer.vn\/index.php?rest_route=%2Fwp%2Fv2%2Fproduct_cat&post=2064"},{"taxonomy":"product_tag","embeddable":true,"href":"https:\/\/thanglongcomputer.vn\/index.php?rest_route=%2Fwp%2Fv2%2Fproduct_tag&post=2064"}],"curies":[{"name":"wp","href":"https:\/\/api.w.org\/{rel}","templated":true}]}}