{"id":2059,"date":"2025-02-18T16:53:48","date_gmt":"2025-02-18T09:53:48","guid":{"rendered":"https:\/\/thanglongcomputer.vn\/san-pham\/mainboard-msi-b760m-gaming-plus-wifi-ddr5\/"},"modified":"2025-02-28T16:38:07","modified_gmt":"2025-02-28T09:38:07","slug":"mainboard-msi-b760m-gaming-plus-wifi-ddr5","status":"publish","type":"product","link":"https:\/\/thanglongcomputer.vn\/?product=mainboard-msi-b760m-gaming-plus-wifi-ddr5","title":{"rendered":"Mainboard MSI B760M GAMING PLUS WIFI DDR5"},"content":{"rendered":"<p>Mainboard MSI B760M GAMING PLUS WIFI\u00a0 l\u00e0 m\u1ed9t s\u1ea3n ph\u1ea9m bo m\u1ea1ch ch\u1ee7 v\u00f4 c\u00f9ng \u1ea5n t\u01b0\u1ee3ng v\u00e0 ti\u00ean ti\u1ebfn c\u1ee7a h\u00e3ng MSI, h\u01b0\u1edbng t\u1edbi c\u00e1c game th\u1ee7 v\u00e0 ng\u01b0\u1eddi d\u00f9ng chuy\u00ean nghi\u1ec7p. V\u1edbi nh\u1eefng t\u00ednh n\u0103ng v\u00e0 c\u00f4ng ngh\u1ec7 \u0111\u1ec9nh cao, mainboard n\u00e0y \u0111\u00e3 ch\u1ee9ng t\u1ecf \u0111\u01b0\u1ee3c s\u1ee9c m\u1ea1nh v\u00e0 hi\u1ec7u n\u0103ng \u0111\u00e1ng kinh ng\u1ea1c trong vi\u1ec7c h\u1ed7 tr\u1ee3 c\u00e1c th\u1ebf h\u1ec7 b\u1ed9 vi x\u1eed l\u00fd Intel\u00ae Core\u2122 th\u1ebf h\u1ec7 12th\/13th, Pentium\u00ae Gold v\u00e0 Celeron\u00ae d\u00e0nh cho socket LGA 1700.<\/p>\n<p><img decoding=\"async\" class=\"loading\" src=\"https:\/\/hanoicomputercdn.com\/media\/lib\/15-12-2023\/mainboard-msi-b760m-gaming-plus-wifi-mot.jpg\" alt=\"Mainboard MSI B760M GAMING PLUS WIFI \" width=\"100%\" data-was-processed=\"true\" \/><\/p>\n","protected":false},"excerpt":{"rendered":"<p class=\"group-title\"><strong>Th\u00f4ng s\u1ed1 s\u1ea3n ph\u1ea9m<\/strong><\/p>\n<div>\n<ul>\n<li class=\"item\">Socket: LGA 1700<\/li>\n<li class=\"item\">H\u1ed7 tr\u1ee3 CPU: Intel 12th,13th<\/li>\n<li class=\"item\">H\u1ed7 tr\u1ee3 Ram: 4 khe DDR5 (T\u1ed1i \u0111a 192GB)<\/li>\n<li class=\"item\">K\u00edch th\u01b0\u1edbc: ATX<\/li>\n<\/ul>\n<\/div>\n","protected":false},"featured_media":2445,"comment_status":"open","ping_status":"closed","template":"","meta":{"_acf_changed":false},"product_brand":[283],"product_cat":[64,327],"product_tag":[370,342,140,335,338,333,231,381,343],"class_list":{"0":"post-2059","1":"product","2":"type-product","3":"status-publish","4":"has-post-thumbnail","6":"product_brand-msi","7":"product_cat-linh-kien-may-tinh","8":"product_cat-bo-mach-chu-mainboard","9":"product_tag-b760m","10":"product_tag-ddr5","11":"product_tag-gaming","12":"product_tag-intel","13":"product_tag-lga1700","14":"product_tag-matx","15":"product_tag-msi","16":"product_tag-plus","17":"product_tag-wifi","19":"first","20":"instock","21":"sale","22":"shipping-taxable","23":"purchasable","24":"product-type-simple"},"acf":[],"jetpack_sharing_enabled":true,"_links":{"self":[{"href":"https:\/\/thanglongcomputer.vn\/index.php?rest_route=\/wp\/v2\/product\/2059","targetHints":{"allow":["GET"]}}],"collection":[{"href":"https:\/\/thanglongcomputer.vn\/index.php?rest_route=\/wp\/v2\/product"}],"about":[{"href":"https:\/\/thanglongcomputer.vn\/index.php?rest_route=\/wp\/v2\/types\/product"}],"replies":[{"embeddable":true,"href":"https:\/\/thanglongcomputer.vn\/index.php?rest_route=%2Fwp%2Fv2%2Fcomments&post=2059"}],"wp:featuredmedia":[{"embeddable":true,"href":"https:\/\/thanglongcomputer.vn\/index.php?rest_route=\/wp\/v2\/media\/2445"}],"wp:attachment":[{"href":"https:\/\/thanglongcomputer.vn\/index.php?rest_route=%2Fwp%2Fv2%2Fmedia&parent=2059"}],"wp:term":[{"taxonomy":"product_brand","embeddable":true,"href":"https:\/\/thanglongcomputer.vn\/index.php?rest_route=%2Fwp%2Fv2%2Fproduct_brand&post=2059"},{"taxonomy":"product_cat","embeddable":true,"href":"https:\/\/thanglongcomputer.vn\/index.php?rest_route=%2Fwp%2Fv2%2Fproduct_cat&post=2059"},{"taxonomy":"product_tag","embeddable":true,"href":"https:\/\/thanglongcomputer.vn\/index.php?rest_route=%2Fwp%2Fv2%2Fproduct_tag&post=2059"}],"curies":[{"name":"wp","href":"https:\/\/api.w.org\/{rel}","templated":true}]}}