{"id":2057,"date":"2025-02-18T16:53:48","date_gmt":"2025-02-18T09:53:48","guid":{"rendered":"https:\/\/thanglongcomputer.vn\/san-pham\/mainboard-msi-pro-h610m-s-wifi-ddr4\/"},"modified":"2025-02-28T16:37:51","modified_gmt":"2025-02-28T09:37:51","slug":"mainboard-msi-pro-h610m-s-wifi-ddr4","status":"publish","type":"product","link":"https:\/\/thanglongcomputer.vn\/?product=mainboard-msi-pro-h610m-s-wifi-ddr4","title":{"rendered":"Mainboard MSI PRO H610M-S WIFI DDR4"},"content":{"rendered":"<p><strong>Mainboard MSI H610M PRO H610M-S WIFI DDR4 \u2013 S\u1ef1 L\u1ef1a Ch\u1ecdn Ho\u00e0n H\u1ea3o Cho D\u00e2n L\u1eafp M\u00e1y<\/strong><\/p>\n<p>Mainboard MSI H610M PRO H610M-S WIFI DDR4 l\u00e0 s\u1ef1 k\u1ebft h\u1ee3p ho\u00e0n h\u1ea3o gi\u1eefa hi\u1ec7u su\u1ea5t v\u00e0 t\u00ednh n\u0103ng, mang \u0111\u1ebfn cho ng\u01b0\u1eddi d\u00f9ng tr\u1ea3i nghi\u1ec7m tuy\u1ec7t v\u1eddi khi l\u1eafp r\u00e1p m\u00e1y t\u00ednh. V\u1edbi chipset Intel\u00ae H610 v\u00e0 kh\u1ea3 n\u0103ng h\u1ed7 tr\u1ee3 c\u00e1c vi x\u1eed l\u00fd Intel\u00ae Core\u2122 th\u1ebf h\u1ec7 th\u1ee9 12, 13, v\u00e0 14, c\u00f9ng kh\u1ea3 n\u0103ng t\u01b0\u01a1ng th\u00edch v\u1edbi b\u1ed9 nh\u1edb DDR4 l\u00ean \u0111\u1ebfn 64GB, s\u1ea3n ph\u1ea9m n\u00e0y s\u1ebd \u0111\u00e1p \u1ee9ng t\u1ed1t nhu c\u1ea7u l\u00e0m vi\u1ec7c v\u00e0 gi\u1ea3i tr\u00ed c\u1ee7a b\u1ea1n.<\/p>\n<p>T\u1ea1i\u00a0<strong>Tin H\u1ecdc Ng\u00f4i Sao<\/strong>, ch\u00fang t\u00f4i hi\u1ec7n \u0111ang ph\u00e2n ph\u1ed1i Mainboard MSI H610M PRO H610M-S WIFI DDR4 v\u1edbi m\u1ee9c gi\u00e1 c\u1ef1c k\u1ef3 h\u1ea5p d\u1eabn, gi\u00fap b\u1ea1n s\u1edf h\u1eefu s\u1ea3n ph\u1ea9m ch\u1ea5t l\u01b0\u1ee3ng m\u00e0 kh\u00f4ng lo v\u1ec1 gi\u00e1.<\/p>\n<p><strong>T\u00ednh N\u0103ng N\u1ed5i B\u1eadt C\u1ee7a Mainboard MSI H610M PRO H610M-S WIFI DDR4<\/strong><\/p>\n<p><strong>H\u1ed7 tr\u1ee3 chipset Intel\u00ae H610<\/strong>\u00a0Mainboard MSI H610M PRO H610M-S WIFI DDR4 s\u1eed d\u1ee5ng chipset Intel\u00ae H610, cung c\u1ea5p n\u1ec1n t\u1ea3ng \u1ed5n \u0111\u1ecbnh v\u00e0 m\u1ea1nh m\u1ebd cho c\u00e1c vi x\u1eed l\u00fd Intel\u00ae Core\u2122 14th\/13th\/12th Gen, Pentium\u00ae Gold v\u00e0 Celeron\u00ae.<\/p>\n<p><strong>H\u1ed7 tr\u1ee3 b\u1ed9 nh\u1edb DDR4 l\u00ean \u0111\u1ebfn 64GB<\/strong>\u00a0Mainboard h\u1ed7 tr\u1ee3 b\u1ed9 nh\u1edb DDR4 v\u1edbi nhi\u1ec1u t\u1ed1c \u0111\u1ed9 kh\u00e1c nhau t\u1eeb 1866MHz \u0111\u1ebfn 3200MHz. Kh\u1ea3 n\u0103ng m\u1edf r\u1ed9ng b\u1ed9 nh\u1edb l\u00ean \u0111\u1ebfn 64GB gi\u00fap b\u1ea1n d\u1ec5 d\u00e0ng th\u1ef1c hi\u1ec7n c\u00e1c t\u00e1c v\u1ee5 n\u1eb7ng m\u00e0 kh\u00f4ng lo thi\u1ebfu dung l\u01b0\u1ee3ng.<\/p>\n<p><strong>Kh\u1ea3 n\u0103ng k\u1ebft n\u1ed1i tuy\u1ec7t v\u1eddi<\/strong>\u00a0V\u1edbi 1 c\u1ed5ng HDMI\u2122 h\u1ed7 tr\u1ee3 \u0111\u1ed9 ph\u00e2n gi\u1ea3i l\u00ean \u0111\u1ebfn 4K \u1edf 30Hz, b\u1ea1n c\u00f3 th\u1ec3 k\u1ebft n\u1ed1i m\u00e0n h\u00ecnh v\u1edbi \u0111\u1ed9 ph\u00e2n gi\u1ea3i cao cho tr\u1ea3i nghi\u1ec7m h\u00ecnh \u1ea3nh s\u1eafc n\u00e9t. C\u00f9ng v\u1edbi \u0111\u00f3, board h\u1ed7 tr\u1ee3 k\u1ebft n\u1ed1i kh\u00f4ng d\u00e2y Wi-Fi 6E v\u00e0 Bluetooth\u00ae 5.3, gi\u00fap b\u1ea1n d\u1ec5 d\u00e0ng k\u1ebft n\u1ed1i v\u1edbi c\u00e1c thi\u1ebft b\u1ecb ngo\u1ea1i vi.<\/p>\n<p><strong>C\u1ed5ng k\u1ebft n\u1ed1i \u0111a d\u1ea1ng<\/strong>\u00a0Mainboard MSI H610M PRO H610M-S WIFI DDR4 cung c\u1ea5p nhi\u1ec1u c\u1ed5ng k\u1ebft n\u1ed1i nh\u01b0 PCI-E x16, PCI-E x1, SATA 6G, USB 2.0 v\u00e0 USB 5Gbps \u0111\u1ec3 \u0111\u00e1p \u1ee9ng t\u1ea5t c\u1ea3 c\u00e1c nhu c\u1ea7u k\u1ebft n\u1ed1i c\u1ee7a b\u1ea1n.<\/p>\n<p><strong>T\u00ednh n\u0103ng \u0111\u1eb7c bi\u1ec7t v\u00e0 h\u1ed7 tr\u1ee3 h\u1ec7 \u0111i\u1ec1u h\u00e0nh<\/strong>\u00a0Board c\u00f2n trang b\u1ecb c\u00e1c t\u00ednh n\u0103ng nh\u01b0 EZ Debug LED, h\u1ed7 tr\u1ee3 h\u1ec7 \u0111i\u1ec1u h\u00e0nh Windows\u00ae 10 v\u00e0 Windows\u00ae 11 64-bit, gi\u00fap b\u1ea1n d\u1ec5 d\u00e0ng ki\u1ec3m tra v\u00e0 kh\u1eafc ph\u1ee5c l\u1ed7i trong qu\u00e1 tr\u00ecnh s\u1eed d\u1ee5ng.<\/p>\n<p><strong>Mua ngay Mainboard MSI H610M PRO H610M-S WIFI DDR4 t\u1ea1i Tin H\u1ecdc Ng\u00f4i Sao \u0111\u1ec3 tr\u1ea3i nghi\u1ec7m ch\u1ea5t l\u01b0\u1ee3ng v\u01b0\u1ee3t tr\u1ed9i v\u00e0 m\u1ee9c gi\u00e1 \u01b0u \u0111\u00e3i!<\/strong><\/p>\n","protected":false},"excerpt":{"rendered":"<p class=\"group-title\"><strong>Th\u00f4ng s\u1ed1 s\u1ea3n ph\u1ea9m<\/strong><\/p>\n<div>\n<ul>\n<li class=\"item\">Socket: LGA1700 h\u1ed7 tr\u1ee3 CPU Intel th\u1ebf h\u1ec7 th\u1ee9 12, 13 v\u00e0 14<\/li>\n<li class=\"item\">K\u00edch th\u01b0\u1edbc: mATX<\/li>\n<li class=\"item\">Khe c\u1eafm RAM: 2 khe (T\u1ed1i \u0111a 64GB)<\/li>\n<li class=\"item\">Khe c\u1eafm m\u1edf r\u1ed9ng: 1x PCIe x16 slot, 1x PCIe x1 slot<\/li>\n<\/ul>\n<\/div>\n","protected":false},"featured_media":2410,"comment_status":"open","ping_status":"closed","template":"","meta":{"_acf_changed":false},"product_brand":[283],"product_cat":[64,327],"product_tag":[281,368,335,338,333,231,343],"class_list":{"0":"post-2057","1":"product","2":"type-product","3":"status-publish","4":"has-post-thumbnail","6":"product_brand-msi","7":"product_cat-linh-kien-may-tinh","8":"product_cat-bo-mach-chu-mainboard","9":"product_tag-ddr4","10":"product_tag-h610m","11":"product_tag-intel","12":"product_tag-lga1700","13":"product_tag-matx","14":"product_tag-msi","15":"product_tag-wifi","17":"first","18":"instock","19":"sale","20":"shipping-taxable","21":"purchasable","22":"product-type-simple"},"acf":[],"jetpack_sharing_enabled":true,"_links":{"self":[{"href":"https:\/\/thanglongcomputer.vn\/index.php?rest_route=\/wp\/v2\/product\/2057","targetHints":{"allow":["GET"]}}],"collection":[{"href":"https:\/\/thanglongcomputer.vn\/index.php?rest_route=\/wp\/v2\/product"}],"about":[{"href":"https:\/\/thanglongcomputer.vn\/index.php?rest_route=\/wp\/v2\/types\/product"}],"replies":[{"embeddable":true,"href":"https:\/\/thanglongcomputer.vn\/index.php?rest_route=%2Fwp%2Fv2%2Fcomments&post=2057"}],"wp:featuredmedia":[{"embeddable":true,"href":"https:\/\/thanglongcomputer.vn\/index.php?rest_route=\/wp\/v2\/media\/2410"}],"wp:attachment":[{"href":"https:\/\/thanglongcomputer.vn\/index.php?rest_route=%2Fwp%2Fv2%2Fmedia&parent=2057"}],"wp:term":[{"taxonomy":"product_brand","embeddable":true,"href":"https:\/\/thanglongcomputer.vn\/index.php?rest_route=%2Fwp%2Fv2%2Fproduct_brand&post=2057"},{"taxonomy":"product_cat","embeddable":true,"href":"https:\/\/thanglongcomputer.vn\/index.php?rest_route=%2Fwp%2Fv2%2Fproduct_cat&post=2057"},{"taxonomy":"product_tag","embeddable":true,"href":"https:\/\/thanglongcomputer.vn\/index.php?rest_route=%2Fwp%2Fv2%2Fproduct_tag&post=2057"}],"curies":[{"name":"wp","href":"https:\/\/api.w.org\/{rel}","templated":true}]}}