{"id":2056,"date":"2025-02-18T16:53:48","date_gmt":"2025-02-18T09:53:48","guid":{"rendered":"https:\/\/thanglongcomputer.vn\/san-pham\/mainboard-msi-pro-h610m-e-ddr4\/"},"modified":"2025-02-28T16:37:56","modified_gmt":"2025-02-28T09:37:56","slug":"mainboard-msi-pro-h610m-e-ddr4","status":"publish","type":"product","link":"https:\/\/thanglongcomputer.vn\/?product=mainboard-msi-pro-h610m-e-ddr4","title":{"rendered":"Mainboard MSI PRO H610M-E DDR4"},"content":{"rendered":"<div id=\"js-product-description\" class=\"js-static-content static-html-content\">\n<p>D\u00f2ng s\u1ea3n ph\u1ea9m\u00a0bo m\u1ea1ch ch\u1ee7\u00a0PRO series \u0111\u1ebfn t\u1eeb MSI gi\u00fap ng\u01b0\u1eddi d\u00f9ng l\u00e0m vi\u1ec7c th\u00f4ng minh h\u01a1n th\u00f4ng qua nh\u1eefng tr\u1ea3i nghi\u1ec7m s\u00e1ng t\u1ea1o v\u00e0 hi\u1ec7u qu\u1ea3. \u0110\u01b0\u1ee3c l\u1eafp r\u00e1p v\u1edbi nh\u1eefng t\u00ednh n\u0103ng \u1ed5n \u0111\u1ecbnh v\u00e0 ch\u1ea5t l\u01b0\u1ee3ng cao, bo m\u1ea1ch ch\u1ee7 PRO series \u0111em \u0111\u1ebfn kh\u00f4ng ch\u1ec9 quy tr\u00ecnh c\u00f4ng vi\u1ec7c chuy\u00ean nghi\u1ec7p t\u1ed1i \u01b0u, m\u00e0 c\u00f2n \u00edt l\u1ed7i h\u01a1n v\u00e0 b\u1ec1n b\u1ec9 h\u01a1n.<\/p>\n<p><img decoding=\"async\" class=\"loading\" src=\"https:\/\/hanoicomputercdn.com\/media\/lib\/23-09-2022\/mainboard-msi-pro-h610m-e-ddr4-mota2.jpg\" alt=\"Mainboard MSI PRO H610M-E DDR4\" width=\"100%\" data-was-processed=\"true\" \/><\/p>\n<p><img decoding=\"async\" class=\"loading\" src=\"https:\/\/hanoicomputercdn.com\/media\/lib\/23-09-2022\/mainboard-msi-pro-h610m-e-ddr4-mota3.jpg\" alt=\"Mainboard MSI PRO H610M-E DDR4\" width=\"100%\" data-was-processed=\"true\" \/><\/p>\n<p><img decoding=\"async\" class=\"loading\" src=\"https:\/\/hanoicomputercdn.com\/media\/lib\/23-09-2022\/mainboard-msi-pro-h610m-e-ddr4-mota4.jpg\" alt=\"Mainboard MSI PRO H610M-E DDR4\" width=\"100%\" data-was-processed=\"true\" \/><\/p>\n<p><img decoding=\"async\" class=\"loading\" src=\"https:\/\/hanoicomputercdn.com\/media\/lib\/23-09-2022\/mainboard-msi-pro-h610m-e-ddr4-mota1.jpg\" alt=\"Mainboard MSI PRO H610M-E DDR4\" width=\"100%\" data-was-processed=\"true\" \/><\/p>\n<p><img decoding=\"async\" class=\"loading\" src=\"https:\/\/hanoicomputercdn.com\/media\/lib\/23-09-2022\/mainboard-msi-pro-h610m-e-ddr4-mota6.jpg\" alt=\"Mainboard MSI PRO H610M-E DDR4\" width=\"100%\" data-was-processed=\"true\" \/><\/p>\n<p><img decoding=\"async\" class=\"loading\" src=\"https:\/\/hanoicomputercdn.com\/media\/lib\/23-09-2022\/mainboard-msi-pro-h610m-e-ddr4-mota7.jpg\" alt=\"Mainboard MSI PRO H610M-E DDR4\" width=\"100%\" data-was-processed=\"true\" \/><\/p>\n<\/div>\n<div class=\"static-btn-group\"><\/div>\n","protected":false},"excerpt":{"rendered":"<p class=\"group-title\"><strong>Th\u00f4ng s\u1ed1 s\u1ea3n ph\u1ea9m<\/strong><\/p>\n<div>\n<ul>\n<li class=\"item\">Socket: 1700<\/li>\n<li class=\"item\">K\u00edch th\u01b0\u1edbc: Mirco-ATX<\/li>\n<li class=\"item\">Khe c\u1eafm RAM: 2 khe (T\u1ed1i \u0111a 64GB)<\/li>\n<\/ul>\n<\/div>\n","protected":false},"featured_media":2424,"comment_status":"open","ping_status":"closed","template":"","meta":{"_acf_changed":false},"product_brand":[283],"product_cat":[64,327],"product_tag":[281,368,335,338,333,231],"class_list":{"0":"post-2056","1":"product","2":"type-product","3":"status-publish","4":"has-post-thumbnail","6":"product_brand-msi","7":"product_cat-linh-kien-may-tinh","8":"product_cat-bo-mach-chu-mainboard","9":"product_tag-ddr4","10":"product_tag-h610m","11":"product_tag-intel","12":"product_tag-lga1700","13":"product_tag-matx","14":"product_tag-msi","16":"first","17":"instock","18":"sale","19":"shipping-taxable","20":"purchasable","21":"product-type-simple"},"acf":[],"jetpack_sharing_enabled":true,"_links":{"self":[{"href":"https:\/\/thanglongcomputer.vn\/index.php?rest_route=\/wp\/v2\/product\/2056","targetHints":{"allow":["GET"]}}],"collection":[{"href":"https:\/\/thanglongcomputer.vn\/index.php?rest_route=\/wp\/v2\/product"}],"about":[{"href":"https:\/\/thanglongcomputer.vn\/index.php?rest_route=\/wp\/v2\/types\/product"}],"replies":[{"embeddable":true,"href":"https:\/\/thanglongcomputer.vn\/index.php?rest_route=%2Fwp%2Fv2%2Fcomments&post=2056"}],"wp:featuredmedia":[{"embeddable":true,"href":"https:\/\/thanglongcomputer.vn\/index.php?rest_route=\/wp\/v2\/media\/2424"}],"wp:attachment":[{"href":"https:\/\/thanglongcomputer.vn\/index.php?rest_route=%2Fwp%2Fv2%2Fmedia&parent=2056"}],"wp:term":[{"taxonomy":"product_brand","embeddable":true,"href":"https:\/\/thanglongcomputer.vn\/index.php?rest_route=%2Fwp%2Fv2%2Fproduct_brand&post=2056"},{"taxonomy":"product_cat","embeddable":true,"href":"https:\/\/thanglongcomputer.vn\/index.php?rest_route=%2Fwp%2Fv2%2Fproduct_cat&post=2056"},{"taxonomy":"product_tag","embeddable":true,"href":"https:\/\/thanglongcomputer.vn\/index.php?rest_route=%2Fwp%2Fv2%2Fproduct_tag&post=2056"}],"curies":[{"name":"wp","href":"https:\/\/api.w.org\/{rel}","templated":true}]}}