{"id":2055,"date":"2025-02-18T16:53:48","date_gmt":"2025-02-18T09:53:48","guid":{"rendered":"https:\/\/thanglongcomputer.vn\/san-pham\/mainboard-msi-b450m-a-pro-max-ii\/"},"modified":"2025-02-28T16:38:20","modified_gmt":"2025-02-28T09:38:20","slug":"mainboard-msi-b450m-a-pro-max-ii","status":"publish","type":"product","link":"https:\/\/thanglongcomputer.vn\/?product=mainboard-msi-b450m-a-pro-max-ii","title":{"rendered":"Mainboard MSI B450M-A PRO MAX II"},"content":{"rendered":"<h2 class=\"box-title\">\u0110\u00e1nh gi\u00e1: Mainboard MSI B450M-A PRO MAX II<\/h2>\n<div class=\"static-html-group js-static-container\">\n<div id=\"js-product-description\" class=\"js-static-content static-html-content\">\n<div id=\"productFeature-section\" class=\"msi_mb section-container product-section theme-pro\">\n<section class=\"mb-thumbnail\">\n<div class=\"thumbnail-wrap\">\n<div class=\"thumbnail-img\"><img decoding=\"async\" class=\"loading\" src=\"https:\/\/storage-asset.msi.com\/global\/picture\/image\/feature\/mb\/Z390\/MainSection\/thumbnail-diy-friendly.jpg\" alt=\"thumbnail-diy-friendly\" data-was-processed=\"true\" \/><\/div>\n<div class=\"thumbnail-feature\">\n<p>DIY FRIENDLY<\/p>\n<\/div>\n<\/div>\n<div class=\"thumbnail-wrap\">\n<div class=\"thumbnail-feature\">\n<p>Enhanced Performance<\/p>\n<\/div>\n<\/div>\n<div class=\"thumbnail-wrap\">\n<div class=\"thumbnail-feature\">\n<p>In-Studio Advantage<\/p>\n<\/div>\n<\/div>\n<div class=\"thumbnail-wrap\">\n<div class=\"thumbnail-img\"><\/div>\n<div class=\"thumbnail-feature\">\n<p>Exhilarating and Inspiring<\/p>\n<\/div>\n<\/div>\n<div class=\"thumbnail-wrap\">\n<div class=\"thumbnail-img\"><\/div>\n<div class=\"thumbnail-feature\">\n<p>Loyal Comrade<\/p>\n<\/div>\n<\/div>\n<\/section>\n<section id=\"iobox\" class=\"iobox\">\n<div class=\"container\">\n<h3>B450M-A PRO MAX II<\/h3>\n<h2>STRONGER THAN STEEL<\/h2>\n<div class=\"ioboxs\">\n<div class=\"pd\"><img decoding=\"async\" class=\"loading\" src=\"https:\/\/storage-asset.msi.com\/global\/picture\/image\/feature\/mb\/B450\/B450MAProMaxII\/b450m-apro-max-II.png\" alt=\"\" data-was-processed=\"true\" \/><\/div>\n<ul class=\"ioleft\">\n<li>Keyboard &amp; Mouse<\/li>\n<li>DVI-D<\/li>\n<li>HDMI\u2122<\/li>\n<li>USB 3.2 Gen1<\/li>\n<li>USB 3.2 Gen1<\/li>\n<li>USB 2.0 &amp; LAN Port<\/li>\n<li>HD Audio Connectors<\/li>\n<\/ul>\n<ul class=\"ioright\">\n<li><strong>DDR4 Boost<\/strong>\u00a0Optimized traces and isolated memory<\/li>\n<li><strong>Turbo M.2<\/strong>\u00a0Running at PCI-E Gen3 x4 maximizes performance for NVMe based SSDs<\/li>\n<li><strong>Heavy Plated Heatsinks<\/strong>\u00a0Leading heatsinks design, for maximum cooling<\/li>\n<li><strong>Audio Boost<\/strong>\u00a0Reward your ears with studio grade sound quality<\/li>\n<\/ul>\n<\/div>\n<\/div>\n<\/section>\n<section id=\"DIY-Friendly\" class=\"mb-main-block gray-section\">\n<div class=\"main-block-container img-at-left\">\n<div class=\"main-block-img\"><img decoding=\"async\" class=\"img-responsive loading\" src=\"https:\/\/storage-asset.msi.com\/global\/picture\/image\/feature\/mb\/B450\/B450mProVdhV2\/amd-friendly.jpg\" alt=\"\" data-was-processed=\"true\" \/><\/div>\n<div class=\"main-block-content\">\n<div class=\"main-title\">DIY FRIENDLY<\/div>\n<p class=\"main-content\">MSI motherboards feature tons of convenient and smart design, such as convenient pin-header keep out zone, friendly SATA &amp; USB location and so on, so DIY users can pick and choose any gaming rig\u00a0they want.<\/p>\n<\/div>\n<\/div>\n<div class=\"main-block-category container-fluid\">\n<div class=\"row\">\n<div id=\"cooling\" class=\"section-\">\n<div class=\"col-sm-6 categoty-wrap\">\n<div class=\"main-img\"><img decoding=\"async\" class=\"img-responsive loading\" src=\"https:\/\/storage-asset.msi.com\/global\/picture\/image\/feature\/mb\/B450\/B450MAProMaxII\/sub-hero-cooling.jpg\" alt=\"\" data-was-processed=\"true\" \/><\/p>\n<div class=\"learn-more-btn\">LEARN MORE<\/div>\n<\/div>\n<div class=\"main-title\">Cooling<\/div>\n<p class=\"main-content\">Cooling your PC is essential for reliable performance. MSI motherboards feature excellent power design with solid and heavy heatsink. We&#8217;ve made sure to include enough fan headers with full control to allow you to cool your system any way you want.<\/p>\n<\/div>\n<\/div>\n<div id=\"bios-and-software\" class=\"section-\">\n<div class=\"col-sm-6 categoty-wrap\">\n<div class=\"main-img\"><img decoding=\"async\" class=\"img-responsive loading\" src=\"https:\/\/storage-asset.msi.com\/global\/picture\/image\/feature\/mb\/Z390\/MainSection\/bios.jpg\" alt=\"\" data-was-processed=\"true\" \/><\/p>\n<div class=\"learn-more-btn\">LEARN MORE<\/div>\n<\/div>\n<div class=\"main-title\">BIOS and Software<\/div>\n<p class=\"main-content\">With years of experience in creating performance enhancing tools that are easy to use, only the highest quality applications are at your disposal. Use these tools to get the most out of your motherboard and achieve victory when gaming. Moreover, we made sure our BIOS contains all the latest options and is easy to use for everyone. The extensive features let you fine-tune your system to deliver reliable maximum performance.<\/p>\n<\/div>\n<\/div>\n<div id=\"compatibility-pro\" class=\"section-\">\n<div class=\"col-sm-6 categoty-wrap\">\n<div class=\"main-img\"><img decoding=\"async\" class=\"img-responsive loading\" src=\"https:\/\/storage-asset.msi.com\/global\/picture\/image\/feature\/mb\/X570\/A-Pro\/compatibility-pro.jpg\" alt=\"\" data-was-processed=\"true\" \/><\/p>\n<div class=\"learn-more-btn\">LEARN MORE<\/div>\n<\/div>\n<div class=\"main-title\">Compatibility<\/div>\n<p class=\"main-content\">Every MSI motherboards are certified by strict mechanic that feature convenient pin-header keep out zone, friendly SATA &amp; USB location for compatibility with the widest range of components and devices, so DIY user can pick and choose the components they want. More than that, we offer a dedicated Qualified Vendor List (QVL) for the most critical part &#8211; memory. Combining with MSI DDR4 Boost technology, we provide the maximum compatibility even over clocking, so you confirm and choose any gaming rig as you want.<\/p>\n<\/div>\n<\/div>\n<\/div>\n<\/div>\n<\/section>\n<section id=\"Enhanced-Performance\" class=\"mb-main-block \">\n<div class=\"main-block-container img-at-right\">\n<div class=\"main-block-img\"><img decoding=\"async\" class=\"img-responsive loading\" src=\"https:\/\/storage-asset.msi.com\/global\/picture\/image\/feature\/mb\/B450\/B450MAProMaxII\/main-hero-performance.jpg\" alt=\"\" data-was-processed=\"true\" \/><\/div>\n<div class=\"main-block-content\">\n<div class=\"main-title\">ENHANCED PERFORMANCE<\/div>\n<p class=\"main-content\">MSI motherboards featured all the latest solution for enthusiast gamers and prosumers. CPU and memory enhancement and fast storage and USB transfer speed are ready to be on the battlefield.<\/p>\n<\/div>\n<\/div>\n<div class=\"main-block-category container-fluid\">\n<div class=\"row\">\n<div id=\"cpu\" class=\"section-\">\n<div class=\"col-sm-6 categoty-wrap\">\n<div class=\"main-img\"><img decoding=\"async\" class=\"img-responsive loading\" src=\"https:\/\/storage-asset.msi.com\/global\/picture\/image\/feature\/mb\/X570\/all\/x570-cpu.jpg\" alt=\"\" data-was-processed=\"true\" \/><\/p>\n<div class=\"learn-more-btn\">LEARN MORE<\/div>\n<\/div>\n<div class=\"main-title\">CPU<\/div>\n<p class=\"main-content msiText\">Power on your RYZEN processor with optimized circuit layouts and high quality power delivery parts for an incredibly stable operation.<\/p>\n<\/div>\n<\/div>\n<div id=\"storage\" class=\"section-\">\n<div class=\"col-sm-6 categoty-wrap\">\n<div class=\"main-img\"><img decoding=\"async\" class=\"img-responsive loading\" src=\"https:\/\/storage-asset.msi.com\/global\/picture\/image\/feature\/mb\/B450\/B450MAProMaxII\/sub-hero-storage.jpg\" alt=\"\" data-was-processed=\"true\" \/><\/p>\n<div class=\"learn-more-btn\">LEARN MORE<\/div>\n<\/div>\n<div class=\"main-title\">Storage<\/div>\n<p class=\"main-content\">MSI motherboards support all the latest storage standards, which allows users to connect any ultra-fast storage device. Start games faster, load levels faster and have a real advantage over your enemies.<\/p>\n<\/div>\n<\/div>\n<\/div>\n<\/div>\n<\/section>\n<section id=\"In-game-Advantage\" class=\"mb-main-block gray-section\">\n<div class=\"main-block-container img-at-left\">\n<div class=\"main-block-img\"><img decoding=\"async\" class=\"img-responsive loading\" src=\"https:\/\/storage-asset.msi.com\/global\/picture\/features\/MB\/Pro\/Z390\/Z390APro\/in-studio-hero.jpg\" alt=\"\" data-was-processed=\"true\" \/><\/div>\n<div class=\"main-block-content\">\n<div class=\"main-title\">IN-STUDIO ADVANTAGE<\/div>\n<p class=\"main-content\">MSI motherboards provide the most fascinating in-studio advantages, designed to satisfy any professional workflow. Elevate your listening pleasure and network connection with MSI Audio &amp; LAN. Enjoy extreme sound quality and uninterrupted online experience.<\/p>\n<\/div>\n<\/div>\n<div class=\"main-block-category container-fluid\">\n<div class=\"row\">\n<div id=\"audio\" class=\"section-\">\n<div class=\"col-sm-6 categoty-wrap\">\n<div class=\"main-img\"><img decoding=\"async\" class=\"img-responsive loading\" src=\"https:\/\/storage-asset.msi.com\/global\/picture\/image\/feature\/mb\/B450\/B450MAProMaxII\/sub-hero-audio.jpg\" alt=\"\" data-was-processed=\"true\" \/><\/p>\n<div class=\"learn-more-btn\">LEARN MORE<\/div>\n<\/div>\n<div class=\"main-title\">Audio<\/div>\n<p class=\"main-content\">Reward your ears with studio grade sound quality. MSI Audio Boost delivers the highest sound quality through the use of premium quality audio components. This lets you enjoy breathtaking, studio quality sound to create the most immersive sound experience.<\/p>\n<\/div>\n<\/div>\n<\/div>\n<\/div>\n<\/section>\n<section id=\"Exhilarating-And-Inspiring\" class=\"mb-main-block \">\n<div class=\"main-block-container img-at-right\">\n<div class=\"main-block-img\"><img decoding=\"async\" class=\"img-responsive loading\" src=\"http:\/\/storage-asset.msi.com\/global\/picture\/image\/feature\/mb\/Z390\/MainSection\/sectionExhilaratingAndInspiring.jpg\" alt=\"\" data-was-processed=\"true\" \/><\/div>\n<div class=\"main-block-content\">\n<div class=\"main-title\">EXHILARATING AND INSPIRING<\/div>\n<p class=\"main-content\">Each MSI motherboard is built based on the specific topic in order to match different tastes and favors. Furthermore, MSI also adopts the modern style to design the heatsink through huge surface and sleek but simple cuts in order to make the heatsink and appearance looks ripped and powerful. Combined with neutral color, such as black, grey and silver, as the main background, MSI motherboard can perfect fit different RGB LED effects and strongly shows the gamers tunes.<\/p>\n<\/div>\n<\/div>\n<div class=\"main-block-category container-fluid\">\n<div class=\"row\">\n<div id=\"id\" class=\"section-\">\n<div class=\"col-sm-6 categoty-wrap\">\n<div class=\"main-img\"><img decoding=\"async\" class=\"img-responsive loading\" src=\"https:\/\/storage-asset.msi.com\/global\/picture\/image\/feature\/mb\/B450\/B450MAProMaxII\/sub-hero-id.jpg\" alt=\"\" data-was-processed=\"true\" \/><\/div>\n<\/div>\n<\/div>\n<\/div>\n<\/div>\n<\/section>\n<\/div>\n<\/div>\n<\/div>\n","protected":false},"excerpt":{"rendered":"<p class=\"group-title\"><strong>Th\u00f4ng s\u1ed1 s\u1ea3n ph\u1ea9m<\/strong><\/p>\n<div>\n<ul>\n<li class=\"item\">H\u1ed7 tr\u1ee3 CPU: AMD Socket AM4<\/li>\n<li class=\"item\">Socket: AMD AM5<\/li>\n<li class=\"item\">H\u1ed7 tr\u1ee3 Ram: 2 x DDR4 (Max 64GB)<\/li>\n<li class=\"item\">K\u00edch th\u01b0\u1edbc: m-ATX<\/li>\n<\/ul>\n<\/div>\n","protected":false},"featured_media":2454,"comment_status":"open","ping_status":"closed","template":"","meta":{"_acf_changed":false},"product_brand":[283],"product_cat":[64,327],"product_tag":[360,361,365,281,333,393,231,371],"class_list":{"0":"post-2055","1":"product","2":"type-product","3":"status-publish","4":"has-post-thumbnail","6":"product_brand-msi","7":"product_cat-linh-kien-may-tinh","8":"product_cat-bo-mach-chu-mainboard","9":"product_tag-am4","10":"product_tag-amd","11":"product_tag-b450m","12":"product_tag-ddr4","13":"product_tag-matx","14":"product_tag-maxii","15":"product_tag-msi","16":"product_tag-pro","18":"first","19":"instock","20":"sale","21":"shipping-taxable","22":"purchasable","23":"product-type-simple"},"acf":[],"jetpack_sharing_enabled":true,"_links":{"self":[{"href":"https:\/\/thanglongcomputer.vn\/index.php?rest_route=\/wp\/v2\/product\/2055","targetHints":{"allow":["GET"]}}],"collection":[{"href":"https:\/\/thanglongcomputer.vn\/index.php?rest_route=\/wp\/v2\/product"}],"about":[{"href":"https:\/\/thanglongcomputer.vn\/index.php?rest_route=\/wp\/v2\/types\/product"}],"replies":[{"embeddable":true,"href":"https:\/\/thanglongcomputer.vn\/index.php?rest_route=%2Fwp%2Fv2%2Fcomments&post=2055"}],"wp:featuredmedia":[{"embeddable":true,"href":"https:\/\/thanglongcomputer.vn\/index.php?rest_route=\/wp\/v2\/media\/2454"}],"wp:attachment":[{"href":"https:\/\/thanglongcomputer.vn\/index.php?rest_route=%2Fwp%2Fv2%2Fmedia&parent=2055"}],"wp:term":[{"taxonomy":"product_brand","embeddable":true,"href":"https:\/\/thanglongcomputer.vn\/index.php?rest_route=%2Fwp%2Fv2%2Fproduct_brand&post=2055"},{"taxonomy":"product_cat","embeddable":true,"href":"https:\/\/thanglongcomputer.vn\/index.php?rest_route=%2Fwp%2Fv2%2Fproduct_cat&post=2055"},{"taxonomy":"product_tag","embeddable":true,"href":"https:\/\/thanglongcomputer.vn\/index.php?rest_route=%2Fwp%2Fv2%2Fproduct_tag&post=2055"}],"curies":[{"name":"wp","href":"https:\/\/api.w.org\/{rel}","templated":true}]}}