{"id":2054,"date":"2025-02-18T16:53:48","date_gmt":"2025-02-18T09:53:48","guid":{"rendered":"https:\/\/thanglongcomputer.vn\/san-pham\/mainboard-msi-pro-h510m-b\/"},"modified":"2025-02-28T16:37:47","modified_gmt":"2025-02-28T09:37:47","slug":"mainboard-msi-pro-h510m-b","status":"publish","type":"product","link":"https:\/\/thanglongcomputer.vn\/?product=mainboard-msi-pro-h510m-b","title":{"rendered":"Mainboard MSI PRO H510M-B"},"content":{"rendered":"<p>L\u00e0 s\u1ea3n ph\u1ea9m thu\u1ed9c ph\u00e2n kh\u00fac ph\u1ed5 th\u00f4ng n\u00ean\u00a0<span data-darkreader-inline-color=\"\"><strong>Mainboard MSI PRO H510M-B<\/strong><\/span>\u00a0s\u1edf h\u1eefu thi\u1ebft k\u1ebf \u0111\u01a1n gi\u1ea3n v\u1edbi t\u00f4ng m\u00e0u \u0111en nh\u00e1m xuy\u00ean su\u1ed1t tr\u00ean m\u1ea1ch. K\u00edch th\u01b0\u1edbc Micro ATX ti\u1ebft ki\u1ec7m kh\u00f4ng gian b\u00ean trong ph\u00f9 h\u1ee3p v\u1edbi h\u1ea7u h\u1ebft c\u00e1c lo\u1ea1i v\u1ecf case ph\u1ed5 bi\u1ebfn hi\u1ec7n nay.<\/p>\n<p>Mainboard MSI\u00a0PRO H510M-B\u00a0s\u1eed d\u1ee5ng socket LGA1200 h\u1ed7 tr\u1ee3 l\u1eafp \u0111\u1eb7t c\u00e1c CPU Intel th\u1ebf h\u1ec7 10 v\u00e0 11. 2 khe c\u1eafm RAM h\u1ed7 tr\u1ee3 t\u1ed5ng dung l\u01b0\u1ee3ng b\u1ed9 nh\u1edb l\u00ean t\u1edbi 64GB tho\u1ea3i m\u00e1i cho c\u00e1c c\u1ea5u h\u00ecnh PC v\u0103n ph\u00f2ng, gamenet. Kh\u1ea3 n\u0103ng t\u01b0\u01a1ng th\u00edch v\u1edbi c\u00e1c linh ki\u1ec7n l\u01b0u tr\u1eef cao khi mainboard n\u00e0y s\u1edf h\u1eefu 1 c\u1ed5ng M.2 d\u00e0nh cho c\u00e1c SSD NVMe t\u1ed1c \u0111\u1ed9 cao, 4 c\u1ed5ng SATA d\u00e0nh cho c\u00e1c \u1ed5 c\u1ee9ng truy\u1ec1n th\u1ed1ng 2.5 v\u00e0 3.5.<\/p>\n<p>&nbsp;<\/p>\n<h2><span data-darkreader-inline-color=\"\"><strong>K\u1ebft n\u1ed1i \u0111\u1ea7y \u0111\u1ee7<\/strong><\/span><\/h2>\n<p><img decoding=\"async\" src=\"https:\/\/anphat.com.vn\/media\/lib\/23-08-2023\/msiproh510m-b.jpg\" alt=\"\" \/><\/p>\n<p>\u0110\u1ec3 \u0111\u00e1p \u1ee9ng c\u00e1c nhu c\u1ea7u k\u1ebft n\u1ed1i c\u01a1 b\u1ea3n, chi\u1ebfc mainboard n\u00e0y s\u1eed d\u1ee5ng 2 c\u1ed5ng xu\u1ea5t h\u00ecnh HDMI v\u00e0 VGA gi\u00fap m\u00e1y c\u00f3 th\u1ec3 \u0111\u1ed3ng th\u1eddi xu\u1ea5t h\u00ecnh ra 2 m\u00e0n m\u00e0 kh\u00f4ng c\u1ea7n t\u1edbi card m\u00e0n h\u00ecnh r\u1eddi. 6 c\u1ed5ng USB cho kh\u1ea3 n\u0103ng k\u1ebft n\u1ed1i nhi\u1ec1u thi\u1ebft b\u1ecb ngo\u1ea1i vi, \u1ed5 c\u1ee9ng di \u0111\u1ed9ng. C\u1ed5ng m\u1ea1ng LAN v\u00e0 3 lo\u1ea1i \u0111\u01b0\u1eddng ti\u1ebfng 3.5 c\u0169ng \u0111\u01b0\u1ee3c h\u1ed7 tr\u1ee3 \u0111\u1ea7y \u0111\u1ee7.<\/p>\n","protected":false},"excerpt":{"rendered":"<p class=\"group-title\">Th\u00f4ng s\u1ed1 s\u1ea3n ph\u1ea9m<\/p>\n<div>\n<div class=\"item\">Socket: LGA 1200 Supports 10th Gen Intel Core and Pentium Gold\/Celeron processors<\/div>\n<div class=\"item\">K\u00edch th\u01b0\u1edbc: mATX<\/div>\n<div class=\"item\">Khe c\u1eafm RAM: 2 khe (T\u1ed1i \u0111a 64GB)<\/div>\n<div class=\"item\">Khe c\u1eafm m\u1edf r\u1ed9ng: 1x PCI-E x16 slot, 1x PCI-E x1 slot<\/div>\n<\/div>\n","protected":false},"featured_media":2481,"comment_status":"open","ping_status":"closed","template":"","meta":{"_acf_changed":false},"product_brand":[283],"product_cat":[64,327],"product_tag":[281,367,335,334,333,231,371],"class_list":{"0":"post-2054","1":"product","2":"type-product","3":"status-publish","4":"has-post-thumbnail","6":"product_brand-msi","7":"product_cat-linh-kien-may-tinh","8":"product_cat-bo-mach-chu-mainboard","9":"product_tag-ddr4","10":"product_tag-h510m","11":"product_tag-intel","12":"product_tag-lga1200","13":"product_tag-matx","14":"product_tag-msi","15":"product_tag-pro","17":"first","18":"instock","19":"sale","20":"shipping-taxable","21":"purchasable","22":"product-type-simple"},"acf":[],"jetpack_sharing_enabled":true,"_links":{"self":[{"href":"https:\/\/thanglongcomputer.vn\/index.php?rest_route=\/wp\/v2\/product\/2054","targetHints":{"allow":["GET"]}}],"collection":[{"href":"https:\/\/thanglongcomputer.vn\/index.php?rest_route=\/wp\/v2\/product"}],"about":[{"href":"https:\/\/thanglongcomputer.vn\/index.php?rest_route=\/wp\/v2\/types\/product"}],"replies":[{"embeddable":true,"href":"https:\/\/thanglongcomputer.vn\/index.php?rest_route=%2Fwp%2Fv2%2Fcomments&post=2054"}],"wp:featuredmedia":[{"embeddable":true,"href":"https:\/\/thanglongcomputer.vn\/index.php?rest_route=\/wp\/v2\/media\/2481"}],"wp:attachment":[{"href":"https:\/\/thanglongcomputer.vn\/index.php?rest_route=%2Fwp%2Fv2%2Fmedia&parent=2054"}],"wp:term":[{"taxonomy":"product_brand","embeddable":true,"href":"https:\/\/thanglongcomputer.vn\/index.php?rest_route=%2Fwp%2Fv2%2Fproduct_brand&post=2054"},{"taxonomy":"product_cat","embeddable":true,"href":"https:\/\/thanglongcomputer.vn\/index.php?rest_route=%2Fwp%2Fv2%2Fproduct_cat&post=2054"},{"taxonomy":"product_tag","embeddable":true,"href":"https:\/\/thanglongcomputer.vn\/index.php?rest_route=%2Fwp%2Fv2%2Fproduct_tag&post=2054"}],"curies":[{"name":"wp","href":"https:\/\/api.w.org\/{rel}","templated":true}]}}