{"id":2052,"date":"2025-02-18T16:53:46","date_gmt":"2025-02-18T09:53:46","guid":{"rendered":"https:\/\/thanglongcomputer.vn\/san-pham\/mainboard-gigabyte-x870-aorus-elite-wifi7\/"},"modified":"2025-02-20T17:30:22","modified_gmt":"2025-02-20T10:30:22","slug":"mainboard-gigabyte-x870-aorus-elite-wifi7","status":"publish","type":"product","link":"https:\/\/thanglongcomputer.vn\/?product=mainboard-gigabyte-x870-aorus-elite-wifi7","title":{"rendered":"Mainboard Gigabyte X870 AORUS ELITE WIFI7"},"content":{"rendered":"<p><span data-darkreader-inline-color=\"\"><strong>Mainboard Gigabyte X870 Aorus Elite Wifi7 DDR5<\/strong><\/span>\u00a0l\u00e0 m\u1ed9t l\u1ef1a ch\u1ecdn tuy\u1ec7t v\u1eddi cho c\u00e1c game th\u1ee7 v\u00e0 ng\u01b0\u1eddi d\u00f9ng chuy\u00ean nghi\u1ec7p c\u1ea7n hi\u1ec7u su\u1ea5t cao v\u00e0 c\u00f4ng ngh\u1ec7 ti\u00ean ti\u1ebfn nh\u1ea5t. V\u1edbi thi\u1ebft k\u1ebf hi\u1ec7n \u0111\u1ea1i, h\u1ed7 tr\u1ee3 t\u1ed1i \u0111a c\u00e1c d\u00f2ng vi x\u1eed l\u00fd AMD Ryzen th\u1ebf h\u1ec7 m\u1edbi nh\u1ea5t v\u00e0 k\u1ebft n\u1ed1i kh\u00f4ng d\u00e2y m\u1ea1nh m\u1ebd, bo m\u1ea1ch ch\u1ee7 n\u00e0y mang l\u1ea1i tr\u1ea3i nghi\u1ec7m to\u00e0n di\u1ec7n v\u1ec1 c\u1ea3 hi\u1ec7u n\u0103ng v\u00e0 t\u00ednh \u1ed5n \u0111\u1ecbnh.<\/p>\n<p><img loading=\"lazy\" decoding=\"async\" src=\"https:\/\/anphat.com.vn\/media\/product\/50229_mainboard_gigabyte_x870_aorus_elite_wifi7_ddr5__1_.jpg\" alt=\"\" width=\"600\" height=\"600\" \/><\/p>\n<h3><span data-darkreader-inline-color=\"\"><strong>T\u01b0\u01a1ng th\u00edch v\u1edbi AMD Ryzen th\u1ebf h\u1ec7 m\u1edbi<\/strong><\/span><\/h3>\n<p>Gigabyte X870 Aorus Elite Wifi7 \u0111\u01b0\u1ee3c trang b\u1ecb socket AM5, h\u1ed7 tr\u1ee3 c\u00e1c d\u00f2ng vi x\u1eed l\u00fd AMD Ryzen 7000, 8000 v\u00e0 9000 series. \u0110\u00e2y l\u00e0 n\u1ec1n t\u1ea3ng l\u00fd t\u01b0\u1edfng \u0111\u1ec3 khai th\u00e1c t\u1ed1i \u0111a hi\u1ec7u su\u1ea5t t\u1eeb c\u00e1c CPU m\u1ea1nh m\u1ebd nh\u1ea5t c\u1ee7a AMD, ph\u00f9 h\u1ee3p cho c\u1ea3 game th\u1ee7 v\u00e0 ng\u01b0\u1eddi d\u00f9ng l\u00e0m vi\u1ec7c v\u1edbi c\u00e1c t\u00e1c v\u1ee5 n\u1eb7ng nh\u01b0 \u0111\u1ed3 h\u1ecda, ch\u1ec9nh s\u1eeda video, v\u00e0 t\u00ednh to\u00e1n \u0111a nh\u00e2n.<\/p>\n<h3><span data-darkreader-inline-color=\"\"><strong>H\u1ed7 tr\u1ee3 RAM DDR5 l\u00ean \u0111\u1ebfn 256GB<\/strong><\/span><\/h3>\n<p>Bo m\u1ea1ch ch\u1ee7 n\u00e0y \u0111\u01b0\u1ee3c trang b\u1ecb 4 khe c\u1eafm RAM DDR5, h\u1ed7 tr\u1ee3 dung l\u01b0\u1ee3ng t\u1ed1i \u0111a l\u00ean \u0111\u1ebfn 256GB. DDR5 kh\u00f4ng ch\u1ec9 mang l\u1ea1i t\u1ed1c \u0111\u1ed9 truy\u1ec1n t\u1ea3i d\u1eef li\u1ec7u nhanh h\u01a1n so v\u1edbi DDR4 m\u00e0 c\u00f2n c\u1ea3i thi\u1ec7n hi\u1ec7u qu\u1ea3 n\u0103ng l\u01b0\u1ee3ng, gi\u00fap t\u1ed1i \u01b0u h\u00f3a hi\u1ec7u su\u1ea5t to\u00e0n h\u1ec7 th\u1ed1ng. Nh\u1edd v\u1eady, b\u1ea1n c\u00f3 th\u1ec3 t\u1eadn h\u01b0\u1edfng kh\u1ea3 n\u0103ng x\u1eed l\u00fd v\u01b0\u1ee3t tr\u1ed9i khi th\u1ef1c hi\u1ec7n c\u00e1c t\u00e1c v\u1ee5 \u0111a nhi\u1ec7m hay ch\u01a1i game \u0111\u00f2i h\u1ecfi c\u1ea5u h\u00ecnh cao.<\/p>\n<p><img loading=\"lazy\" decoding=\"async\" src=\"https:\/\/anphat.com.vn\/media\/product\/50229_mainboard_gigabyte_x870_aorus_elite_wifi7_ddr5__3_.jpg\" alt=\"\" width=\"600\" height=\"600\" \/><\/p>\n<h3><span data-darkreader-inline-color=\"\"><strong>H\u1ec7 th\u1ed1ng khe c\u1eafm m\u1edf r\u1ed9ng linh ho\u1ea1t<\/strong><\/span><\/h3>\n<p>X870 Aorus Elite Wifi7 cung c\u1ea5p 3 khe c\u1eafm PCI Express, bao g\u1ed3m 1 khe PCIe 5.0 x16 cho card \u0111\u1ed3 h\u1ecda v\u00e0 2 khe PCIe 4.0 x4 v\u00e0 x2, cho ph\u00e9p l\u1eafp \u0111\u1eb7t c\u00e1c card m\u1edf r\u1ed9ng nh\u01b0 card \u0111\u1ed3 h\u1ecda ph\u1ee5, card \u00e2m thanh ho\u1eb7c card m\u1ea1ng. \u0110i\u1ec1u n\u00e0y gi\u00fap ng\u01b0\u1eddi d\u00f9ng d\u1ec5 d\u00e0ng n\u00e2ng c\u1ea5p h\u1ec7 th\u1ed1ng v\u00e0 m\u1edf r\u1ed9ng kh\u1ea3 n\u0103ng x\u1eed l\u00fd \u0111\u1ed3 h\u1ecda cho c\u00e1c t\u1ef1a game ho\u1eb7c c\u00e1c \u1ee9ng d\u1ee5ng \u0111\u1ed3 h\u1ecda 3D chuy\u00ean nghi\u1ec7p.<\/p>\n<h3><span data-darkreader-inline-color=\"\"><strong>Khe c\u1eafm \u1ed5 c\u1ee9ng \u0111a d\u1ea1ng v\u00e0 hi\u1ec7u su\u1ea5t cao<\/strong><\/span><\/h3>\n<p>V\u1edbi 4 c\u1ed5ng SATA 6Gb\/s v\u00e0 3 khe c\u1eafm M.2 PCIe 4.0 cho \u1ed5 SSD, Gigabyte X870 Aorus Elite Wifi7 mang \u0111\u1ebfn kh\u1ea3 n\u0103ng l\u01b0u tr\u1eef d\u1eef li\u1ec7u linh ho\u1ea1t v\u00e0 t\u1ed1c \u0111\u1ed9 truy xu\u1ea5t c\u1ef1c nhanh. \u0110i\u1ec1u n\u00e0y gi\u00fap t\u1ed1i \u01b0u h\u00f3a th\u1eddi gian kh\u1edfi \u0111\u1ed9ng h\u1ec7 \u0111i\u1ec1u h\u00e0nh, \u1ee9ng d\u1ee5ng, c\u0169ng nh\u01b0 gi\u1ea3m thi\u1ec3u th\u1eddi gian t\u1ea3i game, mang l\u1ea1i tr\u1ea3i nghi\u1ec7m m\u01b0\u1ee3t m\u00e0 v\u00e0 nhanh ch\u00f3ng.<\/p>\n<p><img loading=\"lazy\" decoding=\"async\" src=\"https:\/\/anphat.com.vn\/media\/product\/50229_mainboard_gigabyte_x870_aorus_elite_wifi7_ddr5__2_.jpg\" alt=\"\" width=\"600\" height=\"600\" \/><\/p>\n<h3><span data-darkreader-inline-color=\"\"><strong>K\u1ebft n\u1ed1i Wifi7 hi\u1ec7n \u0111\u1ea1i v\u00e0 \u0111a d\u1ea1ng c\u1ed5ng k\u1ebft n\u1ed1i<\/strong><\/span><\/h3>\n<p><span data-darkreader-inline-color=\"\"><strong>Bo m\u1ea1ch ch\u1ee7 Gigabyte<\/strong><\/span>\u00a0X870 Aorus Elite \u0111\u01b0\u1ee3c trang b\u1ecb c\u00f4ng ngh\u1ec7 Wifi7 ti\u00ean ti\u1ebfn, cung c\u1ea5p b\u0103ng th\u00f4ng c\u1ef1c nhanh v\u00e0 \u0111\u1ed9 tr\u1ec5 th\u1ea5p, ph\u00f9 h\u1ee3p cho c\u1ea3 ch\u01a1i game online l\u1eabn streaming video \u0111\u1ed9 ph\u00e2n gi\u1ea3i cao. Ngo\u00e0i ra, bo m\u1ea1ch ch\u1ee7 n\u00e0y c\u00f2n c\u00f3 2 c\u1ed5ng USB4 Type-C v\u1edbi t\u1ed1c \u0111\u1ed9 truy\u1ec1n t\u1ea3i l\u00ean \u0111\u1ebfn 40Gbps, h\u1ed7 tr\u1ee3 k\u1ebft n\u1ed1i v\u1edbi c\u00e1c thi\u1ebft b\u1ecb ngo\u1ea1i vi hi\u1ec7n \u0111\u1ea1i, bao g\u1ed3m \u1ed5 c\u1ee9ng ngo\u00e0i, m\u00e0n h\u00ecnh 4K, v\u00e0 nhi\u1ec1u thi\u1ebft b\u1ecb kh\u00e1c.<\/p>\n<h3><span data-darkreader-inline-color=\"\"><strong>T\u1ea3n nhi\u1ec7t v\u00e0 qu\u1ea3n l\u00fd nhi\u1ec7t \u0111\u1ed9 hi\u1ec7u qu\u1ea3<\/strong><\/span><\/h3>\n<p>Gigabyte X870 Aorus Elite Wifi7 t\u00edch h\u1ee3p nhi\u1ec1u c\u00f4ng ngh\u1ec7 t\u1ea3n nhi\u1ec7t ti\u00ean ti\u1ebfn nh\u01b0 t\u1ea5m t\u1ea3n nhi\u1ec7t l\u1edbn, c\u00e1c \u0111\u01b0\u1eddng d\u1eabn nhi\u1ec7t v\u00e0 qu\u1ea1t th\u00f4ng minh Smart Fan 6. \u0110i\u1ec1u n\u00e0y gi\u00fap duy tr\u00ec nhi\u1ec7t \u0111\u1ed9 h\u1ec7 th\u1ed1ng \u1edf m\u1ee9c t\u1ed1i \u01b0u, ngay c\u1ea3 khi h\u1ec7 th\u1ed1ng ho\u1ea1t \u0111\u1ed9ng \u1edf c\u00f4ng su\u1ea5t cao trong th\u1eddi gian d\u00e0i.<\/p>\n<p>V\u1edbi s\u1ef1 k\u1ebft h\u1ee3p c\u1ee7a nhi\u1ec1u t\u00ednh n\u0103ng cao c\u1ea5p nh\u01b0 h\u1ed7 tr\u1ee3 vi x\u1eed l\u00fd AMD Ryzen th\u1ebf h\u1ec7 m\u1edbi, RAM DDR5, Wifi7 v\u00e0 k\u1ebft n\u1ed1i t\u1ed1c \u0111\u1ed9 cao, bo m\u1ea1ch ch\u1ee7 Gigabyte X870 Aorus Elite Wifi7 DDR5 l\u00e0 s\u1ef1 l\u1ef1a ch\u1ecdn ho\u00e0n h\u1ea3o cho nh\u1eefng ai mu\u1ed1n x\u00e2y d\u1ef1ng m\u1ed9t h\u1ec7 th\u1ed1ng m\u00e1y t\u00ednh m\u1ea1nh m\u1ebd, linh ho\u1ea1t v\u00e0 \u1ed5n \u0111\u1ecbnh. \u0110\u00e2y l\u00e0 m\u1ed9t n\u1ec1n t\u1ea3ng l\u00fd t\u01b0\u1edfng cho c\u1ea3 game th\u1ee7 l\u1eabn ng\u01b0\u1eddi d\u00f9ng chuy\u00ean nghi\u1ec7p c\u1ea7n hi\u1ec7u n\u0103ng t\u1ed1i \u0111a v\u00e0 k\u1ebft n\u1ed1i hi\u1ec7n \u0111\u1ea1i.<\/p>\n","protected":false},"excerpt":{"rendered":"<p class=\"group-title\"><strong>Th\u00f4ng s\u1ed1 s\u1ea3n ph\u1ea9m<\/strong><\/p>\n<div>\n<ul>\n<li class=\"item\">Chipset: AMD X870E<\/li>\n<li class=\"item\">Socket: Socket AM5<\/li>\n<li class=\"item\">H\u1ed7 tr\u1ee3 CPU: AMD Socket AM5, Supports AMD Ryzen\u2122 9000 \/ 8000 \/ 7000 Series Processors<\/li>\n<li class=\"item\">K\u00edch th\u01b0\u1edbc Main: ATX<\/li>\n<li class=\"item\">Khe c\u1eafm RAM: 4 khe ram<\/li>\n<li class=\"item\">Lo\u1ea1i RAM: DDR5<\/li>\n<\/ul>\n<\/div>\n","protected":false},"featured_media":2460,"comment_status":"open","ping_status":"closed","template":"","meta":{"_acf_changed":false},"product_brand":[392],"product_cat":[327],"product_tag":[373,361,387,350,342,388,376,389,374],"class_list":{"0":"post-2052","1":"product","2":"type-product","3":"status-publish","4":"has-post-thumbnail","6":"product_brand-gigabyte","7":"product_cat-bo-mach-chu-mainboard","8":"product_tag-am5","9":"product_tag-amd","10":"product_tag-aorus","11":"product_tag-atx","12":"product_tag-ddr5","13":"product_tag-elite","14":"product_tag-gigabyte","15":"product_tag-wifi7","16":"product_tag-x870","18":"first","19":"instock","20":"sale","21":"shipping-taxable","22":"purchasable","23":"product-type-simple"},"acf":[],"jetpack_sharing_enabled":true,"_links":{"self":[{"href":"https:\/\/thanglongcomputer.vn\/index.php?rest_route=\/wp\/v2\/product\/2052","targetHints":{"allow":["GET"]}}],"collection":[{"href":"https:\/\/thanglongcomputer.vn\/index.php?rest_route=\/wp\/v2\/product"}],"about":[{"href":"https:\/\/thanglongcomputer.vn\/index.php?rest_route=\/wp\/v2\/types\/product"}],"replies":[{"embeddable":true,"href":"https:\/\/thanglongcomputer.vn\/index.php?rest_route=%2Fwp%2Fv2%2Fcomments&post=2052"}],"wp:featuredmedia":[{"embeddable":true,"href":"https:\/\/thanglongcomputer.vn\/index.php?rest_route=\/wp\/v2\/media\/2460"}],"wp:attachment":[{"href":"https:\/\/thanglongcomputer.vn\/index.php?rest_route=%2Fwp%2Fv2%2Fmedia&parent=2052"}],"wp:term":[{"taxonomy":"product_brand","embeddable":true,"href":"https:\/\/thanglongcomputer.vn\/index.php?rest_route=%2Fwp%2Fv2%2Fproduct_brand&post=2052"},{"taxonomy":"product_cat","embeddable":true,"href":"https:\/\/thanglongcomputer.vn\/index.php?rest_route=%2Fwp%2Fv2%2Fproduct_cat&post=2052"},{"taxonomy":"product_tag","embeddable":true,"href":"https:\/\/thanglongcomputer.vn\/index.php?rest_route=%2Fwp%2Fv2%2Fproduct_tag&post=2052"}],"curies":[{"name":"wp","href":"https:\/\/api.w.org\/{rel}","templated":true}]}}