{"id":2049,"date":"2025-02-18T16:53:45","date_gmt":"2025-02-18T09:53:45","guid":{"rendered":"https:\/\/thanglongcomputer.vn\/san-pham\/mainboard-gigabyte-b760m-gaming-plus-wifi-ddr4\/"},"modified":"2025-02-23T08:28:21","modified_gmt":"2025-02-23T01:28:21","slug":"mainboard-gigabyte-b760m-gaming-plus-wifi-ddr4","status":"publish","type":"product","link":"https:\/\/thanglongcomputer.vn\/?product=mainboard-gigabyte-b760m-gaming-plus-wifi-ddr4","title":{"rendered":"Mainboard Gigabyte B760M GAMING PLUS WIFI DDR4"},"content":{"rendered":"<div id=\"js-product-description\" class=\"js-static-content static-html-content\">\n<h3>H\u1ed7 tr\u1ee3 CPU Intel LGA1700<\/h3>\n<p>V\u1edbi kh\u1ea3 n\u0103ng h\u1ed7 tr\u1ee3 c\u00e1c d\u00f2ng CPU Intel Core th\u1ebf h\u1ec7 12 v\u00e0 14, bo m\u1ea1ch ch\u1ee7 GIGABYTE B760M GAMING PLUS WIFI DDR4 \u0111em \u0111\u1ebfn cho ng\u01b0\u1eddi d\u00f9ng s\u1ef1 linh ho\u1ea1t v\u00e0 hi\u1ec7u su\u1ea5t m\u1ea1nh m\u1ebd cho c\u1ea3 c\u00e1c \u1ee9ng d\u1ee5ng gaming v\u00e0 \u0111a nhi\u1ec7m.<\/p>\n<p><img decoding=\"async\" class=\"loading\" src=\"https:\/\/hanoicomputercdn.com\/media\/product\/86167_mainboard_gigabyte_b760m_gaming_plus_wifi_ddr4__4_.jpg\" data-was-processed=\"true\" \/><\/p>\n<p>C\u00e1c CPU Intel Core th\u1ebf h\u1ec7 th\u1ee9 10 v\u00e0 th\u1ee9 11 th\u01b0\u1eddng \u0111\u01b0\u1ee3c thi\u1ebft k\u1ebf v\u1edbi c\u00f4ng ngh\u1ec7 ti\u00ean ti\u1ebfn v\u00e0 hi\u1ec7u su\u1ea5t t\u1ed1t, t\u1eeb nh\u1eefng CPU Core i3 ph\u1ed5 th\u00f4ng cho \u0111\u1ebfn nh\u1eefng d\u00f2ng Core i7 v\u00e0 i9 m\u1ea1nh m\u1ebd. S\u1ef1 t\u01b0\u01a1ng th\u00edch v\u1edbi nh\u1eefng CPU n\u00e0y tr\u00ean mainboard GIGABYTE B760M GAMING PLUS WIFI DDR4 gi\u00fap ng\u01b0\u1eddi d\u00f9ng c\u00f3 th\u1ec3 t\u1eadn d\u1ee5ng t\u1ed1i \u0111a hi\u1ec7u su\u1ea5t c\u1ee7a CPU, \u0111\u1ea3m b\u1ea3o r\u1eb1ng h\u1ecd c\u00f3 th\u1ec3 ch\u1ea1y m\u1ecdi \u1ee9ng d\u1ee5ng m\u1ea1nh m\u1ebd m\u00e0 kh\u00f4ng g\u1eb7p tr\u1edf ng\u1ea1i.<\/p>\n<h3>H\u1ed7 tr\u1ee3 DDR4<\/h3>\n<p>V\u1edbi kh\u1ea3 n\u0103ng h\u1ed7 tr\u1ee3 l\u00ean \u0111\u1ebfn 128GB DDR4 RAM, bo m\u1ea1ch ch\u1ee7 GIGABYTE B760M GAMING PLUS WIFI DDR4 m\u1edf ra nh\u1eefng c\u01a1 h\u1ed9i t\u1ed1i \u01b0u h\u00f3a hi\u1ec7u su\u1ea5t h\u1ec7 th\u1ed1ng \u0111\u00e1ng kinh ng\u1ea1c. Kh\u00f4ng ch\u1ec9 d\u00e0nh cho c\u00e1c game th\u1ee7 chuy\u00ean nghi\u1ec7p c\u1ea7n x\u1eed l\u00fd nhi\u1ec1u t\u00e1c v\u1ee5 n\u1eb7ng nh\u01b0 render video, ch\u1ec9nh s\u1eeda h\u00ecnh \u1ea3nh hay ph\u00e1t tr\u1ef1c ti\u1ebfp tr\u00ean m\u1ea1ng, m\u00e0 c\u00f2n cho c\u00e1c chuy\u00ean gia l\u00e0m vi\u1ec7c v\u1edbi c\u00e1c \u1ee9ng d\u1ee5ng chuy\u00ean s\u00e2u nh\u01b0 ph\u00e2n t\u00edch d\u1eef li\u1ec7u l\u1edbn, thi\u1ebft k\u1ebf CAD, v\u00e0 c\u00e1c t\u00e1c v\u1ee5 t\u00ednh to\u00e1n khoa h\u1ecdc.<\/p>\n<p>&nbsp;<\/p>\n<h3>K\u1ebft n\u1ed1i WIFI t\u00edch h\u1ee3p<\/h3>\n<p>V\u1edbi t\u00ednh n\u0103ng Wi-Fi t\u00edch h\u1ee3p, mainboard GIGABYTE B760M GAMING PLUS WIFI DDR4 mang l\u1ea1i cho ng\u01b0\u1eddi d\u00f9ng s\u1ef1 thu\u1eadn ti\u1ec7n t\u1ed1i \u0111a trong vi\u1ec7c k\u1ebft n\u1ed1i m\u1ea1ng kh\u00f4ng d\u00e2y m\u00e0 kh\u00f4ng c\u1ea7n s\u1eed d\u1ee5ng th\u00eam b\u1ed9 ph\u00e1t Wi-Fi b\u00ean ngo\u00e0i. \u0110i\u1ec1u n\u00e0y c\u00f3 ngh\u0129a l\u00e0 ng\u01b0\u1eddi d\u00f9ng c\u00f3 th\u1ec3 truy c\u1eadp internet v\u00e0 m\u1ea1ng n\u1ed9i b\u1ed9 m\u1ed9t c\u00e1ch d\u1ec5 d\u00e0ng ch\u1ec9 qua k\u1ebft n\u1ed1i Wi-Fi, m\u00e0 kh\u00f4ng c\u1ea7n ph\u1ea3i lo l\u1eafng v\u1ec1 vi\u1ec7c s\u1eafp x\u1ebfp c\u00e1c d\u00e2y c\u00e1p m\u1ea1ng ho\u1eb7c t\u00ecm ki\u1ebfm m\u1ed9t b\u1ed9 ph\u00e1t Wi-Fi ri\u00eang bi\u1ec7t.<\/p>\n<p><img decoding=\"async\" class=\"loading\" src=\"https:\/\/hanoicomputercdn.com\/media\/product\/86167_mainboard_gigabyte_b760m_gaming_plus_wifi_ddr4__3_.jpg\" data-was-processed=\"true\" \/><\/p>\n<h3>C\u1ed5ng k\u1ebft n\u1ed1i \u0111a d\u1ea1ng<\/h3>\n<p>Mainboard GIGABYTE B760M GAMING PLUS WIFI DDR4 \u0111\u01b0\u1ee3c trang b\u1ecb v\u1edbi m\u1ed9t lo\u1ea1t c\u00e1c c\u1ed5ng k\u1ebft n\u1ed1i \u0111a d\u1ea1ng, mang l\u1ea1i s\u1ef1 linh ho\u1ea1t v\u00e0 ti\u1ec7n \u00edch cho vi\u1ec7c k\u1ebft n\u1ed1i c\u00e1c thi\u1ebft b\u1ecb ngo\u1ea1i vi v\u00e0 hi\u1ec3n th\u1ecb. B\u1ea1n c\u00f3 th\u1ec3 t\u1eadn d\u1ee5ng c\u00e1c c\u1ed5ng USB \u0111\u1ec3 k\u1ebft n\u1ed1i nhanh ch\u00f3ng v\u1edbi chu\u1ed9t, b\u00e0n ph\u00edm, \u1ed5 c\u1ee9ng ngo\u00e0i v\u00e0 c\u00e1c thi\u1ebft b\u1ecb USB kh\u00e1c. Ngo\u00e0i ra, v\u1edbi c\u00e1c c\u1ed5ng HDMI v\u00e0 DisplayPort, b\u1ea1n c\u00f3 th\u1ec3 d\u1ec5 d\u00e0ng k\u1ebft n\u1ed1i v\u1edbi m\u00e0n h\u00ecnh hi\u1ec3n th\u1ecb ch\u1ea5t l\u01b0\u1ee3ng cao, t\u1eeb m\u00e0n h\u00ecnh gaming \u0111\u1ebfn TV v\u00e0 m\u00e0n h\u00ecnh 4K. C\u00e1c c\u1ed5ng \u00e2m thanh c\u0169ng \u0111\u01b0\u1ee3c t\u00edch h\u1ee3p \u0111\u1ec3 b\u1ea1n c\u00f3 th\u1ec3 k\u1ebft n\u1ed1i v\u1edbi loa, tai nghe v\u00e0 h\u1ec7 th\u1ed1ng \u00e2m thanh ngo\u00e0i, \u0111\u1ea3m b\u1ea3o tr\u1ea3i nghi\u1ec7m \u00e2m thanh t\u1ed1t nh\u1ea5t cho h\u1ec7 th\u1ed1ng c\u1ee7a m\u00ecnh.<\/p>\n<\/div>\n<div class=\"static-btn-group\"><\/div>\n","protected":false},"excerpt":{"rendered":"<p class=\"group-title\"><strong>Th\u00f4ng s\u1ed1 s\u1ea3n ph\u1ea9m<\/strong><\/p>\n<div>\n<ul>\n<li class=\"item\">Socket: LGA1700 h\u1ed7 tr\u1ee3 CPU Intel th\u1ebf h\u1ec7 th\u1ee9 12, 13 v\u00e0 14<\/li>\n<li class=\"item\">K\u00edch th\u01b0\u1edbc: M-ATX<\/li>\n<li class=\"item\">Khe c\u1eafm RAM: 4 khe (T\u1ed1i \u0111a 128GB)<\/li>\n<li class=\"item\">Khe c\u1eafm m\u1edf r\u1ed9ng: 1 x PCI Express x16 slot, supporting PCIe 4.0 and running at x16, 2 x PCI Express x1 slots, supporting PCIe 3.0 and running at x1<\/li>\n<li class=\"item\">Khe c\u1eafm \u1ed5 c\u1ee9ng: 1 x M.2 connectors, 1 x M.2 connector, 4 x SATA 6Gb\/s connectors<\/li>\n<\/ul>\n<\/div>\n","protected":false},"featured_media":2567,"comment_status":"open","ping_status":"closed","template":"","meta":{"_acf_changed":false},"product_brand":[392],"product_cat":[327],"product_tag":[370,281,140,376,335,338,333,381,343],"class_list":{"0":"post-2049","1":"product","2":"type-product","3":"status-publish","4":"has-post-thumbnail","6":"product_brand-gigabyte","7":"product_cat-bo-mach-chu-mainboard","8":"product_tag-b760m","9":"product_tag-ddr4","10":"product_tag-gaming","11":"product_tag-gigabyte","12":"product_tag-intel","13":"product_tag-lga1700","14":"product_tag-matx","15":"product_tag-plus","16":"product_tag-wifi","18":"first","19":"instock","20":"sale","21":"shipping-taxable","22":"purchasable","23":"product-type-simple"},"acf":[],"jetpack_sharing_enabled":true,"_links":{"self":[{"href":"https:\/\/thanglongcomputer.vn\/index.php?rest_route=\/wp\/v2\/product\/2049","targetHints":{"allow":["GET"]}}],"collection":[{"href":"https:\/\/thanglongcomputer.vn\/index.php?rest_route=\/wp\/v2\/product"}],"about":[{"href":"https:\/\/thanglongcomputer.vn\/index.php?rest_route=\/wp\/v2\/types\/product"}],"replies":[{"embeddable":true,"href":"https:\/\/thanglongcomputer.vn\/index.php?rest_route=%2Fwp%2Fv2%2Fcomments&post=2049"}],"wp:featuredmedia":[{"embeddable":true,"href":"https:\/\/thanglongcomputer.vn\/index.php?rest_route=\/wp\/v2\/media\/2567"}],"wp:attachment":[{"href":"https:\/\/thanglongcomputer.vn\/index.php?rest_route=%2Fwp%2Fv2%2Fmedia&parent=2049"}],"wp:term":[{"taxonomy":"product_brand","embeddable":true,"href":"https:\/\/thanglongcomputer.vn\/index.php?rest_route=%2Fwp%2Fv2%2Fproduct_brand&post=2049"},{"taxonomy":"product_cat","embeddable":true,"href":"https:\/\/thanglongcomputer.vn\/index.php?rest_route=%2Fwp%2Fv2%2Fproduct_cat&post=2049"},{"taxonomy":"product_tag","embeddable":true,"href":"https:\/\/thanglongcomputer.vn\/index.php?rest_route=%2Fwp%2Fv2%2Fproduct_tag&post=2049"}],"curies":[{"name":"wp","href":"https:\/\/api.w.org\/{rel}","templated":true}]}}