{"id":2047,"date":"2025-02-18T16:53:45","date_gmt":"2025-02-18T09:53:45","guid":{"rendered":"https:\/\/thanglongcomputer.vn\/san-pham\/mainboard-gigabyte-b760m-ds3h-ddr4\/"},"modified":"2025-02-23T08:23:58","modified_gmt":"2025-02-23T01:23:58","slug":"mainboard-gigabyte-b760m-ds3h-ddr4","status":"publish","type":"product","link":"https:\/\/thanglongcomputer.vn\/?product=mainboard-gigabyte-b760m-ds3h-ddr4","title":{"rendered":"Mainboard Gigabyte B760M DS3H DDR4"},"content":{"rendered":"<h2 class=\"box-title\">\u0110\u00e1nh gi\u00e1: Mainboard Gigabyte B760M DS3H DDR4<\/h2>\n<div class=\"static-html-group js-static-container\">\n<div id=\"js-product-description\" class=\"js-static-content static-html-content\">\n<h3><img decoding=\"async\" class=\"loading\" src=\"https:\/\/hanoicomputercdn.com\/media\/lib\/25-02-2023\/mainboard-gigabyte-b760m-ds3h-ddr4-xa.jpg\" alt=\"Mainboard Gigabyte B760M DS3H DDR4 (\" width=\"100%\" data-was-processed=\"true\" \/><\/h3>\n<h3>Gi\u1ea3i ph\u00e1p t\u1ea3n nhi\u1ec7t cao c\u1ea5p<\/h3>\n<p>Mainboard Gigabyte B760M DS3H DDR4 cung c\u1ea5p gi\u1ea3i ph\u00e1p t\u1ea3n nhi\u1ec7t cho c\u00e1c thi\u1ebft b\u1ecb SSD M.2. B\u1ed9 b\u1ea3o v\u1ec7 nhi\u1ec7t M.2 ng\u0103n hi\u1ec7n t\u01b0\u1ee3ng ti\u1ebft l\u01b0u v\u00e0 t\u1eafc ngh\u1ebdn t\u1eeb \u1ed5 SSD M.2 t\u1ed1c \u0111\u1ed9 cao v\u00ec n\u00f3 gi\u00fap t\u1ea3n nhi\u1ec7t tr\u01b0\u1edbc khi n\u00f3 tr\u1edf th\u00e0nh v\u1ea5n \u0111\u1ec1.<\/p>\n<h3>PCIe 4.0<\/h3>\n<p>Gigabyte B760 \u0111\u00e3 s\u1eb5n s\u00e0ng ho\u1ea1t \u0111\u1ed9ng v\u1edbi c\u00e1c thi\u1ebft b\u1ecb PCIe 4.0 d\u1ef1 ki\u1ebfn \u200b\u200bs\u1ebd c\u00f3 b\u0103ng th\u00f4ng g\u1ea5p ba l\u1ea7n so v\u1edbi c\u00e1c thi\u1ebft b\u1ecb PCIe 3.0 hi\u1ec7n t\u1ea1i. \u0110\u1ec3 \u0111\u1ea1t t\u1ed1c \u0111\u1ed9 cao v\u00e0 duy tr\u00ec t\u00ednh to\u00e0n v\u1eb9n t\u00edn hi\u1ec7u t\u1ed1t, Gigabyte s\u1eed d\u1ee5ng PCB tr\u1edf kh\u00e1ng th\u1ea5p \u0111\u1ec3 mang l\u1ea1i hi\u1ec7u su\u1ea5t t\u1ed1i \u0111a.<\/p>\n<h3>RAM DDR4<\/h3>\n<p><img decoding=\"async\" class=\"loading\" src=\"https:\/\/hanoicomputercdn.com\/media\/lib\/25-02-2023\/mainboard-gigabyte-b760m-ds3h-ax-ddr4-mota2.jpg\" alt=\"Mainboard Gigabyte B760M DS3H AX DDR4 \" width=\"100%\" data-was-processed=\"true\" \/><\/p>\n<p>\u0110\u1ec3 d\u1ec5 ti\u1ebfp c\u1eadn v\u1edbi nhi\u1ec1u kh\u00e1ch h\u00e0ng h\u01a1n, Mainboard n\u00e0y \u0111\u01b0\u1ee3c thi\u1ebft k\u1ebf \u0111\u1ec3 s\u1eed d\u1ee5ng h\u1ec7 th\u1ed1ng ram DDR4, Th\u1ebf h\u1ec7 Ram DDR4 c\u00f3 nhi\u1ec1u \u01b0u \u0111i\u1ec3m v\u01b0\u1ee3t tr\u1ed9i h\u01a1n h\u1eb3n so v\u1edbi DDR3, n\u00f3 h\u1ed9i t\u1ee5 nhi\u1ec1u s\u1ef1 c\u1ea3i ti\u1ebfn nh\u01b0:<\/p>\n<ul>\n<li>T\u1ed1c \u0111\u1ed9 truy\u1ec1n t\u1ea3i d\u1eef li\u1ec7u nhanh h\u01a1n: R\u00fat ng\u1eafn th\u1eddi gian truy\u1ec1n t\u1ea3i gi\u1eefa RAM, CPU v\u00e0 c\u00e1c th\u00e0nh ph\u1ea7n kh\u00e1c, gi\u00fap thi\u1ebft b\u1ecb c\u1ee7a b\u1ea1n ho\u1ea1t \u0111\u1ed9ng nhanh nh\u1ea1y h\u01a1n<\/li>\n<li>Ti\u1ebft ki\u1ec7m n\u0103ng l\u01b0\u1ee3ng h\u01a1n, k\u00e9o d\u00e0i tu\u1ed5i th\u1ecd pin cho thi\u1ebft b\u1ecb c\u1ee7a b\u1ea1n: DDR4 \u0111\u01b0\u1ee3c thi\u1ebft k\u1ebf v\u1edbi m\u1ee9c \u0111i\u1ec7n n\u0103ng ti\u00eau th\u1ee5 th\u1ea5p v\u00e0 ch\u1ee7 y\u1ebfu \u0111\u01b0\u1ee3c t\u00edch h\u1ee3p trong c\u00e1c thi\u1ebft b\u1ecb c\u00f3 t\u00ednh di \u0111\u1ed9ng cao nh\u01b0 smartphone, tablet,&#8230;<\/li>\n<li>Dung l\u01b0\u1ee3ng l\u1edbn h\u01a1n: M\u1ed7i con chip nh\u1edb tr\u00ean lo\u1ea1i RAM n\u00e0y c\u00f3 m\u1eadt \u0111\u1ed9 l\u1edbn, h\u1ed7 tr\u1ee3 dung l\u01b0\u1ee3ng t\u1ed1i \u0111a l\u00ean \u0111\u1ebfn 512GB, thay v\u00ec \u1edf m\u1ee9c ch\u1ec9 128GB tr\u00ean DDR3.<\/li>\n<li>Trong khi th\u1ebf h\u1ec7 ti\u1ec1n nhi\u1ec7m DDR3 ch\u1ec9 c\u00f3 c\u00e1c m\u1ee9c xung nh\u1ecbp bus l\u1ea7n l\u01b0\u1ee3t l\u00e0 800, 1066, 1333, 1600, 1866, 2133 (MHz) th\u00ec DDR4 c\u00f3 t\u1edbi 1600, 1866, 2133, 2400, 2666, 3200 v\u00e0 th\u1eadm ch\u00ed l\u00e0 4266 (MHz) gi\u00fap t\u1ed1c \u0111\u1ed9 truy\u1ec1n d\u1eef li\u1ec7u \u0111\u01b0\u1ee3c nhanh h\u01a1n h\u1eb3n.<\/li>\n<\/ul>\n<p>&nbsp;<\/p>\n<h3>C\u1ed5ng LAN 2.5G<\/h3>\n<p><img decoding=\"async\" class=\"loading\" src=\"https:\/\/hanoicomputercdn.com\/media\/lib\/25-02-2023\/mainboard-gigabyte-b760m-ds3h-ax-ddr4-mota1.jpg\" alt=\"\u0110\u1ec3 d\u1ec5 ti\u1ebfp c\u1eadn v\u1edbi nhi\u1ec1u kh\u00e1ch h\u00e0ng h\u01a1n, Mainboard n\u00e0y \u0111\u01b0\u1ee3c thi\u1ebft k\u1ebf \u0111\u1ec3 s\u1eed d\u1ee5ng h\u1ec7 th\u1ed1ng ram DDR4  Th\u1ebf h\u1ec7 Ram DDR4 c\u00f3 nhi\u1ec1u \u01b0u \u0111i\u1ec3m v\u01b0\u1ee3t tr\u1ed9i h\u01a1n h\u1eb3n so v\u1edbi DDR3, n\u00f3 h\u1ed9i t\u1ee5 nhi\u1ec1u s\u1ef1 c\u1ea3i ti\u1ebfn nh\u01b0:  T\u1ed1c \u0111\u1ed9 truy\u1ec1n t\u1ea3i d\u1eef li\u1ec7u nhanh h\u01a1n: R\u00fat ng\u1eafn th\u1eddi gian truy\u1ec1n t\u1ea3i gi\u1eefa RAM, CPU v\u00e0 c\u00e1c th\u00e0nh ph\u1ea7n kh\u00e1c, gi\u00fap thi\u1ebft b\u1ecb c\u1ee7a b\u1ea1n ho\u1ea1t \u0111\u1ed9ng nhanh nh\u1ea1y h\u01a1n Ti\u1ebft ki\u1ec7m n\u0103ng l\u01b0\u1ee3ng h\u01a1n, k\u00e9o d\u00e0i tu\u1ed5i th\u1ecd pin cho thi\u1ebft b\u1ecb c\u1ee7a b\u1ea1n: DDR4 \u0111\u01b0\u1ee3c thi\u1ebft k\u1ebf v\u1edbi m\u1ee9c \u0111i\u1ec7n n\u0103ng ti\u00eau th\u1ee5 th\u1ea5p v\u00e0 ch\u1ee7 y\u1ebfu \u0111\u01b0\u1ee3c t\u00edch h\u1ee3p trong c\u00e1c thi\u1ebft b\u1ecb c\u00f3 t\u00ednh di \u0111\u1ed9ng cao nh\u01b0 smartphone, tablet,... Dung l\u01b0\u1ee3ng l\u1edbn h\u01a1n: M\u1ed7i con chip nh\u1edb tr\u00ean lo\u1ea1i RAM n\u00e0y c\u00f3 m\u1eadt \u0111\u1ed9 l\u1edbn, h\u1ed7 tr\u1ee3 dung l\u01b0\u1ee3ng t\u1ed1i \u0111a l\u00ean \u0111\u1ebfn 512GB, thay v\u00ec \u1edf m\u1ee9c ch\u1ec9 128GB tr\u00ean DDR3. Trong khi th\u1ebf h\u1ec7 ti\u1ec1n nhi\u1ec7m DDR3 ch\u1ec9 c\u00f3 c\u00e1c m\u1ee9c xung nh\u1ecbp bus l\u1ea7n l\u01b0\u1ee3t l\u00e0 800, 1066, 1333, 1600, 1866, 2133 (MHz) th\u00ec DDR4 c\u00f3 t\u1edbi 1600, 1866, 2133, 2400, 2666, 3200 v\u00e0 th\u1eadm ch\u00ed l\u00e0 4266 (MHz) gi\u00fap t\u1ed1c \u0111\u1ed9 truy\u1ec1n d\u1eef li\u1ec7u \u0111\u01b0\u1ee3c nhanh h\u01a1n h\u1eb3n.\" width=\"100%\" data-was-processed=\"true\" \/><\/p>\n<\/div>\n<div class=\"static-btn-group\"><\/div>\n<\/div>\n","protected":false},"excerpt":{"rendered":"<p class=\"group-title\"><strong>Th\u00f4ng s\u1ed1 s\u1ea3n ph\u1ea9m<\/strong><\/p>\n<div>\n<ul>\n<li class=\"item\">Chipset: Intel B760<\/li>\n<li class=\"item\">Socket: Intel LGA 1700<\/li>\n<li class=\"item\">K\u00edch th\u01b0\u1edbc:M-ATX<\/li>\n<li class=\"item\">S\u1ed1 khe RAM: 4 khe( T\u1ed1i \u0111a 128GB)<\/li>\n<\/ul>\n<\/div>\n","protected":false},"featured_media":2559,"comment_status":"open","ping_status":"closed","template":"","meta":{"_acf_changed":false},"product_brand":[392],"product_cat":[327],"product_tag":[370,281,376,335,338,333],"class_list":{"0":"post-2047","1":"product","2":"type-product","3":"status-publish","4":"has-post-thumbnail","6":"product_brand-gigabyte","7":"product_cat-bo-mach-chu-mainboard","8":"product_tag-b760m","9":"product_tag-ddr4","10":"product_tag-gigabyte","11":"product_tag-intel","12":"product_tag-lga1700","13":"product_tag-matx","15":"first","16":"instock","17":"sale","18":"shipping-taxable","19":"purchasable","20":"product-type-simple"},"acf":[],"jetpack_sharing_enabled":true,"_links":{"self":[{"href":"https:\/\/thanglongcomputer.vn\/index.php?rest_route=\/wp\/v2\/product\/2047","targetHints":{"allow":["GET"]}}],"collection":[{"href":"https:\/\/thanglongcomputer.vn\/index.php?rest_route=\/wp\/v2\/product"}],"about":[{"href":"https:\/\/thanglongcomputer.vn\/index.php?rest_route=\/wp\/v2\/types\/product"}],"replies":[{"embeddable":true,"href":"https:\/\/thanglongcomputer.vn\/index.php?rest_route=%2Fwp%2Fv2%2Fcomments&post=2047"}],"wp:featuredmedia":[{"embeddable":true,"href":"https:\/\/thanglongcomputer.vn\/index.php?rest_route=\/wp\/v2\/media\/2559"}],"wp:attachment":[{"href":"https:\/\/thanglongcomputer.vn\/index.php?rest_route=%2Fwp%2Fv2%2Fmedia&parent=2047"}],"wp:term":[{"taxonomy":"product_brand","embeddable":true,"href":"https:\/\/thanglongcomputer.vn\/index.php?rest_route=%2Fwp%2Fv2%2Fproduct_brand&post=2047"},{"taxonomy":"product_cat","embeddable":true,"href":"https:\/\/thanglongcomputer.vn\/index.php?rest_route=%2Fwp%2Fv2%2Fproduct_cat&post=2047"},{"taxonomy":"product_tag","embeddable":true,"href":"https:\/\/thanglongcomputer.vn\/index.php?rest_route=%2Fwp%2Fv2%2Fproduct_tag&post=2047"}],"curies":[{"name":"wp","href":"https:\/\/api.w.org\/{rel}","templated":true}]}}