{"id":2045,"date":"2025-02-18T16:53:45","date_gmt":"2025-02-18T09:53:45","guid":{"rendered":"https:\/\/thanglongcomputer.vn\/san-pham\/mainboard-gigabyte-b450m-ds3h-wifi\/"},"modified":"2025-02-23T08:19:21","modified_gmt":"2025-02-23T01:19:21","slug":"mainboard-gigabyte-b450m-ds3h-wifi","status":"publish","type":"product","link":"https:\/\/thanglongcomputer.vn\/?product=mainboard-gigabyte-b450m-ds3h-wifi","title":{"rendered":"Mainboard Gigabyte B450M-DS3H WIFI"},"content":{"rendered":"<h2 align=\"center\"><span data-darkreader-inline-color=\"\"><strong>Mainboard GIGABYTE B450M DS3H WIFI<\/strong><\/span><\/h2>\n<p><span data-darkreader-inline-color=\"\"><strong>GIGABYTE B450M DS3H WIFI<\/strong><\/span>\u00a0l\u00e0 m\u1ed9t\u00a0<span data-darkreader-inline-color=\"\">bo m\u1ea1ch ch\u1ee7<\/span>\u00a0l\u00fd t\u01b0\u1edfng cho nh\u1eefng ng\u01b0\u1eddi d\u00f9ng \u0111ang t\u00ecm ki\u1ebfm s\u1ef1 c\u00e2n b\u1eb1ng gi\u1eefa hi\u1ec7u n\u0103ng v\u00e0 gi\u00e1 tr\u1ecb. \u0110\u01b0\u1ee3c trang b\u1ecb nhi\u1ec1u t\u00ednh n\u0103ng hi\u1ec7n \u0111\u1ea1i v\u00e0 kh\u1ea3 n\u0103ng k\u1ebft n\u1ed1i kh\u00f4ng d\u00e2y, m\u1eabu\u00a0<span data-darkreader-inline-color=\"\">Mainboard Gigabyte<\/span>\u00a0n\u00e0y \u0111\u00e1p \u1ee9ng t\u1ed1t nhu c\u1ea7u c\u1ee7a c\u00e1c game th\u1ee7 v\u00e0 nh\u1eefng ng\u01b0\u1eddi d\u00f9ng y\u00eau th\u00edch c\u00f4ng ngh\u1ec7.<\/p>\n<p><img decoding=\"async\" src=\"https:\/\/anphat.com.vn\/media\/lib\/14-08-2024\/mainboard-gigabyte-b450m-ds3h-wifi-0.jpg\" alt=\"\" \/><\/p>\n<h3><span data-darkreader-inline-color=\"\"><strong>Thi\u1ebft K\u1ebf V\u00e0 K\u1ebft N\u1ed1i<\/strong><\/span><\/h3>\n<p><strong>Mainboard GIGABYTE B450M DS3H WIFI<\/strong>\u00a0c\u00f3 thi\u1ebft k\u1ebf chu\u1ea9n micro-ATX, ph\u00f9 h\u1ee3p v\u1edbi c\u00e1c case m\u00e1y t\u00ednh nh\u1ecf g\u1ecdn m\u00e0 kh\u00f4ng l\u00e0m gi\u1ea3m \u0111i s\u1ef1 m\u1ea1nh m\u1ebd. V\u1edbi thi\u1ebft k\u1ebf b\u1ec1n b\u1ec9 v\u00e0 c\u00e1c linh ki\u1ec7n ch\u1ea5t l\u01b0\u1ee3ng cao, bo m\u1ea1ch ch\u1ee7 n\u00e0y \u0111\u1ea3m b\u1ea3o s\u1ef1 \u1ed5n \u0111\u1ecbnh v\u00e0 tu\u1ed5i th\u1ecd l\u00e2u d\u00e0i cho h\u1ec7 th\u1ed1ng c\u1ee7a b\u1ea1n.<\/p>\n<p>\u0110\u1eb7c bi\u1ec7t, mainboard n\u00e0y \u0111\u01b0\u1ee3c t\u00edch h\u1ee3p s\u1eb5n module WiFi, gi\u00fap b\u1ea1n d\u1ec5 d\u00e0ng k\u1ebft n\u1ed1i m\u1ea1ng kh\u00f4ng d\u00e2y m\u00e0 kh\u00f4ng c\u1ea7n ph\u1ea3i mua th\u00eam card WiFi ri\u00eang l\u1ebb. \u0110i\u1ec1u n\u00e0y mang l\u1ea1i s\u1ef1 ti\u1ec7n l\u1ee3i v\u00e0 g\u1ecdn g\u00e0ng h\u01a1n cho kh\u00f4ng gian l\u00e0m vi\u1ec7c c\u1ee7a b\u1ea1n.<\/p>\n<p><img decoding=\"async\" src=\"https:\/\/anphat.com.vn\/media\/lib\/14-08-2024\/mainboard-gigabyte-b450m-ds3h-wifi-2.jpg\" alt=\"\" \/><\/p>\n<h3><span data-darkreader-inline-color=\"\"><strong>H\u1ed7 Tr\u1ee3 Vi X\u1eed L\u00fd AMD Ryzen<\/strong><\/span><\/h3>\n<p><strong>GIGABYTE B450M DS3H WIFI<\/strong>\u00a0h\u1ed7 tr\u1ee3 c\u00e1c vi x\u1eed l\u00fd AMD Ryzen th\u1ebf h\u1ec7 th\u1ee9 1, 2 v\u00e0 3 v\u1edbi socket AM4, cung c\u1ea5p kh\u1ea3 n\u0103ng t\u01b0\u01a1ng th\u00edch r\u1ed9ng r\u00e3i v\u1edbi nhi\u1ec1u d\u00f2ng CPU. Bo m\u1ea1ch ch\u1ee7 n\u00e0y c\u0169ng h\u1ed7 tr\u1ee3 b\u1ed9 nh\u1edb DDR4, v\u1edbi 4 khe c\u1eafm RAM c\u00f3 kh\u1ea3 n\u0103ng m\u1edf r\u1ed9ng l\u00ean \u0111\u1ebfn 64GB, \u0111\u1ee7 \u0111\u1ec3 \u0111\u00e1p \u1ee9ng nhu c\u1ea7u x\u1eed l\u00fd \u0111a nhi\u1ec7m v\u00e0 ch\u01a1i game n\u1eb7ng.<\/p>\n<p><img decoding=\"async\" src=\"https:\/\/anphat.com.vn\/media\/lib\/14-08-2024\/mainboard-gigabyte-b450m-ds3h-wifi-1.jpg\" alt=\"\" \/><\/p>\n<h3><span data-darkreader-inline-color=\"\"><strong>Kh\u1ea3 N\u0103ng K\u1ebft N\u1ed1i V\u00e0 M\u1edf R\u1ed9ng<\/strong><\/span><\/h3>\n<p>Bo m\u1ea1ch ch\u1ee7 n\u00e0y cung c\u1ea5p \u0111\u1ea7y \u0111\u1ee7 c\u00e1c c\u1ed5ng k\u1ebft n\u1ed1i c\u1ea7n thi\u1ebft nh\u01b0 USB 3.1 Gen1, USB 2.0, HDMI, v\u00e0 DVI-D, \u0111\u1ea3m b\u1ea3o kh\u1ea3 n\u0103ng k\u1ebft n\u1ed1i v\u1edbi nhi\u1ec1u thi\u1ebft b\u1ecb ngo\u1ea1i vi v\u00e0 m\u00e0n h\u00ecnh kh\u00e1c nhau. Ngo\u00e0i ra, GIGABYTE B450M DS3H WIFI c\u00f2n c\u00f3 m\u1ed9t khe c\u1eafm PCIe 3.0 x16 v\u00e0 hai khe PCIe 2.0 x1, cho ph\u00e9p ng\u01b0\u1eddi d\u00f9ng l\u1eafp \u0111\u1eb7t th\u00eam c\u00e1c card m\u1edf r\u1ed9ng nh\u01b0 card \u0111\u1ed3 h\u1ecda, card \u00e2m thanh, ho\u1eb7c card m\u1ea1ng.<\/p>\n<p><img decoding=\"async\" src=\"https:\/\/anphat.com.vn\/media\/lib\/14-08-2024\/mainboard-gigabyte-b450m-ds3h-wifi-3.jpg\" alt=\"\" \/><\/p>\n<h3><span data-darkreader-inline-color=\"\"><strong>C\u00f4ng Ngh\u1ec7 L\u01b0u Tr\u1eef V\u00e0 \u00c2m Thanh<\/strong><\/span><\/h3>\n<p>V\u1edbi khe c\u1eafm M.2 NVMe, bo m\u1ea1ch ch\u1ee7 n\u00e0y h\u1ed7 tr\u1ee3 \u1ed5 c\u1ee9ng SSD t\u1ed1c \u0111\u1ed9 cao, gi\u00fap t\u0103ng t\u1ed1c \u0111\u1ed9 kh\u1edfi \u0111\u1ed9ng h\u1ec7 \u0111i\u1ec1u h\u00e0nh v\u00e0 c\u00e1c \u1ee9ng d\u1ee5ng. \u0110i\u1ec1u n\u00e0y mang l\u1ea1i tr\u1ea3i nghi\u1ec7m m\u01b0\u1ee3t m\u00e0 v\u00e0 nhanh ch\u00f3ng h\u01a1n cho ng\u01b0\u1eddi d\u00f9ng.<\/p>\n<p>H\u1ec7 th\u1ed1ng \u00e2m thanh Realtek ALC887 c\u1ee7a\u00a0<strong>GIGABYTE B450M DS3H WIFI<\/strong>\u00a0mang \u0111\u1ebfn ch\u1ea5t l\u01b0\u1ee3ng \u00e2m thanh 7.1 HD, gi\u00fap b\u1ea1n th\u01b0\u1edfng th\u1ee9c \u00e2m nh\u1ea1c v\u00e0 c\u00e1c hi\u1ec7u \u1ee9ng \u00e2m thanh trong game m\u1ed9t c\u00e1ch s\u1ed1ng \u0111\u1ed9ng v\u00e0 trung th\u1ef1c.<\/p>\n<h3><span data-darkreader-inline-color=\"\"><strong>T\u00ednh N\u0103ng T\u1ea3n Nhi\u1ec7t V\u00e0 Qu\u1ea3n L\u00fd Nhi\u1ec7t \u0110\u1ed9<\/strong><\/span><\/h3>\n<p>Mainboard n\u00e0y \u0111\u01b0\u1ee3c trang b\u1ecb c\u00f4ng ngh\u1ec7 Smart Fan 5, gi\u00fap qu\u1ea3n l\u00fd v\u00e0 \u0111i\u1ec1u ch\u1ec9nh t\u1ed1c \u0111\u1ed9 qu\u1ea1t th\u00f4ng minh d\u1ef1a tr\u00ean nhi\u1ec7t \u0111\u1ed9 c\u1ee7a c\u00e1c th\u00e0nh ph\u1ea7n trong h\u1ec7 th\u1ed1ng. \u0110i\u1ec1u n\u00e0y gi\u00fap gi\u1eef cho h\u1ec7 th\u1ed1ng c\u1ee7a b\u1ea1n lu\u00f4n ho\u1ea1t \u0111\u1ed9ng \u1edf nhi\u1ec7t \u0111\u1ed9 l\u00fd t\u01b0\u1edfng, \u0111\u1ea3m b\u1ea3o hi\u1ec7u n\u0103ng t\u1ed1i \u0111a m\u00e0 kh\u00f4ng g\u00e2y ra ti\u1ebfng \u1ed3n l\u1edbn.<\/p>\n","protected":false},"excerpt":{"rendered":"<p class=\"group-title\"><strong>Th\u00f4ng s\u1ed1 s\u1ea3n ph\u1ea9m<\/strong><\/p>\n<div>\n<ul>\n<li class=\"item\">Chipset: AMD B450<\/li>\n<li class=\"item\">Socket: Socket AM4<\/li>\n<li class=\"item\">K\u00edch th\u01b0\u1edbc Main: M-ATX<\/li>\n<li class=\"item\">H\u1ed7 tr\u1ee3 CPU: AM4 Socket: Supports AMD Ryzen\u2122 5000 series \/ Ryzen\u2122 5000 G-Series\/ 3rd Gen Ryzen\u2122\/ 2nd Gen Ryzen\u2122\/ 1st Gen Ryzen\u2122\/ 2nd Gen Ryzen\u2122 with Radeon\u2122 Vega Graphics\/ 1st Gen Ryzen\u2122 with Radeon\u2122 Vega Graphics\/ Athlon\u2122 with Radeon\u2122 Vega Graphics Processors<\/li>\n<li class=\"item\">Khe c\u1eafm RAM: 4 khe ram DDR4<\/li>\n<\/ul>\n<\/div>\n","protected":false},"featured_media":2543,"comment_status":"open","ping_status":"closed","template":"","meta":{"_acf_changed":false},"product_brand":[392],"product_cat":[327],"product_tag":[360,361,365,281,376,333,343],"class_list":{"0":"post-2045","1":"product","2":"type-product","3":"status-publish","4":"has-post-thumbnail","6":"product_brand-gigabyte","7":"product_cat-bo-mach-chu-mainboard","8":"product_tag-am4","9":"product_tag-amd","10":"product_tag-b450m","11":"product_tag-ddr4","12":"product_tag-gigabyte","13":"product_tag-matx","14":"product_tag-wifi","16":"first","17":"instock","18":"sale","19":"shipping-taxable","20":"purchasable","21":"product-type-simple"},"acf":[],"jetpack_sharing_enabled":true,"_links":{"self":[{"href":"https:\/\/thanglongcomputer.vn\/index.php?rest_route=\/wp\/v2\/product\/2045","targetHints":{"allow":["GET"]}}],"collection":[{"href":"https:\/\/thanglongcomputer.vn\/index.php?rest_route=\/wp\/v2\/product"}],"about":[{"href":"https:\/\/thanglongcomputer.vn\/index.php?rest_route=\/wp\/v2\/types\/product"}],"replies":[{"embeddable":true,"href":"https:\/\/thanglongcomputer.vn\/index.php?rest_route=%2Fwp%2Fv2%2Fcomments&post=2045"}],"wp:featuredmedia":[{"embeddable":true,"href":"https:\/\/thanglongcomputer.vn\/index.php?rest_route=\/wp\/v2\/media\/2543"}],"wp:attachment":[{"href":"https:\/\/thanglongcomputer.vn\/index.php?rest_route=%2Fwp%2Fv2%2Fmedia&parent=2045"}],"wp:term":[{"taxonomy":"product_brand","embeddable":true,"href":"https:\/\/thanglongcomputer.vn\/index.php?rest_route=%2Fwp%2Fv2%2Fproduct_brand&post=2045"},{"taxonomy":"product_cat","embeddable":true,"href":"https:\/\/thanglongcomputer.vn\/index.php?rest_route=%2Fwp%2Fv2%2Fproduct_cat&post=2045"},{"taxonomy":"product_tag","embeddable":true,"href":"https:\/\/thanglongcomputer.vn\/index.php?rest_route=%2Fwp%2Fv2%2Fproduct_tag&post=2045"}],"curies":[{"name":"wp","href":"https:\/\/api.w.org\/{rel}","templated":true}]}}