{"id":2044,"date":"2025-02-18T16:53:45","date_gmt":"2025-02-18T09:53:45","guid":{"rendered":"https:\/\/thanglongcomputer.vn\/san-pham\/mainboard-gigabyte-h610m-h-v3-ddr4\/"},"modified":"2025-02-23T08:22:41","modified_gmt":"2025-02-23T01:22:41","slug":"mainboard-gigabyte-h610m-h-v3-ddr4","status":"publish","type":"product","link":"https:\/\/thanglongcomputer.vn\/?product=mainboard-gigabyte-h610m-h-v3-ddr4","title":{"rendered":"Mainboard Gigabyte H610M H V3 DDR4"},"content":{"rendered":"<div id=\"js-product-description\" class=\"js-static-content static-html-content\">\n<h3>H\u1ed7 tr\u1ee3 c\u00e1c b\u1ed9 vi x\u1eed l\u00fd Intel m\u1edbi nh\u1ea5t<\/h3>\n<p>Gigabyte H610M H V3 DDR4 h\u1ed7 tr\u1ee3 c\u00e1c b\u1ed9 vi x\u1eed l\u00fd Intel Core th\u1ebf h\u1ec7 14, 13 v\u00e0 12, mang \u0111\u1ebfn hi\u1ec7u su\u1ea5t m\u1ea1nh m\u1ebd v\u00e0 kh\u1ea3 n\u0103ng t\u01b0\u01a1ng th\u00edch t\u1ed1t v\u1edbi c\u00e1c c\u00f4ng ngh\u1ec7 m\u1edbi nh\u1ea5t. \u0110i\u1ec1u n\u00e0y \u0111\u1ea3m b\u1ea3o h\u1ec7 th\u1ed1ng c\u1ee7a b\u1ea1n lu\u00f4n \u0111\u01b0\u1ee3c c\u1eadp nh\u1eadt v\u00e0 c\u00f3 th\u1ec3 t\u1eadn d\u1ee5ng t\u1ed1i \u0111a hi\u1ec7u n\u0103ng t\u1eeb CPU.<\/p>\n<p><img decoding=\"async\" class=\"loading\" src=\"https:\/\/hanoicomputercdn.com\/media\/product\/84788_file_pts_chu___n_l____0004_h610m_h_v3_ddr4_02.jpg\" data-was-processed=\"true\" \/><\/p>\n<h3>Thi\u1ebft k\u1ebf t\u1ea3n nhi\u1ec7t v\u00e0 \u0111i\u1ec7n \u00e1p t\u1ed1i \u01b0u<\/h3>\n<p>Bo m\u1ea1ch ch\u1ee7 n\u00e0y \u0111\u01b0\u1ee3c trang b\u1ecb thi\u1ebft k\u1ebf 6+1+1 Hybrid Phases Digital VRM, gi\u00fap cung c\u1ea5p \u0111i\u1ec7n \u00e1p \u1ed5n \u0111\u1ecbnh v\u00e0 hi\u1ec7u qu\u1ea3 cho CPU ngay c\u1ea3 khi ho\u1ea1t \u0111\u1ed9ng \u1edf c\u00f4ng su\u1ea5t cao. H\u1ec7 th\u1ed1ng t\u1ea3n nhi\u1ec7t th\u00f4ng minh v\u1edbi nhi\u1ec1u c\u1ea3m bi\u1ebfn nhi\u1ec7t \u0111\u1ed9 v\u00e0 c\u00e1c \u0111\u1ea7u c\u1eafm qu\u1ea1t h\u1ed7 tr\u1ee3 FAN STOP gi\u00fap gi\u1eef nhi\u1ec7t \u0111\u1ed9 lu\u00f4n \u1edf m\u1ee9c an to\u00e0n, t\u0103ng tu\u1ed5i th\u1ecd v\u00e0 hi\u1ec7u su\u1ea5t c\u1ee7a h\u1ec7 th\u1ed1ng.<\/p>\n<h3>K\u1ebft n\u1ed1i v\u00e0 m\u1edf r\u1ed9ng linh ho\u1ea1t<\/h3>\n<p>H610M H V3 DDR4 h\u1ed7 tr\u1ee3 chu\u1ea9n PCIe 4.0, mang l\u1ea1i b\u0103ng th\u00f4ng g\u1ea5p \u0111\u00f4i so v\u1edbi PCIe 3.0, ph\u00f9 h\u1ee3p cho c\u00e1c card \u0111\u1ed3 h\u1ecda v\u00e0 \u1ed5 c\u1ee9ng t\u1ed1c \u0111\u1ed9 cao. Bo m\u1ea1ch ch\u1ee7 n\u00e0y c\u00f2n c\u00f3 m\u1ed9t khe M.2 NVMe PCIe 3.0 x4, cung c\u1ea5p t\u1ed1c \u0111\u1ed9 truy\u1ec1n d\u1eef li\u1ec7u nhanh ch\u00f3ng cho c\u00e1c \u1ed5 SSD hi\u1ec7n \u0111\u1ea1i. Ngo\u00e0i ra, n\u00f3 c\u00f2n t\u00edch h\u1ee3p nhi\u1ec1u c\u1ed5ng k\u1ebft n\u1ed1i nh\u01b0 HDMI, USB 3.2 Gen1, v\u00e0 Intel GbE LAN v\u1edbi ph\u1ea7n m\u1ec1m cFosSpeed, \u0111\u1ea3m b\u1ea3o kh\u1ea3 n\u0103ng k\u1ebft n\u1ed1i m\u1ea1ng m\u01b0\u1ee3t m\u00e0 v\u00e0 \u1ed5n \u0111\u1ecbnh.<\/p>\n<h3>\u00c2m thanh ch\u1ea5t l\u01b0\u1ee3ng cao<\/h3>\n<p>Bo m\u1ea1ch ch\u1ee7 n\u00e0y \u0111\u01b0\u1ee3c trang b\u1ecb c\u00e1c t\u1ee5 \u0111i\u1ec7n \u00e2m thanh cao c\u1ea5p v\u00e0 c\u00f4ng ngh\u1ec7 Audio Noise Guard, mang l\u1ea1i tr\u1ea3i nghi\u1ec7m \u00e2m thanh r\u00f5 r\u00e0ng v\u00e0 chi ti\u1ebft, ph\u00f9 h\u1ee3p cho c\u00e1c t\u00e1c v\u1ee5 gi\u1ea3i tr\u00ed nh\u01b0 xem phim, nghe nh\u1ea1c v\u00e0 ch\u01a1i game.<\/p>\n<p>Mainboard Gigabyte H610M H V3 DDR4 mang l\u1ea1i s\u1ef1 \u1ed5n \u0111\u1ecbnh v\u00e0 hi\u1ec7u n\u0103ng cao cho h\u1ec7 th\u1ed1ng m\u00e1y t\u00ednh c\u1ee7a b\u1ea1n. V\u1edbi c\u00e1c t\u00ednh n\u0103ng hi\u1ec7n \u0111\u1ea1i v\u00e0 kh\u1ea3 n\u0103ng m\u1edf r\u1ed9ng linh ho\u1ea1t, s\u1ea3n ph\u1ea9m n\u00e0y \u0111\u00e1p \u1ee9ng t\u1ed1t nhu c\u1ea7u t\u1eeb l\u00e0m vi\u1ec7c \u0111\u1ebfn gi\u1ea3i tr\u00ed, \u0111\u1ea3m b\u1ea3o h\u1ec7 th\u1ed1ng c\u1ee7a b\u1ea1n lu\u00f4n ho\u1ea1t \u0111\u1ed9ng hi\u1ec7u qu\u1ea3 v\u00e0 b\u1ec1n b\u1ec9.<\/p>\n<\/div>\n<div class=\"static-btn-group\"><\/div>\n","protected":false},"excerpt":{"rendered":"<p class=\"group-title\"><strong>Th\u00f4ng s\u1ed1 s\u1ea3n ph\u1ea9m<\/strong><\/p>\n<div>\n<ul>\n<li class=\"item\">CPU h\u1ed7 tr\u1ee3: Intel 13th and 12th Core, Pentium Gold and Celeron<\/li>\n<li class=\"item\">Socket: LGA1700<\/li>\n<li class=\"item\">K\u00edch th\u01b0\u1edbc MB: M-ATX<\/li>\n<li class=\"item\">Khe c\u1eafm: 1 x M.2 2280 PCIe 3.0 x4, 4 x SATA 6Gb\/s<\/li>\n<li class=\"item\">Lo\u1ea1i Ram: DDR4<\/li>\n<\/ul>\n<\/div>\n","protected":false},"featured_media":2554,"comment_status":"open","ping_status":"closed","template":"","meta":{"_acf_changed":false},"product_brand":[392],"product_cat":[327],"product_tag":[281,376,378,335,338,333],"class_list":{"0":"post-2044","1":"product","2":"type-product","3":"status-publish","4":"has-post-thumbnail","6":"product_brand-gigabyte","7":"product_cat-bo-mach-chu-mainboard","8":"product_tag-ddr4","9":"product_tag-gigabyte","10":"product_tag-h610mh","11":"product_tag-intel","12":"product_tag-lga1700","13":"product_tag-matx","15":"first","16":"instock","17":"sale","18":"shipping-taxable","19":"purchasable","20":"product-type-simple"},"acf":[],"jetpack_sharing_enabled":true,"_links":{"self":[{"href":"https:\/\/thanglongcomputer.vn\/index.php?rest_route=\/wp\/v2\/product\/2044","targetHints":{"allow":["GET"]}}],"collection":[{"href":"https:\/\/thanglongcomputer.vn\/index.php?rest_route=\/wp\/v2\/product"}],"about":[{"href":"https:\/\/thanglongcomputer.vn\/index.php?rest_route=\/wp\/v2\/types\/product"}],"replies":[{"embeddable":true,"href":"https:\/\/thanglongcomputer.vn\/index.php?rest_route=%2Fwp%2Fv2%2Fcomments&post=2044"}],"wp:featuredmedia":[{"embeddable":true,"href":"https:\/\/thanglongcomputer.vn\/index.php?rest_route=\/wp\/v2\/media\/2554"}],"wp:attachment":[{"href":"https:\/\/thanglongcomputer.vn\/index.php?rest_route=%2Fwp%2Fv2%2Fmedia&parent=2044"}],"wp:term":[{"taxonomy":"product_brand","embeddable":true,"href":"https:\/\/thanglongcomputer.vn\/index.php?rest_route=%2Fwp%2Fv2%2Fproduct_brand&post=2044"},{"taxonomy":"product_cat","embeddable":true,"href":"https:\/\/thanglongcomputer.vn\/index.php?rest_route=%2Fwp%2Fv2%2Fproduct_cat&post=2044"},{"taxonomy":"product_tag","embeddable":true,"href":"https:\/\/thanglongcomputer.vn\/index.php?rest_route=%2Fwp%2Fv2%2Fproduct_tag&post=2044"}],"curies":[{"name":"wp","href":"https:\/\/api.w.org\/{rel}","templated":true}]}}