{"id":2042,"date":"2025-02-18T16:53:45","date_gmt":"2025-02-18T09:53:45","guid":{"rendered":"https:\/\/thanglongcomputer.vn\/san-pham\/mainboard-asrock-x870-steel-legend-wifi\/"},"modified":"2025-02-23T08:30:59","modified_gmt":"2025-02-23T01:30:59","slug":"mainboard-asrock-x870-steel-legend-wifi","status":"publish","type":"product","link":"https:\/\/thanglongcomputer.vn\/?product=mainboard-asrock-x870-steel-legend-wifi","title":{"rendered":"Mainboard ASROCK X870 STEEL LEGEND WIFI"},"content":{"rendered":"<h3 align=\"center\"><strong>Mainboard ASROCK X870 STEEL LEGEND<\/strong><\/h3>\n<p>Chipset AMD X870 \u0111\u01b0\u1ee3c x\u00e2y d\u1ef1ng d\u1ef1a tr\u00ean chipset AMD X870, bo m\u1ea1ch ch\u1ee7 n\u00e0y h\u1ed7 tr\u1ee3 c\u00e1c b\u1ed9 vi x\u1eed l\u00fd AMD Ryzen th\u1ebf h\u1ec7 m\u1edbi nh\u1ea5t, cho hi\u1ec7u su\u1ea5t m\u1ea1nh m\u1ebd v\u00e0 kh\u1ea3 n\u0103ng x\u1eed l\u00fd \u0111a lu\u1ed3ng t\u1ed1t.<\/p>\n<p><img decoding=\"async\" class=\"loading\" src=\"https:\/\/hanoicomputercdn.com\/media\/lib\/19-09-2024\/mainboard-asrock-x870-steel-legend4.jpg\" alt=\"Mainboard ASROCK X870 STEEL LEGEND \" width=\"100%\" data-was-processed=\"true\" \/><\/p>\n<h3><strong>Thi\u1ebft k\u1ebf b\u1ec1n b\u1ec9 v\u00e0 th\u1ea9m m\u1ef9<\/strong><\/h3>\n<p>ASRock Steel Legend c\u00f3 thi\u1ebft k\u1ebf \u0111\u1ed9c \u0111\u00e1o v\u1edbi l\u1edbp v\u1ecf kim lo\u1ea1i c\u1ee9ng c\u00e1p, \u0111em l\u1ea1i s\u1ef1 ch\u1eafc ch\u1eafn v\u00e0 \u0111\u1ed9 b\u1ec1n cao. Bo m\u1ea1ch c\u00f2n \u0111\u01b0\u1ee3c trang b\u1ecb h\u1ec7 th\u1ed1ng \u0111\u00e8n LED RGB, c\u00f3 th\u1ec3 t\u00f9y ch\u1ec9nh qua ph\u1ea7n m\u1ec1m ASRock Polychrome Sync, gi\u00fap t\u1ea1o n\u00ean hi\u1ec7u \u1ee9ng \u00e1nh s\u00e1ng \u0111\u1eb9p m\u1eaft.<\/p>\n<p><img decoding=\"async\" class=\"loading\" src=\"https:\/\/hanoicomputercdn.com\/media\/lib\/19-09-2024\/mainboard-asrock-x870-steel-legend5.jpg\" alt=\"Mainboard ASROCK X870 STEEL LEGEND 2\" width=\"100%\" data-was-processed=\"true\" \/><\/p>\n<h3><strong>H\u1ed7 tr\u1ee3 RAM DDR5<\/strong><\/h3>\n<p>ASRock X870 Steel Legend h\u1ed7 tr\u1ee3 4 slots RAM DDR5 v\u1edbi dung l\u01b0\u1ee3ng c\u1ef1c l\u1edbn, cho ph\u00e9p ng\u01b0\u1eddi d\u00f9ng tho\u1ea3i m\u00e1i n\u00e2ng c\u1ea5p b\u1ed9 nh\u1edb theo nhu c\u1ea7u.<\/p>\n<p><img decoding=\"async\" class=\"loading\" src=\"https:\/\/hanoicomputercdn.com\/media\/lib\/19-09-2024\/mainboard-gigabyte-z790-gaming-x-ax-ddr58.jpg\" alt=\"Mainboard ASROCK X870 STEEL LEGEND 3\" width=\"100%\" data-was-processed=\"true\" \/><\/p>\n<p>Bo m\u1ea1ch ch\u1ee7 s\u1eed d\u1ee5ng PCB chu\u1ea9n server v\u1edbi \u0111\u1ed9 suy hao th\u1ea5p gi\u00fap c\u1ea3i thi\u1ec7n \u0111\u1ed9 li\u1ec1n m\u1ea1ch c\u1ee7a t\u00edn hi\u1ec7u, cho ph\u00e9p h\u1ed7 tr\u1ee3 PCIe 5.0 cho c\u1ea3 card \u0111\u1ed3 h\u1ecda v\u00e0 \u1ed5 c\u1ee9ng M.2 SSD. \u0110\u1ed3ng th\u1eddi, n\u00f3 c\u00f2n t\u0103ng ti\u1ec1m n\u0103ng \u00e9p xung b\u1ed9 nh\u1edb, mang l\u1ea1i hi\u1ec7u su\u1ea5t b\u1ed9 nh\u1edb v\u01b0\u1ee3t tr\u1ed9i nh\u1ea5t.<\/p>\n<p><img decoding=\"async\" class=\"loading\" src=\"https:\/\/asrock.com\/microsite\/AMD%20AM5%20Ryzen%209000%20X3D%20X870E%20X870\/images\/imgs\/DRAM-OC_X870E-Taichi.jpg\" alt=\"Mainboard ASROCK X870 STEEL LEGEND 4\" width=\"100%\" data-was-processed=\"true\" \/><\/p>\n","protected":false},"excerpt":{"rendered":"<p class=\"group-title\"><strong>Th\u00f4ng s\u1ed1 s\u1ea3n ph\u1ea9m<\/strong><\/p>\n<div>\n<ul>\n<li class=\"item\">Chipset: AMD X870<\/li>\n<li class=\"item\">Socket: AMD AM5<\/li>\n<li class=\"item\">K\u00edch th\u01b0\u1edbc: ATX<\/li>\n<li class=\"item\">S\u1ed1 khe RAM: 4<\/li>\n<li class=\"item\">PCIe 5.0 x16<\/li>\n<li class=\"item\">2.5Gbps LAN &amp; 802.11be WiFi 7<\/li>\n<\/ul>\n<\/div>\n","protected":false},"featured_media":2574,"comment_status":"open","ping_status":"closed","template":"","meta":{"_acf_changed":false},"product_brand":[391],"product_cat":[327],"product_tag":[373,361,364,350,342,375,343,374],"class_list":{"0":"post-2042","1":"product","2":"type-product","3":"status-publish","4":"has-post-thumbnail","6":"product_brand-asrock","7":"product_cat-bo-mach-chu-mainboard","8":"product_tag-am5","9":"product_tag-amd","10":"product_tag-asrock","11":"product_tag-atx","12":"product_tag-ddr5","13":"product_tag-steellegend","14":"product_tag-wifi","15":"product_tag-x870","17":"first","18":"onbackorder","19":"sale","20":"shipping-taxable","21":"purchasable","22":"product-type-simple"},"acf":[],"jetpack_sharing_enabled":true,"_links":{"self":[{"href":"https:\/\/thanglongcomputer.vn\/index.php?rest_route=\/wp\/v2\/product\/2042","targetHints":{"allow":["GET"]}}],"collection":[{"href":"https:\/\/thanglongcomputer.vn\/index.php?rest_route=\/wp\/v2\/product"}],"about":[{"href":"https:\/\/thanglongcomputer.vn\/index.php?rest_route=\/wp\/v2\/types\/product"}],"replies":[{"embeddable":true,"href":"https:\/\/thanglongcomputer.vn\/index.php?rest_route=%2Fwp%2Fv2%2Fcomments&post=2042"}],"wp:featuredmedia":[{"embeddable":true,"href":"https:\/\/thanglongcomputer.vn\/index.php?rest_route=\/wp\/v2\/media\/2574"}],"wp:attachment":[{"href":"https:\/\/thanglongcomputer.vn\/index.php?rest_route=%2Fwp%2Fv2%2Fmedia&parent=2042"}],"wp:term":[{"taxonomy":"product_brand","embeddable":true,"href":"https:\/\/thanglongcomputer.vn\/index.php?rest_route=%2Fwp%2Fv2%2Fproduct_brand&post=2042"},{"taxonomy":"product_cat","embeddable":true,"href":"https:\/\/thanglongcomputer.vn\/index.php?rest_route=%2Fwp%2Fv2%2Fproduct_cat&post=2042"},{"taxonomy":"product_tag","embeddable":true,"href":"https:\/\/thanglongcomputer.vn\/index.php?rest_route=%2Fwp%2Fv2%2Fproduct_tag&post=2042"}],"curies":[{"name":"wp","href":"https:\/\/api.w.org\/{rel}","templated":true}]}}