{"id":2040,"date":"2025-02-18T16:53:45","date_gmt":"2025-02-18T09:53:45","guid":{"rendered":"https:\/\/thanglongcomputer.vn\/san-pham\/mainboard-asrock-b760m-pro-rs-d4-wifi\/"},"modified":"2025-02-23T08:36:09","modified_gmt":"2025-02-23T01:36:09","slug":"mainboard-asrock-b760m-pro-rs-d4-wifi","status":"publish","type":"product","link":"https:\/\/thanglongcomputer.vn\/?product=mainboard-asrock-b760m-pro-rs-d4-wifi","title":{"rendered":"Mainboard ASROCK B760M Pro RS\/D4 WiFi"},"content":{"rendered":"<h2 id=\"mainboard-asrock-b760m-pro-rs-d4-wifi--hoat-dong-ben-bi-trai-nghiem-on-dinh\"><strong>Mainboard Asrock B760M Pro RS\/D4 Wifi \u2013 Ho\u1ea1t \u0111\u1ed9ng b\u1ec1n b\u1ec9, tr\u1ea3i nghi\u1ec7m \u1ed5n \u0111\u1ecbnh<\/strong><\/h2>\n<p><strong>Mainboard Asrock B760M Pro RS\/D4 Wifi<\/strong>\u00a0\u0111\u01b0\u1ee3c xem l\u00e0 b\u1ed9 bo m\u1ea1ch ch\u1ee7 hi\u1ec7n \u0111\u1ea1i v\u1edbi nh\u1eefng th\u00f4ng s\u1ed1 k\u1ef9 thu\u1eadt \u0111\u00e1ng kinh ng\u1ea1c. T\u1eeb \u0111\u00f3 ng\u01b0\u1eddi d\u00f9ng c\u00f3 th\u1ec3 nhanh ch\u00f3ng tr\u1ea3i nghi\u1ec7m c\u00e1c t\u1ef1a game nh\u1eb9 v\u00e0 c\u00e1c t\u00e1c v\u1ee5 m\u1ed9t c\u00e1ch nhanh nh\u1ea1y v\u1edbi\u00a0<strong>manboard<\/strong>\u00a0n\u00e0y.<\/p>\n<h3 id=\"ben-bi-thiet-ke-ho-tro-nhieu-cong\"><strong>B\u1ec1n b\u1ec9 thi\u1ebft k\u1ebf, h\u1ed7 tr\u1ee3 nhi\u1ec1u c\u1ed5ng<\/strong><\/h3>\n<p>Mainboard Asrock B760M Pro RS\/D4 Wifi \u0111\u01b0\u1ee3c ho\u00e0n thi\u1ec7n t\u1eeb ch\u1ea5t li\u1ec7u cao c\u1ea5p c\u00f9ng s\u1ef1 s\u1eafp x\u1ebfp h\u1ee3p l\u00fd c\u1ee7a c\u00e1c linh ki\u1ec7n. T\u1eeb \u0111\u00f3 cho ph\u00e9p bo m\u1ea1ch ch\u1ee7 d\u1ec5 d\u00e0ng c\u00e0i \u0111\u1eb7t v\u1edbi nhi\u1ec1u khe c\u1ed5ng, c\u0169ng nh\u01b0 gi\u00fap ph\u00e1t huy t\u1ed1i \u0111a hi\u1ec7u su\u1ea5t c\u1ee7a s\u1ea3n ph\u1ea9m trong qu\u00e1 tr\u00ecnh ho\u1ea1t \u0111\u1ed9ng. \u0110i k\u00e8m b\u1ed9 chi\u1ebfu s\u00e1ng RGB th\u00edch h\u1ee3p tr\u00ean bo m\u1ea1ch, mainboard Asrock B760M Pro RS\/D4 Wifi \u0111\u00e3 \u0111\u01b0\u1ee3c ch\u1ee9ng nh\u1eadn\u00a0Polychrom RGB Sync\u00a0nh\u1edd hi\u1ec7u \u1ee9ng \u00e1nh s\u00e1ng m\u1edbi m\u1ebb.<\/p>\n<p>&nbsp;<\/p>\n<h3 id=\"toi-uu-hoa-cac-ung-dung-cong-nghe-wifi-6e\"><strong>T\u1ed1i \u01b0u h\u00f3a c\u00e1c \u1ee9ng d\u1ee5ng, c\u00f4ng ngh\u1ec7 Wifi 6E<\/strong><\/h3>\n<p>C\u00e1c nh\u00e0 s\u1ea3n xu\u1ea5t \u0111\u00e3 trang b\u1ecb c\u00f4ng ngh\u1ec7 Wifi 6E c\u00f3 kh\u1ea3 n\u0103ng m\u1edf r\u1ed9ng d\u1ea3i ph\u1ed5 l\u00ean \u0111\u1ebfn\u00a06GHz nh\u1eb1m n\u00e2ng c\u1ea5p l\u01b0u l\u01b0\u1ee3ng truy\u1ec1n t\u1ea3i wifi nhanh v\u00e0 t\u1ed1t h\u01a1n. \u0110\u1ed3ng th\u1eddi, mainboard Asrock B760M Pro RS\/D4 c\u00f2n h\u1ed7 tr\u1ee3 th\u00eam c\u00e1c d\u1ecbch v\u1ee5 t\u01b0\u01a1ng \u0111\u01b0\u01a1ng v\u1edbi m\u1ea1ng 5G m\u00e0 kh\u00f4ng c\u1ea7n ph\u1ea3i lo l\u1eafng v\u1ec1 \u0111\u1ed9 tr\u1ec5.<\/p>\n<p>&nbsp;<\/p>\n<p>\u0110\u1eb7c bi\u1ec7t, phi\u00ean b\u1ea3n bo m\u1ea1ch ch\u1ee7 n\u00e0y c\u00f2n cung c\u1ea5p d\u00f2ng \u0111i\u1ec7n cho m\u1ed7i pha m\u1ed9t c\u00e1ch th\u00f4ng minh so v\u1edbi c\u00e1c Mosfet truy\u1ec1n th\u1ed1ng, t\u1eeb \u0111\u00f3 gi\u00fap t\u1ed1i \u01b0u c\u00e1c \u1ee9ng d\u1ee5ng \u0111\u1ed3ng b\u1ed9.<\/p>\n","protected":false},"excerpt":{"rendered":"<p class=\"group-title\"><strong>Th\u00f4ng s\u1ed1 s\u1ea3n ph\u1ea9m<\/strong><\/p>\n<div>\n<ul>\n<li class=\"item\">Chipset: Intel B760<\/li>\n<li class=\"item\">Socket: Intel LGA 1700<\/li>\n<li class=\"item\">K\u00edch th\u01b0\u1edbc:M-ATX<\/li>\n<li class=\"item\">S\u1ed1 khe RAM: 4 khe( T\u1ed1i \u0111a 128GB)<\/li>\n<\/ul>\n<\/div>\n","protected":false},"featured_media":2585,"comment_status":"open","ping_status":"closed","template":"","meta":{"_acf_changed":false},"product_brand":[391],"product_cat":[327],"product_tag":[364,370,281,335,338,333,371,343],"class_list":{"0":"post-2040","1":"product","2":"type-product","3":"status-publish","4":"has-post-thumbnail","6":"product_brand-asrock","7":"product_cat-bo-mach-chu-mainboard","8":"product_tag-asrock","9":"product_tag-b760m","10":"product_tag-ddr4","11":"product_tag-intel","12":"product_tag-lga1700","13":"product_tag-matx","14":"product_tag-pro","15":"product_tag-wifi","17":"first","18":"instock","19":"sale","20":"shipping-taxable","21":"purchasable","22":"product-type-simple"},"acf":[],"jetpack_sharing_enabled":true,"_links":{"self":[{"href":"https:\/\/thanglongcomputer.vn\/index.php?rest_route=\/wp\/v2\/product\/2040","targetHints":{"allow":["GET"]}}],"collection":[{"href":"https:\/\/thanglongcomputer.vn\/index.php?rest_route=\/wp\/v2\/product"}],"about":[{"href":"https:\/\/thanglongcomputer.vn\/index.php?rest_route=\/wp\/v2\/types\/product"}],"replies":[{"embeddable":true,"href":"https:\/\/thanglongcomputer.vn\/index.php?rest_route=%2Fwp%2Fv2%2Fcomments&post=2040"}],"wp:featuredmedia":[{"embeddable":true,"href":"https:\/\/thanglongcomputer.vn\/index.php?rest_route=\/wp\/v2\/media\/2585"}],"wp:attachment":[{"href":"https:\/\/thanglongcomputer.vn\/index.php?rest_route=%2Fwp%2Fv2%2Fmedia&parent=2040"}],"wp:term":[{"taxonomy":"product_brand","embeddable":true,"href":"https:\/\/thanglongcomputer.vn\/index.php?rest_route=%2Fwp%2Fv2%2Fproduct_brand&post=2040"},{"taxonomy":"product_cat","embeddable":true,"href":"https:\/\/thanglongcomputer.vn\/index.php?rest_route=%2Fwp%2Fv2%2Fproduct_cat&post=2040"},{"taxonomy":"product_tag","embeddable":true,"href":"https:\/\/thanglongcomputer.vn\/index.php?rest_route=%2Fwp%2Fv2%2Fproduct_tag&post=2040"}],"curies":[{"name":"wp","href":"https:\/\/api.w.org\/{rel}","templated":true}]}}