{"id":2038,"date":"2025-02-18T16:53:45","date_gmt":"2025-02-18T09:53:45","guid":{"rendered":"https:\/\/thanglongcomputer.vn\/san-pham\/mainboard-asrock-h610m-h2-m-2-ddr4\/"},"modified":"2025-02-23T08:21:28","modified_gmt":"2025-02-23T01:21:28","slug":"mainboard-asrock-h610m-h2-m-2-ddr4","status":"publish","type":"product","link":"https:\/\/thanglongcomputer.vn\/?product=mainboard-asrock-h610m-h2-m-2-ddr4","title":{"rendered":"Mainboard ASROCK H610M-H2\/M.2 DDR4"},"content":{"rendered":"<h3>Digi Power<br \/>\n<img decoding=\"async\" class=\"loading\" src=\"https:\/\/hanoicomputercdn.com\/media\/product\/86170_mainboard_asrock_h610m_h2_m__5_.jpg\" data-was-processed=\"true\" \/><\/h3>\n<p>Kh\u00f4ng gi\u1ed1ng nh\u01b0 c\u00e1c bo m\u1ea1ch ch\u1ee7 truy\u1ec1n th\u1ed1ng s\u1eed d\u1ee5ng ngu\u1ed3n \u0111i\u1ec7n t\u01b0\u01a1ng t\u1ef1, bo m\u1ea1ch ch\u1ee7 n\u00e0y s\u1eed d\u1ee5ng thi\u1ebft k\u1ebf PWM k\u1ef9 thu\u1eadt s\u1ed1 (\u0110i\u1ec1u ch\u1ebf \u0111\u1ed9 r\u1ed9ng xung) th\u1ebf h\u1ec7 ti\u1ebfp theo, cung c\u1ea5p \u0111i\u1ec7n \u00e1p Vcore CPU hi\u1ec7u qu\u1ea3 v\u00e0 tr\u01a1n tru h\u01a1n, nh\u1edd \u0111\u00f3 \u0111\u1ed9 \u1ed5n \u0111\u1ecbnh v\u00e0 tu\u1ed5i th\u1ecd c\u1ee7a bo m\u1ea1ch ch\u1ee7 \u0111\u01b0\u1ee3c n\u00e2ng cao \u0111\u00e1ng k\u1ec3.<\/p>\n<p>&nbsp;<\/p>\n<h3>Ultra M.2 32Gb \/ s (PCIe Gen3 x4 &amp; SATA3)<\/h3>\n<p>Giao di\u1ec7n PCIe Gen3 x4 Ultra M.2 \u0111\u1ea9y t\u1ed1c \u0111\u1ed9 truy\u1ec1n d\u1eef li\u1ec7u l\u00ean \u0111\u1ebfn 32Gb \/ s. Ngo\u00e0i ra, n\u00f3 c\u0169ng h\u1ed7 tr\u1ee3 c\u00e1c m\u00f4-\u0111un SATA3 6Gb \/ s M.2.<\/p>\n<p>&nbsp;<\/p>\n<p>&nbsp;<\/p>\n<h3>Intel \u00ae Gigabit LAN<\/h3>\n<p>Intel \u00ae LAN cung c\u1ea5p hi\u1ec7u su\u1ea5t th\u00f4ng l\u01b0\u1ee3ng t\u1ed1t nh\u1ea5t, s\u1eed d\u1ee5ng CPU th\u1ea5p h\u01a1n, t\u0103ng c\u01b0\u1eddng \u0111\u1ed9 \u1ed5n \u0111\u1ecbnh v\u00e0 c\u00f3 th\u1ec3 mang l\u1ea1i tr\u1ea3i nghi\u1ec7m m\u1ea1ng t\u1ed1i \u01b0u cho ng\u01b0\u1eddi d\u00f9ng.<\/p>\n<p>&nbsp;<\/p>\n<h3>M.2 (KEY E) \u0110\u1ed1i v\u1edbi WiFi<\/h3>\n<p>B\u00ean c\u1ea1nh c\u1ed5ng LAN t\u00edch h\u1ee3p, ng\u01b0\u1eddi d\u00f9ng c\u0169ng c\u00f3 th\u1ec3 l\u1ef1a ch\u1ecdn c\u00e1c k\u1ebft n\u1ed1i kh\u00f4ng d\u00e2y 802.11ac b\u1eb1ng khe c\u1eafm M.2 (Key E).<\/p>\n<p>* M\u00f4-\u0111un Wi-Fi kh\u00f4ng \u0111\u01b0\u1ee3c bao g\u1ed3m.<\/p>\n<p>&nbsp;<\/p>\n<h3>3 c\u1ed5ng xu\u1ea5t h\u00ecnh<\/h3>\n<h3><img decoding=\"async\" class=\"loading\" src=\"https:\/\/hanoicomputercdn.com\/media\/product\/86170_mainboard_asrock_h610m_h2_m__4_.jpg\" data-was-processed=\"true\" \/><\/h3>\n<p>Ho\u00e0n thi\u1ec7n v\u1edbi c\u1ea3 ba lo\u1ea1i \u0111\u1ea7u n\u1ed1i \u0111\u01b0\u1ee3c s\u1eed d\u1ee5ng nhi\u1ec1u nh\u1ea5t! \u0110\u01b0\u1ee3c \u0111\u00f3ng g\u00f3i v\u1edbi b\u1ed9 k\u1ebft h\u1ee3p D-Sub + DisplayPort + HDMI.<\/p>\n<p>* Ch\u1ec9 \u0111\u01b0\u1ee3c h\u1ed7 tr\u1ee3 v\u1edbi b\u1ed9 vi x\u1eed l\u00fd c\u00f3 \u0111\u1ed3 h\u1ecda t\u00edch h\u1ee3p. Vui l\u00f2ng ki\u1ec3m tra danh s\u00e1ch h\u1ed7 tr\u1ee3 CPU t\u1eeb m\u1ed7i trang web c\u1ee7a bo m\u1ea1ch ch\u1ee7<\/p>\n","protected":false},"excerpt":{"rendered":"<p class=\"group-title\"><strong>Th\u00f4ng s\u1ed1 s\u1ea3n ph\u1ea9m<\/strong><\/p>\n<div>\n<ul>\n<li class=\"item\">Socket: LGA1700 h\u1ed7 tr\u1ee3 CPU intel th\u1ebf h\u1ec7 12<\/li>\n<li class=\"item\">K\u00edch th\u01b0\u1edbc: Micro ATX<\/li>\n<li class=\"item\">Khe c\u1eafm RAM: 2 khe (T\u1ed1i \u0111a 64GB)<\/li>\n<li class=\"item\">Khe c\u1eafm m\u1edf r\u1ed9ng: 1 x PCIe Gen4x16 Slot*, 2 x PCIe Gen3x1 Slots, 1 x M.2 Socket<\/li>\n<\/ul>\n<\/div>\n","protected":false},"featured_media":2548,"comment_status":"open","ping_status":"closed","template":"","meta":{"_acf_changed":false},"product_brand":[391],"product_cat":[327],"product_tag":[364,281,369,368,335,338,333],"class_list":{"0":"post-2038","1":"product","2":"type-product","3":"status-publish","4":"has-post-thumbnail","6":"product_brand-asrock","7":"product_cat-bo-mach-chu-mainboard","8":"product_tag-asrock","9":"product_tag-ddr4","10":"product_tag-h2","11":"product_tag-h610m","12":"product_tag-intel","13":"product_tag-lga1700","14":"product_tag-matx","16":"first","17":"instock","18":"shipping-taxable","19":"purchasable","20":"product-type-simple"},"acf":[],"jetpack_sharing_enabled":true,"_links":{"self":[{"href":"https:\/\/thanglongcomputer.vn\/index.php?rest_route=\/wp\/v2\/product\/2038","targetHints":{"allow":["GET"]}}],"collection":[{"href":"https:\/\/thanglongcomputer.vn\/index.php?rest_route=\/wp\/v2\/product"}],"about":[{"href":"https:\/\/thanglongcomputer.vn\/index.php?rest_route=\/wp\/v2\/types\/product"}],"replies":[{"embeddable":true,"href":"https:\/\/thanglongcomputer.vn\/index.php?rest_route=%2Fwp%2Fv2%2Fcomments&post=2038"}],"wp:featuredmedia":[{"embeddable":true,"href":"https:\/\/thanglongcomputer.vn\/index.php?rest_route=\/wp\/v2\/media\/2548"}],"wp:attachment":[{"href":"https:\/\/thanglongcomputer.vn\/index.php?rest_route=%2Fwp%2Fv2%2Fmedia&parent=2038"}],"wp:term":[{"taxonomy":"product_brand","embeddable":true,"href":"https:\/\/thanglongcomputer.vn\/index.php?rest_route=%2Fwp%2Fv2%2Fproduct_brand&post=2038"},{"taxonomy":"product_cat","embeddable":true,"href":"https:\/\/thanglongcomputer.vn\/index.php?rest_route=%2Fwp%2Fv2%2Fproduct_cat&post=2038"},{"taxonomy":"product_tag","embeddable":true,"href":"https:\/\/thanglongcomputer.vn\/index.php?rest_route=%2Fwp%2Fv2%2Fproduct_tag&post=2038"}],"curies":[{"name":"wp","href":"https:\/\/api.w.org\/{rel}","templated":true}]}}