{"id":2036,"date":"2025-02-18T16:53:45","date_gmt":"2025-02-18T09:53:45","guid":{"rendered":"https:\/\/thanglongcomputer.vn\/san-pham\/mainboard-asrock-b450m-hdv-r4-0\/"},"modified":"2025-02-24T08:40:00","modified_gmt":"2025-02-24T01:40:00","slug":"mainboard-asrock-b450m-hdv-r4-0","status":"publish","type":"product","link":"https:\/\/thanglongcomputer.vn\/?product=mainboard-asrock-b450m-hdv-r4-0","title":{"rendered":"Mainboard ASROCK B450M-HDV R4.0"},"content":{"rendered":"<div id=\"js-product-description\" class=\"js-static-content static-html-content\">\n<h3>Hi\u1ec7u su\u1ea5t M\u1ea1nh M\u1ebd v\u00e0 \u0110a D\u1ea1ng<\/h3>\n<p>Socket AM4 v\u00e0 kh\u1ea3 n\u0103ng h\u1ed7 tr\u1ee3 RAM l\u00ean \u0111\u1ebfn 64GB DDR4 l\u00e0m cho mainboard n\u00e0y tr\u1edf th\u00e0nh m\u1ed9t trong nh\u1eefng l\u1ef1a ch\u1ecdn h\u00e0ng \u0111\u1ea7u cho nh\u1eefng ng\u01b0\u1eddi \u0111\u00f2i h\u1ecfi hi\u1ec7u su\u1ea5t cao v\u00e0 \u0111a nhi\u1ec7m. B\u1ea5t k\u1ec3 b\u1ea1n l\u00e0 ng\u01b0\u1eddi ch\u01a1i game, l\u00e0m vi\u1ec7c v\u1edbi \u0111\u1ed3 h\u1ecda ho\u1eb7c ch\u1ec9 \u0111\u01a1n gi\u1ea3n l\u00e0 s\u1eed d\u1ee5ng v\u0103n ph\u00f2ng, mainboard n\u00e0y \u0111\u1ec1u \u0111\u00e1p \u1ee9ng m\u1ecdi nhu c\u1ea7u c\u1ee7a b\u1ea1n m\u1ed9t c\u00e1ch m\u1ea1nh m\u1ebd v\u00e0 linh ho\u1ea1t.<\/p>\n<p><img decoding=\"async\" class=\"loading\" src=\"https:\/\/hanoicomputercdn.com\/media\/product\/82092_mainboard_asrock_b450m_hdv_r4__3_.jpg\" data-was-processed=\"true\" \/><\/p>\n<h3>T\u00ednh T\u01b0\u01a1ng Th\u00edch v\u00e0 \u0110a Ch\u1ee9c N\u0103ng<\/h3>\n<p>V\u1edbi k\u1ebft n\u1ed1i LAN Gigabit, khe c\u1eafm M.2 v\u00e0 SATA3 6.0 Gb\/s, mainboard ASROCK B450M-HDV R4.0 gi\u00fap t\u1ed1i \u01b0u h\u00f3a hi\u1ec7u su\u1ea5t l\u01b0u tr\u1eef v\u00e0 truy\u1ec1n d\u1eef li\u1ec7u. Kh\u00f4ng ch\u1ec9 v\u1eady, v\u1edbi c\u00e1c c\u1ed5ng k\u1ebft n\u1ed1i \u0111a d\u1ea1ng nh\u01b0 HDMI, DVI-D, D-Sub, USB 2.0 v\u00e0 USB 3.1 Gen1, s\u1ea3n ph\u1ea9m n\u00e0y \u0111\u1ea3m b\u1ea3o t\u00ednh linh ho\u1ea1t v\u00e0 t\u01b0\u01a1ng th\u00edch r\u1ed9ng r\u00e3i v\u1edbi nhi\u1ec1u thi\u1ebft b\u1ecb v\u00e0 ph\u1ea7n c\u1ee9ng kh\u00e1c nhau.<\/p>\n<\/div>\n<div class=\"static-btn-group\"><\/div>\n","protected":false},"excerpt":{"rendered":"<p class=\"group-title\"><strong>Th\u00f4ng s\u1ed1 s\u1ea3n ph\u1ea9m<\/strong><\/p>\n<div>\n<ul>\n<li class=\"item\">Socket: AMD AM4<\/li>\n<li class=\"item\">K\u00edch th\u01b0\u1edbc: Micro ATX<\/li>\n<li class=\"item\">Khe c\u1eafm RAM: 2 khe (T\u1ed1i \u0111a 64GB)<\/li>\n<li class=\"item\">Khe c\u1eafm m\u1edf r\u1ed9ng: PCI Express 3.0, PCI Express 2.0<\/li>\n<\/ul>\n<\/div>\n","protected":false},"featured_media":2690,"comment_status":"open","ping_status":"closed","template":"","meta":{"_acf_changed":false},"product_brand":[391],"product_cat":[327],"product_tag":[360,361,364,365,281,366,333],"class_list":{"0":"post-2036","1":"product","2":"type-product","3":"status-publish","4":"has-post-thumbnail","6":"product_brand-asrock","7":"product_cat-bo-mach-chu-mainboard","8":"product_tag-am4","9":"product_tag-amd","10":"product_tag-asrock","11":"product_tag-b450m","12":"product_tag-ddr4","13":"product_tag-hdv","14":"product_tag-matx","16":"first","17":"instock","18":"sale","19":"shipping-taxable","20":"purchasable","21":"product-type-simple"},"acf":[],"jetpack_sharing_enabled":true,"_links":{"self":[{"href":"https:\/\/thanglongcomputer.vn\/index.php?rest_route=\/wp\/v2\/product\/2036","targetHints":{"allow":["GET"]}}],"collection":[{"href":"https:\/\/thanglongcomputer.vn\/index.php?rest_route=\/wp\/v2\/product"}],"about":[{"href":"https:\/\/thanglongcomputer.vn\/index.php?rest_route=\/wp\/v2\/types\/product"}],"replies":[{"embeddable":true,"href":"https:\/\/thanglongcomputer.vn\/index.php?rest_route=%2Fwp%2Fv2%2Fcomments&post=2036"}],"wp:featuredmedia":[{"embeddable":true,"href":"https:\/\/thanglongcomputer.vn\/index.php?rest_route=\/wp\/v2\/media\/2690"}],"wp:attachment":[{"href":"https:\/\/thanglongcomputer.vn\/index.php?rest_route=%2Fwp%2Fv2%2Fmedia&parent=2036"}],"wp:term":[{"taxonomy":"product_brand","embeddable":true,"href":"https:\/\/thanglongcomputer.vn\/index.php?rest_route=%2Fwp%2Fv2%2Fproduct_brand&post=2036"},{"taxonomy":"product_cat","embeddable":true,"href":"https:\/\/thanglongcomputer.vn\/index.php?rest_route=%2Fwp%2Fv2%2Fproduct_cat&post=2036"},{"taxonomy":"product_tag","embeddable":true,"href":"https:\/\/thanglongcomputer.vn\/index.php?rest_route=%2Fwp%2Fv2%2Fproduct_tag&post=2036"}],"curies":[{"name":"wp","href":"https:\/\/api.w.org\/{rel}","templated":true}]}}