{"id":2034,"date":"2025-02-18T16:53:45","date_gmt":"2025-02-18T09:53:45","guid":{"rendered":"https:\/\/thanglongcomputer.vn\/san-pham\/mainboard-asus-prime-b450m-a-ii\/"},"modified":"2025-02-20T17:46:44","modified_gmt":"2025-02-20T10:46:44","slug":"mainboard-asus-prime-b450m-a-ii","status":"publish","type":"product","link":"https:\/\/thanglongcomputer.vn\/?product=mainboard-asus-prime-b450m-a-ii","title":{"rendered":"Mainboard ASUS PRIME B450M-A II"},"content":{"rendered":"<p><strong>Mainboard ASUS PRIME B450M-A II\u00a0<\/strong>l\u00e0 s\u1ea3n ph\u1ea9m bo m\u1ea1ch ch\u1ee7 s\u1eed d\u1ee5ng chipset B450 c\u1ee7a AMD, \u0111\u00e2y l\u00e0 phi\u00ean b\u1ea3n m\u1edbi t\u01b0\u01a1ng th\u00edch s\u1eb5n v\u1edbi th\u1ebf h\u1ec7 Zen 3 (Ryzen 5000 Series) m\u00e0 kh\u00f4ng c\u1ea7n Update Bios.<\/p>\n<p>&nbsp;<\/p>\n<h3>T\u1ea3n nhi\u1ec7t cho VRM<\/h3>\n<p>Kh\u00e1c v\u1edbi phi\u00ean b\u1ea3n c\u0169, l\u1ea7n n\u00e0y Asus \u0111\u00e3 trang b\u1ecb t\u1ea3n nhi\u1ec7t cho d\u00e0n VRM v\u00e0 Phase m\u1edbi \u0111\u1ec3 c\u00f3 th\u1ec3 ch\u1ea1y t\u1ed1t nh\u1eefng CPU \u0111a nh\u00e2n c\u00f3 c\u00f4ng su\u1ea5t ti\u00eau th\u1ee5 \u0111i\u1ec7n cao.<\/p>\n<p>&nbsp;<\/p>\n<h3>H\u1ec7 th\u1ed1ng EPU<\/h3>\n<p>Gi\u00fap ti\u00eau th\u1ee5 hi\u1ec7u qu\u1ea3 n\u0103ng l\u01b0\u1ee3ng tr\u00ean to\u00e0n b\u1ed9 th\u00e0nh ph\u1ea7n c\u1ee7a bo m\u1ea1ch ch\u1ee7.<\/p>\n<h3>Fan Expert 2+<\/h3>\n<p>Bao g\u1ed3m c\u00e1c ch\u00e2n c\u1eafm qu\u1ea1t th\u00f4ng minh, c\u00e1c c\u1ea3m bi\u1ebfn nhi\u1ec7t \u0111\u1ed9 \u0111\u1eb7t \u1edf nhi\u1ec1u v\u1ecb tr\u00ed gi\u00fap l\u00e0m m\u00e1t hi\u1ec7u qu\u1ea3.<\/p>\n<p>&nbsp;<\/p>\n<h3>Bios th\u00e2n thi\u1ec7n<\/h3>\n<p>H\u1ec7 th\u1ed1ng bios \u0111\u01b0\u1ee3c thi\u1ebft k\u1ebf d\u1ec5 s\u1eed d\u1ee5ng v\u00e0 thao t\u00e1c v\u1edbi c\u1ea3 ng\u01b0\u1eddi d\u00f9ng c\u01a1 b\u1ea3n l\u1eabn n\u00e2ng cao<\/p>\n<h3>Khe M.2 chu\u1ea9n PCI Gen 3<\/h3>\n<p>Khe c\u1eafm \u1ed5 c\u1ee9ng SSD M.2 chu\u1ea9n PCI Gen 3 cho t\u1ed1c \u0111\u1ed9 t\u1ed1i \u0111a 32Gb\/s nhanh g\u1ea5p nhi\u1ec1u l\u1ea7n c\u1ed5ng Sata truy\u1ec1n th\u1ed1ng.<\/p>\n","protected":false},"excerpt":{"rendered":"<p class=\"group-title\"><strong>Th\u00f4ng s\u1ed1 s\u1ea3n ph\u1ea9m<\/strong><\/p>\n<div>\n<ul>\n<li class=\"item\">Bo m\u1ea1ch ch\u1ee7 socket AM4 c\u1ee7a Asus<\/li>\n<li class=\"item\">Chipset B450<\/li>\n<li class=\"item\">H\u1ed7 tr\u1ee3 \u0111\u1ebfn th\u1ebf h\u1ec7 Zen 3<\/li>\n<li class=\"item\">4 khe Ram<\/li>\n<\/ul>\n<\/div>\n","protected":false},"featured_media":2501,"comment_status":"open","ping_status":"closed","template":"","meta":{"_acf_changed":false},"product_brand":[115],"product_cat":[327],"product_tag":[360,361,82,362,281,328,333,329],"class_list":{"0":"post-2034","1":"product","2":"type-product","3":"status-publish","4":"has-post-thumbnail","6":"product_brand-asus","7":"product_cat-bo-mach-chu-mainboard","8":"product_tag-am4","9":"product_tag-amd","10":"product_tag-asus","11":"product_tag-b450ma","12":"product_tag-ddr4","13":"product_tag-main","14":"product_tag-matx","15":"product_tag-prime","17":"first","18":"instock","19":"sale","20":"shipping-taxable","21":"purchasable","22":"product-type-simple"},"acf":[],"jetpack_sharing_enabled":true,"_links":{"self":[{"href":"https:\/\/thanglongcomputer.vn\/index.php?rest_route=\/wp\/v2\/product\/2034","targetHints":{"allow":["GET"]}}],"collection":[{"href":"https:\/\/thanglongcomputer.vn\/index.php?rest_route=\/wp\/v2\/product"}],"about":[{"href":"https:\/\/thanglongcomputer.vn\/index.php?rest_route=\/wp\/v2\/types\/product"}],"replies":[{"embeddable":true,"href":"https:\/\/thanglongcomputer.vn\/index.php?rest_route=%2Fwp%2Fv2%2Fcomments&post=2034"}],"wp:featuredmedia":[{"embeddable":true,"href":"https:\/\/thanglongcomputer.vn\/index.php?rest_route=\/wp\/v2\/media\/2501"}],"wp:attachment":[{"href":"https:\/\/thanglongcomputer.vn\/index.php?rest_route=%2Fwp%2Fv2%2Fmedia&parent=2034"}],"wp:term":[{"taxonomy":"product_brand","embeddable":true,"href":"https:\/\/thanglongcomputer.vn\/index.php?rest_route=%2Fwp%2Fv2%2Fproduct_brand&post=2034"},{"taxonomy":"product_cat","embeddable":true,"href":"https:\/\/thanglongcomputer.vn\/index.php?rest_route=%2Fwp%2Fv2%2Fproduct_cat&post=2034"},{"taxonomy":"product_tag","embeddable":true,"href":"https:\/\/thanglongcomputer.vn\/index.php?rest_route=%2Fwp%2Fv2%2Fproduct_tag&post=2034"}],"curies":[{"name":"wp","href":"https:\/\/api.w.org\/{rel}","templated":true}]}}