{"id":2033,"date":"2025-02-18T16:53:45","date_gmt":"2025-02-18T09:53:45","guid":{"rendered":"https:\/\/thanglongcomputer.vn\/san-pham\/mainboard-asus-prime-a520m-k\/"},"modified":"2025-02-24T08:37:52","modified_gmt":"2025-02-24T01:37:52","slug":"mainboard-asus-prime-a520m-k","status":"publish","type":"product","link":"https:\/\/thanglongcomputer.vn\/?product=mainboard-asus-prime-a520m-k","title":{"rendered":"Mainboard ASUS PRIME A520M-K"},"content":{"rendered":"<div id=\"js-product-description\" class=\"js-static-content static-html-content\">\n<p><strong>Mainboard ASUS PRIME A520M-K<\/strong>\u00a0l\u00e0 bo m\u1ea1ch ch\u1ee7 m-ATX gi\u00e1 ph\u1ed5 th\u00f4ng c\u1ee7a Asus s\u1eed d\u1ee5ng chipset A520 c\u1ee7a AMD, t\u01b0\u01a1ng th\u00edch v\u1edbi c\u00e1c CPU Ryzen 3000 v\u00e0 4000 series s\u1eafp ra m\u1eaft<\/p>\n<p><img decoding=\"async\" class=\"loading\" src=\"https:\/\/hacom.vn\/media\/lib\/30-09-2020\/mainboardasusprimea520m-k-1.jpg\" alt=\"\" width=\"100%\" data-was-processed=\"true\" \/><\/p>\n<h3>EPU &#8211; Qu\u1ea3n l\u00fd \u0111i\u1ec7n n\u0103ng hi\u1ec7u qu\u1ea3<\/h3>\n<p>V\u1edbi h\u1ec7 th\u1ed1ng EPU, to\u00e0n b\u1ed9 h\u1ec7 th\u1ed1ng s\u1ebd ti\u1ebft ki\u1ec7m \u0111\u01b0\u1ee3c n\u0103ng l\u01b0\u1ee3ng hao ph\u00ed trong khi v\u1eabn ho\u1ea1t \u0111\u1ed9ng \u1ed5n \u0111\u1ecbnh.<\/p>\n<h3>Fan Xpert<\/h3>\n<p>Ph\u1ea7n m\u1ec1m Fan Xpert gi\u00fap \u0111i\u1ec1u khi\u1ec3n qu\u1ea1t l\u00e0m m\u00e1t th\u00f4ng minh t\u1ed1i \u01b0u gi\u1eefa \u0111\u1ed9 \u1ed3n v\u00e0 hi\u1ec7u qu\u1ea3 t\u1ea3n nhi\u1ec7t.<\/p>\n<p><img decoding=\"async\" class=\"loading\" src=\"https:\/\/hacom.vn\/media\/lib\/30-09-2020\/mainboardasusprimea520m-k-2.jpg\" alt=\"\" width=\"100%\" data-was-processed=\"true\" \/><\/p>\n<h3>Digi+ VRM control<\/h3>\n<p>Gia t\u0103ng \u1ed5n \u0111\u1ecbnh c\u1ee7a d\u00f2ng \u0111i\u1ec7n c\u1ea5p cho CPU v\u00e0 c\u00e1c linh ki\u1ec7n<\/p>\n<h3>Ch\u00e2n c\u1eafm fan 4 Pin v\u00e0 c\u1ea3m bi\u1ebfn nhi\u1ec7t<\/h3>\n<p>Mainboard ASUS PRIME A520M-K \u0111\u01b0\u1ee3c trang b\u1ecb ch\u00e2n c\u1eafm qu\u1ea1t 4 pin v\u00e0 nhi\u1ec1u c\u1ea3m bi\u1ebfn nhi\u1ec7t \u0111\u1eb7t kh\u1eafp bo m\u1ea1ch ch\u1ee7 t\u1eeb \u0111\u00f3 t\u1ed1i \u01b0u hi\u1ec7u qu\u1ea3 l\u00e0m m\u00e1t.<\/p>\n<p><img decoding=\"async\" class=\"loading\" src=\"https:\/\/hacom.vn\/media\/lib\/30-09-2020\/mainboardasusprimea520m-k-4.jpg\" alt=\"\" width=\"100%\" data-was-processed=\"true\" \/><\/p>\n<h3>Khe M.2 NVME PCI gen 3 t\u1ed1c \u0111\u1ed9 32 GB\/s<\/h3>\n<p><img decoding=\"async\" class=\"loading\" src=\"https:\/\/hacom.vn\/media\/lib\/30-09-2020\/mainboardasusprimea520m-k-5.jpg\" alt=\"\" width=\"100%\" data-was-processed=\"true\" \/><\/p>\n<\/div>\n<div class=\"static-btn-group\"><\/div>\n","protected":false},"excerpt":{"rendered":"<p class=\"group-title\"><strong>Th\u00f4ng s\u1ed1 s\u1ea3n ph\u1ea9m<\/strong><\/p>\n<div>\n<ul>\n<li class=\"item\">K\u00edch th\u01b0\u1edbc: M-ATX<\/li>\n<li class=\"item\">Socket: AM4<\/li>\n<li class=\"item\">Chipset: A520<\/li>\n<li class=\"item\">Khe RAM t\u1ed1i \u0111a: 2<\/li>\n<li class=\"item\">Lo\u1ea1i RAM h\u1ed7 tr\u1ee3: DDR4<\/li>\n<\/ul>\n<\/div>\n","protected":false},"featured_media":2684,"comment_status":"open","ping_status":"closed","template":"","meta":{"_acf_changed":false},"product_brand":[115],"product_cat":[327],"product_tag":[359,360,361,82,281,328,333,329],"class_list":{"0":"post-2033","1":"product","2":"type-product","3":"status-publish","4":"has-post-thumbnail","6":"product_brand-asus","7":"product_cat-bo-mach-chu-mainboard","8":"product_tag-a520mk","9":"product_tag-am4","10":"product_tag-amd","11":"product_tag-asus","12":"product_tag-ddr4","13":"product_tag-main","14":"product_tag-matx","15":"product_tag-prime","17":"first","18":"instock","19":"sale","20":"shipping-taxable","21":"purchasable","22":"product-type-simple"},"acf":[],"jetpack_sharing_enabled":true,"_links":{"self":[{"href":"https:\/\/thanglongcomputer.vn\/index.php?rest_route=\/wp\/v2\/product\/2033","targetHints":{"allow":["GET"]}}],"collection":[{"href":"https:\/\/thanglongcomputer.vn\/index.php?rest_route=\/wp\/v2\/product"}],"about":[{"href":"https:\/\/thanglongcomputer.vn\/index.php?rest_route=\/wp\/v2\/types\/product"}],"replies":[{"embeddable":true,"href":"https:\/\/thanglongcomputer.vn\/index.php?rest_route=%2Fwp%2Fv2%2Fcomments&post=2033"}],"wp:featuredmedia":[{"embeddable":true,"href":"https:\/\/thanglongcomputer.vn\/index.php?rest_route=\/wp\/v2\/media\/2684"}],"wp:attachment":[{"href":"https:\/\/thanglongcomputer.vn\/index.php?rest_route=%2Fwp%2Fv2%2Fmedia&parent=2033"}],"wp:term":[{"taxonomy":"product_brand","embeddable":true,"href":"https:\/\/thanglongcomputer.vn\/index.php?rest_route=%2Fwp%2Fv2%2Fproduct_brand&post=2033"},{"taxonomy":"product_cat","embeddable":true,"href":"https:\/\/thanglongcomputer.vn\/index.php?rest_route=%2Fwp%2Fv2%2Fproduct_cat&post=2033"},{"taxonomy":"product_tag","embeddable":true,"href":"https:\/\/thanglongcomputer.vn\/index.php?rest_route=%2Fwp%2Fv2%2Fproduct_tag&post=2033"}],"curies":[{"name":"wp","href":"https:\/\/api.w.org\/{rel}","templated":true}]}}