{"id":2029,"date":"2025-02-18T16:53:45","date_gmt":"2025-02-18T09:53:45","guid":{"rendered":"https:\/\/thanglongcomputer.vn\/san-pham\/mainboard-asus-tuf-gaming-z790-plus-wifi-ddr5\/"},"modified":"2025-02-20T17:41:47","modified_gmt":"2025-02-20T10:41:47","slug":"mainboard-asus-tuf-gaming-z790-plus-wifi-ddr5","status":"publish","type":"product","link":"https:\/\/thanglongcomputer.vn\/?product=mainboard-asus-tuf-gaming-z790-plus-wifi-ddr5","title":{"rendered":"Mainboard ASUS TUF GAMING Z790 PLUS WIFI DDR5"},"content":{"rendered":"<p>Mainboard Asus TUF Gaming Z790 PLUS Wifi DDR5 l\u00e0 m\u1ed9t bo m\u1ea1ch ch\u1ee7 c\u00f3 t\u1ea5t c\u1ea3 c\u00e1c y\u1ebfu t\u1ed1 thi\u1ebft y\u1ebfu c\u1ee7a b\u1ed9 x\u1eed l\u00fd Intel\u00ae m\u1edbi nh\u1ea5t v\u00e0 k\u1ebft h\u1ee3p ch\u00fang v\u1edbi c\u00e1c t\u00ednh n\u0103ng s\u1eb5n s\u00e0ng cho nhu c\u1ea7u gaming. \u0110\u01b0\u1ee3c c\u1ea5u t\u1ea1o t\u1eeb c\u00e1c linh ki\u1ec7n ch\u1ee9ng nh\u1eadn \u0111\u1ed9 b\u1ec1n chu\u1ea9n qu\u00e2n \u0111\u1ed9i, gi\u1ea3i ph\u00e1p c\u1ea5p \u0111i\u1ec7n \u0111\u01b0\u1ee3c n\u00e2ng c\u1ea5p v\u00e0 h\u1ec7 th\u1ed1ng t\u1ea3n nhi\u1ec7t to\u00e0n di\u1ec7n, bo m\u1ea1ch ch\u1ee7 n\u00e0y \u0111\u01b0\u1ee3c n\u00e2ng s\u1ef1 \u1ed5n \u0111\u1ecbnh \u0111\u1ebfn m\u1ee9c cao nh\u1ea5t \u0111\u1ec3 c\u00f3 th\u1ec3 ph\u1ee5c v\u1ee5 gaming trong th\u1eddi gian d\u00e0i.<\/p>\n<p><img loading=\"lazy\" decoding=\"async\" class=\"loading\" src=\"https:\/\/hanoicomputercdn.com\/media\/product\/72955_mainboard_asus_tuf_gaming_z790_plus_wifi_ddr5__3_.jpg\" alt=\"Mainboard ASUS TUF GAMING Z790 PLUS WIFI DDR5\" width=\"850\" height=\"850\" data-was-processed=\"true\" \/><\/p>\n<p>Mainboard Asus Tuf Gaming Z790 Plus Wifi DDR5 l\u00e0 m\u1ed9t s\u1ea3n ph\u1ea9m cao c\u1ea5p c\u1ee7a Asus \u0111\u01b0\u1ee3c thi\u1ebft k\u1ebf \u0111\u1ec3 h\u1ed7 tr\u1ee3 vi x\u1eed l\u00fd Intel Core v\u00e0 \u0111\u01b0\u1ee3c t\u00edch h\u1ee3p v\u1edbi c\u00f4ng ngh\u1ec7 DDR5 m\u1edbi nh\u1ea5t.<\/p>\n<p>Mainboard Asus Tuf Gaming Z790 Plus Wifi DDR5 \u0111\u01b0\u1ee3c thi\u1ebft k\u1ebf \u0111\u1ec3 ch\u1ecbu \u0111\u01b0\u1ee3c s\u1ef1 t\u00e1c \u0111\u1ed9ng m\u1ea1nh m\u1ebd t\u1eeb c\u00e1c th\u00e0nh ph\u1ea7n n\u00f3ng, \u0111\u1ea3m b\u1ea3o t\u00ednh \u1ed5n \u0111\u1ecbnh v\u00e0 \u0111\u1ed9 b\u1ec1n cao. N\u00f3 c\u0169ng \u0111\u01b0\u1ee3c bao ph\u1ee7 b\u1edfi l\u1edbp v\u1ecf b\u1ea3o v\u1ec7 ch\u1ed1ng b\u1ee5i v\u00e0 n\u01b0\u1edbc, gi\u00fap gi\u1ea3m thi\u1ec3u r\u1ee7i ro h\u01b0 h\u1ecfng do m\u00f4i tr\u01b0\u1eddng kh\u1eafc nghi\u1ec7t.<\/p>\n<p>Mainboard Asus Tuf Gaming Z790 Plus Wifi DDR5 l\u00e0 m\u1ed9t s\u1ea3n ph\u1ea9m ch\u1ea5t l\u01b0\u1ee3ng cao v\u1edbi nhi\u1ec1u t\u00ednh n\u0103ng ti\u00ean ti\u1ebfn v\u00e0 \u0111\u1ed9 b\u1ec1n cao. N\u00f3 l\u00e0 s\u1ef1 l\u1ef1a ch\u1ecdn tuy\u1ec7t v\u1eddi cho c\u00e1c game th\u1ee7 v\u00e0 nh\u1eefng ng\u01b0\u1eddi y\u00eau th\u00edch c\u00f4ng ngh\u1ec7 m\u1edbi nh\u1ea5t.<\/p>\n","protected":false},"excerpt":{"rendered":"<p class=\"group-title\"><strong>Th\u00f4ng s\u1ed1 s\u1ea3n ph\u1ea9m<\/strong><\/p>\n<div>\n<ul>\n<li class=\"item\">Chipset: Z790<\/li>\n<li class=\"item\">Socket: LGA1700 h\u1ed7 tr\u1ee3 CPU intel th\u1ebf h\u1ec7 13<\/li>\n<li class=\"item\">K\u00edch th\u01b0\u1edbc: ATX<\/li>\n<li class=\"item\">Khe c\u1eafm RAM: 4 khe (T\u1ed1i \u0111a 128GB)<\/li>\n<\/ul>\n<\/div>\n","protected":false},"featured_media":2486,"comment_status":"open","ping_status":"closed","template":"","meta":{"_acf_changed":false},"product_brand":[115],"product_cat":[327],"product_tag":[82,342,335,338,328,333,104,343,355],"class_list":{"0":"post-2029","1":"product","2":"type-product","3":"status-publish","4":"has-post-thumbnail","6":"product_brand-asus","7":"product_cat-bo-mach-chu-mainboard","8":"product_tag-asus","9":"product_tag-ddr5","10":"product_tag-intel","11":"product_tag-lga1700","12":"product_tag-main","13":"product_tag-matx","14":"product_tag-tuf-gaming","15":"product_tag-wifi","16":"product_tag-z790plus","18":"first","19":"instock","20":"sale","21":"shipping-taxable","22":"purchasable","23":"product-type-simple"},"acf":[],"jetpack_sharing_enabled":true,"_links":{"self":[{"href":"https:\/\/thanglongcomputer.vn\/index.php?rest_route=\/wp\/v2\/product\/2029","targetHints":{"allow":["GET"]}}],"collection":[{"href":"https:\/\/thanglongcomputer.vn\/index.php?rest_route=\/wp\/v2\/product"}],"about":[{"href":"https:\/\/thanglongcomputer.vn\/index.php?rest_route=\/wp\/v2\/types\/product"}],"replies":[{"embeddable":true,"href":"https:\/\/thanglongcomputer.vn\/index.php?rest_route=%2Fwp%2Fv2%2Fcomments&post=2029"}],"wp:featuredmedia":[{"embeddable":true,"href":"https:\/\/thanglongcomputer.vn\/index.php?rest_route=\/wp\/v2\/media\/2486"}],"wp:attachment":[{"href":"https:\/\/thanglongcomputer.vn\/index.php?rest_route=%2Fwp%2Fv2%2Fmedia&parent=2029"}],"wp:term":[{"taxonomy":"product_brand","embeddable":true,"href":"https:\/\/thanglongcomputer.vn\/index.php?rest_route=%2Fwp%2Fv2%2Fproduct_brand&post=2029"},{"taxonomy":"product_cat","embeddable":true,"href":"https:\/\/thanglongcomputer.vn\/index.php?rest_route=%2Fwp%2Fv2%2Fproduct_cat&post=2029"},{"taxonomy":"product_tag","embeddable":true,"href":"https:\/\/thanglongcomputer.vn\/index.php?rest_route=%2Fwp%2Fv2%2Fproduct_tag&post=2029"}],"curies":[{"name":"wp","href":"https:\/\/api.w.org\/{rel}","templated":true}]}}