{"id":2028,"date":"2025-02-18T16:53:45","date_gmt":"2025-02-18T09:53:45","guid":{"rendered":"https:\/\/thanglongcomputer.vn\/san-pham\/mainboard-asus-rog-strix-b760-f-gaming-wifi-ddr5\/"},"modified":"2025-02-20T17:45:13","modified_gmt":"2025-02-20T10:45:13","slug":"mainboard-asus-rog-strix-b760-f-gaming-wifi-ddr5","status":"publish","type":"product","link":"https:\/\/thanglongcomputer.vn\/?product=mainboard-asus-rog-strix-b760-f-gaming-wifi-ddr5","title":{"rendered":"Mainboard ASUS ROG STRIX B760-F GAMING WIFI DDR5"},"content":{"rendered":"<p>Tr\u01b0\u1edbc khi \u0111i\u1ec3m qua hi\u1ec7u n\u0103ng \u0111\u1ec9nh cao c\u1ee7a d\u00f2ng bo m\u1ea1ch ch\u1ee7 m\u1edbi nh\u1ea5t \u0111\u1ebfn t\u1eeb ASUS. Thi\u1ebft k\u1ebf ch\u00ednh l\u00e0 \u0111i\u1ec3m \u1ea5n t\u01b0\u1ee3ng \u0111\u1ea7u ti\u00ean tr\u00ean d\u00f2ng s\u1ea3n ph\u1ea9m Mainboard ASUS ROG STRIX B760-F GAMING WIFI ch\u00ednh l\u00e0 s\u1edf h\u1eefu thi\u1ebft k\u1ebf v\u00f4 c\u00f9ng \u0111\u1ed9c \u0111\u00e1o, m\u1ea1nh m\u1ebd.<\/p>\n<p>V\u1edbi t\u00f4ng m\u00e0u \u0111en k\u1ebft h\u1ee3p v\u1edbi nh\u1eefng chi ti\u1ebft g\u00f3c c\u1ea1nh \u0111\u01b0\u1ee3c l\u00e0m h\u1ebft s\u1ee9c t\u1ec9 m\u1ec9 gi\u00fap ng\u01b0\u1eddi ch\u01a1i t\u0103ng th\u00eam ph\u1ea7n s\u00e1ng t\u1ea1o khi build PC gaming.<\/p>\n<p><img loading=\"lazy\" decoding=\"async\" class=\"loading\" src=\"https:\/\/hanoicomputercdn.com\/media\/lib\/31-01-2023\/mainboard-asus-rog-strix-b760-f-gaming-wifi-ddr5-mta2.jpg\" alt=\"Mainboard ASUS ROG STRIX B760-F GAMING WIFI DDR5 \" width=\"696\" height=\"414\" data-was-processed=\"true\" \/><\/p>\n<h3>Chipset Intel LGA 1700<\/h3>\n<p>\u0110\u1ec3 ho\u00e0n th\u00e0nh nhi\u1ec7m v\u1ee5 k\u1ebft n\u1ed1i, truy\u1ec1n t\u1ea3i d\u1eef li\u1ec7u gi\u1eefa linh ki\u1ec7n v\u00e0 c\u00e1c thi\u1ebft b\u1ecb ngo\u1ea1i vi v\u1edbi CPU m\u1ed9t c\u00e1ch t\u1ed1t nh\u1ea5t. Mainboard ASUS ROG STRIX B760-F GAMING WIFI s\u1eed d\u1ee5ng chipset intel LGA 1700 thu\u1ed9c series B760 \u0111\u00e3 s\u1eb5n s\u00e0ng khai th\u00e1c to\u00e0n b\u1ed9 s\u1ee9c m\u1ea1nh c\u1ee7a b\u1ed9 vi x\u1eed l\u00fd Intel Core th\u1ebf h\u1ec7 th\u1ee9 13, b\u1ed9 x\u1eed l\u00fd Intel Core th\u1ebf h\u1ec7 th\u1ee9 12.<\/p>\n<p>&nbsp;<\/p>\n<h3>RAM DDR5<\/h3>\n<p><img loading=\"lazy\" decoding=\"async\" class=\"loading\" src=\"https:\/\/hanoicomputercdn.com\/media\/lib\/31-01-2023\/mainboard-asus-rog-strix-b760-f-gaming-wifi-ddr5-mt.jpg\" alt=\"Mainboard ASUS ROG STRIX B760-F GAMING WIFI DDR5 \" width=\"640\" height=\"340\" data-was-processed=\"true\" \/><\/p>\n<p>\u0110\u1ec3 b\u1ee9t ph\u00e1 ra kh\u1ecfi gi\u1edbi h\u1ea1n, Mainboard ASUS ROG STRIX B760-F GAMING WIFI \u0111\u00e3 s\u1eb5n s\u00e0ng h\u1ed7 tr\u1ee3 cho ng\u01b0\u1eddi ch\u01a1i cho b\u1ed9 vi x\u1eed l\u00fd Intel Core th\u1ebf h\u1ec7 m\u1edbi nh\u1ea5t. Mang \u0111\u1ebfn hi\u1ec7u n\u0103ng cao h\u01a1n, dung l\u01b0\u1ee3ng DIMM l\u1edbn h\u01a1n, n\u00e2ng cao t\u00ednh to\u00e0n v\u1eb9n d\u1eef li\u1ec7u v\u00e0 ti\u00eau th\u1ee5 \u0111i\u1ec7n n\u0103ng \u00edt h\u01a1n.<\/p>\n","protected":false},"excerpt":{"rendered":"<p class=\"group-title\"><strong>Th\u00f4ng s\u1ed1 s\u1ea3n ph\u1ea9m<\/strong><\/p>\n<div>\n<ul>\n<li class=\"item\">Socket: LGA1700 h<\/li>\n<li class=\"item\">K\u00edch th\u01b0\u1edbc: ATX<\/li>\n<li class=\"item\">Khe c\u1eafm RAM: 4 khe (T\u1ed1i \u0111a 128GB)<\/li>\n<li class=\"item\">Khe c\u1eafm m\u1edf r\u1ed9ng: 1 x PCIe 3.0 x16 slot, 2 x PCIe 3.0 x1 slots<\/li>\n<\/ul>\n<\/div>\n","protected":false},"featured_media":2494,"comment_status":"open","ping_status":"closed","template":"","meta":{"_acf_changed":false},"product_brand":[115],"product_cat":[327],"product_tag":[82,350,354,342,140,335,338,125,343],"class_list":{"0":"post-2028","1":"product","2":"type-product","3":"status-publish","4":"has-post-thumbnail","6":"product_brand-asus","7":"product_cat-bo-mach-chu-mainboard","8":"product_tag-asus","9":"product_tag-atx","10":"product_tag-b760f","11":"product_tag-ddr5","12":"product_tag-gaming","13":"product_tag-intel","14":"product_tag-lga1700","15":"product_tag-rogstrix","16":"product_tag-wifi","18":"first","19":"instock","20":"sale","21":"shipping-taxable","22":"purchasable","23":"product-type-simple"},"acf":[],"jetpack_sharing_enabled":true,"_links":{"self":[{"href":"https:\/\/thanglongcomputer.vn\/index.php?rest_route=\/wp\/v2\/product\/2028","targetHints":{"allow":["GET"]}}],"collection":[{"href":"https:\/\/thanglongcomputer.vn\/index.php?rest_route=\/wp\/v2\/product"}],"about":[{"href":"https:\/\/thanglongcomputer.vn\/index.php?rest_route=\/wp\/v2\/types\/product"}],"replies":[{"embeddable":true,"href":"https:\/\/thanglongcomputer.vn\/index.php?rest_route=%2Fwp%2Fv2%2Fcomments&post=2028"}],"wp:featuredmedia":[{"embeddable":true,"href":"https:\/\/thanglongcomputer.vn\/index.php?rest_route=\/wp\/v2\/media\/2494"}],"wp:attachment":[{"href":"https:\/\/thanglongcomputer.vn\/index.php?rest_route=%2Fwp%2Fv2%2Fmedia&parent=2028"}],"wp:term":[{"taxonomy":"product_brand","embeddable":true,"href":"https:\/\/thanglongcomputer.vn\/index.php?rest_route=%2Fwp%2Fv2%2Fproduct_brand&post=2028"},{"taxonomy":"product_cat","embeddable":true,"href":"https:\/\/thanglongcomputer.vn\/index.php?rest_route=%2Fwp%2Fv2%2Fproduct_cat&post=2028"},{"taxonomy":"product_tag","embeddable":true,"href":"https:\/\/thanglongcomputer.vn\/index.php?rest_route=%2Fwp%2Fv2%2Fproduct_tag&post=2028"}],"curies":[{"name":"wp","href":"https:\/\/api.w.org\/{rel}","templated":true}]}}