{"id":2026,"date":"2025-02-18T16:53:45","date_gmt":"2025-02-18T09:53:45","guid":{"rendered":"https:\/\/thanglongcomputer.vn\/san-pham\/mainboard-asus-rog-strix-b760-a-gaming-wifi-ddr5\/"},"modified":"2025-02-23T08:15:14","modified_gmt":"2025-02-23T01:15:14","slug":"mainboard-asus-rog-strix-b760-a-gaming-wifi-ddr5","status":"publish","type":"product","link":"https:\/\/thanglongcomputer.vn\/?product=mainboard-asus-rog-strix-b760-a-gaming-wifi-ddr5","title":{"rendered":"Mainboard Asus ROG STRIX B760-A GAMING WIFI DDR5"},"content":{"rendered":"<h2 class=\"box-title\">\u0110\u00e1nh gi\u00e1: Mainboard Asus ROG STRIX B760-A GAMING WIFI DDR5<\/h2>\n<div class=\"static-html-group js-static-container\">\n<div id=\"js-product-description\" class=\"js-static-content static-html-content\">\n<h3><img decoding=\"async\" class=\"loading\" src=\"https:\/\/hanoicomputercdn.com\/media\/lib\/29-11-2023\/mainboard-asus-rog-strix-b760-a-gaming-wifi-ddr5x.jpg\" alt=\"Mainboard Asus ROG STRIX B760-A GAMING WIFI DDR5\" width=\"100%\" data-was-processed=\"true\" \/><\/h3>\n<h3>Chipset Intel LGA 1700<\/h3>\n<p>\u0110\u1ec3 ho\u00e0n th\u00e0nh nhi\u1ec7m v\u1ee5 k\u1ebft n\u1ed1i, truy\u1ec1n t\u1ea3i d\u1eef li\u1ec7u gi\u1eefa linh ki\u1ec7n m\u00e1y t\u00ednh v\u00e0 c\u00e1c thi\u1ebft b\u1ecb ngo\u1ea1i vi v\u1edbi CPU m\u1ed9t c\u00e1ch t\u1ed1t nh\u1ea5t. Mainboard ROG STRIX B760-A GAMING WIFI DDR4 s\u1eed d\u1ee5ng chipset intel LGA 1700 thu\u1ed9c series B760 \u0111\u00e3 s\u1eb5n s\u00e0ng khai th\u00e1c to\u00e0n b\u1ed9 s\u1ee9c m\u1ea1nh c\u1ee7a b\u1ed9 vi x\u1eed l\u00fd Intel Core th\u1ebf h\u1ec7 th\u1ee9 13, b\u1ed9 x\u1eed l\u00fd Intel Core th\u1ebf h\u1ec7 th\u1ee9 12.<\/p>\n<h3>H\u1ed7 tr\u1ee3 b\u1ed9 nh\u1edb DDR5<\/h3>\n<p>\u0110\u1ec3 b\u1ee9t ph\u00e1 ra kh\u1ecfi gi\u1edbi h\u1ea1n, Mainboard ROG STRIX B760-A GAMING WIFI DDR5 \u0111\u00e3 s\u1eb5n s\u00e0ng h\u1ed7 tr\u1ee3 cho ng\u01b0\u1eddi ch\u01a1i cho b\u1ed9 vi x\u1eed l\u00fd Intel Core th\u1ebf h\u1ec7 m\u1edbi nh\u1ea5t. Mang \u0111\u1ebfn hi\u1ec7u n\u0103ng cao h\u01a1n, dung l\u01b0\u1ee3ng DIMM l\u1edbn h\u01a1n, n\u00e2ng cao t\u00ednh to\u00e0n v\u1eb9n d\u1eef li\u1ec7u v\u00e0 ti\u00eau th\u1ee5 \u0111i\u1ec7n n\u0103ng \u00edt h\u01a1n, dung l\u01b0\u1ee3ng v\u00e0 xung nh\u1ecbp cao h\u01a1n.<\/p>\n<\/div>\n<\/div>\n","protected":false},"excerpt":{"rendered":"<p class=\"group-title\"><strong>Th\u00f4ng s\u1ed1 s\u1ea3n ph\u1ea9m<\/strong><\/p>\n<div>\n<ul>\n<li class=\"item\">Chipset: Intel\u00ae B760 Chipset<\/li>\n<li class=\"item\">Socket: LGA 1700<\/li>\n<li class=\"item\">S\u1ed1 khe RAM: 4 Khe DDR5 ( t\u1ed1i \u0111a 192GB)<\/li>\n<li class=\"item\">K\u00edch th\u01b0\u1edbc: ATX<\/li>\n<\/ul>\n<\/div>\n","protected":false},"featured_media":2531,"comment_status":"open","ping_status":"closed","template":"","meta":{"_acf_changed":false},"product_brand":[115],"product_cat":[327],"product_tag":[82,351,342,140,335,338,333,125,343],"class_list":{"0":"post-2026","1":"product","2":"type-product","3":"status-publish","4":"has-post-thumbnail","6":"product_brand-asus","7":"product_cat-bo-mach-chu-mainboard","8":"product_tag-asus","9":"product_tag-b760a","10":"product_tag-ddr5","11":"product_tag-gaming","12":"product_tag-intel","13":"product_tag-lga1700","14":"product_tag-matx","15":"product_tag-rogstrix","16":"product_tag-wifi","18":"first","19":"instock","20":"shipping-taxable","21":"purchasable","22":"product-type-simple"},"acf":[],"jetpack_sharing_enabled":true,"_links":{"self":[{"href":"https:\/\/thanglongcomputer.vn\/index.php?rest_route=\/wp\/v2\/product\/2026","targetHints":{"allow":["GET"]}}],"collection":[{"href":"https:\/\/thanglongcomputer.vn\/index.php?rest_route=\/wp\/v2\/product"}],"about":[{"href":"https:\/\/thanglongcomputer.vn\/index.php?rest_route=\/wp\/v2\/types\/product"}],"replies":[{"embeddable":true,"href":"https:\/\/thanglongcomputer.vn\/index.php?rest_route=%2Fwp%2Fv2%2Fcomments&post=2026"}],"wp:featuredmedia":[{"embeddable":true,"href":"https:\/\/thanglongcomputer.vn\/index.php?rest_route=\/wp\/v2\/media\/2531"}],"wp:attachment":[{"href":"https:\/\/thanglongcomputer.vn\/index.php?rest_route=%2Fwp%2Fv2%2Fmedia&parent=2026"}],"wp:term":[{"taxonomy":"product_brand","embeddable":true,"href":"https:\/\/thanglongcomputer.vn\/index.php?rest_route=%2Fwp%2Fv2%2Fproduct_brand&post=2026"},{"taxonomy":"product_cat","embeddable":true,"href":"https:\/\/thanglongcomputer.vn\/index.php?rest_route=%2Fwp%2Fv2%2Fproduct_cat&post=2026"},{"taxonomy":"product_tag","embeddable":true,"href":"https:\/\/thanglongcomputer.vn\/index.php?rest_route=%2Fwp%2Fv2%2Fproduct_tag&post=2026"}],"curies":[{"name":"wp","href":"https:\/\/api.w.org\/{rel}","templated":true}]}}