{"id":2025,"date":"2025-02-18T16:53:45","date_gmt":"2025-02-18T09:53:45","guid":{"rendered":"https:\/\/thanglongcomputer.vn\/san-pham\/mainboard-asus-prime-z790-p-csm-ddr5\/"},"modified":"2025-02-20T17:53:39","modified_gmt":"2025-02-20T10:53:39","slug":"mainboard-asus-prime-z790-p-csm-ddr5","status":"publish","type":"product","link":"https:\/\/thanglongcomputer.vn\/?product=mainboard-asus-prime-z790-p-csm-ddr5","title":{"rendered":"Mainboard ASUS PRIME Z790-P-CSM DDR5"},"content":{"rendered":"<h2 class=\"box-title\">\u0110\u00e1nh gi\u00e1: Mainboard ASUS PRIME Z790-P WIFI-CSM DDR5<\/h2>\n<div class=\"static-html-group js-static-container\">\n<div id=\"js-product-description\" class=\"js-static-content static-html-content\">\n<p><img decoding=\"async\" class=\"loading\" src=\"https:\/\/hanoicomputercdn.com\/media\/lib\/22-10-2022\/mainboard-asus-prime-z790-p-wifi-csm-mota5.jpg\" alt=\"Mainboard ASUS PRIME Z790-P WIFI-CSM \" width=\"100%\" data-was-processed=\"true\" \/><\/p>\n<p><img decoding=\"async\" class=\"loading\" src=\"https:\/\/hanoicomputercdn.com\/media\/lib\/22-10-2022\/mainboard-asus-prime-z790-p-wifi-csm-mota4.jpg\" alt=\"Mainboard ASUS PRIME Z790-P WIFI-CSM \" width=\"100%\" data-was-processed=\"true\" \/><\/p>\n<p><img decoding=\"async\" class=\"loading\" src=\"https:\/\/hanoicomputercdn.com\/media\/lib\/22-10-2022\/mainboard-asus-prime-z790-p-wifi-csm-mota1.jpg\" alt=\"Mainboard ASUS PRIME Z790-P WIFI-CSM \" width=\"100%\" data-was-processed=\"true\" \/><\/p>\n<p><img decoding=\"async\" class=\"loading\" src=\"https:\/\/hanoicomputercdn.com\/media\/lib\/22-10-2022\/mainboard-asus-prime-z790-p-wifi-csm-mota2.jpg\" alt=\"Mainboard ASUS PRIME Z790-P WIFI-CSM \" width=\"100%\" data-was-processed=\"true\" \/><\/p>\n<p><img decoding=\"async\" class=\"loading\" src=\"https:\/\/hanoicomputercdn.com\/media\/lib\/22-10-2022\/mainboard-asus-prime-z790-p-wifi-csm-mota3.jpg\" alt=\"Mainboard ASUS PRIME Z790-P WIFI-CSM \" width=\"100%\" data-was-processed=\"true\" \/><\/p>\n<\/div>\n<\/div>\n","protected":false},"excerpt":{"rendered":"<p>\u0110\u00e1nh gi\u00e1: Mainboard ASUS PRIME Z790-P WIFI-CSM DDR5<\/p>\n","protected":false},"featured_media":2527,"comment_status":"open","ping_status":"closed","template":"","meta":{"_acf_changed":false},"product_brand":[115],"product_cat":[327],"product_tag":[82,350,342,335,338,328,329,349],"class_list":{"0":"post-2025","1":"product","2":"type-product","3":"status-publish","4":"has-post-thumbnail","6":"product_brand-asus","7":"product_cat-bo-mach-chu-mainboard","8":"product_tag-asus","9":"product_tag-atx","10":"product_tag-ddr5","11":"product_tag-intel","12":"product_tag-lga1700","13":"product_tag-main","14":"product_tag-prime","15":"product_tag-z790p","17":"first","18":"instock","19":"sale","20":"shipping-taxable","21":"purchasable","22":"product-type-simple"},"acf":[],"jetpack_sharing_enabled":true,"_links":{"self":[{"href":"https:\/\/thanglongcomputer.vn\/index.php?rest_route=\/wp\/v2\/product\/2025","targetHints":{"allow":["GET"]}}],"collection":[{"href":"https:\/\/thanglongcomputer.vn\/index.php?rest_route=\/wp\/v2\/product"}],"about":[{"href":"https:\/\/thanglongcomputer.vn\/index.php?rest_route=\/wp\/v2\/types\/product"}],"replies":[{"embeddable":true,"href":"https:\/\/thanglongcomputer.vn\/index.php?rest_route=%2Fwp%2Fv2%2Fcomments&post=2025"}],"wp:featuredmedia":[{"embeddable":true,"href":"https:\/\/thanglongcomputer.vn\/index.php?rest_route=\/wp\/v2\/media\/2527"}],"wp:attachment":[{"href":"https:\/\/thanglongcomputer.vn\/index.php?rest_route=%2Fwp%2Fv2%2Fmedia&parent=2025"}],"wp:term":[{"taxonomy":"product_brand","embeddable":true,"href":"https:\/\/thanglongcomputer.vn\/index.php?rest_route=%2Fwp%2Fv2%2Fproduct_brand&post=2025"},{"taxonomy":"product_cat","embeddable":true,"href":"https:\/\/thanglongcomputer.vn\/index.php?rest_route=%2Fwp%2Fv2%2Fproduct_cat&post=2025"},{"taxonomy":"product_tag","embeddable":true,"href":"https:\/\/thanglongcomputer.vn\/index.php?rest_route=%2Fwp%2Fv2%2Fproduct_tag&post=2025"}],"curies":[{"name":"wp","href":"https:\/\/api.w.org\/{rel}","templated":true}]}}