{"id":2024,"date":"2025-02-18T16:53:45","date_gmt":"2025-02-18T09:53:45","guid":{"rendered":"https:\/\/thanglongcomputer.vn\/san-pham\/mainboard-asus-tuf-gaming-b760m-plus-wifi-d4\/"},"modified":"2025-03-05T15:15:34","modified_gmt":"2025-03-05T08:15:34","slug":"mainboard-asus-tuf-gaming-b760m-plus-wifi-d4","status":"publish","type":"product","link":"https:\/\/thanglongcomputer.vn\/?product=mainboard-asus-tuf-gaming-b760m-plus-wifi-d4","title":{"rendered":"Mainboard ASUS TUF GAMING B760M-PLUS WIFI D4"},"content":{"rendered":"<h2 class=\"box-title\">\u0110\u00e1nh gi\u00e1: Mainboard ASUS TUF GAMING B760M-PLUS WIFI D4<\/h2>\n<div class=\"static-html-group js-static-container\">\n<div id=\"js-product-description\" class=\"js-static-content static-html-content\">\n<p><img decoding=\"async\" class=\"loading\" src=\"https:\/\/hanoicomputercdn.com\/media\/lib\/06-01-2023\/mainboard-asus-tuf-gaming-b760m-plus-wifi-d4-mota.jpg\" alt=\"Mainboard ASUS TUF GAMING B760M-PLUS WIFI D4\" width=\"100%\" data-was-processed=\"true\" \/><\/p>\n<p>TUF GAMING B760M-PLUS WIFI D4 c\u00f3 t\u1ea5t c\u1ea3 c\u00e1c y\u1ebfu t\u1ed1 thi\u1ebft y\u1ebfu c\u1ee7a b\u1ed9 x\u1eed l\u00fd Intel \u00ae m\u1edbi nh\u1ea5t v\u00e0 k\u1ebft h\u1ee3p ch\u00fang v\u1edbi c\u00e1c t\u00ednh n\u0103ng s\u1eb5n s\u00e0ng cho tr\u00f2 ch\u01a1i v\u00e0 \u0111\u1ed9 b\u1ec1n \u0111\u00e3 \u0111\u01b0\u1ee3c ch\u1ee9ng minh.<\/p>\n<p>\u0110\u01b0\u1ee3c thi\u1ebft k\u1ebf v\u1edbi c\u00e1c linh ki\u1ec7n c\u1ea5p \u0111\u1ed9 qu\u00e2n s\u1ef1, gi\u1ea3i ph\u00e1p n\u0103ng l\u01b0\u1ee3ng \u0111\u01b0\u1ee3c n\u00e2ng c\u1ea5p v\u00e0 h\u1ec7 th\u1ed1ng l\u00e0m m\u00e1t to\u00e0n di\u1ec7n, bo m\u1ea1ch ch\u1ee7 n\u00e0y v\u01b0\u1ee3t xa mong \u0111\u1ee3i v\u1edbi hi\u1ec7u n\u0103ng \u1ed5n \u0111\u1ecbnh \u0111\u1ec3 ch\u01a1i game li\u00ean t\u1ee5c. C\u00e1c bo m\u1ea1ch ch\u1ee7 TUF GAMING c\u0169ng tr\u1ea3i qua qu\u00e1 tr\u00ecnh ki\u1ec3m tra \u0111\u1ed9 b\u1ec1n nghi\u00eam ng\u1eb7t \u0111\u1ec3 \u0111\u1ea3m b\u1ea3o r\u1eb1ng ch\u00fang c\u00f3 th\u1ec3 x\u1eed l\u00fd c\u00e1c \u0111i\u1ec1u ki\u1ec7n m\u00e0 c\u00e1c bo m\u1ea1ch ch\u1ee7 kh\u00e1c c\u00f3 th\u1ec3 g\u1eb7p l\u1ed7i. V\u1ec1 m\u1eb7t th\u1ea9m m\u1ef9, m\u1eabu n\u00e0y k\u1ebft h\u1ee3p b\u1ea3ng t\u00ean d\u1eadp n\u1ed5i v\u00e0 c\u00e1c y\u1ebfu t\u1ed1 thi\u1ebft k\u1ebf h\u00ecnh h\u1ecdc \u0111\u1ec3 ph\u1ea3n \u00e1nh \u0111\u1ed9 tin c\u1eady v\u00e0 \u1ed5n \u0111\u1ecbnh v\u1ed1n l\u00e0 \u0111\u1eb7c tr\u01b0ng c\u1ee7a d\u00f2ng TUF GAMING.<\/p>\n<p><img decoding=\"async\" class=\"loading\" src=\"https:\/\/hanoicomputercdn.com\/media\/lib\/06-01-2023\/mainboard-asus-tuf-gaming-b760m-plus-wifi-d4-mota2.jpg\" alt=\"Mainboard ASUS TUF GAMING B760M-PLUS WIFI D4\" width=\"100%\" data-was-processed=\"true\" \/><\/p>\n<\/div>\n<\/div>\n","protected":false},"excerpt":{"rendered":"<p class=\"group-title\"><strong>Th\u00f4ng s\u1ed1 s\u1ea3n ph\u1ea9m<\/strong><\/p>\n<div>\n<ul>\n<li class=\"item\">Chipset: Intel B760<\/li>\n<li class=\"item\">Socket: Intel LGA 1700<\/li>\n<li class=\"item\">K\u00edch th\u01b0\u1edbc: M-ATX<\/li>\n<li class=\"item\">S\u1ed1 khe RAM: 4 khe (T\u1ed1i \u0111a 128GB)<\/li>\n<li class=\"item\">T\u00edch h\u1ee3p: Wifi &amp; Bluetooth<\/li>\n<\/ul>\n<\/div>\n","protected":false},"featured_media":3138,"comment_status":"open","ping_status":"closed","template":"","meta":{"_acf_changed":false},"product_brand":[115],"product_cat":[327],"product_tag":[82,348,281,335,338,328,333,104,343],"class_list":{"0":"post-2024","1":"product","2":"type-product","3":"status-publish","4":"has-post-thumbnail","6":"product_brand-asus","7":"product_cat-bo-mach-chu-mainboard","8":"product_tag-asus","9":"product_tag-b760mplus","10":"product_tag-ddr4","11":"product_tag-intel","12":"product_tag-lga1700","13":"product_tag-main","14":"product_tag-matx","15":"product_tag-tuf-gaming","16":"product_tag-wifi","18":"first","19":"instock","20":"sale","21":"shipping-taxable","22":"purchasable","23":"product-type-simple"},"acf":[],"jetpack_sharing_enabled":true,"_links":{"self":[{"href":"https:\/\/thanglongcomputer.vn\/index.php?rest_route=\/wp\/v2\/product\/2024","targetHints":{"allow":["GET"]}}],"collection":[{"href":"https:\/\/thanglongcomputer.vn\/index.php?rest_route=\/wp\/v2\/product"}],"about":[{"href":"https:\/\/thanglongcomputer.vn\/index.php?rest_route=\/wp\/v2\/types\/product"}],"replies":[{"embeddable":true,"href":"https:\/\/thanglongcomputer.vn\/index.php?rest_route=%2Fwp%2Fv2%2Fcomments&post=2024"}],"wp:featuredmedia":[{"embeddable":true,"href":"https:\/\/thanglongcomputer.vn\/index.php?rest_route=\/wp\/v2\/media\/3138"}],"wp:attachment":[{"href":"https:\/\/thanglongcomputer.vn\/index.php?rest_route=%2Fwp%2Fv2%2Fmedia&parent=2024"}],"wp:term":[{"taxonomy":"product_brand","embeddable":true,"href":"https:\/\/thanglongcomputer.vn\/index.php?rest_route=%2Fwp%2Fv2%2Fproduct_brand&post=2024"},{"taxonomy":"product_cat","embeddable":true,"href":"https:\/\/thanglongcomputer.vn\/index.php?rest_route=%2Fwp%2Fv2%2Fproduct_cat&post=2024"},{"taxonomy":"product_tag","embeddable":true,"href":"https:\/\/thanglongcomputer.vn\/index.php?rest_route=%2Fwp%2Fv2%2Fproduct_tag&post=2024"}],"curies":[{"name":"wp","href":"https:\/\/api.w.org\/{rel}","templated":true}]}}