{"id":2022,"date":"2025-02-18T16:53:41","date_gmt":"2025-02-18T09:53:41","guid":{"rendered":"https:\/\/thanglongcomputer.vn\/san-pham\/mainboard-asus-tuf-gaming-b760m-e-ddr4\/"},"modified":"2025-02-23T08:56:21","modified_gmt":"2025-02-23T01:56:21","slug":"mainboard-asus-tuf-gaming-b760m-e-ddr4","status":"publish","type":"product","link":"https:\/\/thanglongcomputer.vn\/?product=mainboard-asus-tuf-gaming-b760m-e-ddr4","title":{"rendered":"Mainboard ASUS TUF GAMING B760M-E DDR4"},"content":{"rendered":"<p>TUF GAMING B760M-E D4 c\u00f3 t\u1ea5t c\u1ea3 c\u00e1c y\u1ebfu t\u1ed1 thi\u1ebft y\u1ebfu c\u1ee7a b\u1ed9 vi x\u1eed l\u00fd Intel m\u1edbi nh\u1ea5t v\u00e0 k\u1ebft h\u1ee3p ch\u00fang v\u1edbi c\u00e1c t\u00ednh n\u0103ng s\u1eb5n s\u00e0ng ch\u01a1i game v\u00e0 \u0111\u1ed9 b\u1ec1n \u0111\u00e3 \u0111\u01b0\u1ee3c ch\u1ee9ng minh. \u0110\u01b0\u1ee3c thi\u1ebft k\u1ebf v\u1edbi c\u00e1c th\u00e0nh ph\u1ea7n c\u1ea5p qu\u00e2n s\u1ef1, gi\u1ea3i ph\u00e1p n\u0103ng l\u01b0\u1ee3ng \u0111\u01b0\u1ee3c n\u00e2ng c\u1ea5p v\u00e0 h\u1ec7 th\u1ed1ng l\u00e0m m\u00e1t to\u00e0n di\u1ec7n, bo m\u1ea1ch ch\u1ee7 n\u00e0y v\u01b0\u1ee3t xa mong \u0111\u1ee3i v\u1edbi hi\u1ec7u su\u1ea5t v\u1eefng ch\u1eafc \u0111\u1ec3 ch\u01a1i game marathon. Bo m\u1ea1ch ch\u1ee7 TUF GAMING c\u0169ng tr\u1ea3i qua th\u1eed nghi\u1ec7m \u0111\u1ed9 b\u1ec1n nghi\u00eam ng\u1eb7t \u0111\u1ec3 \u0111\u1ea3m b\u1ea3o r\u1eb1ng ch\u00fang c\u00f3 th\u1ec3 x\u1eed l\u00fd c\u00e1c \u0111i\u1ec1u ki\u1ec7n m\u00e0 nh\u1eefng ng\u01b0\u1eddi kh\u00e1c c\u00f3 th\u1ec3 th\u1ea5t b\u1ea1i. V\u1ec1 m\u1eb7t th\u1ea9m m\u1ef9, m\u00f4 h\u00ecnh n\u00e0y k\u1ebft h\u1ee3p b\u1ea3ng t\u00ean d\u1eadp n\u1ed5i v\u00e0 c\u00e1c y\u1ebfu t\u1ed1 thi\u1ebft k\u1ebf h\u00ecnh h\u1ecdc \u0111\u1ec3 ph\u1ea3n \u00e1nh \u0111\u1ed9 tin c\u1eady v\u00e0 \u1ed5n \u0111\u1ecbnh x\u00e1c \u0111\u1ecbnh d\u00f2ng TUF Gaming.\u00ae<\/p>\n<p><img decoding=\"async\" class=\"loading\" src=\"https:\/\/hanoicomputercdn.com\/media\/lib\/25-08-2023\/mainboard-asus-tuf-gaming-b760m-e-ddr4-mota.jpg\" alt=\"Mainboard ASUS TUF GAMING B760M-E DDR4\" width=\"100%\" data-was-processed=\"true\" \/><\/p>\n<h3>Power stages<\/h3>\n<p>10 + 1 k\u1ebft h\u1ee3p MOSFET v\u00e0 tr\u00ecnh \u0111i\u1ec1u khi\u1ec3n b\u00ean cao v\u00e0 th\u1ea5p th\u00e0nh m\u1ed9t g\u00f3i duy nh\u1ea5t \u0111\u1ec3 mang l\u1ea1i s\u1ee9c m\u1ea1nh, hi\u1ec7u qu\u1ea3 v\u00e0 hi\u1ec7u su\u1ea5t \u1ed5n \u0111\u1ecbnh cho t\u1ea5t c\u1ea3 c\u00e1c b\u1ed9 x\u1eed l\u00fd Intel t\u01b0\u01a1ng th\u00edch.<\/p>\n<h3>B\u1ea3o v\u1ec7 ESD<\/h3>\n<p>B\u1ea3o v\u1ec7 ESD k\u00e9o d\u00e0i tu\u1ed5i th\u1ecd c\u1ee7a c\u00e1c b\u1ed9 ph\u1eadn \u0111\u1ed3ng th\u1eddi ng\u0103n ng\u1eeba thi\u1ec7t h\u1ea1i do ph\u00f3ng t\u0129nh \u0111i\u1ec7n, cung c\u1ea5p kh\u1ea3 n\u0103ng b\u1ea3o v\u1ec7 cho x\u1ea3 kh\u00ed l\u00ean \u0111\u1ebfn +\/- 10 kV v\u00e0 +\/- 6 kV ph\u00f3ng \u0111i\u1ec7n ti\u1ebfp x\u00fac \u2013 v\u01b0\u1ee3t xa c\u00e1c ti\u00eau chu\u1ea9n c\u00f4ng nghi\u1ec7p t\u01b0\u01a1ng \u1ee9ng l\u00e0 +\/- 6 kV v\u00e0 +\/- 4 kV. \u0110i\u1ed1t TVS g\u1eafn tr\u00ean b\u1ec1 m\u1eb7t trong g\u00f3i n\u1ed9i tuy\u1ebfn k\u00e9p gi\u00fap b\u1ea3o v\u1ec7 PC c\u1ee7a b\u1ea1n kh\u1ecfi t\u0103ng \u0111\u1ed9t bi\u1ebfn \u0111i\u1ec7n \u00e1p.<\/p>\n<p><img decoding=\"async\" class=\"loading\" src=\"https:\/\/hanoicomputercdn.com\/media\/product\/75987_mainboard_asus_tuf_gaming_b760m_e_ddr4__5_.jpg\" data-was-processed=\"true\" \/><\/p>\n<h3>Ethernet 2,5 Gb<\/h3>\n<p>Ethernet tr\u00ean bo m\u1ea1ch 2,5 Gb kh\u1edfi \u0111\u1ed9ng k\u1ebft n\u1ed1i m\u1ea1ng LAN c\u1ee7a b\u1ea1n l\u00ean m\u1ed9t b\u1eadc v\u1edbi s\u1ef1 c\u1ea3i thi\u1ec7n b\u0103ng th\u00f4ng l\u00ean \u0111\u1ebfn 2,5X. S\u1eed d\u1ee5ng c\u00e1p LAN hi\u1ec7n c\u00f3, b\u1ea1n c\u00f3 th\u1ec3 t\u1eadn d\u1ee5ng b\u1ea3n n\u00e2ng c\u1ea5p m\u1ea1ng n\u00e0y \u0111\u1ec3 tr\u1ea3i nghi\u1ec7m ch\u01a1i game m\u01b0\u1ee3t m\u00e0 h\u01a1n, kh\u00f4ng b\u1ecb lag, ngay l\u1eadp t\u1ee9c ph\u00e1t tr\u1ef1c tuy\u1ebfn video \u0111\u1ed9 ph\u00e2n gi\u1ea3i cao v\u00e0 t\u1eadn h\u01b0\u1edfng kh\u1ea3 n\u0103ng truy\u1ec1n t\u1ec7p nhanh h\u01a1n.<\/p>\n<h3>\u00c2m thanh v\u00f2m Realtek 7.1 Realtek 7.1 Surround Sound<\/h3>\n<p>B\u1ed9 gi\u1ea3i m\u00e3 \u00e2m thanh \u0111\u1ed9c \u0111\u00e1o \u0111\u01b0\u1ee3c thi\u1ebft k\u1ebf v\u1edbi s\u1ef1 h\u1ee3p t\u00e1c ch\u1eb7t ch\u1ebd v\u1edbi Realtek cho bo m\u1ea1ch ch\u1ee7 TUF GAMING B760M c\u00f3 t\u1ef7 l\u1ec7 t\u00edn hi\u1ec7u tr\u00ean nhi\u1ec5u 98 dB ch\u01b0a t\u1eebng c\u00f3 cho \u0111\u01b0\u1eddng ra \u00e2m thanh n\u1ed5i, mang \u0111\u1ebfn ch\u1ea5t l\u01b0\u1ee3ng \u00e2m thanh nguy\u00ean s\u01a1.<\/p>\n<h3>Ti\u00eau \u0111\u1ec1 RGB Gen 2 c\u00f3 th\u1ec3 \u0111\u1ecbnh \u0111\u1ecba ch\u1ec9<\/h3>\n<p>Ba ti\u00eau \u0111\u1ec1 RGB Gen 2 c\u00f3 th\u1ec3 \u0111\u1ecbnh \u0111\u1ecba ch\u1ec9 s\u1ebd h\u1ed7 tr\u1ee3 t\u1ed1i \u0111a 500 \u0111\u00e8n LED tr\u00ean c\u00e1c thi\u1ebft b\u1ecb RGB Gen 2, cho ph\u00e9p Aura Sync t\u1ef1 \u0111\u1ed9ng \u0111i\u1ec1u ch\u1ec9nh hi\u1ec7u \u1ee9ng \u00e1nh s\u00e1ng tr\u00ean to\u00e0n b\u1ed9 h\u1ec7 th\u1ed1ng c\u1ee7a b\u1ea1n. C\u00e1c ti\u00eau \u0111\u1ec1 m\u1edbi c\u0169ng cung c\u1ea5p kh\u1ea3 n\u0103ng t\u01b0\u01a1ng th\u00edch ng\u01b0\u1ee3c ho\u00e0n to\u00e0n v\u1edbi thi\u1ebft b\u1ecb Aura Sync hi\u1ec7n c\u00f3.<\/p>\n","protected":false},"excerpt":{"rendered":"<p class=\"group-title\"><strong>Th\u00f4ng s\u1ed1 s\u1ea3n ph\u1ea9m<\/strong><\/p>\n<div>\n<ul>\n<li class=\"item\">Chipset: Intel B760<\/li>\n<li class=\"item\">Socket: Intel LGA 1700<\/li>\n<li class=\"item\">K\u00edch th\u01b0\u1edbc: MATX Form Factor<\/li>\n<li class=\"item\">9.6inch x 9.6 inch ( 24.4 cm x 24.4 cm )<\/li>\n<li class=\"item\">H\u1ed7 tr\u1ee3 CPU: Intel\u00ae Socket LGA 1700:Support 13th and 12th Gen Series Processors<\/li>\n<li class=\"item\">Khe c\u1eafm RAM: 4 khe ram<\/li>\n<\/ul>\n<\/div>\n","protected":false},"featured_media":2629,"comment_status":"open","ping_status":"closed","template":"","meta":{"_acf_changed":false},"product_brand":[115],"product_cat":[327],"product_tag":[82,340,281,335,338,328,333,104],"class_list":{"0":"post-2022","1":"product","2":"type-product","3":"status-publish","4":"has-post-thumbnail","6":"product_brand-asus","7":"product_cat-bo-mach-chu-mainboard","8":"product_tag-asus","9":"product_tag-b760me","10":"product_tag-ddr4","11":"product_tag-intel","12":"product_tag-lga1700","13":"product_tag-main","14":"product_tag-matx","15":"product_tag-tuf-gaming","17":"first","18":"instock","19":"sale","20":"shipping-taxable","21":"purchasable","22":"product-type-simple"},"acf":[],"jetpack_sharing_enabled":true,"_links":{"self":[{"href":"https:\/\/thanglongcomputer.vn\/index.php?rest_route=\/wp\/v2\/product\/2022","targetHints":{"allow":["GET"]}}],"collection":[{"href":"https:\/\/thanglongcomputer.vn\/index.php?rest_route=\/wp\/v2\/product"}],"about":[{"href":"https:\/\/thanglongcomputer.vn\/index.php?rest_route=\/wp\/v2\/types\/product"}],"replies":[{"embeddable":true,"href":"https:\/\/thanglongcomputer.vn\/index.php?rest_route=%2Fwp%2Fv2%2Fcomments&post=2022"}],"wp:featuredmedia":[{"embeddable":true,"href":"https:\/\/thanglongcomputer.vn\/index.php?rest_route=\/wp\/v2\/media\/2629"}],"wp:attachment":[{"href":"https:\/\/thanglongcomputer.vn\/index.php?rest_route=%2Fwp%2Fv2%2Fmedia&parent=2022"}],"wp:term":[{"taxonomy":"product_brand","embeddable":true,"href":"https:\/\/thanglongcomputer.vn\/index.php?rest_route=%2Fwp%2Fv2%2Fproduct_brand&post=2022"},{"taxonomy":"product_cat","embeddable":true,"href":"https:\/\/thanglongcomputer.vn\/index.php?rest_route=%2Fwp%2Fv2%2Fproduct_cat&post=2022"},{"taxonomy":"product_tag","embeddable":true,"href":"https:\/\/thanglongcomputer.vn\/index.php?rest_route=%2Fwp%2Fv2%2Fproduct_tag&post=2022"}],"curies":[{"name":"wp","href":"https:\/\/api.w.org\/{rel}","templated":true}]}}