{"id":2021,"date":"2025-02-18T16:53:41","date_gmt":"2025-02-18T09:53:41","guid":{"rendered":"https:\/\/thanglongcomputer.vn\/san-pham\/mainboard-asus-prime-b760m-k-d4\/"},"modified":"2025-02-23T08:55:19","modified_gmt":"2025-02-23T01:55:19","slug":"mainboard-asus-prime-b760m-k-d4","status":"publish","type":"product","link":"https:\/\/thanglongcomputer.vn\/?product=mainboard-asus-prime-b760m-k-d4","title":{"rendered":"Mainboard ASUS PRIME B760M-K D4"},"content":{"rendered":"<h2 class=\"box-title\">\u0110\u00e1nh gi\u00e1: Mainboard ASUS PRIME B760M-K D4<\/h2>\n<div class=\"static-html-group js-static-container\">\n<div id=\"js-product-description\" class=\"js-static-content static-html-content\">\n<p><img decoding=\"async\" class=\"loading\" src=\"https:\/\/hanoicomputercdn.com\/media\/lib\/07-01-2023\/mainboard-asus-prime-b760m-k-d4-mota1.jpg\" alt=\"Mainboard ASUS PRIME B760M-K D4 \" width=\"100%\" data-was-processed=\"true\" \/><img decoding=\"async\" class=\"loading\" src=\"https:\/\/hanoicomputercdn.com\/media\/lib\/07-01-2023\/mainboard-asus-prime-b760m-k-d4-mota2.jpg\" alt=\"Mainboard ASUS PRIME B760M-K D4 \" width=\"100%\" data-was-processed=\"true\" \/><img decoding=\"async\" class=\"loading\" src=\"https:\/\/hanoicomputercdn.com\/media\/lib\/07-01-2023\/mainboard-asus-prime-b760m-k-d4-mota3.jpg\" alt=\"Mainboard ASUS PRIME B760M-K D4 \" width=\"100%\" data-was-processed=\"true\" \/><img decoding=\"async\" class=\"loading\" src=\"https:\/\/hanoicomputercdn.com\/media\/lib\/07-01-2023\/mainboard-asus-prime-b760m-k-d4-mota4.jpg\" alt=\"Mainboard ASUS PRIME B760M-K D4 \" width=\"100%\" data-was-processed=\"true\" \/><\/p>\n<h3>\u0110\u00f3ng g\u00f3i<\/h3>\n<p><img decoding=\"async\" class=\"loading\" src=\"https:\/\/hanoicomputercdn.com\/media\/lib\/07-01-2023\/mainboard-asus-prime-b760m-k-d4-mota5.jpg\" alt=\"Mainboard ASUS PRIME B760M-K D4 \" width=\"100%\" data-was-processed=\"true\" \/><\/p>\n<\/div>\n<div class=\"static-btn-group\"><\/div>\n<\/div>\n","protected":false},"excerpt":{"rendered":"<p class=\"group-title\"><strong>Th\u00f4ng s\u1ed1 s\u1ea3n ph\u1ea9m<\/strong><\/p>\n<div>\n<ul>\n<li class=\"item\">Chipset: Intel B760<\/li>\n<li class=\"item\">Socket: Intel LGA 1700<\/li>\n<li class=\"item\">K\u00edch th\u01b0\u1edbc: M-ATX<\/li>\n<li class=\"item\">S\u1ed1 khe RAM: 2 khe (T\u1ed1i \u0111a 64GB)<\/li>\n<\/ul>\n<\/div>\n","protected":false},"featured_media":2624,"comment_status":"open","ping_status":"closed","template":"","meta":{"_acf_changed":false},"product_brand":[115],"product_cat":[327],"product_tag":[82,339,281,335,338,328,333,329],"class_list":{"0":"post-2021","1":"product","2":"type-product","3":"status-publish","4":"has-post-thumbnail","6":"product_brand-asus","7":"product_cat-bo-mach-chu-mainboard","8":"product_tag-asus","9":"product_tag-b760mk","10":"product_tag-ddr4","11":"product_tag-intel","12":"product_tag-lga1700","13":"product_tag-main","14":"product_tag-matx","15":"product_tag-prime","17":"first","18":"instock","19":"sale","20":"shipping-taxable","21":"purchasable","22":"product-type-simple"},"acf":[],"jetpack_sharing_enabled":true,"_links":{"self":[{"href":"https:\/\/thanglongcomputer.vn\/index.php?rest_route=\/wp\/v2\/product\/2021","targetHints":{"allow":["GET"]}}],"collection":[{"href":"https:\/\/thanglongcomputer.vn\/index.php?rest_route=\/wp\/v2\/product"}],"about":[{"href":"https:\/\/thanglongcomputer.vn\/index.php?rest_route=\/wp\/v2\/types\/product"}],"replies":[{"embeddable":true,"href":"https:\/\/thanglongcomputer.vn\/index.php?rest_route=%2Fwp%2Fv2%2Fcomments&post=2021"}],"wp:featuredmedia":[{"embeddable":true,"href":"https:\/\/thanglongcomputer.vn\/index.php?rest_route=\/wp\/v2\/media\/2624"}],"wp:attachment":[{"href":"https:\/\/thanglongcomputer.vn\/index.php?rest_route=%2Fwp%2Fv2%2Fmedia&parent=2021"}],"wp:term":[{"taxonomy":"product_brand","embeddable":true,"href":"https:\/\/thanglongcomputer.vn\/index.php?rest_route=%2Fwp%2Fv2%2Fproduct_brand&post=2021"},{"taxonomy":"product_cat","embeddable":true,"href":"https:\/\/thanglongcomputer.vn\/index.php?rest_route=%2Fwp%2Fv2%2Fproduct_cat&post=2021"},{"taxonomy":"product_tag","embeddable":true,"href":"https:\/\/thanglongcomputer.vn\/index.php?rest_route=%2Fwp%2Fv2%2Fproduct_tag&post=2021"}],"curies":[{"name":"wp","href":"https:\/\/api.w.org\/{rel}","templated":true}]}}