{"id":2020,"date":"2025-02-18T16:53:41","date_gmt":"2025-02-18T09:53:41","guid":{"rendered":"https:\/\/thanglongcomputer.vn\/san-pham\/mainboard-asus-prime-h610m-k-d4-csm\/"},"modified":"2025-02-23T08:52:59","modified_gmt":"2025-02-23T01:52:59","slug":"mainboard-asus-prime-h610m-k-d4-csm","status":"publish","type":"product","link":"https:\/\/thanglongcomputer.vn\/?product=mainboard-asus-prime-h610m-k-d4-csm","title":{"rendered":"Mainboard Asus PRIME H610M-K D4 CSM"},"content":{"rendered":"<div id=\"js-product-description\" class=\"js-static-content static-html-content\">\n<p><strong>Asus PRIME H610M-K D4<\/strong>\u00a0l\u00e0 d\u00f2ng bo m\u1ea1ch ch\u1ee7 chipset H610 ph\u1ed5 th\u00f4ng, ph\u00f9 h\u1ee3p v\u1edbi c\u00e1c vi x\u1eed l\u00fd Pentium, Celeron,i3 &amp; i5 non K th\u1ebf h\u1ec7 Alder Lake.<\/p>\n<p><img decoding=\"async\" class=\"loading\" src=\"https:\/\/hanoicomputercdn.com\/media\/lib\/21-08-2023\/asus-prime-h610m-k-d4-image-02.jpg\" alt=\"Mainboard Asus PRIME H610M-K D4 CMS \" width=\"100%\" data-was-processed=\"true\" \/><\/p>\n<h3>T\u00ednh n\u0103ng n\u1ed5i b\u1eadt<\/h3>\n<ul>\n<li>Khe M.2 PCI-e Gen 3 cho SSD M.2 t\u1ed1c \u0111\u1ed9 cao<\/li>\n<li>Khe PCI-E gen 4<\/li>\n<\/ul>\n<p><img decoding=\"async\" class=\"loading\" src=\"https:\/\/hanoicomputercdn.com\/media\/lib\/21-08-2023\/asus-prime-h610m-k-d4-image-01.jpg\" alt=\"Mainboard Asus PRIME H610M-K D4 CMS \" width=\"100%\" data-was-processed=\"true\" \/><\/p>\n<h3>T\u00ednh n\u0103ng<\/h3>\n<p><img decoding=\"async\" class=\"loading\" src=\"https:\/\/hanoicomputercdn.com\/media\/lib\/21-08-2023\/asus-prime-h610m-k-d4-image-04.jpg\" alt=\"Mainboard Asus PRIME H610M-K D4 CMS \" width=\"100%\" data-was-processed=\"true\" \/><\/p>\n<p>&nbsp;<\/p>\n<p>&nbsp;<\/p>\n<h3>Bo m\u1ea1ch ch\u1ee7 n\u00e0y d\u00e0nh cho ai?<\/h3>\n<p>Asus PRIME H610M-K ph\u00f9 h\u1ee3p v\u1edbi c\u00e1c b\u1ed9 m\u00e1y t\u00ednh ph\u1ed5 th\u00f4ng v\u00e0 t\u1ea7m trung, cho nhu c\u1ea7u ch\u01a1i game v\u00e0 l\u00e0m vi\u1ec7c v\u0103n ph\u00f2ng c\u0169ng nh\u01b0 Multimedia c\u01a1 b\u1ea3n.<\/p>\n<p><img decoding=\"async\" class=\"loading\" src=\"https:\/\/hanoicomputercdn.com\/media\/lib\/21-08-2023\/asus-prime-h610m-k-d4-image-05.jpg\" alt=\"Mainboard Asus PRIME H610M-K D4 CMS \" width=\"100%\" data-was-processed=\"true\" \/><\/p>\n<\/div>\n<div class=\"static-btn-group\"><\/div>\n","protected":false},"excerpt":{"rendered":"<p class=\"group-title\"><strong>Th\u00f4ng s\u1ed1 s\u1ea3n ph\u1ea9m<\/strong><\/p>\n<div>\n<ul>\n<li class=\"item\">Chipset: Intel H610<\/li>\n<li class=\"item\">Socket: Intel LGA 1700<\/li>\n<li class=\"item\">K\u00edch th\u01b0\u1edbc: M-ATX<\/li>\n<li class=\"item\">S\u1ed1 khe RAM: 2<\/li>\n<li class=\"item\">T\u00edch h\u1ee3p ASUS Control Center Express<\/li>\n<\/ul>\n<\/div>\n","protected":false},"featured_media":2619,"comment_status":"open","ping_status":"closed","template":"","meta":{"_acf_changed":false},"product_brand":[115],"product_cat":[327],"product_tag":[82,281,336,337,335,338,328,333,329],"class_list":{"0":"post-2020","1":"product","2":"type-product","3":"status-publish","4":"has-post-thumbnail","6":"product_brand-asus","7":"product_cat-bo-mach-chu-mainboard","8":"product_tag-asus","9":"product_tag-ddr4","10":"product_tag-h610","11":"product_tag-h610mk","12":"product_tag-intel","13":"product_tag-lga1700","14":"product_tag-main","15":"product_tag-matx","16":"product_tag-prime","18":"first","19":"instock","20":"sale","21":"shipping-taxable","22":"purchasable","23":"product-type-simple"},"acf":[],"jetpack_sharing_enabled":true,"_links":{"self":[{"href":"https:\/\/thanglongcomputer.vn\/index.php?rest_route=\/wp\/v2\/product\/2020","targetHints":{"allow":["GET"]}}],"collection":[{"href":"https:\/\/thanglongcomputer.vn\/index.php?rest_route=\/wp\/v2\/product"}],"about":[{"href":"https:\/\/thanglongcomputer.vn\/index.php?rest_route=\/wp\/v2\/types\/product"}],"replies":[{"embeddable":true,"href":"https:\/\/thanglongcomputer.vn\/index.php?rest_route=%2Fwp%2Fv2%2Fcomments&post=2020"}],"wp:featuredmedia":[{"embeddable":true,"href":"https:\/\/thanglongcomputer.vn\/index.php?rest_route=\/wp\/v2\/media\/2619"}],"wp:attachment":[{"href":"https:\/\/thanglongcomputer.vn\/index.php?rest_route=%2Fwp%2Fv2%2Fmedia&parent=2020"}],"wp:term":[{"taxonomy":"product_brand","embeddable":true,"href":"https:\/\/thanglongcomputer.vn\/index.php?rest_route=%2Fwp%2Fv2%2Fproduct_brand&post=2020"},{"taxonomy":"product_cat","embeddable":true,"href":"https:\/\/thanglongcomputer.vn\/index.php?rest_route=%2Fwp%2Fv2%2Fproduct_cat&post=2020"},{"taxonomy":"product_tag","embeddable":true,"href":"https:\/\/thanglongcomputer.vn\/index.php?rest_route=%2Fwp%2Fv2%2Fproduct_tag&post=2020"}],"curies":[{"name":"wp","href":"https:\/\/api.w.org\/{rel}","templated":true}]}}