{"id":2019,"date":"2025-02-18T16:53:41","date_gmt":"2025-02-18T09:53:41","guid":{"rendered":"https:\/\/thanglongcomputer.vn\/san-pham\/mainboard-asus-prime-h510m-k-r2-0\/"},"modified":"2025-02-23T08:51:58","modified_gmt":"2025-02-23T01:51:58","slug":"mainboard-asus-prime-h510m-k-r2-0","status":"publish","type":"product","link":"https:\/\/thanglongcomputer.vn\/?product=mainboard-asus-prime-h510m-k-r2-0","title":{"rendered":"Mainboard ASUS PRIME H510M-K R2.0"},"content":{"rendered":"<h2 align=\"center\"><span data-darkreader-inline-color=\"\"><strong>Mainboard ASUS PRIME H510M-K CSM <\/strong><\/span><\/h2>\n<h2 align=\"center\"><strong>ASUS PRIME H510M-K R2.0 CSM <\/strong>\u0111\u01b0\u1ee3c trang b\u1ecb c\u00f4ng ngh\u1ec7 ESD Guard, gi\u00fap b\u1ea3o v\u1ec7 thi\u1ebft b\u1ecb c\u1ee7a b\u1ea1n kh\u1ecfi nh\u1eefng thi\u1ec7t h\u1ea1i g\u00e2y ra b\u1edfi hi\u1ec7n t\u01b0\u1ee3ng ph\u00f3ng t\u0129nh \u0111i\u1ec7n. \u0110\u1ed3ng th\u1eddi, c\u00e1c th\u00e0nh ph\u1ea7n tr\u00ean bo m\u1ea1ch ch\u1ee7 \u0111\u01b0\u1ee3c thi\u1ebft k\u1ebf theo c\u1ea5u tr\u00fac m\u1ea1ch b\u1ea3o v\u1ec7, gi\u00fap gia t\u0103ng tu\u1ed5i th\u1ecd c\u1ee7a linh ki\u1ec7n.<\/h2>\n<p><img decoding=\"async\" src=\"https:\/\/anphat.com.vn\/media\/product\/45167_mainboard_asus_prime_h510m_k_csm__tray_.jpg\" alt=\"\" width=\"700\" \/><\/p>\n<p><strong>ASUS PRIME H510M-K R2.0 CSM<\/strong>\u00a0c\u0169ng ch\u1ecdn tone m\u00e0u \u0111en sang tr\u1ecdng nh\u01b0 nhi\u1ec1u d\u00f2ng mainboard kh\u00e1c. M\u00e0u s\u1eafc n\u00e0y kh\u00f4ng b\u1eaft m\u1eaft hay r\u1ef1c r\u1ee1 nh\u01b0ng l\u1ea1i mang \u0111\u1ebfn s\u1ef1 m\u1ea1nh m\u1ebd v\u00e0 \u0111\u00e1ng tin c\u1eady cho mainboard n\u00e0y. V\u1edbi k\u00edch th\u01b0\u1edbc chu\u1ea9n m-ATX nh\u1ecf g\u1ecdn v\u00e0 ti\u1ebft ki\u1ec7m kh\u00f4ng gian,\u00a0n\u00ean d\u1ec5 d\u00e0ng l\u1eafp \u0111\u1eb7t v\u00e0 ph\u00f9 h\u1ee3p v\u1edbi nhi\u1ec1u v\u1ecf Case<\/p>\n<p><img decoding=\"async\" src=\"https:\/\/anphat.com.vn\/media\/product\/45167_mainboard_asus_prime_h510m_k_csm__tray___4_.jpg\" alt=\"\" width=\"700\" \/><\/p>\n<p><strong>M\u00e1y l\u00e0m m\u00e1t theo thi\u1ebft k\u1ebf<\/strong><\/p>\n<p><strong>ASUS PRIME H510M-K R2.0 CSM <\/strong>\u0111\u01b0\u1ee3c thi\u1ebft k\u1ebf v\u1edbi m\u1ed9t lo\u1ea1t c\u00e1c \u0111\u1ea7u c\u1eafm qu\u1ea1t k\u1ebft h\u1ee3p \u0111\u1ec3 \u0111\u1ea3m b\u1ea3o thi\u1ebft b\u1ecb c\u1ee7a b\u1ea1n lu\u00f4n m\u00e1t m\u1ebb v\u00e0 \u1ed5n \u0111\u1ecbnh d\u01b0\u1edbi kh\u1ed1i l\u01b0\u1ee3ng c\u00f4ng vi\u1ec7c l\u1edbn. V\u1edbi c\u00e1c \u0111i\u1ec1u khi\u1ec3n l\u00e0m m\u00e1t to\u00e0n di\u1ec7n c\u00f3 th\u1ec3\u00a0t\u00f9y ch\u1ec9nh v\u00e0 c\u00e0i \u0111\u1eb7t ch\u1ebf \u0111\u1ed9 qu\u1ea1t qua ph\u1ea7n m\u1ec1m Fan Xpert ho\u1eb7c th\u00f4ng qua UEFI BIOS.<\/p>\n<p><img decoding=\"async\" src=\"https:\/\/anphat.com.vn\/media\/product\/45167_mainboard_asus_prime_h510m_k_csm__tray___1_.jpg\" alt=\"\" width=\"700\" \/><\/p>\n<p><strong>Khe M.2 (l\u00ean \u0111\u1ebfn 32 Gbps)<\/strong><\/p>\n<p>Khe c\u1eafm M.2 h\u1ed7 tr\u1ee3 t\u1ed1c \u0111\u1ed9 truy\u1ec1n d\u1eef li\u1ec7u l\u00ean \u0111\u1ebfn 32 Gbps th\u00f4ng qua b\u0103ng th\u00f4ng x4 PCI Express\u00ae 3.0, cho ph\u00e9p th\u1eddi gian kh\u1edfi \u0111\u1ed9ng v\u00e0 t\u1ea3i \u1ee9ng d\u1ee5ng nhanh h\u01a1n v\u1edbi \u1ed5 \u0111\u0129a h\u1ec7 \u0111i\u1ec1u h\u00e0nh ho\u1eb7c \u1ee9ng d\u1ee5ng.<\/p>\n<p><img decoding=\"async\" src=\"https:\/\/anphat.com.vn\/media\/product\/45167_mainboard_asus_prime_h510m_k_csm__tray___5_.jpg\" alt=\"\" width=\"700\" \/><\/p>\n<p><strong>ASUS PRIME H510M-K R2.0 CSM<\/strong>\u00a0v\u1edbi kh\u1ea3 n\u0103ng ch\u1ed1ng \u0103n m\u00f2n t\u1ed1t h\u01a1n g\u1ea5p 3 l\u1ea7n so v\u1edbi phi\u00ean b\u1ea3n tr\u01b0\u1edbc \u0111\u00f3. C\u00e1c \u0111\u1ea7u k\u1ebft n\u1ed1i Input v\u00e0 Output \u0111\u01b0\u1ee3c s\u1ea3n xu\u1ea5t t\u1eeb th\u00e9p kh\u00f4ng g\u1ec9 ch\u1ed1ng \u0103n m\u00f2n, \u0111\u01b0\u1ee3c li\u00ean k\u1ebft v\u1edbi oxit crom c\u00f3 tu\u1ed5i th\u1ecd cao g\u1ea5p ba l\u1ea7n so v\u1edbi c\u00e1c v\u1eadt li\u1ec7u th\u00f4ng th\u01b0\u1eddng.<\/p>\n","protected":false},"excerpt":{"rendered":"<p class=\"group-title\"><strong>Th\u00f4ng s\u1ed1 s\u1ea3n ph\u1ea9m<\/strong><\/p>\n<div>\n<ul>\n<li class=\"item\">Socket: LGA1200 H\u1ed7 tr\u1ee3 CPU th\u1ebf h\u1ec7 11 v\u00e0 th\u1ebf h\u1ec7 10<\/li>\n<li class=\"item\">Chipset: H470<\/li>\n<li class=\"item\">K\u00edch th\u01b0\u1edbc: microATX<\/li>\n<li class=\"item\">Khe c\u1eafm RAM: 2 khe (T\u1ed1i \u0111a 64GB)<\/li>\n<li class=\"item\">Khe c\u1eafm m\u1edf r\u1ed9ng: 1 x PCIe 4.0\/3.0 x16 slot, 1 x PCIe 3.0 x1 slot<\/li>\n<\/ul>\n<\/div>\n","protected":false},"featured_media":2614,"comment_status":"open","ping_status":"closed","template":"","meta":{"_acf_changed":false},"product_brand":[115],"product_cat":[327],"product_tag":[82,281,330,331,335,334,328,333,329,332],"class_list":{"0":"post-2019","1":"product","2":"type-product","3":"status-publish","4":"has-post-thumbnail","6":"product_brand-asus","7":"product_cat-bo-mach-chu-mainboard","8":"product_tag-asus","9":"product_tag-ddr4","10":"product_tag-h510","11":"product_tag-h510mk","12":"product_tag-intel","13":"product_tag-lga1200","14":"product_tag-main","15":"product_tag-matx","16":"product_tag-prime","17":"product_tag-r2-0","19":"first","20":"instock","21":"sale","22":"shipping-taxable","23":"purchasable","24":"product-type-simple"},"acf":[],"jetpack_sharing_enabled":true,"_links":{"self":[{"href":"https:\/\/thanglongcomputer.vn\/index.php?rest_route=\/wp\/v2\/product\/2019","targetHints":{"allow":["GET"]}}],"collection":[{"href":"https:\/\/thanglongcomputer.vn\/index.php?rest_route=\/wp\/v2\/product"}],"about":[{"href":"https:\/\/thanglongcomputer.vn\/index.php?rest_route=\/wp\/v2\/types\/product"}],"replies":[{"embeddable":true,"href":"https:\/\/thanglongcomputer.vn\/index.php?rest_route=%2Fwp%2Fv2%2Fcomments&post=2019"}],"wp:featuredmedia":[{"embeddable":true,"href":"https:\/\/thanglongcomputer.vn\/index.php?rest_route=\/wp\/v2\/media\/2614"}],"wp:attachment":[{"href":"https:\/\/thanglongcomputer.vn\/index.php?rest_route=%2Fwp%2Fv2%2Fmedia&parent=2019"}],"wp:term":[{"taxonomy":"product_brand","embeddable":true,"href":"https:\/\/thanglongcomputer.vn\/index.php?rest_route=%2Fwp%2Fv2%2Fproduct_brand&post=2019"},{"taxonomy":"product_cat","embeddable":true,"href":"https:\/\/thanglongcomputer.vn\/index.php?rest_route=%2Fwp%2Fv2%2Fproduct_cat&post=2019"},{"taxonomy":"product_tag","embeddable":true,"href":"https:\/\/thanglongcomputer.vn\/index.php?rest_route=%2Fwp%2Fv2%2Fproduct_tag&post=2019"}],"curies":[{"name":"wp","href":"https:\/\/api.w.org\/{rel}","templated":true}]}}