{"id":2005,"date":"2025-02-18T16:53:40","date_gmt":"2025-02-18T09:53:40","guid":{"rendered":"https:\/\/thanglongcomputer.vn\/san-pham\/ram-desktop-kingston-kvr32n22s8-8-8gb-1x8gb-ddr4-3200mhz\/"},"modified":"2025-02-23T09:06:36","modified_gmt":"2025-02-23T02:06:36","slug":"ram-desktop-kingston-kvr32n22s8-8-8gb-1x8gb-ddr4-3200mhz","status":"publish","type":"product","link":"https:\/\/thanglongcomputer.vn\/?product=ram-desktop-kingston-kvr32n22s8-8-8gb-1x8gb-ddr4-3200mhz","title":{"rendered":"Ram Desktop Kingston (KVR32N22S8\/8) 8GB (1x8GB) DDR4 3200Mhz"},"content":{"rendered":"<p>Ram Desktop Kingsto KVR32N22S8\/8 t\u1ea1o \u0111\u01b0\u1ee3c b\u1ed9 nh\u1edb l\u01b0u tr\u1eef t\u1ea1m th\u1eddi l\u1edbn, h\u1ed7 tr\u1ee3 cho qu\u00e1 tr\u00ecnh x\u1eed l\u00fd c\u00f4ng vi\u1ec7c c\u1ee7a\u00a0<strong>m\u00e1y t\u00ednh<\/strong>\u00a0\u0111\u01b0\u1ee3c nhanh h\u01a1n v\u00e0 hi\u1ec7u qu\u1ea3 h\u01a1n.<\/p>\n<p><img loading=\"lazy\" decoding=\"async\" class=\"loading\" src=\"https:\/\/hanoicomputercdn.com\/media\/product\/69317_ram_desktop_kingston_fury_beast_kvr32n22s8_8_8gb_1x8gb_ddr4_3200mhz.jpg\" alt=\"Ram Desktop Kingston DDR4\" width=\"850\" height=\"850\" data-was-processed=\"true\" \/><\/p>\n<p>RAM Desktop Kingston 8GB DDR4 Bus 3200MHz KVR32N22S8\/8 s\u1ebd gi\u00fap b\u1ea1n x\u1eed l\u00fd nhanh ch\u00f3ng nh\u1eefng y\u00eau c\u1ea7u c\u1ee7a b\u1ea1n nh\u01b0 truy\u1ec1n t\u1ea3i, \u0111\u1ea3m b\u1ea3o s\u1ef1 an to\u00e0n cho d\u1eef li\u1ec7u m\u1ed9t c\u00e1ch nhanh ch\u00f3ng m\u00e0 kh\u00f4ng l\u00e0m gi\u1ea3m hi\u1ec7u su\u1ea5t ho\u1ea1t \u0111\u1ed9ng cho c\u00e1c thi\u1ebft b\u1ecb.<\/p>\n","protected":false},"excerpt":{"rendered":"<p class=\"group-title\"><strong>Th\u00f4ng s\u1ed1 s\u1ea3n ph\u1ea9m<\/strong><\/p>\n<div>\n<ul>\n<li class=\"item\">Dung l\u01b0\u1ee3ng: 1x8GB<\/li>\n<li class=\"item\">Chu\u1ea9n: DDR4 Non-ECC<\/li>\n<li class=\"item\">Bus: 3200Mhz<\/li>\n<li class=\"item\">\u0110\u1ed9 tr\u1ec5: CL22<\/li>\n<li class=\"item\">T\u1ea3n nhi\u1ec7t: Kh\u00f4ng<\/li>\n<\/ul>\n<\/div>\n","protected":false},"featured_media":2641,"comment_status":"open","ping_status":"closed","template":"","meta":{"_acf_changed":false},"product_brand":[345],"product_cat":[79],"product_tag":[282,290,281,296,302,278],"class_list":{"0":"post-2005","1":"product","2":"type-product","3":"status-publish","4":"has-post-thumbnail","6":"product_brand-kingston","7":"product_cat-ram","8":"product_tag-3200mhz","9":"product_tag-8gb","10":"product_tag-ddr4","11":"product_tag-desktop","12":"product_tag-kingston","13":"product_tag-ram","15":"first","16":"instock","17":"sale","18":"shipping-taxable","19":"purchasable","20":"product-type-simple"},"acf":[],"jetpack_sharing_enabled":true,"_links":{"self":[{"href":"https:\/\/thanglongcomputer.vn\/index.php?rest_route=\/wp\/v2\/product\/2005","targetHints":{"allow":["GET"]}}],"collection":[{"href":"https:\/\/thanglongcomputer.vn\/index.php?rest_route=\/wp\/v2\/product"}],"about":[{"href":"https:\/\/thanglongcomputer.vn\/index.php?rest_route=\/wp\/v2\/types\/product"}],"replies":[{"embeddable":true,"href":"https:\/\/thanglongcomputer.vn\/index.php?rest_route=%2Fwp%2Fv2%2Fcomments&post=2005"}],"wp:featuredmedia":[{"embeddable":true,"href":"https:\/\/thanglongcomputer.vn\/index.php?rest_route=\/wp\/v2\/media\/2641"}],"wp:attachment":[{"href":"https:\/\/thanglongcomputer.vn\/index.php?rest_route=%2Fwp%2Fv2%2Fmedia&parent=2005"}],"wp:term":[{"taxonomy":"product_brand","embeddable":true,"href":"https:\/\/thanglongcomputer.vn\/index.php?rest_route=%2Fwp%2Fv2%2Fproduct_brand&post=2005"},{"taxonomy":"product_cat","embeddable":true,"href":"https:\/\/thanglongcomputer.vn\/index.php?rest_route=%2Fwp%2Fv2%2Fproduct_cat&post=2005"},{"taxonomy":"product_tag","embeddable":true,"href":"https:\/\/thanglongcomputer.vn\/index.php?rest_route=%2Fwp%2Fv2%2Fproduct_tag&post=2005"}],"curies":[{"name":"wp","href":"https:\/\/api.w.org\/{rel}","templated":true}]}}