{"id":1993,"date":"2025-02-18T16:53:37","date_gmt":"2025-02-18T09:53:37","guid":{"rendered":"https:\/\/thanglongcomputer.vn\/san-pham\/ram-adata-xpg-d50-rgb-16gb-ddr4-3200mhz-white\/"},"modified":"2026-02-25T10:12:40","modified_gmt":"2026-02-25T03:12:40","slug":"ram-adata-xpg-d50-rgb-16gb-ddr4-3200mhz-white","status":"publish","type":"product","link":"https:\/\/thanglongcomputer.vn\/?product=ram-adata-xpg-d50-rgb-16gb-ddr4-3200mhz-white","title":{"rendered":"Ram Adata XPG D50 RGB 16GB DDR4 3200MHz &#8211; White"},"content":{"rendered":"<h2 class=\"box-title\"><img decoding=\"async\" class=\"loading\" style=\"font-size: 20.16px\" src=\"https:\/\/hanoicomputercdn.com\/media\/lib\/22-09-2022\/ram-desktop-adata-xpg-spectrix-d50-rgb-white-ax4u32008g16a-sw50-8gb-1x8gb-ddr4-3200mhz-mota4.jpg\" alt=\"Ram Desktop Adata XPG Spectrix D50 RGB White (AX4U32008G16A-SW50) 8GB (1x8GB) DDR4 3200Mhz\" width=\"100%\" data-was-processed=\"true\" \/><\/h2>\n<div class=\"static-html-group js-static-container\">\n<div id=\"js-product-description\" class=\"js-static-content static-html-content\">\n<h3>Ram DDR4 t\u1ed1c \u0111\u1ed9 cao<\/h3>\n<p>\u0110\u01b0\u1ee3c s\u1ea3n xu\u1ea5t b\u1eb1ng chip v\u00e0 PCB ch\u1ea5t l\u01b0\u1ee3ng cao nh\u1ea5t,\u00a0<a href=\"https:\/\/hacom.vn\/ram-ddr4\" target=\"_blank\" rel=\"noopener\">Ram Desktop<\/a>\u00a0Adata XPG D50 cung c\u1ea5p \u0111\u1ed9 \u1ed5n \u0111\u1ecbnh, \u0111\u1ed9 tin c\u1eady cao nh\u1ea5t v\u00e0 t\u1ed1c \u0111\u1ed9 l\u00ean \u0111\u1ebfn 4800MHz. H\u01a1n n\u1eefa, n\u00f3 h\u1ed7 tr\u1ee3 c\u00e1c n\u1ec1n t\u1ea3ng Intel v\u00e0 AMD m\u1edbi nh\u1ea5t.<\/p>\n<p><img decoding=\"async\" class=\"loading\" src=\"https:\/\/hanoicomputercdn.com\/media\/lib\/22-09-2022\/ram-desktop-adata-xpg-spectrix-d50-rgb-white-ax4u32008g16a-sw50-8gb-1x8gb-ddr4-3200mhz-motaf.jpg\" alt=\"Ram Desktop Adata XPG Spectrix D50 RGB White (AX4U32008G16A-SW50) 8GB (1x8GB) DDR4 3200Mhz \" width=\"100%\" data-was-processed=\"true\" \/><\/p>\n<h3>Thi\u1ebft k\u1ebf ch\u1eafc ch\u1eafn<\/h3>\n<p><img decoding=\"async\" class=\"loading\" src=\"https:\/\/hanoicomputercdn.com\/media\/lib\/22-09-2022\/ram-desktop-adata-xpg-spectrix-d50-rgb-white-ax4u32008g16a-sw50-8gb-1x8gb-ddr4-3200mhz-mota3.jpg\" alt=\"Ram Desktop Adata XPG Spectrix D50 RGB White (AX4U32008G16A-SW50) 8GB (1x8GB) DDR4 3200Mhz \" width=\"100%\" data-was-processed=\"true\" \/><\/p>\n<p>D50 c\u00f3 m\u1ed9t b\u1ed9 t\u1ea3n nhi\u1ec7t b\u1eb1ng kim lo\u1ea1i d\u00e0y 1,95mm \u0111\u01b0\u1ee3c c\u1ea5u t\u1ea1o v\u1eefng ch\u1eafc kh\u00f4ng ch\u1ec9 mang l\u1ea1i \u0111\u1ed9 b\u1ec1n tuy\u1ec7t v\u1eddi m\u00e0 c\u00f2n t\u1ea1o ra m\u1ed9t kh\u00f4ng kh\u00ed m\u1ea1nh m\u1ebd v\u00e0 hi\u1ec7u su\u1ea5t cao.<\/p>\n<p><img decoding=\"async\" class=\"loading\" src=\"https:\/\/hanoicomputercdn.com\/media\/lib\/22-09-2022\/ram-desktop-adata-xpg-spectrix-d50-rgb-white-ax4u32008g16a-sw50-8gb-1x8gb-ddr4-3200mhz-mota1.jpg\" alt=\"Ram Desktop Adata XPG Spectrix D50 RGB White (AX4U32008G16A-SW50) 8GB (1x8GB) DDR4 3200Mhz\" width=\"100%\" data-was-processed=\"true\" \/><\/p>\n<h3>T\u00f9y ch\u1ec9nh RGB theo c\u00e1ch c\u1ee7a b\u1ea1n<\/h3>\n<p><img decoding=\"async\" class=\"loading\" src=\"https:\/\/hanoicomputercdn.com\/media\/lib\/22-09-2022\/ram-desktop-adata-xpg-spectrix-d50-rgb-white-ax4u32008g16a-sw50-8gb-1x8gb-ddr4-3200mhz-rgb.jpg\" alt=\"Ram Desktop Adata XPG Spectrix D50 RGB White (AX4U32008G16A-SW50) 8GB (1x8GB) DDR4 3200Mhz\" width=\"100%\" data-was-processed=\"true\" \/><\/p>\n<p>D50 c\u00f3 v\u1ebb ngo\u00e0i sang tr\u1ecdng,c \u00e1c \u0111\u01b0\u1eddng n\u00e9t h\u00ecnh h\u1ecdc \u0111\u01a1n gi\u1ea3n v\u00e0 panel RGB h\u00ecnh tam gi\u00e1c, k\u1ebft h\u1ee3p c\u1edbi \u1ee9ng d\u1ee5ng XPG RGB Sync ho\u1eb7c ph\u1ea7n m\u1ec1m RGB t\u1eeb m\u1ed9t th\u01b0\u01a1ng hi\u1ec7u bo m\u1ea1ch ch\u1ee7 l\u1edbn, h\u00e3y chuy\u1ec3n \u0111\u1ed5i gi\u1eefa ba ch\u1ebf \u0111\u1ed9 RGB \u0111\u01b0\u1ee3c thi\u1ebft l\u1eb7p s\u1eb5n. Ngo\u00e0i ba ch\u1ebf \u0111\u1ed9, b\u1ea1n c\u0169ng c\u00f3 th\u1ec3 \u0111\u1eb7t ch\u1ebf \u0111\u1ed9 n\u00e0y th\u00e0nh ch\u1ebf \u0111\u1ed9 \u00c2m nh\u1ea1c \u0111\u1ec3 \u0111\u1ed3ng b\u1ed9 h\u00f3a v\u1edbi nh\u1eefng giai \u0111i\u1ec7u y\u00eau th\u00edch c\u1ee7a b\u1ea1n.<\/p>\n<\/div>\n<\/div>\n","protected":false},"excerpt":{"rendered":"<p class=\"group-title\"><strong>Th\u00f4ng s\u1ed1 s\u1ea3n ph\u1ea9m<\/strong><\/p>\n<div>\n<ul>\n<li class=\"item\">D\u00f2ng RAM DDR4 hi\u1ec7u n\u0103ng cao<\/li>\n<li class=\"item\">Dung l\u01b0\u1ee3ng: 16Gb (1*16)<\/li>\n<li class=\"item\">Bus: 3200 Mhz<\/li>\n<li class=\"item\">LED RGB<\/li>\n<\/ul>\n<\/div>\n","protected":false},"featured_media":2651,"comment_status":"open","ping_status":"closed","template":"","meta":{"_acf_changed":false},"product_brand":[217],"product_cat":[79],"product_tag":[280,282,138,279,281,278,162,85,272],"class_list":{"0":"post-1993","1":"product","2":"type-product","3":"status-publish","4":"has-post-thumbnail","6":"product_brand-adata","7":"product_cat-ram","8":"product_tag-16gb","9":"product_tag-3200mhz","10":"product_tag-adata","11":"product_tag-d50","12":"product_tag-ddr4","13":"product_tag-ram","14":"product_tag-rgb","15":"product_tag-white","16":"product_tag-xpg","18":"first","19":"instock","20":"sale","21":"shipping-taxable","22":"purchasable","23":"product-type-simple"},"acf":[],"jetpack_sharing_enabled":true,"_links":{"self":[{"href":"https:\/\/thanglongcomputer.vn\/index.php?rest_route=\/wp\/v2\/product\/1993","targetHints":{"allow":["GET"]}}],"collection":[{"href":"https:\/\/thanglongcomputer.vn\/index.php?rest_route=\/wp\/v2\/product"}],"about":[{"href":"https:\/\/thanglongcomputer.vn\/index.php?rest_route=\/wp\/v2\/types\/product"}],"replies":[{"embeddable":true,"href":"https:\/\/thanglongcomputer.vn\/index.php?rest_route=%2Fwp%2Fv2%2Fcomments&post=1993"}],"wp:featuredmedia":[{"embeddable":true,"href":"https:\/\/thanglongcomputer.vn\/index.php?rest_route=\/wp\/v2\/media\/2651"}],"wp:attachment":[{"href":"https:\/\/thanglongcomputer.vn\/index.php?rest_route=%2Fwp%2Fv2%2Fmedia&parent=1993"}],"wp:term":[{"taxonomy":"product_brand","embeddable":true,"href":"https:\/\/thanglongcomputer.vn\/index.php?rest_route=%2Fwp%2Fv2%2Fproduct_brand&post=1993"},{"taxonomy":"product_cat","embeddable":true,"href":"https:\/\/thanglongcomputer.vn\/index.php?rest_route=%2Fwp%2Fv2%2Fproduct_cat&post=1993"},{"taxonomy":"product_tag","embeddable":true,"href":"https:\/\/thanglongcomputer.vn\/index.php?rest_route=%2Fwp%2Fv2%2Fproduct_tag&post=1993"}],"curies":[{"name":"wp","href":"https:\/\/api.w.org\/{rel}","templated":true}]}}