{"id":1981,"date":"2025-02-18T16:53:37","date_gmt":"2025-02-18T09:53:37","guid":{"rendered":"https:\/\/thanglongcomputer.vn\/san-pham\/man-hinh-dell-s2721hn-27inch-fhd-ips-75hz-freesync\/"},"modified":"2025-02-23T09:39:42","modified_gmt":"2025-02-23T02:39:42","slug":"man-hinh-dell-s2721hn-27inch-fhd-ips-75hz-freesync","status":"publish","type":"product","link":"https:\/\/thanglongcomputer.vn\/?product=man-hinh-dell-s2721hn-27inch-fhd-ips-75hz-freesync","title":{"rendered":"M\u00e0n h\u00ecnh Dell S2721HN (27inch\/FHD\/IPS\/75Hz\/FreeSync)"},"content":{"rendered":"<h3>T\u1ed5ng quan v\u1ec1 m\u00e0n<\/h3>\n<p>N\u1eb1m trong d\u00f2ng\u00a0Dell S-Series, m\u00e0n h\u00ecnh mang \u0111\u1eadm d\u00e1ng v\u1ebb c\u1ee9ng c\u00e1p, b\u1ec1n b\u1ec9 theo th\u1eddi gian. Thu\u1ed9c d\u00f2ng ph\u00e2n kh\u00fac t\u1ea7m trung, thi\u1ebft k\u1ebf v\u00e0 t\u00ednh n\u0103ng lu\u00f4n h\u00e0i l\u00f2ng v\u1edbi ng\u01b0\u1eddi d\u00f9ng n\u00f3i chung. M\u00e0n h\u00ecnh h\u01b0\u1edbng t\u1edbi nhu c\u1ea7u l\u00e0m vi\u1ec7c v\u0103n ph\u00f2ng c\u0169ng nh\u01b0 xem phim gi\u1ea3i tr\u00ed.<\/p>\n<h4><img decoding=\"async\" class=\"loading\" src=\"https:\/\/hanoicomputercdn.com\/media\/lib\/01-07-2022\/man_hinh_dell_s2721hn_mota4.jpg\" alt=\"M\u00e0n h\u00ecnh Dell S2721HN 1\" width=\"100%\" data-was-processed=\"true\" \/><\/h4>\n<h3>S\u1ed1 \u0111o, c\u00e2n n\u1eb7ng c\u1ee7a m\u00e0n<\/h3>\n","protected":false},"excerpt":{"rendered":"<p class=\"group-title\"><strong>Th\u00f4ng s\u1ed1 s\u1ea3n ph\u1ea9m<\/strong><\/p>\n<div>\n<ul>\n<li class=\"item\">Ch\u1ebf \u0111\u1ed9 xem r\u00f5 r\u00e0ng v\u1edbi thi\u1ebft k\u1ebf bezel si\u00eau m\u1ecfng ba m\u1eb7t cho ph\u00e9p b\u1ea1n t\u1eadn h\u01b0\u1edfng \u0111\u1ed9 r\u00f5 n\u00e9t m\u00e0n h\u00ecnh tuy\u1ec7t v\u1eddi \u1edf \u0111\u1ed9 ph\u00e2n gi\u1ea3i Full HD 1920 x 1080 tr\u00ean m\u00e0n h\u00ecnh 27&#8243;.<\/li>\n<li class=\"item\">Ch\u01a1i game gi\u1ea3i tr\u00ed: Tr\u1ea3i nghi\u1ec7m m\u01b0\u1ee3t m\u00e0 v\u1edbi c\u00f4ng ngh\u1ec7 AMD FreeSync, c\u00f3 t\u1ed1c \u0111\u1ed9 l\u00e0m m\u1edbi l\u00ean \u0111\u1ebfn 75Hz.<\/li>\n<li class=\"item\">C\u1ed5ng v\u00e0 khe 1. Khe c\u1eafm kh\u00f3a b\u1ea3o m\u1eadt | 2. K\u1ebft n\u1ed1i ngu\u1ed3n \u0111i\u1ec7n | 3. C\u1ed5ng HDMI 1.4 | 4. C\u00e1p c\u1ed5ng line-out \u00e2m thanh bao g\u1ed3m 1. C\u00e1p ngu\u1ed3n | 2. C\u00e1p HDMI<\/li>\n<\/ul>\n<\/div>\n","protected":false},"featured_media":2670,"comment_status":"open","ping_status":"closed","template":"","meta":{"_acf_changed":false},"product_brand":[287],"product_cat":[65],"product_tag":[208,211,248,199,198,259],"class_list":{"0":"post-1981","1":"product","2":"type-product","3":"status-publish","4":"has-post-thumbnail","6":"product_brand-dell","7":"product_cat-man-hinh-may-tinh","8":"product_tag-27inch","9":"product_tag-75hz","10":"product_tag-dell","11":"product_tag-fhd","12":"product_tag-ips","13":"product_tag-s2721hn","15":"first","16":"outofstock","17":"sale","18":"shipping-taxable","19":"purchasable","20":"product-type-simple"},"acf":[],"jetpack_sharing_enabled":true,"_links":{"self":[{"href":"https:\/\/thanglongcomputer.vn\/index.php?rest_route=\/wp\/v2\/product\/1981","targetHints":{"allow":["GET"]}}],"collection":[{"href":"https:\/\/thanglongcomputer.vn\/index.php?rest_route=\/wp\/v2\/product"}],"about":[{"href":"https:\/\/thanglongcomputer.vn\/index.php?rest_route=\/wp\/v2\/types\/product"}],"replies":[{"embeddable":true,"href":"https:\/\/thanglongcomputer.vn\/index.php?rest_route=%2Fwp%2Fv2%2Fcomments&post=1981"}],"wp:featuredmedia":[{"embeddable":true,"href":"https:\/\/thanglongcomputer.vn\/index.php?rest_route=\/wp\/v2\/media\/2670"}],"wp:attachment":[{"href":"https:\/\/thanglongcomputer.vn\/index.php?rest_route=%2Fwp%2Fv2%2Fmedia&parent=1981"}],"wp:term":[{"taxonomy":"product_brand","embeddable":true,"href":"https:\/\/thanglongcomputer.vn\/index.php?rest_route=%2Fwp%2Fv2%2Fproduct_brand&post=1981"},{"taxonomy":"product_cat","embeddable":true,"href":"https:\/\/thanglongcomputer.vn\/index.php?rest_route=%2Fwp%2Fv2%2Fproduct_cat&post=1981"},{"taxonomy":"product_tag","embeddable":true,"href":"https:\/\/thanglongcomputer.vn\/index.php?rest_route=%2Fwp%2Fv2%2Fproduct_tag&post=1981"}],"curies":[{"name":"wp","href":"https:\/\/api.w.org\/{rel}","templated":true}]}}