{"id":1980,"date":"2025-02-18T16:53:37","date_gmt":"2025-02-18T09:53:37","guid":{"rendered":"https:\/\/thanglongcomputer.vn\/san-pham\/man-hinh-dell-ultrasharp-u2720q-27-inch-4k-60hz\/"},"modified":"2025-02-24T08:56:04","modified_gmt":"2025-02-24T01:56:04","slug":"man-hinh-dell-ultrasharp-u2720q-27-inch-4k-60hz","status":"publish","type":"product","link":"https:\/\/thanglongcomputer.vn\/?product=man-hinh-dell-ultrasharp-u2720q-27-inch-4k-60hz","title":{"rendered":"M\u00e0n h\u00ecnh Dell UltraSharp U2720Q 27 inch 4K 60Hz"},"content":{"rendered":"<p><span data-darkreader-inline-color=\"\"><strong>M\u00e0n h\u00ecnh Dell UltraSharp U2720Q<\/strong><\/span><\/p>\n<p><img decoding=\"async\" src=\"https:\/\/anphat.com.vn\/media\/lib\/31-03-2022\/mode0106-1.jpg\" alt=\"\" \/><\/p>\n<p>C\u00e1c b\u1ea1n \u0111ang c\u1ea7n t\u00ecm cho m\u00ecnh m\u1ed9t chi\u1ebfc m\u00e0n h\u00ecnh th\u1ef1c s\u1ef1 cao c\u1ea5p, c\u00f3 th\u1ec3 ph\u1ee5c v\u1ee5 cho c\u00e1c b\u1ea1n \u0111\u1ea7y \u0111\u1ee7 c\u00e1c nhu c\u1ea7u s\u1eed d\u1ee5ng nh\u01b0 l\u01b0\u1ee3t web, xem phim, ch\u01a1i game hay c\u1ea3 thi\u1ebft k\u1ebf \u0111\u1ed3 h\u1ecda v\u00e0 ph\u1ea3i c\u00f3 \u0111\u1ed9 ph\u00e2n gi\u1ea3i 4K \u0111\u1ec3 c\u00e1c b\u1ea1n c\u00f3 th\u1ec3 tho\u1ea3i m\u00e1i ch\u00ecm \u0111\u1eafm v\u00e0o trong nh\u1eefng tr\u1ea3i nghi\u1ec7m h\u00ecnh \u1ea3nh tuy\u1ec7t v\u1eddi nh\u1ea5t. N\u1ebfu v\u1eady, chi\u1ebfc\u00a0<span data-darkreader-inline-color=\"\"><strong>m\u00e0n h\u00ecnh m\u00e1y t\u00ednh Dell UltraSharp U2720Q<\/strong><\/span>\u00a0ch\u00ednh l\u00e0 m\u1ed9t s\u1ef1 l\u1ef1a ch\u1ecdn c\u00e1c b\u1ea1n kh\u00f3 c\u00f3 th\u1ec3 b\u1ecf qua. C\u00f9ng t\u00ecm hi\u1ec3u chi ti\u1ebft h\u01a1n v\u1ec1 chi\u1ebfc m\u00e0n h\u00ecnh n\u00e0y ngay th\u00f4i n\u00e0o!<\/p>\n<p><span data-darkreader-inline-color=\"\"><strong>4K Resolution<\/strong><\/span><\/p>\n<p><img decoding=\"async\" src=\"https:\/\/anphat.com.vn\/media\/lib\/31-03-2022\/mode0106-2.jpg\" alt=\"\" \/><\/p>\n<p>N\u1ebfu t\u1eeb tr\u01b0\u1edbc \u0111\u1ebfn nay c\u00e1c b\u1ea1n ch\u1ec9 th\u01b0\u1eddng th\u1ea5y \u0111\u1ed9 ph\u00e2n gi\u1ea3i 4K ch\u1ec9 xu\u1ea5t hi\u1ec7n tr\u00ean nh\u1eefng chi\u1ebfc m\u00e0n h\u00ecnh TV c\u0169ng nh\u01b0 vi\u1ec7c ch\u01b0a th\u1ef1c s\u1ef1 c\u1ea3m th\u1ea5y h\u00e0i l\u00f2ng v\u1ec1 \u0111\u1ed9 s\u1eafc n\u00e9t tr\u00ean m\u00e0n h\u00ecnh m\u00e1y t\u00ednh th\u00ec gi\u1edd \u0111\u00e2y, Dell \u0111\u00e3 mang \u0111\u1ebfn cho ch\u00fang ta m\u1ed9t s\u1ef1 l\u1ef1a ch\u1ecdn v\u00f4 c\u00f9ng ch\u1ea5t l\u01b0\u1ee3ng \u0111\u00f3 ch\u00ednh l\u00e0 chi\u1ebfc m\u00e0n h\u00ecnh m\u00e1y t\u00ednh Dell UltraSharp U2720Q. \u0110\u1ed9 ph\u00e2n gi\u1ea3i 4K c\u1ee7a chi\u1ebfc m\u00e0n h\u00ecnh s\u1ebd mang \u0111\u1ebfn cho c\u00e1c b\u1ea1n m\u1ed9t tr\u1ea3i nghi\u1ec7m ch\u00ecm \u0111\u1eafm c\u00f9ng \u0111\u1ed9 s\u1eafc n\u00e9t tuy\u1ec7t \u0111\u1ed1i.<\/p>\n<p><span data-darkreader-inline-color=\"\"><strong>Color Like No Other<\/strong><\/span><\/p>\n<p><img decoding=\"async\" src=\"https:\/\/anphat.com.vn\/media\/lib\/31-03-2022\/mode0106-3.jpg\" alt=\"\" \/><\/p>\n<p>Exceptional color: C\u00f3 \u0111\u01b0\u1ee3c \u0111\u1ed9 ph\u1ee7 m\u00e0u r\u1ed9ng v\u1edbi 95% DCI-P3 (bao ph\u1ee7 kh\u00f4ng gian m\u00e0u nhi\u1ec1u h\u01a1n kho\u1ea3ng 25% so v\u1edbi sRGB) \u0111\u1ec3 t\u00e1i t\u1ea1o m\u00e0u s\u1eafc trung th\u1ef1c. Chi\u1ebfc m\u00e0n h\u00ecnh n\u00e0y c\u0169ng cung c\u1ea5p \u0111\u1ed9 ph\u1ee7 m\u00e0u 99% sRGB v\u00e0 99% Rec 709.<\/p>\n<p>Outstanding color depth: V\u1edbi \u0111\u1ed9 s\u00e2u m\u00e0u v\u01b0\u1ee3t tr\u1ed9i 1,07 t\u1ef7 m\u00e0u (g\u1ea5p 64 l\u1ea7n \u0111\u1ed9 s\u00e2u m\u00e0u so v\u1edbi m\u00e0n h\u00ecnh ti\u00eau chu\u1ea9n), \u0111\u1ed9 s\u00e1ng t\u1ed1i \u0111a tuy\u1ec7t v\u1eddi c\u00f9ng t\u1ef7 l\u1ec7 t\u01b0\u01a1ng ph\u1ea3n cao 1300:1, h\u00ecnh \u1ea3nh \u0111\u01b0\u1ee3c hi\u1ec3n th\u1ecb v\u1edbi m\u00e0u s\u1eafc trung th\u1ef1c v\u00e0 r\u00f5 r\u00e0ng chi ti\u1ebft ngay c\u1ea3 trong b\u00f3ng t\u1ed1i ho\u1eb7c v\u00f9ng s\u00e1ng ch\u00f3i. H\u00e3y chu\u1ea9n b\u1ecb \u0111\u1ec3 ph\u00e2n c\u1ea5p m\u00e0u t\u1ed1t h\u01a1n v\u00e0 \u0111\u1ed9 ch\u00ednh x\u00e1c v\u1edbi nhi\u1ec1u s\u1eafc th\u00e1i h\u01a1n tr\u00ean m\u00e0n h\u00ecnh VESA DisplayHDR 400 n\u00e0y.<\/p>\n<p>True-to-life details: \u0110\u1ed9 ph\u00e2n gi\u1ea3i 4K UHD (3840 X 2160) v\u1edbi m\u1eadt \u0111\u1ed9 \u0111i\u1ec3m \u1ea3nh cao 163ppi cho b\u1ea1n chi ti\u1ebft g\u1ea5p b\u1ed1n l\u1ea7n so v\u1edbi Full HD.<\/p>\n<p>Accurate color, out of the box: M\u00e0n h\u00ecnh c\u1ee7a b\u1ea1n \u0111\u01b0\u1ee3c hi\u1ec7u chu\u1ea9n t\u1ea1i nh\u00e0 m\u00e1y \u1edf 99% sRGB v\u1edbi \u0111\u1ed9 ch\u00ednh x\u00e1c Delta-E nh\u1ecf h\u01a1n 2 \u0111\u1ec3 c\u00f3 m\u00e0u s\u1eafc ch\u00ednh x\u00e1c ngay t\u1eeb \u0111\u1ea7u.<\/p>\n<p><span data-darkreader-inline-color=\"\"><strong>The power of USB-C<\/strong><\/span><\/p>\n<p><img decoding=\"async\" src=\"https:\/\/anphat.com.vn\/media\/lib\/31-03-2022\/mode0106-4.jpg\" alt=\"\" \/><\/p>\n<p>USB-C connectivity: C\u00f3 kh\u1ea3 n\u0103ng s\u1ea1c l\u00ean \u0111\u1ebfn 90W (c\u00f4ng su\u1ea5t ph\u00e2n ph\u1ed1i cao nh\u1ea5t trong ph\u00e2n kh\u00fac i) qua USB-C, v\u00ec v\u1eady b\u1ea1n c\u00f3 th\u1ec3 s\u1ea1c pin m\u00e1y t\u00ednh x\u00e1ch tay c\u1ee7a m\u00ecnh v\u00e0 t\u1eadn h\u01b0\u1edfng n\u0103ng su\u1ea5t kh\u00f4ng b\u1ecb gi\u00e1n \u0111o\u1ea1n. Ngo\u00e0i ra, h\u00e3y t\u0103ng t\u1ed1c th\u1eddi gian chuy\u1ec3n \u0111\u1ed5i t\u1eeb b\u00e0n l\u00e0m vi\u1ec7c c\u1ee7a b\u1ea1n b\u1eb1ng m\u1ed9t s\u1ee3i c\u00e1p duy nh\u1ea5t truy\u1ec1n \u0111i\u1ec7n, d\u1eef li\u1ec7u v\u00e0 video, t\u1ea5t c\u1ea3 c\u00f9ng m\u1ed9t l\u00fac.<br \/>\nGet to work faster: C\u00e1c c\u1ed5ng b\u00ean c\u1ea1nh \u0111\u01b0\u1ee3c \u0111\u1eb7t \u1edf v\u1ecb tr\u00ed thu\u1eadn ti\u1ec7n, truy c\u1eadp nhanh cho ph\u00e9p b\u1ea1n d\u1ec5 d\u00e0ng s\u1ea1c v\u00e0 k\u1ebft n\u1ed1i v\u1edbi nhi\u1ec1u lo\u1ea1i thi\u1ebft b\u1ecb.<\/p>\n<p><span data-darkreader-inline-color=\"\"><strong>Improved Dell Display Manager<\/strong><\/span><\/p>\n<p><img decoding=\"async\" src=\"https:\/\/anphat.com.vn\/media\/lib\/31-03-2022\/mode0106-5.jpg\" alt=\"\" \/><\/p>\n<p>Productive at every level: T\u00ednh n\u0103ng S\u1eafp x\u1ebfp D\u1ec5 d\u00e0ng c\u1ee7a Tr\u00ecnh qu\u1ea3n l\u00fd Hi\u1ec3n th\u1ecb (DDM) c\u1ee7a Dell cho ph\u00e9p b\u1ea1n nhanh ch\u00f3ng x\u1ebfp v\u00e0 xem c\u00e1c \u1ee9ng d\u1ee5ng c\u1ee7a m\u00ecnh c\u1ea1nh nhau tr\u00ean m\u1ed9t ho\u1eb7c nhi\u1ec1u m\u00e0n h\u00ecnh \u0111\u01b0\u1ee3c k\u1ebft n\u1ed1i \u0111\u1ec3 mang l\u1ea1i hi\u1ec7u qu\u1ea3 \u0111a nhi\u1ec7m. V\u00e0 v\u1edbi DDM \u0111\u01b0\u1ee3c c\u1ea3i ti\u1ebfn, b\u1ea1n s\u1ebd nh\u1eadn \u0111\u01b0\u1ee3c nhi\u1ec1u b\u1ed1 c\u1ee5c \u0111\u1eb7t tr\u01b0\u1edbc h\u01a1n n\u1eefa.<\/p>\n<p>Seamless transitions: T\u00ednh n\u0103ng t\u1ef1 \u0111\u1ed9ng kh\u00f4i ph\u1ee5c ghi nh\u1edb n\u01a1i b\u1ea1n \u0111\u00e3 d\u1eebng l\u1ea1i, v\u00ec v\u1eady c\u00e1c \u1ee9ng d\u1ee5ng s\u1ebd quay tr\u1edf l\u1ea1i n\u01a1i b\u1ea1n \u0111\u00e3 r\u1eddi kh\u1ecfi ch\u00fang, ngay c\u1ea3 sau khi b\u1ea1n \u0111\u00e3 r\u00fat ph\u00edch c\u1eafm.<br \/>\nThe key to convenience: C\u00e1c ph\u00edm t\u1eaft c\u00f3 th\u1ec3 gi\u00fap b\u1ea1n ti\u1ebft ki\u1ec7m nhi\u1ec1u th\u1eddi gian h\u01a1n, cho ph\u00e9p b\u1ea1n d\u1ec5 d\u00e0ng \u0111\u1ecbnh c\u1ea5u h\u00ecnh c\u00e0i \u0111\u1eb7t qu\u1ea3n l\u00fd m\u00e0n h\u00ecnh c\u1ee7a m\u00ecnh \u0111\u1ec3 b\u1ea1n c\u00f3 th\u1ec3 l\u00e0m vi\u1ec7c nhanh h\u01a1n.<\/p>\n<p>More ways to manage: B\u00e1o c\u00e1o qu\u1ea3n l\u00fd t\u00e0i s\u1ea3n cho ph\u00e9p ng\u01b0\u1eddi qu\u1ea3n l\u00fd CNTT nhanh ch\u00f3ng n\u1eafm b\u1eaft v\u00e0 theo d\u00f5i th\u00f4ng tin gi\u00e1m s\u00e1t c\u0169ng nh\u01b0 \u0111\u1ecbnh c\u1ea5u h\u00ecnh nhi\u1ec1u m\u00e0n h\u00ecnh c\u00f9ng m\u1ed9t l\u00fac th\u00f4ng qua m\u1ed9t thi\u1ebft l\u1eadp duy nh\u1ea5t.<\/p>\n<p>Expanded compatibility: V\u1edbi s\u1ef1 h\u1ed7 tr\u1ee3 cho nhi\u1ec1u h\u1ec7 \u0111i\u1ec1u h\u00e0nh, Dell Display Manager gi\u00fap b\u1ea1n duy tr\u00ec hi\u1ec7u qu\u1ea3 trong b\u1ea5t k\u1ef3 c\u00f4ng vi\u1ec7c n\u00e0o.<\/p>\n<p><span data-darkreader-inline-color=\"\"><strong>Crafted for productivity<\/strong><\/span><\/p>\n<p><img decoding=\"async\" src=\"https:\/\/anphat.com.vn\/media\/lib\/31-03-2022\/mode0106-6.jpg\" alt=\"\" \/><\/p>\n<p>More room to work: T\u1eadn d\u1ee5ng t\u1ed1i \u0111a kh\u00f4ng gian b\u00e0n l\u00e0m vi\u1ec7c h\u1ea1n ch\u1ebf c\u1ee7a b\u1ea1n v\u1edbi ch\u00e2n \u0111\u1ebf nh\u1ecf g\u1ecdn n\u00e0y.<\/p>\n<p>InfinityEdge design: L\u00e0m vi\u1ec7c v\u1edbi ch\u1ebf \u0111\u1ed9 xem kh\u00f4ng b\u1ecb gi\u00e1n \u0111o\u1ea1n tr\u00ean nhi\u1ec1u m\u00e0n h\u00ecnh v\u1edbi thi\u1ebft k\u1ebf g\u1ea7n nh\u01b0 kh\u00f4ng vi\u1ec1n n\u00e0y. V\u00e0, khi b\u1ea1n s\u1eed d\u1ee5ng thi\u1ebft l\u1eadp m\u00e0n h\u00ecnh k\u00e9p c\u1ee7a Dell, b\u1ea1n c\u00f3 th\u1ec3 t\u0103ng n\u0103ng su\u1ea5t c\u1ee7a m\u00ecnh l\u00ean \u0111\u1ebfn 21%.<\/p>\n<p>Flexibility for all-day comfort: V\u1edbi kh\u1ea3 n\u0103ng nghi\u00eang, xoay, xoay v\u00e0 \u0111i\u1ec1u ch\u1ec9nh \u0111\u1ed9 cao c\u1ee7a m\u00e0n h\u00ecnh \u0111\u1ec3 ph\u00f9 h\u1ee3p v\u1edbi nhu c\u1ea7u c\u1ee7a b\u1ea1n, b\u1ea1n c\u00f3 th\u1ec3 tho\u1ea3i m\u00e1i c\u1ea3 ng\u00e0y.<\/p>\n<p><span data-darkreader-inline-color=\"\"><strong>Connectivity Options<\/strong><\/span><\/p>\n<p><img decoding=\"async\" src=\"https:\/\/anphat.com.vn\/media\/lib\/31-03-2022\/mode0106-7.jpg\" alt=\"\" \/><\/p>\n<p>Ports &amp; Slots:<br \/>\n1. AC power port | 2. Security lock slot | 3. HDMI port | 4. DP port | 5. USB-C\/DisplayPort | 6. Audio line-out port | 7. USB downstream ports (2) | 8. Stand lock | 9. USB downstream port | 10. USB-C downstream port<\/p>\n<p>Cables Included:<br \/>\n1. Power cable | 2. Type-C cable (C to C) | 3. USB-C cable (C to A) | 4. DisplayPort cable (DP to DP)<\/p>\n<p><span data-darkreader-inline-color=\"\"><strong>Green thinking for today and tomorrow<\/strong><\/span><\/p>\n<p><img decoding=\"async\" src=\"https:\/\/anphat.com.vn\/media\/lib\/31-03-2022\/mode0106-8.jpg\" alt=\"\" \/><\/p>\n<p>Environmental standards: \u0110\u00e1p \u1ee9ng \u0111\u1ea7y \u0111\u1ee7 c\u00e1c ti\u00eau chu\u1ea9n v\u1ec1 m\u00f4i tr\u01b0\u1eddng m\u1edbi nh\u1ea5t nh\u01b0 EnergyStar, EPEAT Gold v\u00e0 TCO.<\/p>\n<p>Eco-conscious packaging: \u0110\u1ec3 gi\u1ea3m t\u00e1c \u0111\u1ed9ng s\u1ea3n xu\u1ea5t c\u1ee7a ch\u00fang t\u00f4i \u0111\u1ed1i v\u1edbi m\u00f4i tr\u01b0\u1eddng, m\u00e0n h\u00ecnh n\u00e0y \u0111\u01b0\u1ee3c v\u1eadn chuy\u1ec3n kh\u00f4ng c\u00f3 x\u1ed1p v\u00e0 bao b\u00ec \u0111\u01b0\u1ee3c l\u00e0m b\u1eb1ng \u00edt nh\u1ea5t 75% c\u00e1c t\u00f4ng t\u00e1i ch\u1ebf.<\/p>\n<p>Energy conservation: Ti\u1ebft ki\u1ec7m n\u0103ng l\u01b0\u1ee3ng khi m\u00e0n h\u00ecnh c\u1ee7a b\u1ea1n kh\u00f4ng \u0111\u01b0\u1ee3c s\u1eed d\u1ee5ng v\u1edbi PowerNap, m\u1ed9t t\u00ednh n\u0103ng l\u00e0m m\u1edd ho\u1eb7c \u0111\u1eb7t m\u00e0n h\u00ecnh c\u1ee7a b\u1ea1n \u1edf ch\u1ebf \u0111\u1ed9 ng\u1ee7 khi kh\u00f4ng s\u1eed d\u1ee5ng.<\/p>\n<p>Recycled plastics: Dell Technologies cam k\u1ebft gi\u1ea3m thi\u1ec3u t\u00e1c \u0111\u1ed9ng \u0111\u1ebfn m\u00f4i tr\u01b0\u1eddng trong su\u1ed1t v\u00f2ng \u0111\u1eddi c\u1ee7a s\u1ea3n ph\u1ea9m. \u0110\u1ecdc th\u00eam v\u1ec1 cam k\u1ebft c\u1ee7a ch\u00fang t\u00f4i \u0111\u1ed1i v\u1edbi t\u00ednh b\u1ec1n v\u1eefng v\u00e0 c\u00e1c m\u1ee5c ti\u00eau v\u1ec1 T\u00e1c \u0111\u1ed9ng X\u00e3 h\u1ed9i n\u0103m 2030 c\u1ee7a ch\u00fang t\u00f4i t\u1ea1i \u0111\u00e2y v\u00e0 l\u01b0\u1ee3ng kh\u00ed th\u1ea3i carbon c\u1ee7a s\u1ea3n ph\u1ea9m c\u1ee7a ch\u00fang t\u00f4i t\u1ea1i \u0111\u00e2y.<\/p>\n","protected":false},"excerpt":{"rendered":"<p class=\"group-title\"><strong>Th\u00f4ng s\u1ed1 s\u1ea3n ph\u1ea9m<\/strong><\/p>\n<div>\n<ul>\n<li class=\"item\">K\u00edch th\u01b0\u1edbc: 27 inch<\/li>\n<li class=\"item\">\u0110\u1ed9 ph\u00e2n gi\u1ea3i: UHD 3840 x 2160<\/li>\n<li class=\"item\">T\u1ea5m n\u00ean: IPS<\/li>\n<li class=\"item\">T\u1ea7n s\u1ed1 qu\u00e9t: 60Hz<\/li>\n<li class=\"item\">Th\u1eddi gian ph\u1ea3n h\u1ed3i: 8ms<\/li>\n<li class=\"item\">\u0110\u1ed9 s\u00e1ng: 350 nits<\/li>\n<li class=\"item\">T\u1ec9 l\u1ec7 t\u01b0\u01a1ng ph\u1ea3n: 1300:1<\/li>\n<li class=\"item\">T\u01b0\u01a1ng th\u00edch VESA: 100x100mm<\/li>\n<li class=\"item\">C\u1ed5ng k\u1ebft n\u1ed1i: DisplayPort 1.4 | HDMI 2.0 | USB Type-C | 3x USB 3.0<\/li>\n<li class=\"item\">Ph\u1ee5 ki\u1ec7n : c\u00e1p HDMI, d\u00e2y ngu\u1ed3n<\/li>\n<\/ul>\n<\/div>\n","protected":false},"featured_media":2710,"comment_status":"open","ping_status":"closed","template":"","meta":{"_acf_changed":false},"product_brand":[287],"product_cat":[65],"product_tag":[208,213,250,248,198,258,253],"class_list":{"0":"post-1980","1":"product","2":"type-product","3":"status-publish","4":"has-post-thumbnail","6":"product_brand-dell","7":"product_cat-man-hinh-may-tinh","8":"product_tag-27inch","9":"product_tag-4k","10":"product_tag-60hz","11":"product_tag-dell","12":"product_tag-ips","13":"product_tag-u2720q","14":"product_tag-ultrasharp","16":"first","17":"onbackorder","18":"shipping-taxable","19":"purchasable","20":"product-type-simple"},"acf":[],"jetpack_sharing_enabled":true,"_links":{"self":[{"href":"https:\/\/thanglongcomputer.vn\/index.php?rest_route=\/wp\/v2\/product\/1980","targetHints":{"allow":["GET"]}}],"collection":[{"href":"https:\/\/thanglongcomputer.vn\/index.php?rest_route=\/wp\/v2\/product"}],"about":[{"href":"https:\/\/thanglongcomputer.vn\/index.php?rest_route=\/wp\/v2\/types\/product"}],"replies":[{"embeddable":true,"href":"https:\/\/thanglongcomputer.vn\/index.php?rest_route=%2Fwp%2Fv2%2Fcomments&post=1980"}],"wp:featuredmedia":[{"embeddable":true,"href":"https:\/\/thanglongcomputer.vn\/index.php?rest_route=\/wp\/v2\/media\/2710"}],"wp:attachment":[{"href":"https:\/\/thanglongcomputer.vn\/index.php?rest_route=%2Fwp%2Fv2%2Fmedia&parent=1980"}],"wp:term":[{"taxonomy":"product_brand","embeddable":true,"href":"https:\/\/thanglongcomputer.vn\/index.php?rest_route=%2Fwp%2Fv2%2Fproduct_brand&post=1980"},{"taxonomy":"product_cat","embeddable":true,"href":"https:\/\/thanglongcomputer.vn\/index.php?rest_route=%2Fwp%2Fv2%2Fproduct_cat&post=1980"},{"taxonomy":"product_tag","embeddable":true,"href":"https:\/\/thanglongcomputer.vn\/index.php?rest_route=%2Fwp%2Fv2%2Fproduct_tag&post=1980"}],"curies":[{"name":"wp","href":"https:\/\/api.w.org\/{rel}","templated":true}]}}