{"id":1976,"date":"2025-02-18T16:53:37","date_gmt":"2025-02-18T09:53:37","guid":{"rendered":"https:\/\/thanglongcomputer.vn\/san-pham\/man-hinh-dell-p2422h-24inch-fhd-ips-60hz\/"},"modified":"2025-02-24T09:10:37","modified_gmt":"2025-02-24T02:10:37","slug":"man-hinh-dell-p2422h-24inch-fhd-ips-60hz","status":"publish","type":"product","link":"https:\/\/thanglongcomputer.vn\/?product=man-hinh-dell-p2422h-24inch-fhd-ips-60hz","title":{"rendered":"M\u00e0n H\u00ecnh Dell P2422H (24inch\/FHD\/IPS\/60Hz)"},"content":{"rendered":"<h2 class=\"titlle-descreption font-weight-500\">Gi\u1edbi thi\u1ec7u M\u00e0n H\u00ecnh Dell P2422H (24inch\/FHD\/IPS\/60Hz)<\/h2>\n<div id=\"content-desc\" class=\"content-descreption-detail static-html position-relative active\">\n<p>M\u00e0n H\u00ecnh Dell P2422H c\u00f3 k\u00edch th\u01b0\u1edbc 24 inch \u0111\u01b0\u1ee3c trang b\u1ecb t\u1ea5m n\u1ec1n IPS v\u1edbi \u0111\u1ed9 ph\u1ee7 m\u00e0u 99% sRGB, m\u00e0u s\u1eafc s\u1ed1ng \u0111\u1ed9ng tr\u00ean m\u1ed9t g\u00f3c nh\u00ecn r\u1ed9ng l\u00ean \u0111\u1ebfn 178 \u0111\u1ed9. B\u1ea1n c\u00f3 \u0111\u01b0\u1ee3c m\u00e0u s\u1eafc ch\u00ednh x\u00e1c \u0111\u1ec3 c\u00f3 th\u1ec3 s\u1eed d\u1ee5ng ngay m\u00e0 kh\u00f4ng c\u1ea7n c\u00e2n l\u1ea1i m\u00e0u.<\/p>\n<h3>T\u00ednh n\u0103ng ch\u00ednh<\/h3>\n<p><img loading=\"lazy\" decoding=\"async\" class=\"lazy entered loaded\" src=\"https:\/\/nguyencongpc.vn\/photos\/17\/Dell-P2422H-O1.jpg\" alt=\"m\u00e0n h\u00ecnh dell p2422h\" width=\"1\" height=\"1\" data-src=\"https:\/\/nguyencongpc.vn\/photos\/17\/Dell-P2422H-O1.jpg\" data-was-processed=\"true\" data-ll-status=\"loaded\" \/><img decoding=\"async\" src=\"https:\/\/nguyencongpc.vn\/photos\/17\/Dell-P2422H-O1.jpg\" alt=\"m\u00e0n h\u00ecnh dell p2422h\" \/><\/p>\n<p>&#8211; Hi\u1ec3n th\u1ecb v\u00f9ng xem 60,47 cm (23,8 inch) (\u0111o theo \u0111\u01b0\u1eddng ch\u00e9o).<br \/>\n&#8211; \u0110\u1ed9 ph\u00e2n gi\u1ea3i 1920&#215;1080, c\u00f9ng kh\u1ea3 n\u0103ng h\u1ed7 tr\u1ee3 to\u00e0n m\u00e0n h\u00ecnh cho \u0111\u1ed9 ph\u00e2n gi\u1ea3i th\u1ea5p h\u01a1n.<br \/>\n&#8211; Gam m\u00e0u 99% sRGB.<br \/>\n&#8211; K\u1ebft n\u1ed1i k\u1ef9 thu\u1eadt s\u1ed1 v\u1edbi c\u1ed5ng c\u1eafm DisplayPort v\u00e0 HDMI.<br \/>\n&#8211; Trang b\u1ecb 1 c\u1ed5ng USB truy\u1ec1n l\u00ean v\u00e0 4 c\u1ed5ng USB SuperSpeed 5 Gbps (USB3.2 Gen 1)<br \/>\n&#8211; T\u00edch h\u1ee3p t\u00ednh n\u0103ng Plug and play (C\u1eafm L\u00e0 Ch\u1ea1y) n\u1ebfu \u0111\u01b0\u1ee3c h\u1ed7 tr\u1ee3 b\u1edfi m\u00e1y t\u00ednh.<br \/>\n&#8211; \u0110i\u1ec1u ch\u1ec9nh menu Hi\u1ec3n Th\u1ecb Tr\u00ean M\u00e0n H\u00ecnh (OSD) \u0111\u1ec3 d\u1ec5 d\u00e0ng c\u00e0i \u0111\u1eb7t v\u00e0 t\u1ed1i \u01b0u h\u00f3a m\u00e0n h\u00ecnh.<br \/>\n&#8211; Kh\u00f3a n\u00fat ngu\u1ed3n v\u00e0 n\u00fat \u0111i\u1ec1u h\u01b0\u1edbng.<br \/>\n&#8211; Gi\u00e1 \u0111\u1ee1 r\u1eddi v\u00e0 l\u1ed7 l\u1eafp gi\u00e1 treo 100mm t\u01b0\u01a1ng th\u00edch chu\u1ea9n Hi\u1ec7p H\u1ed9i Ti\u00eau Chu\u1ea9n \u0110i\u1ec7n T\u1eed Video (VESA\u2122) cho c\u00e1c gi\u1ea3i ph\u00e1p l\u1eafp \u0111\u1eb7t linh \u0111\u1ed9ng.<br \/>\n&#8211; Kh\u1ea3 n\u0103ng ch\u1ec9nh nghi\u00eang, xoay, ch\u1ec9nh chi\u1ec1u cao v\u00e0 ch\u1ec9nh quay.<br \/>\n&#8211; Khe kh\u00f3a an to\u00e0n.<br \/>\n&#8211; Kh\u00f3a ch\u00e2n \u0111\u1ebf.<br \/>\n&#8211; Ngu\u1ed3n \u0111i\u1ec7n ch\u1edd \u22640,3 W khi \u1edf Ch\u1ebf \u0111\u1ed9 ch\u1edd.<br \/>\n&#8211; H\u1ed7 tr\u1ee3 Tr\u00ecnh qu\u1ea3n l\u00fd m\u00e0n h\u00ecnh Dell<br \/>\n&#8211; T\u1ed1i \u01b0u h\u00f3a s\u1ef1 tho\u1ea3i m\u00e1i c\u1ee7a m\u1eaft nh\u1edd m\u00e0n h\u00ecnh ch\u1ed1ng nh\u00e1y v\u00e0 t\u00ednh n\u0103ng gi\u1ea3m thi\u1ec3u \u00e1nh s\u00e1ng xanh.<br \/>\n&#8211; M\u00e0n h\u00ecnh s\u1eed d\u1ee5ng t\u1ea5m n\u1ec1n \u00e1nh s\u00e1ng xanh th\u1ea5p v\u00e0 tu\u00e2n th\u1ee7 (Gi\u1ea3i ph\u00e1p ph\u1ea7n c\u1ee9ng) c\u1ee7a T\u00dcV Rheinland \u1edf m\u1eabu m\u00e0n h\u00ecnh c\u00e0i \u0111\u1eb7t m\u1eb7c \u0111\u1ecbnh\/c\u00e0i l\u1ea1i v\u1ec1 gi\u00e1 tr\u1ecb g\u1ed1c (Preset Modes (Ch\u1ebf \u0111\u1ed9 c\u00e0i s\u1eb5n): Standard (Chu\u1ea9n)).<\/p>\n<h3>Thi\u1ebft k\u1ebf vi\u1ec1n m\u1ecfng<\/h3>\n<p><img loading=\"lazy\" decoding=\"async\" class=\"lazy entered loaded\" src=\"https:\/\/nguyencongpc.vn\/photos\/17\/Dell-P2422H-3.jpg\" alt=\"m\u00e0n h\u00ecnh dell p2422\" width=\"1\" height=\"1\" data-src=\"https:\/\/nguyencongpc.vn\/photos\/17\/Dell-P2422H-3.jpg\" data-was-processed=\"true\" data-ll-status=\"loaded\" \/><img decoding=\"async\" src=\"https:\/\/nguyencongpc.vn\/photos\/17\/Dell-P2422H-O2.jpg\" alt=\"m\u00e0n h\u00ecnh dell 24 inch\" \/><\/p>\n<p>Vi\u1ec1n si\u00eau m\u1ecfng ba c\u1ea1nh cho ph\u00e9p b\u1ea1n xem n\u1ed9i dung c\u1ee7a m\u00ecnh tr\u00ean nhi\u1ec1u m\u00e0n h\u00ecnh m\u00e0 kh\u00f4ng b\u1ecb gi\u00e1n \u0111o\u1ea1n. H\u01a1n n\u1eefa, b\u1ea1n c\u00f3 th\u1ec3 t\u0103ng n\u0103ng su\u1ea5t c\u1ee7a m\u00ecnh l\u00ean \u0111\u1ebfn 21% v\u1edbi thi\u1ebft l\u1eadp m\u00e0n h\u00ecnh k\u00e9p.<\/p>\n<h3>Gi\u1ea3m \u00e1nh s\u00e1ng xanh v\u00e0 ch\u1ed1ng nh\u1ea5p nh\u00e1y<\/h3>\n<p>T\u00e1c ha\u0323i l\u00e2u d\u00e0i ti\u1ec1m \u1ea9n c\u1ee7a vi\u1ec7c ph\u00e1t xa\u0323 \u00e1nh s\u00e1ng xanh t\u1eeb m\u00e0n h\u00ecnh c\u00f3 th\u00ea\u0309 g\u00e2y t\u1ed5n th\u01b0\u01a1ng m\u0103\u0301t, bao g\u1ed3m m\u1ecfi m\u0103\u0301t, c\u0103ng m\u0103\u0301t&#8230; C\u00f4ng ngh\u1ec7 ComfortView Plus \u0111\u01b0\u01a1\u0323c thi\u00ea\u0301t k\u00ea\u0301 \u0111\u00ea\u0309 gi\u1ea3m l\u01b0\u01a1\u0323ng \u00e1nh s\u00e1ng xanh ph\u00e1t ra t\u1eeb m\u00e0n h\u00ecnh nh\u1eb1m giu\u0301p m\u0103\u0301t tho\u1ea3i m\u00e1i t\u00f4\u0301i \u01b0u. C\u00f4ng ngh\u1ec7 Flicker-free lo\u1ea1i b\u1ecf hi\u1ec7n t\u01b0\u1ee3ng nh\u1ea5p nh\u00e1y \u1edf t\u1ea5t c\u1ea3 \u0111\u1ed9 s\u00e1ng, gi\u00fap gi\u1ea3m hi\u1ec7n t\u01b0\u1ee3ng m\u1ecfi, kh\u00f4, ng\u1ee9a ho\u1eb7c k\u00edch th\u00edch m\u1eaft.<\/p>\n<h3>C\u1ed5ng truy c\u1eadp nhanh<\/h3>\n<p><img decoding=\"async\" src=\"https:\/\/nguyencongpc.vn\/photos\/17\/Dell-P2422H-IO.jpg\" alt=\"m\u00e0n dell p2422h\" \/><\/p>\n<p><img loading=\"lazy\" decoding=\"async\" class=\"lazy entered loaded\" src=\"https:\/\/nguyencongpc.vn\/photos\/17\/Dell-P2422H-O2.jpg\" alt=\"m\u00e0n h\u00ecnh dell 24 inch\" width=\"1\" height=\"1\" data-src=\"https:\/\/nguyencongpc.vn\/photos\/17\/Dell-P2422H-O2.jpg\" data-was-processed=\"true\" data-ll-status=\"loaded\" \/><br \/>\nD\u1ec5 d\u00e0ng chia s\u1ebb v\u00e0 cung c\u1ea5p n\u1ed9i dung th\u00f4ng qua c\u00e1c c\u1ed5ng truy c\u1eadp nhanh \u0111\u01b0\u1ee3c \u0111\u1eb7t thu\u1eadn ti\u1ec7n \u1edf ph\u00eda tr\u01b0\u1edbc m\u00e0n h\u00ecnh.<\/p>\n<h3>T\u00ednh n\u0103ng C\u0103\u0301m L\u00e0 Cha\u0323y<\/h3>\n<p>B\u1ea1n c\u00f3 th\u1ec3 l\u1eafp \u0111\u1eb7t m\u00e0n h\u00ecnh Dell P2422H v\u00e0o b\u1ea5t k\u1ef3 h\u1ec7 th\u1ed1ng n\u00e0o t\u01b0\u01a1ng th\u00edch v\u1edbi chu\u1ea9n C\u1eafm L\u00e0 Ch\u1ea1y (Plug and Play). M\u00e0n h\u00ecnh t\u1ef1 \u0111\u1ed9ng cung c\u1ea5p cho h\u1ec7 th\u1ed1ng m\u00e1y t\u00ednh D\u1eef Li\u1ec7u Nh\u1eadn D\u1ea1ng M\u00e0n H\u00ecnh M\u1edf R\u1ed9ng (EDID) li\u00ean quan qua c\u00e1c giao th\u1ee9c K\u00eanh D\u1eef Li\u1ec7u Hi\u1ec3n Th\u1ecb (DDC) \u0111\u1ec3 h\u1ec7 th\u1ed1ng c\u00f3 th\u1ec3 t\u1ef1 \u0111\u1ecbnh c\u1ea5u h\u00ecnh v\u00e0 t\u1ed1i \u01b0u h\u00f3a c\u00e1c c\u00e0i \u0111\u1eb7t m\u00e0n h\u00ecnh. Ph\u1ea7n l\u1edbn c\u00e1c c\u00e0i \u0111\u1eb7t m\u00e0n h\u00ecnh \u0111\u1ec1u l\u00e0 t\u1ef1 \u0111\u1ed9ng, b\u1ea1n c\u00f3 th\u1ec3 ch\u1ecdn c\u00e1c c\u00e0i \u0111\u1eb7t kh\u00e1c n\u1ebfu mu\u1ed1n.<\/p>\n<h3>Ki\u1ec3u d\u00e1ng \u0111\u1eb9p, phong c\u00e1ch v\u00e0 c\u00f3 t\u1ed5 ch\u1ee9c<\/h3>\n<p><img loading=\"lazy\" decoding=\"async\" class=\"lazy entered loaded\" src=\"https:\/\/nguyencongpc.vn\/photos\/17\/Dell-P2422H-1.jpg\" alt=\"m\u00e0n dell p2422\" width=\"1\" height=\"1\" data-src=\"https:\/\/nguyencongpc.vn\/photos\/17\/Dell-P2422H-1.jpg\" data-was-processed=\"true\" data-ll-status=\"loaded\" \/><img decoding=\"async\" src=\"https:\/\/nguyencongpc.vn\/photos\/17\/Dell-Green-Thinking.jpg\" alt=\"m\u00e0n h\u00ecnh m\u00e1y t\u00ednh dell 24 inch\" \/><\/p>\n<p>Gi\u1ea5u d\u00e2y trong ch\u00e2n \u0111\u1ebf nh\u1ecf g\u1ecdn c\u00f3 thi\u1ebft k\u1ebf th\u00f4ng minh gi\u00fap qu\u1ea3n l\u00fd c\u00e1p d\u1ec5 d\u00e0ng, \u0111\u1ec3 gi\u1eef m\u1ecdi th\u1ee9 ng\u0103n n\u1eafp.<\/p>\n<h3>C\u1ed5ng v\u00e0 Khe c\u1eafm<\/h3>\n<p><img loading=\"lazy\" decoding=\"async\" class=\"lazy entered loaded\" src=\"https:\/\/nguyencongpc.vn\/photos\/17\/Dell-P2422H-IO.jpg\" alt=\"m\u00e0n dell p2422h\" width=\"1\" height=\"1\" data-src=\"https:\/\/nguyencongpc.vn\/photos\/17\/Dell-P2422H-IO.jpg\" data-was-processed=\"true\" data-ll-status=\"loaded\" \/><br \/>\n1. Khe kh\u00f3a b\u1ea3o m\u1eadt | 2. \u0110\u1ea7u n\u1ed1i ngu\u1ed3n | 3. C\u1ed5ng HDMI | 4. Kh\u00f3a ch\u00e2n \u0111\u1ebf | 5. DisplayPort | 6. \u0110\u1ea7u n\u1ed1i VGA | 7. C\u1ed5ng ng\u01b0\u1ee3c d\u00f2ng SuperSpeed \u200b\u200bUSB 5Gbps | 8. C\u1ed5ng h\u1ea1 l\u01b0u SuperSpeed \u200b\u200bUSB 5Gbps.<\/p>\n<\/div>\n","protected":false},"excerpt":{"rendered":"<p><strong>Th\u00f4ng tin s\u1ea3n ph\u1ea9m<\/strong><\/p>\n<ul>\n<li>M\u00e0n h\u00ecnh 23.8 inch \u0111\u1ed9 ph\u00e2n gi\u1ea3i Full HD s\u1eafc n\u00e9t<\/li>\n<li>T\u1ea5m n\u1ec1n IPS v\u1edbi t\u1ed1c \u0111\u1ed9 ph\u1ea3n h\u1ed3i 5ms<\/li>\n<li>C\u00f4ng ngh\u1ec7 Comfort View Plus t\u1ed1i \u01b0u s\u1ef1 tho\u1ea3i m\u00e1i c\u1ee7a m\u1eaft<\/li>\n<li>\u0110\u1ed9 ph\u1ee7 m\u00e0u l\u00ean \u0111\u1ebfn 99% sRGB cho m\u00e0u s\u1eafc s\u1ed1ng \u0111\u1ed9ng v\u00e0 th\u1ef1c t\u1ebf nh\u1ea5t.<\/li>\n<\/ul>\n","protected":false},"featured_media":2741,"comment_status":"open","ping_status":"closed","template":"","meta":{"_acf_changed":false},"product_brand":[287],"product_cat":[65],"product_tag":[197,250,248,199,198,249],"class_list":{"0":"post-1976","1":"product","2":"type-product","3":"status-publish","4":"has-post-thumbnail","6":"product_brand-dell","7":"product_cat-man-hinh-may-tinh","8":"product_tag-24inch","9":"product_tag-60hz","10":"product_tag-dell","11":"product_tag-fhd","12":"product_tag-ips","13":"product_tag-p2422h","15":"first","16":"instock","17":"sale","18":"shipping-taxable","19":"purchasable","20":"product-type-simple"},"acf":[],"jetpack_sharing_enabled":true,"_links":{"self":[{"href":"https:\/\/thanglongcomputer.vn\/index.php?rest_route=\/wp\/v2\/product\/1976","targetHints":{"allow":["GET"]}}],"collection":[{"href":"https:\/\/thanglongcomputer.vn\/index.php?rest_route=\/wp\/v2\/product"}],"about":[{"href":"https:\/\/thanglongcomputer.vn\/index.php?rest_route=\/wp\/v2\/types\/product"}],"replies":[{"embeddable":true,"href":"https:\/\/thanglongcomputer.vn\/index.php?rest_route=%2Fwp%2Fv2%2Fcomments&post=1976"}],"wp:featuredmedia":[{"embeddable":true,"href":"https:\/\/thanglongcomputer.vn\/index.php?rest_route=\/wp\/v2\/media\/2741"}],"wp:attachment":[{"href":"https:\/\/thanglongcomputer.vn\/index.php?rest_route=%2Fwp%2Fv2%2Fmedia&parent=1976"}],"wp:term":[{"taxonomy":"product_brand","embeddable":true,"href":"https:\/\/thanglongcomputer.vn\/index.php?rest_route=%2Fwp%2Fv2%2Fproduct_brand&post=1976"},{"taxonomy":"product_cat","embeddable":true,"href":"https:\/\/thanglongcomputer.vn\/index.php?rest_route=%2Fwp%2Fv2%2Fproduct_cat&post=1976"},{"taxonomy":"product_tag","embeddable":true,"href":"https:\/\/thanglongcomputer.vn\/index.php?rest_route=%2Fwp%2Fv2%2Fproduct_tag&post=1976"}],"curies":[{"name":"wp","href":"https:\/\/api.w.org\/{rel}","templated":true}]}}