{"id":1962,"date":"2025-02-18T16:53:34","date_gmt":"2025-02-18T09:53:34","guid":{"rendered":"https:\/\/thanglongcomputer.vn\/san-pham\/man-hinh-asus-proart-pa279cv-27-inch-4k-ips-100-srgb\/"},"modified":"2025-02-24T09:25:34","modified_gmt":"2025-02-24T02:25:34","slug":"man-hinh-asus-proart-pa279cv-27-inch-4k-ips-100-srgb","status":"publish","type":"product","link":"https:\/\/thanglongcomputer.vn\/?product=man-hinh-asus-proart-pa279cv-27-inch-4k-ips-100-srgb","title":{"rendered":"M\u00e0n H\u00ecnh ASUS ProArt PA279CV 27 inch 4K IPS 100% sRGB"},"content":{"rendered":"<h2 class=\"box-title\"><img loading=\"lazy\" decoding=\"async\" class=\"loading\" style=\"font-size: 20.16px;\" src=\"https:\/\/hanoicomputercdn.com\/media\/lib\/14-03-2022\/pa279cv-6.png\" alt=\"PA279CV\" width=\"850\" height=\"850\" data-was-processed=\"true\" \/><\/h2>\n<div class=\"static-html-group js-static-container\">\n<div id=\"js-product-description\" class=\"js-static-content static-html-content\">\n<div class=\"bg_style_a\">\n<section id=\"Ultrawide\" class=\"full-section\">\n<div class=\"mainfull\">\n<div class=\"maintitle product-text\">\n<div class=\"product-heading\">\n<h2>M\u00e0u s\u1eafc v\u01b0\u1ee3t tr\u1ed9i. S\u00e1ng t\u1ea1o kh\u00f4ng gi\u1edbi h\u1ea1n.<\/h2>\n<\/div>\n<p><img loading=\"lazy\" decoding=\"async\" class=\"loading\" src=\"https:\/\/hanoicomputercdn.com\/media\/lib\/14-03-2022\/pa279cv-1.png\" alt=\"PA279CV\" width=\"745\" height=\"720\" data-was-processed=\"true\" \/><\/div>\n<div class=\"maintitle product-text\">\nProArt Display PA279CV l\u00e0\u00a0<a href=\"https:\/\/hacom.vn\/man-hinh-may-tinh\" target=\"_blank\" rel=\"noopener\">m\u00e0n h\u00ecnh<\/a>\u00a027 inch \u0111\u01b0\u1ee3c thi\u1ebft k\u1ebf \u0111\u1ec3 \u0111\u00e1p \u1ee9ng nhu c\u1ea7u c\u1ee7a c\u00e1c chuy\u00ean gia s\u00e1ng t\u1ea1o n\u1ed9i dung, t\u1eeb ch\u1ec9nh s\u1eeda \u1ea3nh v\u00e0 video \u0111\u1ebfn thi\u1ebft k\u1ebf \u0111\u1ed3 h\u1ecda. ProArt Display PA279CV \u0111\u01b0\u1ee3c c\u00e2n m\u00e0u t\u1ea1i nh\u00e0 m\u00e1y v\u1edbi ch\u1ee9ng nh\u1eadn Calman Verified \u0111\u1ec3 mang l\u1ea1i \u0111\u1ed9 ch\u00ednh x\u00e1c m\u00e0u tuy\u1ec7t v\u1eddi (\u2206E &lt;2). Cung c\u1ea5p 100% sRGB \/ 100% Rec theo ti\u00eau chu\u1ea9n c\u00f4ng nghi\u1ec7p. \u0110\u1ed9 bao ph\u1ee7 kh\u00f4ng gian m\u00e0u 709. C\u1ed5ng USB-C t\u00edch h\u1ee3p h\u1ed7 tr\u1ee3 truy\u1ec1n d\u1eef li\u1ec7u, DisplayPort v\u00e0 c\u0169ng h\u1ed7 tr\u1ee3 cung c\u1ea5p \u0111i\u1ec7n 65W qua m\u1ed9t d\u00e2y c\u00e1p mang \u0111\u1ebfn gi\u1ea3i ph\u00e1p ti\u1ec7n l\u1ee3i v\u00e0 gi\u00fap cho khu v\u1ef1c b\u00e0n l\u00e0m vi\u1ec7c c\u1ee7a b\u1ea1n g\u1ecdn g\u00e0ng h\u01a1n. PA279CV gi\u00fap b\u1ea1n d\u1ec5 d\u00e0ng ch\u00e2n ch\u1ec9nh m\u00e0u s\u1eafc ch\u00ednh x\u00e1c m\u00e0 b\u1ea1n mong mu\u1ed1n m\u1ed9t c\u00e1ch nhanh ch\u00f3ng, d\u1ec5 d\u00e0ng v\u00e0 ch\u00ednh x\u00e1c.<\/p>\n<\/div>\n<\/div>\n<\/section>\n<div id=\"product-HDR\" class=\"product-section whitebg\"><img loading=\"lazy\" decoding=\"async\" class=\"loading\" src=\"https:\/\/hanoicomputercdn.com\/media\/lib\/14-03-2022\/pa279cv-2.jpeg\" alt=\"PA279CV\" width=\"720\" height=\"720\" data-was-processed=\"true\" \/><\/p>\n<div class=\"product-content\">\n<div class=\"product-text\">\n<div class=\"product-heading\">\n<h2><\/h2>\n<h2>H\u00ecnh \u1ea3nh chi ti\u1ebft ho\u00e0n h\u1ea3o \u1edf 4K HDR<\/h2>\n<\/div>\n<p>V\u1edbi \u0111\u1ed9 ph\u00e2n gi\u1ea3i 4K UHD (3840 x 2160) cung c\u1ea5p cho b\u1ea1n m\u1eadt \u0111\u1ed9 \u0111i\u1ec3m \u1ea3nh g\u1ea5p b\u1ed1n l\u1ea7n v\u00e0 nhi\u1ec1u h\u01a1n t\u1edbi 300% kh\u00f4ng gian s\u1eed d\u1ee5ng so v\u1edbi m\u00e0n h\u00ecnh Full HD c\u00f3 k\u00edch th\u01b0\u1edbc t\u01b0\u01a1ng t\u1ef1. \u0110i\u1ec1u n\u00e0y \u0111\u1ed3ng ngh\u0129a v\u1edbi vi\u1ec7c b\u1ea1n c\u00f3 th\u1ec3 t\u1eadn h\u01b0\u1edfng nh\u1eefng h\u00ecnh \u1ea3nh hi\u1ec3n th\u1ecb chi ti\u1ebft, s\u1eafc n\u00e9t. H\u01a1n h\u1ebft, nhi\u1ec1u kh\u00f4ng gian tr\u00ean m\u00e0n h\u00ecnh t\u0103ng kh\u1ea3 n\u0103ng \u0111a nhi\u1ec7m \u0111\u1ec3 b\u1ea1n ho\u00e0n th\u00e0nh nhi\u1ec1u vi\u1ec7c nhanh ch\u00f3ng h\u01a1n.<\/p>\n<\/div>\n<\/div>\n<\/div>\n<section id=\"FALDbacklight\" class=\"full-section\">\n<div class=\"mainfull\">\n<div class=\"maintitle product-text righttxt\">\n<div class=\"info_left\">\n<div class=\"product-heading\">\n<h2>Mang l\u1ea1i v\u1ebb \u0111\u1eb9p th\u1ef1c s\u1ef1 cho h\u00ecnh \u1ea3nh c\u1ee7a b\u1ea1n<\/h2>\n<\/div>\n<p><img loading=\"lazy\" decoding=\"async\" class=\"loading\" src=\"https:\/\/hanoicomputercdn.com\/media\/lib\/14-03-2022\/pa279cv-3.png\" alt=\"PA279CV\" width=\"1077\" height=\"720\" data-was-processed=\"true\" \/><br \/>\nM\u00e0n h\u00ecnh ProArt cung c\u1ea5p 100% sRGB \/ 100% Rec theo ti\u00eau chu\u1ea9n c\u00f4ng nghi\u1ec7p. 709 v\u00e0 h\u1ed7 tr\u1ee3 gam m\u00e0u DCI-P3 gi\u00fap t\u00e1i t\u1ea1o s\u1ed1ng \u0111\u1ed9ng, phong ph\u00fa \u0111\u1ea3m b\u1ea3o m\u1ecdi chi ti\u1ebft trong \u1ea3nh c\u1ee7a b\u1ea1n \u0111\u1ec1u r\u00f5 r\u00e0ng v\u00e0 sinh \u0111\u1ed9ng nh\u01b0 th\u1eadt.<\/p>\n<\/div>\n<div class=\"info_right\"><img loading=\"lazy\" decoding=\"async\" class=\"loading\" src=\"https:\/\/hanoicomputercdn.com\/media\/lib\/14-03-2022\/pa279cv-10.png\" alt=\"PA279CV\" width=\"822\" height=\"808\" data-was-processed=\"true\" \/><\/div>\n<\/div>\n<\/div>\n<\/section>\n<\/div>\n<div id=\"product-header\" class=\"product-section whitebg\">\n<div class=\"product-content\">\n<div class=\"product-text\">\n<div class=\"product-heading\">\n<h2>\u0110\u1ed9 trung th\u1ef1c m\u00e0u cao cho c\u00e1c s\u1eafc \u0111\u1ed9 m\u00e0u th\u1ef1c s\u1ef1 bi\u1ec3u c\u1ea3m<\/h2>\n<\/div>\n<p>Say m\u00ea ng\u1eafm nh\u00ecn c\u00e1c s\u1eafc \u0111\u1ed9 thu\u1ea7n khi\u1ebft, bi\u1ec3u c\u1ea3m nh\u1edd kh\u1ea3 n\u0103ng t\u1ea1i t\u1ea1o m\u00e0u ch\u00ednh x\u00e1c, trung th\u1ef1c. M\u00e0n h\u00ecnh ProArt \u0111\u1ea1t \u0111\u01b0\u1ee3c \u2206E &lt; 2 \u0111\u1ec3 t\u00e1i t\u1ea1o ch\u00ednh x\u00e1c h\u00ecnh \u1ea3nh c\u1ee7a b\u1ea1n tr\u00ean m\u00e0n h\u00ecnh, cho ph\u00e9p b\u1ea1n c\u00f3 \u0111\u01b0\u1ee3c h\u00ecnh dung ch\u00ednh x\u00e1c v\u1ec1 t\u00e1c ph\u1ea9m khi ho\u00e0n th\u00e0nh.<\/p>\n<div class=\"txt_ico\"><strong>\u2206E &lt; 2<\/strong>Hi\u1ec3n th\u1ecb m\u00e0u ch\u00ednh x\u00e1c<\/p>\n<\/div>\n<\/div>\n<\/div>\n<\/div>\n<div id=\"product-5\" class=\"product-section\">\n<div class=\"product-content\">\n<div class=\"product-text\">\n<div class=\"product-heading\">\n<h2>M\u00e0u s\u1eafc ch\u00e2n th\u1ef1c, kh\u00f4ng c\u1ea7n \u0111i\u1ec1u ch\u1ec9nh ban \u0111\u1ea7u<\/h2>\n<\/div>\n<p>C\u00e1c chuy\u00ean gia v\u1ec1 m\u00e0u s\u1eafc tr\u00f4ng c\u1eady v\u00e0o c\u00e1c m\u00e0n h\u00ecnh c\u00f3 \u0111\u1ed9 ch\u00ednh x\u00e1c m\u00e0u cao \u0111\u1ec3 \u0111\u1ea3m b\u1ea3o r\u1eb1ng t\u00e1c ph\u1ea9m ngh\u1ec7 thu\u1eadt c\u1ee7a h\u1ecd tr\u00f4ng ch\u00ednh x\u00e1c \u0111\u00fang theo ch\u1ee7 \u0111\u1ecbnh. M\u00e0n h\u00ecnh ProArt PA279CV \u0111\u01b0\u1ee3c hi\u1ec7u chu\u1ea9n tr\u01b0\u1edbc khi xu\u1ea5t x\u01b0\u1edfng v\u00e0 \u0111\u1ea1t ch\u1ee9ng nh\u1eadn Calman Verified \u0111\u1ec3 b\u1ea3o \u0111\u1ea3m \u0111\u1ed9 ch\u00ednh x\u00e1c m\u00e0u v\u01b0\u1ee3t tr\u1ed9i (\u2206E &lt; 2). M\u1ed7i m\u00e0n h\u00ecnh ProArt \u0111\u1ec1u tr\u1ea3i qua qu\u00e1 tr\u00ecnh th\u1eed nghi\u1ec7m nghi\u00eam ng\u1eb7t, t\u1ec9 m\u1ec9 \u0111\u1ec3 \u0111\u1ea3m b\u1ea3o chuy\u1ec3n m\u00e0u m\u01b0\u1ee3t m\u00e0 h\u01a1n. C\u00e1c chuy\u00ean gia v\u1ec1 m\u00e0u s\u1eafc c\u00f3 th\u1ec3 y\u00ean t\u00e2m v\u1ec1 tr\u1ea3i nghi\u1ec7m xem v\u00e0 s\u00e1ng t\u1ea1o n\u1ed9i dung v\u1edbi \u0111\u1ed9 ch\u00ednh x\u00e1c m\u00e0u tuy\u1ec7t \u0111\u1ed1i.<\/p>\n<\/div>\n<\/div>\n<\/div>\n<div class=\"bg_style_b\">\n<section id=\"Quickcolor\" class=\"full-section\">\n<div class=\"mainfull\">\n<div class=\"maintitle product-text\">\n<div class=\"product-heading\">\n<h2>\u0110i\u1ec1u ch\u1ec9nh gam m\u00e0u nhanh ch\u00f3ng<\/h2>\n<\/div>\n<p>T\u00ednh n\u0103ng ProArt Preset \u0111\u1ed9c quy\u1ec1n c\u1ee7a ASUS cung c\u1ea5p nhi\u1ec1u ch\u1ebf \u0111\u1ed9 \u0111\u1ec3 \u0111i\u1ec1u ch\u1ec9nh gam m\u00e0u nhanh ch\u00f3ng. Cho d\u00f9 \u0111ang ch\u1ec9nh s\u1eeda m\u00e0u s\u1eafc, ch\u1ec9nh s\u1eeda video ho\u1eb7c thao t\u00e1c v\u1edbi \u1ea3nh, b\u1ea1n \u0111\u1ec1u c\u00f3 th\u1ec3 d\u1ec5 d\u00e0ng chuy\u1ec3n \u0111\u1ed5i cho ph\u00f9 h\u1ee3p v\u1edbi nhu c\u1ea7u c\u1ee7a m\u00ecnh.<\/p>\n<\/div>\n<div class=\"pic_quick_area\"><img loading=\"lazy\" decoding=\"async\" class=\"loading\" src=\"https:\/\/hanoicomputercdn.com\/media\/lib\/14-03-2022\/pa279cv-4.jpeg\" alt=\"PA279CV\" width=\"1280\" height=\"442\" data-was-processed=\"true\" \/>B\u1eadt ch\u1ebf \u0111\u1ed9<\/p>\n<p>T\u1eaft ch\u1ebf \u0111\u1ed9<\/p>\n<\/div>\n<\/div>\n<\/section>\n<section id=\"Responsetime\" class=\"full-section\">\n<div class=\"mainfull\">\n<div class=\"maintitle product-text righttxt\">\n<div class=\"info_left\"><img loading=\"lazy\" decoding=\"async\" class=\"loading\" src=\"https:\/\/hanoicomputercdn.com\/media\/lib\/14-03-2022\/pa279cv-5.png\" alt=\"PA279CV\" width=\"1095\" height=\"720\" data-was-processed=\"true\" \/><\/div>\n<div class=\"info_right\">\n<div class=\"product-heading\">\n<h2>Tr\u1ea3i nghi\u1ec7m ch\u1ec9nh s\u1eeda c\u00e1 nh\u00e2n h\u00f3a<\/h2>\n<\/div>\n<p>T\u00ednh n\u0103ng ASUS ProArt Palette cho ph\u00e9p b\u1ea1n t\u00f9y ch\u1ec9nh m\u00e0n h\u00ecnh th\u00f4ng qua m\u1ed9t lo\u1ea1t c\u00e1c th\u00f4ng s\u1ed1, bao g\u1ed3m \u0111\u1ed9 s\u1eafc, nhi\u1ec7t \u0111\u1ed9 v\u00e0 gam m\u00e0u \u2013 t\u1ea5t c\u1ea3 \u0111\u1ec1u d\u1ec5 d\u00e0ng truy c\u1eadp th\u00f4ng qua c\u00e1c menu tr\u1ef1c quan tr\u00ean m\u00e0n h\u00ecnh. Ngo\u00e0i ra c\u00f2n c\u00f3 c\u00e1c thanh tr\u01b0\u1ee3t thang \u0111\u1ed9 x\u00e1m hai \u0111i\u1ec3m cho c\u1ea3 s\u00e1u m\u00e0u \u0111\u1ec3 mang l\u1ea1i cho b\u1ea1n s\u1ef1 linh ho\u1ea1t trong \u0111i\u1ec1u ch\u1ec9nh m\u00e0u s\u1eafc h\u01a1n so v\u1edbi c\u00e1c m\u00e0n h\u00ecnh kh\u00e1c tr\u00ean th\u1ecb tr\u01b0\u1eddng. ProArt Palette gi\u00fap b\u1ea1n t\u1ea1o ra c\u00e1c t\u00e1c ph\u1ea9m ngh\u1ec7 thu\u1eadt m\u1ed9t c\u00e1ch nhanh ch\u00f3ng v\u00e0 \u0111\u1ed3ng nh\u1ea5t, c\u0169ng nh\u01b0 d\u1ec5 d\u00e0ng ki\u1ec3m so\u00e1t m\u00e0u s\u1eafc c\u1ee7a m\u00ecnh l\u1ef1a ch\u1ecdn.<\/p>\n<\/div>\n<\/div>\n<\/div>\n<\/section>\n<section id=\"Colorgamut\" class=\"full-section\">\n<div class=\"mainfull\">\n<div class=\"maintitle product-text lefttxt\">\n<div class=\"info_left\">\n<div class=\"product-heading\">\n<h2>K\u1ebft n\u1ed1i t\u1ea5t c\u1ea3 v\u1edbi USB-C<\/h2>\n<\/div>\n<p>ProArt Display PA279CV mang \u0111\u1ebfn cho b\u1ea1n kh\u1ea3 n\u0103ng t\u01b0\u01a1ng th\u00edch tuy\u1ec7t v\u1eddi v\u1edbi USB-C, HDMI v\u00e0 DisplayPort v\u1edbi h\u1ea7u h\u1ebft c\u00e1c thi\u1ebft b\u1ecb \u0111a ph\u01b0\u01a1ng ti\u1ec7n. C\u1ed5ng USB-C t\u00edch h\u1ee3p h\u1ed7 tr\u1ee3 truy\u1ec1n d\u1eef li\u1ec7u, DisplayPort v\u00e0 c\u0169ng h\u1ed7 tr\u1ee3 ph\u00e2n ph\u1ed1i \u0111i\u1ec7n 65W. PA279CV c\u0169ng ho\u1ea1t \u0111\u1ed9ng nh\u01b0 m\u1ed9t trung t\u00e2m USB, c\u00f3 ngh\u0129a l\u00e0 khi b\u1ea1n k\u1ebft n\u1ed1i v\u1edbi m\u00e0n h\u00ecnh qua USB-C (s\u1eed d\u1ee5ng c\u00e1p C \u0111\u1ebfn C ho\u1eb7c c\u00e1p C v\u1edbi A), thi\u1ebft b\u1ecb c\u1ee7a b\u1ea1n c\u00f3 quy\u1ec1n truy c\u1eadp v\u00e0o b\u1ea5t k\u1ef3 thi\u1ebft b\u1ecb ngo\u1ea1i vi n\u00e0o \u0111\u01b0\u1ee3c k\u1ebft n\u1ed1i v\u1edbi c\u1ed5ng USB.<\/p>\n<p><img loading=\"lazy\" decoding=\"async\" class=\"loading\" src=\"https:\/\/hanoicomputercdn.com\/media\/lib\/57437_8.png\" alt=\"M\u00e0n h\u00ecnh Asus ProArt PA279CV c\u1ed5ng c\u1eafm\" width=\"1280\" height=\"189\" data-was-processed=\"true\" \/><\/div>\n<div class=\"info_right webstyle\"><img loading=\"lazy\" decoding=\"async\" class=\"loading\" src=\"https:\/\/hanoicomputercdn.com\/media\/lib\/14-03-2022\/pa279cv-9.png\" alt=\"PA279CV\" width=\"800\" height=\"980\" data-was-processed=\"true\" \/><\/div>\n<\/div>\n<\/div>\n<\/section>\n<section id=\"PA278QV-Real-size\" class=\"full-section\">\n<div class=\"mainfull\">\n<div class=\"maintitle product-text\">\n<div class=\"product-heading\">\n<h2>Xem tr\u01b0\u1edbc t\u00e1c ph\u1ea9m ngh\u1ec7 thu\u1eadt \u1edf k\u00edch th\u01b0\u1edbc th\u1ef1c<\/h2>\n<\/div>\n<p>Ti\u1ebft ki\u1ec7m th\u1eddi gian v\u00e0 l\u00e0m vi\u1ec7c th\u00f4ng minh h\u01a1n v\u1edbi t\u00ednh n\u0103ng Thang \u0111o \u1ea3o QuickFit (QuickFit Virtual Scale) c\u1ee7a ASUS. T\u00ednh n\u0103ng th\u00f4ng minh n\u00e0y ph\u1ee7 l\u00ean tr\u00ean m\u00e0n h\u00ecnh m\u1ed9t l\u01b0\u1edbi t\u1ecda \u0111\u1ed9 \u0111\u1ec3 b\u1ea1n c\u0103n ch\u1ec9nh v\u00e0 xem tr\u01b0\u1edbc t\u00e0i li\u1ec7u theo k\u00edch th\u01b0\u1edbc th\u1ef1c tr\u01b0\u1edbc khi in.<\/p>\n<\/div>\n<div class=\"pic_realsize_area\"><img loading=\"lazy\" decoding=\"async\" class=\"loading\" src=\"https:\/\/hanoicomputercdn.com\/media\/lib\/14-03-2022\/pa279cv-4.jpeg\" alt=\"PA279CV\" width=\"1280\" height=\"442\" data-was-processed=\"true\" \/><\/div>\n<p>&nbsp;<\/p>\n<\/div>\n<\/section>\n<\/div>\n<div class=\"bg_style_c\">\n<section id=\"PA278QV-Caretechnology\" class=\"full-section\">\n<div class=\"mainfull\">\n<div class=\"maintitle product-text\">\n<div class=\"product-heading\">\n<h2>B\u1ea3o v\u1ec7 m\u1eaft b\u1ea1n v\u1edbi c\u00f4ng ngh\u1ec7 ASUS Eye Care<\/h2>\n<\/div>\n<h3>C\u00f4ng ngh\u1ec7 ASUS Ultra-Low Blue Light<\/h3>\n<p>C\u00f4ng ngh\u1ec7 \u00c1nh s\u00e1ng xanh d\u01b0\u01a1ng si\u00eau th\u1ea5p \u0111\u1ed9c quy\u1ec1n c\u1ee7a ASUS b\u1ea3o v\u1ec7 b\u1ea1n kh\u1ecfi b\u1ee9c x\u1ea1 \u00e1nh s\u00e1ng xanh d\u01b0\u01a1ng m\u00e0 c\u00f3 th\u1ec3 g\u00e2y h\u1ea1i cho th\u1ecb l\u1ef1c c\u1ee7a b\u1ea1n. B\u1ed9 l\u1ecdc n\u00e0y cung c\u1ea5p b\u1ed1n thi\u1ebft l\u1eadp b\u1ed9 l\u1ecdc \u0111\u00e8n xanh d\u01b0\u01a1ng m\u00e0 b\u1ea1n c\u00f3 th\u1ec3 d\u1ec5 d\u00e0ng truy c\u1eadp qua menu tr\u00ean m\u00e0n h\u00ecnh b\u1eb1ng c\u00e1ch s\u1eed d\u1ee5ng ph\u00edm n\u00f3ng.<\/p>\n<\/div>\n<div class=\"pic_caretechnology_area\"><img loading=\"lazy\" decoding=\"async\" class=\"loading\" src=\"https:\/\/hanoicomputercdn.com\/media\/lib\/14-03-2022\/pa279cv-7.png\" alt=\"PA279CV\" width=\"748\" height=\"618\" data-was-processed=\"true\" \/><\/div>\n<div class=\"btn_caretechnology_box\"><\/div>\n<\/div>\n<\/section>\n<section id=\"PA278QV-Flicker\" class=\"full-section\">\n<div class=\"mainfull\">\n<div class=\"maintitle product-text\">\n<h3>C\u00f4ng ngh\u1ec7 Flicker-free c\u1ee7a ASUS<\/h3>\n<p>C\u00f4ng ngh\u1ec7 Kh\u1eed nh\u1ea5p nh\u00e1y (Flicker-Free) c\u1ee7a ASUS mang l\u1ea1i tr\u1ea3i nghi\u1ec7m xem v\u00e0 m\u00f4i tr\u01b0\u1eddng l\u00e0m vi\u1ec7c tho\u1ea3i m\u00e1i h\u01a1n b\u1eb1ng c\u00e1ch gi\u1ea3m b\u1edbt hi\u1ec7n t\u01b0\u1ee3ng nh\u1ea5p nh\u00e1y m\u00e0n h\u00ecnh \u0111\u1ec3 gi\u1ea3m thi\u1ec3u ch\u1ee9ng c\u0103ng m\u1eaft, nh\u1ee9c \u0111\u1ea7u v\u00e0 m\u1ecfi m\u1eaft khi b\u1ea1n ph\u1ea3i ng\u1ed3i nhi\u1ec1u gi\u1edd tr\u01b0\u1edbc m\u00e0n h\u00ecnh.<\/p>\n<\/div>\n<div class=\"pic_quick_area\"><img loading=\"lazy\" decoding=\"async\" class=\"loading\" src=\"https:\/\/hanoicomputercdn.com\/media\/lib\/14-03-2022\/pa279cv-8.jpeg\" alt=\"PA279CV\" width=\"1200\" height=\"488\" data-was-processed=\"true\" \/><\/p>\n<ul class=\"pic_quick_txt\">\n<li>V\u1edbi C\u00f4ng ngh\u1ec7 Kh\u1eed nh\u1ea5p nh\u00e1y<\/li>\n<li>Kh\u00f4ng c\u00f3 C\u00f4ng ngh\u1ec7 Kh\u1eed nh\u1ea5p nh\u00e1y<\/li>\n<\/ul>\n<\/div>\n<\/div>\n<\/section>\n<section id=\"PA278QV-Design\" class=\"full-section\">\n<div class=\"mainfull\">\n<div class=\"maintitle product-text\">\n<div class=\"product-heading\">\n<h2>S\u1ef1 Tho\u1ea3i m\u00e1i Ti\u1ec7n l\u1ee3i v\u1edbi Thi\u1ebft k\u1ebf T\u1ed1i \u01b0u<\/h2>\n<\/div>\n<p>V\u1edbi ch\u00e2n \u0111\u1ebf ti\u1ec7n d\u1ee5ng c\u00f3 th\u1ec3 \u0111i\u1ec1u ch\u1ec9nh \u0111\u1ed9 nghi\u00eang, xoay, quay v\u00e0 chi\u1ec1u cao, m\u00e0n h\u00ecnh ProArt mang \u0111\u1ebfn tr\u1ea3i nghi\u1ec7m xem v\u00e0 s\u1eed d\u1ee5ng tho\u1ea3i m\u00e1i. Kh\u1ea3 n\u0103ng xoay m\u00e0n h\u00ecnh 90 \u0111\u1ed9 theo chi\u1ec1u kim \u0111\u1ed3ng h\u1ed3 ho\u1eb7c ng\u01b0\u1ee3c chi\u1ec1u kim \u0111\u1ed3ng h\u1ed3 \u0111\u1ec3 s\u1eed d\u1ee5ng \u1edf ch\u1ebf \u0111\u1ed9 d\u1ecdc r\u1ea5t ti\u1ec7n d\u1ee5ng khi l\u00e0m vi\u1ec7c v\u1edbi c\u00e1c t\u00e0i li\u1ec7u d\u00e0i, m\u00e3 h\u00f3a ho\u1eb7c duy\u1ec7t web. Ngo\u00e0i ra, ch\u00e2n \u0111\u1ebf th\u00e1o nhanh gi\u00fap d\u1ec5 d\u00e0ng g\u1eafn m\u00e0n h\u00ecnh th\u00f4ng qua gi\u00e1 treo t\u01b0\u1eddng chu\u1ea9n VESA t\u00edch h\u1ee3p \u2013 kh\u00f4ng c\u1ea7n v\u00edt, v\u00ec v\u1eady b\u1ea1n c\u00f3 th\u1ec3 treo t\u01b0\u1eddng ch\u1ec9 trong v\u00e0i gi\u00e2y!<\/p>\n<\/div>\n<\/div>\n<\/section>\n<\/div>\n<\/div>\n<\/div>\n","protected":false},"excerpt":{"rendered":"<p class=\"group-title\"><strong>Th\u00f4ng s\u1ed1 s\u1ea3n ph\u1ea9m<\/strong><\/p>\n<div>\n<ul>\n<li class=\"item\">M\u00e0n h\u00ecnh 27 inch 4K UHD (3840 x 2160) \u0111\u00e8n n\u1ec1n LED v\u1edbi t\u1ea5m n\u1ec1n IPS g\u00f3c nh\u00ecn r\u1ed9ng 178\u00b0<\/li>\n<li class=\"item\">Ti\u00eau chu\u1ea9n m\u00e0u qu\u1ed1c t\u1ebf \u0111\u1ea1t 100% ph\u1ed5 m\u00e0u sRGB v\u00e0 100% ph\u1ed5 m\u00e0u Rec.709<\/li>\n<li class=\"item\">M\u00e0n h\u00ecnh \u0111\u1ea1t ch\u1ee9ng nh\u1eadn Calman Verified nh\u1edd \u0111\u01b0\u1ee3c hi\u1ec7u chu\u1ea9n tr\u01b0\u1edbc khi xu\u1ea5t x\u01b0\u1edfng \u0111\u1ec3 mang l\u1ea1i \u0111\u1ed9 ch\u00ednh x\u00e1c m\u00e0u tuy\u1ec7t v\u1eddi Delta E &lt; 2<\/li>\n<li class=\"item\">K\u1ebft n\u1ed1i m\u1edf r\u1ed9ng bao g\u1ed3m DP qua USB-C\u2122 v\u1edbi 65W Power Delivery, DisplayPort, HDMI, USB 3.0 hub<\/li>\n<li class=\"item\">C\u00f4ng ngh\u1ec7 Adaptive-Sync (40 ~ 60Hz) cho n\u1ed9i dung chuy\u1ec3n \u0111\u1ed9ng v\u1edbi h\u00e0nh \u0111\u1ed9ng nhanh v\u00e0 lo\u1ea1i b\u1ecf hi\u1ec7n t\u01b0\u1ee3ng x\u00e9 h\u00ecnh<\/li>\n<\/ul>\n<\/div>\n","protected":false},"featured_media":2781,"comment_status":"open","ping_status":"closed","template":"","meta":{"_acf_changed":false},"product_brand":[115],"product_cat":[65],"product_tag":[214,208,213,82,206,198,212,204],"class_list":{"0":"post-1962","1":"product","2":"type-product","3":"status-publish","4":"has-post-thumbnail","6":"product_brand-asus","7":"product_cat-man-hinh-may-tinh","8":"product_tag-100srgb","9":"product_tag-27inch","10":"product_tag-4k","11":"product_tag-asus","12":"product_tag-do-hoa","13":"product_tag-ips","14":"product_tag-pa279cv","15":"product_tag-proart","17":"first","18":"instock","19":"sale","20":"shipping-taxable","21":"purchasable","22":"product-type-simple"},"acf":[],"jetpack_sharing_enabled":true,"_links":{"self":[{"href":"https:\/\/thanglongcomputer.vn\/index.php?rest_route=\/wp\/v2\/product\/1962","targetHints":{"allow":["GET"]}}],"collection":[{"href":"https:\/\/thanglongcomputer.vn\/index.php?rest_route=\/wp\/v2\/product"}],"about":[{"href":"https:\/\/thanglongcomputer.vn\/index.php?rest_route=\/wp\/v2\/types\/product"}],"replies":[{"embeddable":true,"href":"https:\/\/thanglongcomputer.vn\/index.php?rest_route=%2Fwp%2Fv2%2Fcomments&post=1962"}],"wp:featuredmedia":[{"embeddable":true,"href":"https:\/\/thanglongcomputer.vn\/index.php?rest_route=\/wp\/v2\/media\/2781"}],"wp:attachment":[{"href":"https:\/\/thanglongcomputer.vn\/index.php?rest_route=%2Fwp%2Fv2%2Fmedia&parent=1962"}],"wp:term":[{"taxonomy":"product_brand","embeddable":true,"href":"https:\/\/thanglongcomputer.vn\/index.php?rest_route=%2Fwp%2Fv2%2Fproduct_brand&post=1962"},{"taxonomy":"product_cat","embeddable":true,"href":"https:\/\/thanglongcomputer.vn\/index.php?rest_route=%2Fwp%2Fv2%2Fproduct_cat&post=1962"},{"taxonomy":"product_tag","embeddable":true,"href":"https:\/\/thanglongcomputer.vn\/index.php?rest_route=%2Fwp%2Fv2%2Fproduct_tag&post=1962"}],"curies":[{"name":"wp","href":"https:\/\/api.w.org\/{rel}","templated":true}]}}