{"id":1961,"date":"2025-02-18T16:53:34","date_gmt":"2025-02-18T09:53:34","guid":{"rendered":"https:\/\/thanglongcomputer.vn\/san-pham\/man-hinh-asus-va24dqlb-23-8-inch-fhd-ips-75hz\/"},"modified":"2025-02-24T09:26:59","modified_gmt":"2025-02-24T02:26:59","slug":"man-hinh-asus-va24dqlb-23-8-inch-fhd-ips-75hz","status":"publish","type":"product","link":"https:\/\/thanglongcomputer.vn\/?product=man-hinh-asus-va24dqlb-23-8-inch-fhd-ips-75hz","title":{"rendered":"M\u00e0n h\u00ecnh Asus VA24DQLB (23.8 inch FHD IPS 75Hz)"},"content":{"rendered":"<div id=\"js-product-description\" class=\"js-static-content static-html-content\">\n<h3>Ch\u1ea5t l\u01b0\u1ee3ng h\u00ecnh \u1ea3nh V\u01b0\u1ee3t tr\u1ed9i k\u1ebft h\u1ee3p Thi\u1ebft k\u1ebf Thanh l\u1ecbch C\u1ed5 \u0111i\u1ec3n<\/h3>\n<p>M\u00e0n h\u00ecnh b\u1ea3o v\u1ec7 m\u1eaft\u00a0ASUS VA24DQLB\u00a0trang b\u1ecb t\u1ea5m n\u1ec1n IPS 23,8 inch v\u1edbi \u0111\u1ed9 ph\u00e2n gi\u1ea3i Full HD (1920 x 1080) \u0111\u1ec3 t\u1ea1o n\u00ean m\u00e0n h\u00ecnh v\u1edbi g\u00f3c xem r\u1ed9ng l\u00ean t\u1edbi 178\u00b0 v\u00e0 ch\u1ea5t l\u01b0\u1ee3ng h\u00ecnh \u1ea3nh tuy\u1ec7t \u0111\u1ec9nh. T\u1ed1c \u0111\u1ed9 l\u00e0m m\u1edbi l\u00ean t\u1edbi 75Hz, trang b\u1ecb c\u00f4ng ngh\u1ec7 Adaptive-Sync \u0111\u1ec3 h\u1ea1n ch\u1ebf x\u00e9 h\u00ecnh, \u0111\u1ea3m b\u1ea3o ph\u00e1t video r\u00f5 r\u00e0ng v\u00e0 s\u1eafc n\u00e9t. Ngo\u00e0i ra, d\u00f2ng m\u00e0n h\u00ecnh n\u00e0y c\u00f2n \u0111\u01b0\u1ee3c trang b\u1ecb c\u00e1c c\u00f4ng ngh\u1ec7 Flicker-free (Kh\u1eed nh\u1ea5p nh\u00e1y) v\u00e0 Low Blue Light (B\u1ed9 l\u1ecdc \u00e1nh s\u00e1ng xanh d\u01b0\u01a1ng) \u0111\u1ec1u \u0111\u00e3 \u0111\u01b0\u1ee3c T\u00dcV Rheinland ch\u1ee9ng nh\u1eadn \u0111\u1ec3 mang l\u1ea1i tr\u1ea3i nghi\u1ec7m xem tho\u1ea3i m\u00e1i h\u01a1n.<\/p>\n<p><img loading=\"lazy\" decoding=\"async\" class=\"loading\" src=\"https:\/\/hacom.vn\/media\/lib\/05-05-2021\/imagetools0.png\" alt=\"M\u00e0n h\u00ecnh Asus VA24DQLB tr\u01b0\u1edbc\" width=\"806\" height=\"703\" data-was-processed=\"true\" \/><\/p>\n<h3>\nTr\u1ea3i nghi\u1ec7m xem<\/h3>\n<p>T\u1ea7m nh\u00ecn r\u1ed9ng nh\u1edd trang b\u1ecb t\u1ea5m n\u1ec1n IPS gi\u00fap g\u00f3c xem r\u1ed9ng l\u00ean t\u1edbi 178\u00b0, gi\u1ea3m thi\u1ec3u s\u1ef1 thay \u0111\u1ed5i s\u1eafc m\u00e0u, cho m\u00e0u s\u1eafc \u0111\u1ed3ng \u0111\u1ec1u v\u00e0 ch\u00ednh x\u00e1c t\u1ea1i b\u1ea5t k\u1ef3 g\u00f3c xem n\u00e0o \u0111\u1ec3 mang l\u1ea1i tr\u1ea3i nghi\u1ec7m xem t\u1ed1t h\u01a1n.<\/p>\n<p><img loading=\"lazy\" decoding=\"async\" class=\"loading\" src=\"https:\/\/hanoicomputercdn.com\/media\/lib\/54655_1.png\" alt=\"M\u00e0n h\u00ecnh Asus VA24DQLB tr\u1ea3i nghi\u1ec7m\" width=\"950\" height=\"444\" data-was-processed=\"true\" \/><\/p>\n<h3>\nThi\u1ebft k\u1ebf Kh\u00f4ng Khung vi\u1ec1n<\/h3>\n<p>\u0110i\u1ec1u \u0111\u00f3 khi\u1ebfn cho\u00a0<a href=\"https:\/\/www.hacom.vn\/man-hinh-asus-va24dqlb\" target=\"_blank\" rel=\"noopener\">m\u00e0n h\u00ecnh Asus VA24DQLB<\/a>\u00a0tr\u1edf n\u00ean l\u00fd t\u01b0\u1edfng cho c\u00e1c c\u1ea5u h\u00ecnh \u0111a m\u00e0n h\u00ecnh g\u1ea7n nh\u01b0 li\u1ec1n m\u1ea3nh \u0111\u1ec3 khi\u1ebfn b\u1ea1n c\u00f3 \u0111\u01b0\u1ee3c tr\u1ea3i nghi\u1ec7m xem \u0111\u1eafm ch\u00ecm h\u01a1n.<\/p>\n<p><img loading=\"lazy\" decoding=\"async\" class=\"loading\" src=\"https:\/\/hanoicomputercdn.com\/media\/lib\/54655_2.png\" alt=\"M\u00e0n h\u00ecnh Asus VA24DQLB kh\u00f4ng vi\u1ec1n\" width=\"950\" height=\"338\" data-was-processed=\"true\" \/><\/p>\n<h3>\nH\u00ecnh \u1ea3nh si\u00eau m\u01b0\u1ee3t nh\u1edd c\u00f4ng ngh\u1ec7 Adaptive-Sync<\/h3>\n<p>C\u00f4ng ngh\u1ec7 Adaptive-Sync gi\u00fap lo\u1ea1i b\u1ecf hi\u1ec7n t\u01b0\u1ee3ng x\u00e9 h\u00ecnh v\u00e0 gi\u00e1n \u0111o\u1ea1n t\u1ed1c \u0111\u1ed9 khung h\u00ecnh \u0111\u1ec3 mang l\u1ea1i cho b\u1ea1n h\u00ecnh \u1ea3nh li\u1ec1n m\u1ea1ch v\u00e0 tr\u1ea3i nghi\u1ec7m ch\u01a1i game m\u01b0\u1ee3t m\u00e0. \u0110i\u1ec1u n\u00e0y gi\u00fap b\u1ea1n gi\u00e0nh l\u1ee3i th\u1ebf trong c\u00e1c t\u1ef1a game b\u1eafn s\u00fang g\u00f3c nh\u00ecn ng\u01b0\u1eddi th\u1ee9 nh\u1ea5t, \u0111ua xe, game chi\u1ebfn thu\u1eadt th\u1eddi gian th\u1ef1c v\u00e0 c\u00e1c t\u1ef1a game th\u1ec3 thao. (C\u00f4ng ngh\u1ec7 Adaptive-Sync ho\u1ea1t \u0111\u1ed9ng \u1edf c\u00e1c t\u1ed1c \u0111\u1ed9 l\u00e0m m\u1edbi t\u1eeb 48Hz \u0111\u1ebfn 75Hz)<\/p>\n<p><img loading=\"lazy\" decoding=\"async\" class=\"loading\" src=\"https:\/\/hanoicomputercdn.com\/media\/lib\/54655_3.jpg\" alt=\"M\u00e0n h\u00ecnh Asus VA24DQLB adaptive sync\" width=\"838\" height=\"477\" data-was-processed=\"true\" \/><\/p>\n<h3>\nC\u00f4ng ngh\u1ec7 GamePlus \u0111\u1ed9c quy\u1ec1n c\u1ee7a ASUS<\/h3>\n<p>Khi n\u00f3i \u0111\u1ebfn thi\u1ebft k\u1ebf,\u00a0<a href=\"https:\/\/www.hacom.vn\/man-hinh-asus\" target=\"_blank\" rel=\"noopener\">ASUS<\/a>\u00a0lu\u00f4n ch\u00fa tr\u1ecdng \u0111\u1ebfn kh\u00e1ch h\u00e0ng &#8211; ph\u00edm n\u00f3ng GamePlus \u0111\u1ed9c quy\u1ec1n c\u1ee7a ASUS v\u1edbi c\u00e1c ch\u1ee9c n\u0103ng ch\u1ec9nh h\u1ed3ng t\u00e2m Crosshair (ch\u1ec9nh h\u1ed3ng t\u00e2m), Timer (h\u1eb9n gi\u1edd) v\u00e0 FPS counter (\u0111\u1ebfm s\u1ed1 khung h\u00ecnh\/gi\u00e2y) \u0111\u1ec3 mang \u0111\u1ebfn cho b\u1ea1n nh\u1eefng l\u1ee3i \u00edch trong tr\u00f2 ch\u01a1i gi\u00fap b\u1ea1n tr\u1ea3i nghi\u1ec7m t\u1ed1i \u0111a tr\u00f2 ch\u01a1i c\u1ee7a m\u00ecnh. Ch\u1ee9c n\u0103ng n\u00e0y \u0111\u01b0\u1ee3c \u0111\u1ed3ng ph\u00e1t tri\u1ec3n v\u1edbi \u00fd ki\u1ebfn \u0111\u00f3ng g\u00f3p t\u1eeb c\u00e1c game th\u1ee7 chuy\u00ean nghi\u1ec7p, cho ph\u00e9p h\u1ecd luy\u1ec7n t\u1eadp v\u00e0 n\u00e2ng cao k\u1ef9 n\u0103ng ch\u01a1i game c\u1ee7a m\u00ecnh.<\/p>\n<p><img loading=\"lazy\" decoding=\"async\" class=\"loading\" src=\"https:\/\/hanoicomputercdn.com\/media\/lib\/54655_4.png\" alt=\"M\u00e0n h\u00ecnh Asus VA24DQLB game plus\" width=\"950\" height=\"229\" data-was-processed=\"true\" \/><\/p>\n<p>&nbsp;<\/p>\n<h3>C\u00f4ng ngh\u1ec7 SplendidPlus \u0111\u1ed9c quy\u1ec1n c\u1ee7a ASUS<\/h3>\n<p>Ch\u00fang t\u00f4i \u0111\u00e3 c\u1ea3i ti\u1ebfn b\u1eb1ng c\u00e1ch t\u00edch h\u1ee3p m\u1ed9t s\u1ed1 c\u00f4ng ngh\u1ec7 \u0111\u1ed9c quy\u1ec1n c\u1ee7a ch\u00fang t\u00f4i \u0111\u1ec3 mang l\u1ea1i cho b\u1ea1n tr\u1ea3i nghi\u1ec7m xem s\u1ed1ng \u0111\u1ed9ng. C\u00f4ng ngh\u1ec7 Splendid Video Intelligence t\u1ed1i \u01b0u h\u00f3a video v\u00e0 h\u00ecnh \u1ea3nh b\u1eb1ng c\u00e1ch t\u0103ng c\u01b0\u1eddng \u0111\u1ed9 s\u00e1ng cho m\u00e0u s\u1eafc, \u0111\u1ed9 t\u01b0\u01a1ng ph\u1ea3n v\u00e0 \u0111\u1ed9 s\u1eafc n\u00e9t. C\u00f4ng ngh\u1ec7 Splendid c\u00f3 hai ch\u1ebf \u0111\u1ed9 m\u1edbi &#8211; Reading (\u0110\u1ecdc) v\u00e0 Darkroom (Ph\u00f2ng t\u1ed1i) &#8211; c\u00f9ng v\u1edbi c\u00e1c ch\u1ebf \u0111\u1ed9 Scenery, Standard, Theater, sRGB v\u00e0 Night View. C\u00f4ng ngh\u1ec7 Blue Light Filter (B\u1ed9 l\u1ecdc \u00e1nh s\u00e1ng xanh d\u01b0\u01a1ng) v\u00e0 Flicker-free (Kh\u1eed nh\u1ea5p nh\u00e1y) c\u0169ng gi\u00fap gi\u1ea3m m\u1ecfi m\u1eaft do xem trong th\u1eddi gian d\u00e0i.<\/p>\n<p><img loading=\"lazy\" decoding=\"async\" class=\"loading\" src=\"https:\/\/hanoicomputercdn.com\/media\/lib\/54655_5.png\" alt=\"M\u00e0n h\u00ecnh Asus VA24DQLB splendid\" width=\"1000\" height=\"523\" data-was-processed=\"true\" \/><\/p>\n<h3>\nCh\u1ee9c n\u0103ng L\u1ecdc \u00c1nh s\u00e1ng Xanh d\u01b0\u01a1ng c\u1ee7a ASUS<\/h3>\n<p>C\u00f4ng ngh\u1ec7 Blue Light Filter (B\u1ed9 l\u1ecdc \u00e1nh s\u00e1ng xanh) c\u1ee7a ASUS \u0111\u01b0\u1ee3c T\u00dcV Rheinland ch\u1ee9ng nh\u1eadn b\u1ea3o v\u1ec7 b\u1ea1n kh\u1ecfi \u00e1nh s\u00e1ng xanh c\u00f3 h\u1ea1i v\u00e0 b\u1ea1n c\u00f3 th\u1ec3 d\u1ec5 d\u00e0ng truy c\u1eadp b\u1ed1n c\u00e0i \u0111\u1eb7t b\u1ed9 l\u1ecdc th\u00f4ng qua m\u1ed9t ph\u00edm n\u00f3ng. C\u00e1c m\u00e0n h\u00ecnh c\u1ee7a ASUS \u0111\u00e3 tr\u1ea3i qua c\u00e1c th\u1eed nghi\u1ec7m nghi\u00eam ng\u1eb7t v\u00e0 \u0111\u01b0\u1ee3c ch\u1ee9ng nh\u1eadn b\u1edfi c\u00e1c ph\u00f2ng th\u00ed nghi\u1ec7m c\u1ee7a T\u00dcV Rheinland &#8211; m\u1ed9t nh\u00e0 cung c\u1ea5p to\u00e0n c\u1ea7u c\u00e1c d\u1ecbch v\u1ee5 v\u1ec1 k\u1ef9 thu\u1eadt, an to\u00e0n v\u00e0 ch\u1ee9ng nh\u1eadn &#8211; l\u00e0 kh\u00f4ng b\u1ecb nh\u1ea5p nh\u00e1y m\u00e0n h\u00ecnh v\u00e0 c\u00f3 c\u1ea5p \u0111\u1ed9 \u00e1nh s\u00e1ng xanh d\u01b0\u01a1ng ph\u00e1t ra th\u1ea5p.<\/p>\n<p><img loading=\"lazy\" decoding=\"async\" class=\"loading\" src=\"https:\/\/hanoicomputercdn.com\/media\/lib\/54655_6.png\" alt=\"M\u00e0n h\u00ecnh Asus VA24DQLB l\u1ecdc \u00e1nh s\u00e1ng xanh\" width=\"812\" height=\"624\" data-was-processed=\"true\" \/><\/p>\n<h3>\nC\u00f4ng ngh\u1ec7 Kh\u1eed nh\u1ea5p nh\u00e1y<\/h3>\n<p>\u0110\u00e3 \u0111\u1ebfn l\u00fac \u0111\u1ec3 n\u00f3i l\u1eddi t\u1ea1m bi\u1ec7t v\u1edbi m\u1ecfi m\u1eaft, c\u0103ng m\u1eaft. C\u00e1c m\u00e0n h\u00ecnh ASUS trang b\u1ecb c\u00f4ng ngh\u1ec7 Flicker-free (Kh\u1eed nh\u1ea5p nh\u00e1y) c\u1ee7a ASUS \u0111\u00e3 \u0111\u01b0\u1ee3c T\u00dcV Rheinland ch\u1ee9ng nh\u1eadn \u0111\u1ec3 gi\u1ea3m hi\u1ec7n t\u01b0\u1ee3ng nh\u1ea5p nh\u00e1y tr\u00ean m\u00e0n h\u00ecnh nh\u1eb1m mang l\u1ea1i tr\u1ea3i nghi\u1ec7m xem tho\u1ea3i m\u00e1i h\u01a1n. C\u00f4ng ngh\u1ec7 n\u00e0y gi\u00fap gi\u1ea3m thi\u1ec3u c\u00e1c hi\u1ec7n t\u01b0\u1ee3ng m\u1ecfi m\u1eaft v\u00e0 c\u00e1c b\u1ec7nh g\u00e2y t\u1ed5n h\u1ea1i m\u1eaft kh\u00e1c \u0111\u1eb7c bi\u1ec7t l\u00e0 khi b\u1ea1n xem c\u00e1c ch\u01b0\u01a1ng tr\u00ecnh video \u01b0a th\u00edch trong th\u1eddi gian d\u00e0i.<\/p>\n<p><img loading=\"lazy\" decoding=\"async\" class=\"loading\" src=\"https:\/\/hanoicomputercdn.com\/media\/lib\/54655_7.png\" alt=\"M\u00e0n h\u00ecnh Asus VA24DQLB kh\u1eed nh\u1ea5p nh\u00e1y\" width=\"781\" height=\"515\" data-was-processed=\"true\" \/><\/p>\n<h3>\nTi\u1ebft ki\u1ec7m kh\u00f4ng gian v\u00e0 qu\u1ea3n l\u00fd c\u00e1p<\/h3>\n<p>V\u1edbi b\u1ed9 kit MiniPC d\u00e0nh cho nh\u1eefng ng\u01b0\u1eddi c\u1ea7n g\u1eafn c\u00e1c mini PC l\u00ean m\u00e0n h\u00ecnh, gi\u00fap b\u00e0n l\u00e0m vi\u1ec7c kh\u00f4ng l\u1ed9n x\u1ed9n v\u00e0 ti\u1ebft ki\u1ec7m kh\u00f4ng gian. Thi\u1ebft k\u1ebf qu\u1ea3n l\u00fd c\u00e1p gi\u00fap b\u1ea1n c\u00f3 th\u1ec3 s\u1eafp x\u1ebfp c\u00e1c lo\u1ea1i c\u00e1p kh\u00e1c nhau \u0111\u1ec3 gi\u1eef cho khu v\u1ef1c b\u00e0n l\u00e0m vi\u1ec7c g\u1ecdn g\u00e0ng. (MiniPC v\u00e0 b\u1ed9 kit g\u1eafn MiniPC l\u00e0 t\u00f9y ch\u1ecdn)<\/p>\n<p><img loading=\"lazy\" decoding=\"async\" class=\"loading\" src=\"https:\/\/hanoicomputercdn.com\/media\/lib\/54655_8.png\" alt=\"M\u00e0n h\u00ecnh Asus VA24DQLB qu\u1ea3n l\u00fd c\u00e1p\" width=\"950\" height=\"436\" data-was-processed=\"true\" \/><\/p>\n<h3>\nThi\u1ebft k\u1ebf Ch\u00fa tr\u1ecdng \u0111\u1ebfn Ng\u01b0\u1eddi S\u1eed d\u1ee5ng<\/h3>\n<p>V\u1ecb tr\u00ed xem m\u00e0n h\u00ecnh tho\u1ea3i m\u00e1i lu\u00f4n d\u1ec5 d\u00e0ng nh\u1edd ph\u1ea7n ch\u00e2n tr\u1ee5 \u0111\u01b0\u1ee3c thi\u1ebft k\u1ebf c\u00f4ng th\u00e1i h\u1ecdc v\u1edbi c\u00e1c \u0111i\u1ec1u ch\u1ec9nh \u0111\u1ed9 nghi\u00eang, kh\u1edbp xoay, kh\u1edbp tr\u1ee5c v\u00e0 chi\u1ec1u cao. Menu tr\u00ean m\u00e0n h\u00ecnh t\u1ef1 \u0111\u1ed9ng xoay \u0111\u1ec3 kh\u1edbp v\u1edbi hi\u1ec3n th\u1ecb khi s\u1eed d\u1ee5ng theo h\u01b0\u1edbng d\u1ecdc &#8211; ti\u1ec7n d\u1ee5ng khi l\u00e0m vi\u1ec7c v\u1edbi c\u00e1c trang web ho\u1eb7c t\u00e0i li\u1ec7u d\u00e0i.<\/p>\n<p><img loading=\"lazy\" decoding=\"async\" class=\"loading\" src=\"https:\/\/hanoicomputercdn.com\/media\/lib\/54655_9.png\" alt=\"M\u00e0n h\u00ecnh Asus VA24DQLB ch\u00fa tr\u1ecdng ng d\u00f9ng\" width=\"950\" height=\"300\" data-was-processed=\"true\" \/><\/p>\n<\/div>\n<div class=\"static-btn-group\"><\/div>\n","protected":false},"excerpt":{"rendered":"<p class=\"group-title\"><strong>Th\u00f4ng s\u1ed1 s\u1ea3n ph\u1ea9m<\/strong><\/p>\n<div>\n<ul>\n<li class=\"item\">M\u00e0n h\u00ecnh 23,8-inch Full HD (1920&#215;1080) \u0111\u00e8n n\u1ec1n LED v\u1edbi t\u1ea5m n\u1ec1n IPS c\u00f3 g\u00f3c xem r\u1ed9ng l\u00ean t\u1edbi 178\u00b0<\/li>\n<li class=\"item\">T\u1ed1c \u0111\u1ed9 l\u00e0m m\u1edbi l\u00ean t\u1edbi 75Hz, trang b\u1ecb c\u00f4ng ngh\u1ec7 Adaptive-Sync \u0111\u1ec3 h\u1ea1n ch\u1ebf x\u00e9 h\u00ecnh, \u0111\u1ea3m b\u1ea3o ph\u00e1t video r\u00f5 r\u00e0ng v\u00e0 s\u1eafc n\u00e9t<\/li>\n<li class=\"item\">C\u1ed5ng k\u1ebft n\u1ed1i m\u1edf r\u1ed9ng bao g\u1ed3m HDMI, DisplayPort, D-sub v\u00e0 USB hub<\/li>\n<li class=\"item\">B\u1ed9 treo t\u01b0\u1eddng VESA gi\u00fap ti\u1ebft ki\u1ec7m kh\u00f4ng gian b\u00e0n l\u00e0m vi\u1ec7c c\u00f9ng gi\u00e1 \u0111\u1ee1 \u0111\u01b0\u1ee3c thi\u1ebft k\u1ebf c\u00f4ng th\u00e1i h\u1ecdc v\u1edbi \u0111i\u1ec1u ch\u1ec9nh nghi\u00eang l\u00ean xu\u1ed1ng, xoay tr\u00e1i ph\u1ea3i, tr\u1ee5c \u0111\u1ee9ng v\u00e0 chi\u1ec1u cao to\u00e0n di\u1ec7n<\/li>\n<\/ul>\n<\/div>\n","protected":false},"featured_media":2788,"comment_status":"open","ping_status":"closed","template":"","meta":{"_acf_changed":false},"product_brand":[115],"product_cat":[65],"product_tag":[197,211,82,199,198,196,210],"class_list":{"0":"post-1961","1":"product","2":"type-product","3":"status-publish","4":"has-post-thumbnail","6":"product_brand-asus","7":"product_cat-man-hinh-may-tinh","8":"product_tag-24inch","9":"product_tag-75hz","10":"product_tag-asus","11":"product_tag-fhd","12":"product_tag-ips","13":"product_tag-man-hinh","14":"product_tag-va24dqlb","16":"first","17":"instock","18":"sale","19":"shipping-taxable","20":"purchasable","21":"product-type-simple"},"acf":[],"jetpack_sharing_enabled":true,"_links":{"self":[{"href":"https:\/\/thanglongcomputer.vn\/index.php?rest_route=\/wp\/v2\/product\/1961","targetHints":{"allow":["GET"]}}],"collection":[{"href":"https:\/\/thanglongcomputer.vn\/index.php?rest_route=\/wp\/v2\/product"}],"about":[{"href":"https:\/\/thanglongcomputer.vn\/index.php?rest_route=\/wp\/v2\/types\/product"}],"replies":[{"embeddable":true,"href":"https:\/\/thanglongcomputer.vn\/index.php?rest_route=%2Fwp%2Fv2%2Fcomments&post=1961"}],"wp:featuredmedia":[{"embeddable":true,"href":"https:\/\/thanglongcomputer.vn\/index.php?rest_route=\/wp\/v2\/media\/2788"}],"wp:attachment":[{"href":"https:\/\/thanglongcomputer.vn\/index.php?rest_route=%2Fwp%2Fv2%2Fmedia&parent=1961"}],"wp:term":[{"taxonomy":"product_brand","embeddable":true,"href":"https:\/\/thanglongcomputer.vn\/index.php?rest_route=%2Fwp%2Fv2%2Fproduct_brand&post=1961"},{"taxonomy":"product_cat","embeddable":true,"href":"https:\/\/thanglongcomputer.vn\/index.php?rest_route=%2Fwp%2Fv2%2Fproduct_cat&post=1961"},{"taxonomy":"product_tag","embeddable":true,"href":"https:\/\/thanglongcomputer.vn\/index.php?rest_route=%2Fwp%2Fv2%2Fproduct_tag&post=1961"}],"curies":[{"name":"wp","href":"https:\/\/api.w.org\/{rel}","templated":true}]}}