{"id":1954,"date":"2025-02-18T16:53:34","date_gmt":"2025-02-18T09:53:34","guid":{"rendered":"https:\/\/thanglongcomputer.vn\/san-pham\/tai-nghe-dare-u-eh469-rgb-black\/"},"modified":"2025-02-28T17:40:30","modified_gmt":"2025-02-28T10:40:30","slug":"tai-nghe-dare-u-eh469-rgb-black","status":"publish","type":"product","link":"https:\/\/thanglongcomputer.vn\/?product=tai-nghe-dare-u-eh469-rgb-black","title":{"rendered":"Tai nghe DARE-U EH469 RGB Black"},"content":{"rendered":"<p>DareU EH469\u00a0l\u00e0 chi\u1ebfc\u00a0tai nghe gaming\u00a0m\u00e0 ch\u00fang t\u00f4i cho r\u1eb1ng, \u1edf ph\u00e2n kh\u00fac gi\u00e1 500k kh\u00f4ng c\u00f3 \u0111\u1ed1i th\u1ee7 v\u1ec1 thi\u1ebft k\u1ebf. Ph\u1ea7n ch\u1ee5p tai v\u1edbi k\u00edch th\u01b0\u1edbc l\u1edbn h\u00ecnh Oval ch\u1ee5p k\u00edn tai, ph\u1ea7n \u1ec7m \u0111\u1ea7u c\u00f3 th\u1ec3 co d\u00e3n cho c\u1ea3m gi\u00e1c \u0111eo r\u1ea5t tho\u1ea3i m\u00e1i.\u00a0G\u1ecdng c\u1ee7a tai nghe \u0111\u01b0\u1ee3c l\u00e0m b\u1eb1ng th\u00e9p cho \u0111\u1ed9 ch\u1eafc ch\u1eafn b\u1ec1n b\u1ec9 cao.<\/p>\n<p><img decoding=\"async\" class=\"loading\" src=\"https:\/\/hanoicomputercdn.com\/media\/lib\/06-10-2022\/tai-nghe-dareu-eh469-rgb-usb-7-1-led-rgb-black-1.jpg\" alt=\"Tai Nghe Dareu EH469 RGB (USB, 7.1, LED RGB, Black)\" width=\"100%\" data-was-processed=\"true\" \/><\/p>\n<p>\u0110\u1ec7m tai r\u1ea5t l\u1edbn, r\u1ea5t \u00eam, cho c\u1ea3m gi\u00e1c \u0111eo tho\u1ea3i m\u00e1i l\u00e2u d\u00e0i.<\/p>\n<h3>CH\u1ea4T L\u01af\u1ee2NG \u00c2M THANH R\u1ea4T T\u1ed0T<\/h3>\n<p><img decoding=\"async\" class=\"loading\" src=\"https:\/\/hanoicomputercdn.com\/media\/lib\/06-10-2022\/tai-nghe-dareu-eh469-rgb-usb-7-1-led-rgb-black-3.jpg\" alt=\"Tai Nghe Dareu EH469 RGB (USB, 7.1, LED RGB, Black)\" width=\"100%\" data-was-processed=\"true\" \/><\/p>\n<p>M\u1eb7c d\u00f9 thu\u1ed9c ph\u00e2n kh\u00fac gi\u00e1 r\u1ebb, nh\u01b0ng\u00a0DareU EH469\u00a0cho ch\u1ea5t l\u01b0\u1ee3ng \u00e2m thanh r\u1ea5t t\u1ed1t. \u0110i\u1ec1u n\u00e0y c\u00f3 \u0111\u01b0\u1ee3c l\u00e0 do tai nghe \u0111\u01b0\u1ee3c\u00a0trang b\u1ecb c\u1ee7a loa ch\u1ea5t l\u01b0\u1ee3ng cao, c\u00f9ng thi\u1ebft k\u1ebf c\u1ee7 loa \u0111\u1eb7t nghi\u00eang r\u1ea5t gi\u1ed1ng v\u1edbi c\u00e1c lo\u1ea1i tai nghe cao c\u1ea5p\u00a0(Sennheiser). V\u00e0 k\u1ebft qu\u1ea3 l\u00e0 DareU EH469 c\u1ef1c k\u1ef3 \u0111\u00e1ng ti\u1ec1n.<\/p>\n<h3>LED RGB 16.8 TRI\u1ec6U M\u00c0U SI\u00caU S\u00c1NG<\/h3>\n<p><img decoding=\"async\" class=\"loading\" src=\"https:\/\/hanoicomputercdn.com\/media\/lib\/06-10-2022\/tai-nghe-dareu-eh469-rgb-usb-7-1-led-rgb-black-2.jpg\" alt=\"Tai Nghe Dareu EH469 RGB (USB, 7.1, LED RGB, Black)\" width=\"100%\" data-was-processed=\"true\" \/><\/p>\n<p>Ch\u00fang ta c\u00f3 th\u1ec3 th\u1ea5y, tr\u00ean tai nghe DareU EH469 c\u00f3 h\u1ec7n th\u1ed1ng led vi\u1ec1n v\u00e0 logo RGB t\u1ef1 \u0111\u1ed9ng \u0111\u1ed5i m\u00e0u r\u1ea5t \u0111\u1eb9p. LED r\u1ea5t s\u00e1ng v\u00e0 \u0111\u1ed5i m\u00e0u m\u1ec1m m\u1ea1i. C\u00f3 th\u1ec3 n\u00f3i, DareU EH469 th\u1ef1c s\u1ef1 \u0111\u1eb9p kh\u00f4ng c\u00f3 \u0111\u1ed5i th\u1ee7 trong t\u1ea7m gi\u00e1.<\/p>\n","protected":false},"excerpt":{"rendered":"<p class=\"group-title\"><strong>Th\u00f4ng s\u1ed1 s\u1ea3n ph\u1ea9m<\/strong><\/p>\n<div>\n<ul>\n<li class=\"item\">Tai Nghe Dareu EH469 RGB<\/li>\n<li class=\"item\">Driver: \u03a650mm<\/li>\n<li class=\"item\">Hi\u1ec7u \u1ee9ng: gi\u1ea3 l\u1eadp 7.1<\/li>\n<li class=\"item\">K\u1ebft n\u1ed1i: USB<\/li>\n<li class=\"item\">\u0110\u1ec7m tai: da m\u1ec1m<\/li>\n<li class=\"item\">Headband: kim lo\u1ea1i<\/li>\n<li class=\"item\">Frequency Range: 20Hz-20KHz<\/li>\n<li class=\"item\">D\u00e2y: 2.0m<\/li>\n<li class=\"item\">Tr\u1ecdng l\u01b0\u1ee3ng: 280 +\/- 10g<\/li>\n<\/ul>\n<\/div>\n","protected":false},"featured_media":2825,"comment_status":"open","ping_status":"closed","template":"","meta":{"_acf_changed":false},"product_brand":[219],"product_cat":[184,73],"product_tag":[87,188,189,140,185],"class_list":{"0":"post-1954","1":"product","2":"type-product","3":"status-publish","4":"has-post-thumbnail","6":"product_brand-dareu","7":"product_cat-tai-nghe","8":"product_cat-thiet-bi-am-thanh","9":"product_tag-black","10":"product_tag-dare-u","11":"product_tag-eh469","12":"product_tag-gaming","13":"product_tag-tai-nghe","15":"first","16":"instock","17":"sale","18":"shipping-taxable","19":"purchasable","20":"product-type-simple"},"acf":[],"jetpack_sharing_enabled":true,"_links":{"self":[{"href":"https:\/\/thanglongcomputer.vn\/index.php?rest_route=\/wp\/v2\/product\/1954","targetHints":{"allow":["GET"]}}],"collection":[{"href":"https:\/\/thanglongcomputer.vn\/index.php?rest_route=\/wp\/v2\/product"}],"about":[{"href":"https:\/\/thanglongcomputer.vn\/index.php?rest_route=\/wp\/v2\/types\/product"}],"replies":[{"embeddable":true,"href":"https:\/\/thanglongcomputer.vn\/index.php?rest_route=%2Fwp%2Fv2%2Fcomments&post=1954"}],"wp:featuredmedia":[{"embeddable":true,"href":"https:\/\/thanglongcomputer.vn\/index.php?rest_route=\/wp\/v2\/media\/2825"}],"wp:attachment":[{"href":"https:\/\/thanglongcomputer.vn\/index.php?rest_route=%2Fwp%2Fv2%2Fmedia&parent=1954"}],"wp:term":[{"taxonomy":"product_brand","embeddable":true,"href":"https:\/\/thanglongcomputer.vn\/index.php?rest_route=%2Fwp%2Fv2%2Fproduct_brand&post=1954"},{"taxonomy":"product_cat","embeddable":true,"href":"https:\/\/thanglongcomputer.vn\/index.php?rest_route=%2Fwp%2Fv2%2Fproduct_cat&post=1954"},{"taxonomy":"product_tag","embeddable":true,"href":"https:\/\/thanglongcomputer.vn\/index.php?rest_route=%2Fwp%2Fv2%2Fproduct_tag&post=1954"}],"curies":[{"name":"wp","href":"https:\/\/api.w.org\/{rel}","templated":true}]}}