{"id":1953,"date":"2025-02-18T16:53:34","date_gmt":"2025-02-18T09:53:34","guid":{"rendered":"https:\/\/thanglongcomputer.vn\/san-pham\/tai-nghe-gaming-rapoo-vh360-black-rgb\/"},"modified":"2025-02-28T17:40:23","modified_gmt":"2025-02-28T10:40:23","slug":"tai-nghe-gaming-rapoo-vh360-black-rgb","status":"publish","type":"product","link":"https:\/\/thanglongcomputer.vn\/?product=tai-nghe-gaming-rapoo-vh360-black-rgb","title":{"rendered":"Tai Nghe Gaming Rapoo VH360 Black RGB"},"content":{"rendered":"","protected":false},"excerpt":{"rendered":"<p class=\"group-title\"><strong>Th\u00f4ng s\u1ed1 s\u1ea3n ph\u1ea9m<\/strong><\/p>\n<div>\n<ul>\n<li class=\"item\">Tai nghe Gaming Rapoo VH360<\/li>\n<li class=\"item\">Giao ti\u1ebfp c\u1ed5ng USB 2.0.<\/li>\n<li class=\"item\">\u0110\u00e8n n\u1ec1n LED RGB.<\/li>\n<li class=\"item\">Ch\u1ee9c n\u0103ng kh\u1eed ti\u1ebfng \u1ed3n c\u1ee7a micr\u00f4 \u0111\u01a1n ENC, cu\u1ed9c g\u1ecdi r\u00f5 r\u00e0ng v\u00e0 \u1ed5n \u0111\u1ecbnh<\/li>\n<li class=\"item\">Thi\u1ebft k\u1ebf b\u1eb1ng v\u1eadt li\u1ec7u si\u00eau b\u1ec1n v\u00e0 ch\u1eafc ch\u1eafn.<\/li>\n<li class=\"item\">Thi\u1ebft k\u1ebf nh\u1eb9 v\u1edbi h\u1ec7 th\u1ed1ng treo b\u0103ng \u0111\u00f4.<\/li>\n<li class=\"item\">Thi\u1ebft k\u1ebf ch\u1ee5p tai ch\u1ed1ng \u1ed3n v\u1edbi ch\u1ee5p tai m\u1ec1m m\u1ea1i v\u00e0 tho\u1ea3i m\u00e1i.<\/li>\n<\/ul>\n<\/div>\n","protected":false},"featured_media":2882,"comment_status":"open","ping_status":"closed","template":"","meta":{"_acf_changed":false},"product_brand":[223],"product_cat":[184,73],"product_tag":[87,140,186,185,187],"class_list":{"0":"post-1953","1":"product","2":"type-product","3":"status-publish","4":"has-post-thumbnail","6":"product_brand-rapoo","7":"product_cat-tai-nghe","8":"product_cat-thiet-bi-am-thanh","9":"product_tag-black","10":"product_tag-gaming","11":"product_tag-rapoo","12":"product_tag-tai-nghe","13":"product_tag-vh360","15":"first","16":"instock","17":"sale","18":"shipping-taxable","19":"purchasable","20":"product-type-simple"},"acf":[],"jetpack_sharing_enabled":true,"_links":{"self":[{"href":"https:\/\/thanglongcomputer.vn\/index.php?rest_route=\/wp\/v2\/product\/1953","targetHints":{"allow":["GET"]}}],"collection":[{"href":"https:\/\/thanglongcomputer.vn\/index.php?rest_route=\/wp\/v2\/product"}],"about":[{"href":"https:\/\/thanglongcomputer.vn\/index.php?rest_route=\/wp\/v2\/types\/product"}],"replies":[{"embeddable":true,"href":"https:\/\/thanglongcomputer.vn\/index.php?rest_route=%2Fwp%2Fv2%2Fcomments&post=1953"}],"wp:featuredmedia":[{"embeddable":true,"href":"https:\/\/thanglongcomputer.vn\/index.php?rest_route=\/wp\/v2\/media\/2882"}],"wp:attachment":[{"href":"https:\/\/thanglongcomputer.vn\/index.php?rest_route=%2Fwp%2Fv2%2Fmedia&parent=1953"}],"wp:term":[{"taxonomy":"product_brand","embeddable":true,"href":"https:\/\/thanglongcomputer.vn\/index.php?rest_route=%2Fwp%2Fv2%2Fproduct_brand&post=1953"},{"taxonomy":"product_cat","embeddable":true,"href":"https:\/\/thanglongcomputer.vn\/index.php?rest_route=%2Fwp%2Fv2%2Fproduct_cat&post=1953"},{"taxonomy":"product_tag","embeddable":true,"href":"https:\/\/thanglongcomputer.vn\/index.php?rest_route=%2Fwp%2Fv2%2Fproduct_tag&post=1953"}],"curies":[{"name":"wp","href":"https:\/\/api.w.org\/{rel}","templated":true}]}}